{"id":113542,"date":"2026-03-20T22:44:44","date_gmt":"2026-03-20T22:44:44","guid":{"rendered":"https:\/\/soydeaqui.ddns.net\/pachuca\/index.php\/producto\/camara-portable-para-telefono-x7a-y-funcionalidad-de-web-cam-puerto-usb-2-mpx-1080p-con-30fps\/"},"modified":"2026-03-20T22:44:44","modified_gmt":"2026-03-20T22:44:44","slug":"camara-portable-para-telefono-x7a-y-funcionalidad-de-web-cam-puerto-usb-2-mpx-1080p-con-30fps","status":"publish","type":"product","link":"https:\/\/soydeaqui.ddns.net\/pachuca\/index.php\/producto\/camara-portable-para-telefono-x7a-y-funcionalidad-de-web-cam-puerto-usb-2-mpx-1080p-con-30fps\/","title":{"rendered":"C\u00e1mara portable para tel\u00e9fono X7A y funcionalidad de Web Cam, puerto USB, 2 MPX, 1080P con 30fps."},"content":{"rendered":"<div style='width: 100%; max-width: 1200px; margin: 0 auto; font-family: sans-serif; line-height: 1.6; color: inherit; background-color: transparent;'>\n<div style='display: flex; flex-wrap: wrap; gap: 30px; margin-bottom: 30px;'>\n<div style='flex: 1 1 300px; min-width: 280px;'> <img style='width: 100%; height: auto; border: 1px solid rgba(150&comma;150&comma;150&comma;0.3); border-radius: 8px;' src='https:\/\/ftp3.syscom.mx\/usuarios\/fotos\/CM60\/189989-cm60_\u00e6\u00a1\u0152\u00e9\u009d\u00a217_20200529.png' alt=''> <\/div>\n<div style='flex: 1 1 300px; min-width: 280px;'>\n<h3 style='font-size: 22px; border-bottom: 2px solid currentColor; padding-bottom: 5px; margin-top: 0; color: inherit; opacity: 0.8;'>C\u00e1mara para Tel\u00e9fono X7A &#8211; C\u00e1mara Web<\/h3>\n<ul style='padding-left: 20px; font-size: 15px; color: inherit;'>\n<li style='margin-bottom: 5px;'>Plug and Play.<\/li>\n<li style='margin-bottom: 5px;'>\u00c1ngulo ajustable y colocaci\u00f3n flexible.<\/li>\n<li style='margin-bottom: 5px;'>C\u00e1mara HD de 2 megap\u00edxeles.<\/li>\n<li style='margin-bottom: 5px;'>1080P a 30 fps.<\/li>\n<li style='margin-bottom: 5px;'>Interruptor del obturador de privacidad.<\/li>\n<li style='margin-bottom: 5px;'>Adecuado para tel\u00e9fonos de gama alta Fanvil.<\/li>\n<\/ul><\/div>\n<\/p><\/div>\n<div style='display: flex; flex-wrap: wrap; gap: 20px; margin-bottom: 30px;'>\n<div style='flex: 1 1 250px; border: 1px solid rgba(150&comma; 150&comma; 150&comma; 0.4); border-radius: 8px; overflow: hidden; display: flex; flex-direction: column;'>\n<div style='padding: 15px; border-bottom: 1px solid rgba(150&comma; 150&comma; 150&comma; 0.2); font-weight: bold; font-size: 18px; color: inherit;'>Caracter\u00edsticas de video:<\/div>\n<div style='padding: 15px; color: inherit;'>\n<ul style='padding-left: 20px; margin: 0; font-size: 14px; list-style-type: disc;'>\n<li style='margin-bottom: 5px;'>2 megap\u00edxeles.<\/li>\n<li style='margin-bottom: 5px;'>C\u00f3dec de video: H.264<\/li>\n<li style='margin-bottom: 5px;'>Resoluci\u00f3n de videollamada: 1080P a 30 fps.<\/li>\n<li style='margin-bottom: 5px;'>Balance de blancos autom\u00e1tico \/ manual.<\/li>\n<li style='margin-bottom: 5px;'>Compensaci\u00f3n de exposici\u00f3n autom\u00e1tica.<\/li>\n<li style='margin-bottom: 5px;'>Ajustable con obturador de privacidad.<\/li>\n<li style='margin-bottom: 5px;'>Vista: Diagonal: 102 \u00b0&comma; Horizontal: 94 \u00b0&comma; Vertical: 62 \u00b0.<\/li>\n<li style='margin-bottom: 5px;'>\u00c1ngulo de ajuste vertical: \u00b1 20 \u00b0.<\/li>\n<li style='margin-bottom: 5px; font-weight: bold;'>Garant\u00eda: 1 a\u00f1o.<\/li>\n<\/ul><\/div>\n<\/p><\/div>\n<div style='flex: 1 1 250px; border: 1px solid rgba(150&comma; 150&comma; 150&comma; 0.4); border-radius: 8px; overflow: hidden; display: flex; flex-direction: column;'>\n<div style='padding: 15px; border-bottom: 1px solid rgba(150&comma; 150&comma; 150&comma; 0.2); font-weight: bold; font-size: 18px; color: inherit;'>Caracter\u00edsticas F\u00edsicas y El\u00e9ctricas:<\/div>\n<div style='padding: 15px; color: inherit;'>\n<ul style='padding-left: 20px; margin: 0; font-size: 14px; list-style-type: disc;'>\n<li style='margin-bottom: 5px;'>Puerto USB x1: Micro USB 2.0.<\/li>\n<li style='margin-bottom: 5px;'>Color: gris oscuro.<\/li>\n<li style='margin-bottom: 5px;'>Luz indicadora de estado x1 (con LED de dos colores).<\/li>\n<li style='margin-bottom: 5px;'>Energ\u00eda: 5V @ <500mA a trav\u00e9s del puerto USB.<\/li>\n<li style='margin-bottom: 5px;'>Temperatura de trabajo: -10 ~ 50 \u2103.<\/li>\n<li style='margin-bottom: 5px;'>Humedad de trabajo: 10 ~ 90%.<\/li>\n<\/ul><\/div>\n<\/p><\/div>\n<div style='flex: 1 1 250px; border: 1px solid rgba(150&comma; 150&comma; 150&comma; 0.4); border-radius: 8px; overflow: hidden; display: flex; flex-direction: column;'>\n<div style='padding: 15px; border-bottom: 1px solid rgba(150&comma; 150&comma; 150&comma; 0.2); font-weight: bold; font-size: 18px; color: inherit;'>Incluye:<\/div>\n<div style='padding: 15px; color: inherit;'>\n<ul style='padding-left: 20px; margin: 0; font-size: 14px; list-style-type: disc;'>\n<li style='margin-bottom: 5px;'>Cable USB x1.<\/li>\n<li style='margin-bottom: 5px;'>Instalaci\u00f3n:<\/li>\n<li style='margin-bottom: 5px;'>Escritorio.<\/li>\n<li style='margin-bottom: 5px;'>Montado en un tel\u00e9fono IP o monitor LCD.<\/li>\n<\/ul><\/div>\n<\/p><\/div>\n<\/p><\/div>\n<hr style='border: 0; border-top: 1px solid rgba(150&comma; 150&comma; 150&comma; 0.3); margin: 30px 0;'>\n<div style='margin-bottom: 30px;'>\n<h3 style='font-size: 20px; margin-top: 0; color: inherit;'>Integraci\u00f3n con tel\u00e9fono X7A para videollamadas.<\/h3>\n<\/p><\/div>\n<div style='display: flex; flex-wrap: wrap; gap: 30px; margin-bottom: 30px;'>\n<div style='flex: 1 1 300px; min-width: 280px;'> <img style='width: 100%; height: auto; border: 1px solid rgba(150&comma;150&comma;150&comma;0.3); border-radius: 8px;' src='https:\/\/ftp3.syscom.mx\/usuarios\/fotos\/CM60\/189989-5ee9c8b8d794d.png' alt=''> <\/div>\n<div style='flex: 1 1 300px; min-width: 280px;'>\n<p style='font-size: 1rem; font-weight: 400; color: inherit;'>Compatibilidad con IP-PBX como:<\/p>\n<ul style='padding-left: 20px; margin: 0; font-size: 14px; list-style-type: disc; color: inherit;'>\n<li style='margin-bottom: 5px; font-weight: bold;'>3CX.<\/li>\n<li style='margin-bottom: 5px; font-weight: bold;'>Grandstream (compatibilidad total).<\/li>\n<li style='margin-bottom: 5px;'>Avaya.<\/li>\n<li style='margin-bottom: 5px;'>Yeastar.<\/li>\n<li style='margin-bottom: 5px;'>Asterisk.<\/li>\n<\/ul>\n<p style='font-size: 1rem; font-weight: 400; margin-top: 20px; color: inherit;'>Compatibilidad con Auriculares como:<\/p>\n<ul style='padding-left: 20px; margin: 0; font-size: 14px; list-style-type: disc; color: inherit;'>\n<li style='margin-bottom: 5px; font-weight: bold;'>Jabra.<\/li>\n<li style='margin-bottom: 5px;'>Plantronics.<\/li>\n<li style='margin-bottom: 5px;'>Axtel Headset.<\/li>\n<li style='margin-bottom: 5px;'>Sennheiser.<\/li>\n<\/ul><\/div>\n<\/p><\/div>\n<hr style='border: 0; border-top: 1px solid rgba(150&comma; 150&comma; 150&comma; 0.3); margin: 30px 0;'>\n<div style='margin-bottom: 30px;'>\n<h3 style='font-size: 20px; margin-top: 0; color: inherit;'>Conexion de tel\u00e9fonos remotas o extensiones remotas de forma segura con OpenVPN.<\/h3>\n<\/p><\/div>\n<div style='display: flex; flex-wrap: wrap; gap: 30px; margin-bottom: 30px;'>\n<div style='flex: 1 1 300px; min-width: 280px;'> <img style='width: 100%; height: auto; border: 1px solid rgba(150&comma;150&comma;150&comma;0.3); border-radius: 8px;' src='https:\/\/ftp3.syscom.mx\/usuarios\/fotos\/X3U\/174449-captura_de_pantalla_2020-05-30_a_la(s)_13.58.28.png' alt=''> <\/div>\n<div style='flex: 1 1 300px; min-width: 280px;'>\n<p style='font-size: 1rem; font-weight: 400; color: inherit;'>Los tel\u00e9fonos IP de Fanvil pueden estar en diferentes ciudades o paises y compartir una sola IP-PBX utilizando certificados de OpenVPN&comma; que es m\u00e1s seguro y m\u00e1s facil para la administracion.<\/p>\n<p style='font-weight: bold; font-size: 1rem; margin-top: 15px; color: inherit;'>Nada mejor que una conexi\u00f3n segura con OpenVPN.<\/p>\n<p style='font-size: 1rem; font-weight: 400; margin-top: 15px; color: inherit;'>El administrador puede verificar y resolver problemas de todos los tel\u00e9fonos IP desde su interfaz web&comma; estando este desde cualquier locaci\u00f3n.<\/p>\n<\/p><\/div>\n<\/p><\/div>\n<\/p><\/div>\n","protected":false},"excerpt":{"rendered":"<p>C\u00e1mara portable para tel\u00e9fono X7A y funcionalidad de Web Cam, puerto USB, 2 MPX, 1080P con 30fps.<\/p>\n","protected":false},"featured_media":113541,"comment_status":"open","ping_status":"closed","template":"","meta":[],"product_brand":[],"product_cat":[2040],"product_tag":[93,859,2004],"class_list":{"0":"post-113542","1":"product","2":"type-product","3":"status-publish","4":"has-post-thumbnail","6":"product_cat-accesorios-voip-telefonia-ip-videoconferencia","7":"product_tag-accesorios","8":"product_tag-fanvil","9":"product_tag-voip-telefonia-ip-videoconferencia","11":"first","12":"instock","13":"sale","14":"shipping-taxable","15":"purchasable","16":"product-type-simple"},"_links":{"self":[{"href":"https:\/\/soydeaqui.ddns.net\/pachuca\/index.php\/wp-json\/wp\/v2\/product\/113542","targetHints":{"allow":["GET"]}}],"collection":[{"href":"https:\/\/soydeaqui.ddns.net\/pachuca\/index.php\/wp-json\/wp\/v2\/product"}],"about":[{"href":"https:\/\/soydeaqui.ddns.net\/pachuca\/index.php\/wp-json\/wp\/v2\/types\/product"}],"replies":[{"embeddable":true,"href":"https:\/\/soydeaqui.ddns.net\/pachuca\/index.php\/wp-json\/wp\/v2\/comments?post=113542"}],"wp:featuredmedia":[{"embeddable":true,"href":"https:\/\/soydeaqui.ddns.net\/pachuca\/index.php\/wp-json\/wp\/v2\/media\/113541"}],"wp:attachment":[{"href":"https:\/\/soydeaqui.ddns.net\/pachuca\/index.php\/wp-json\/wp\/v2\/media?parent=113542"}],"wp:term":[{"taxonomy":"product_brand","embeddable":true,"href":"https:\/\/soydeaqui.ddns.net\/pachuca\/index.php\/wp-json\/wp\/v2\/product_brand?post=113542"},{"taxonomy":"product_cat","embeddable":true,"href":"https:\/\/soydeaqui.ddns.net\/pachuca\/index.php\/wp-json\/wp\/v2\/product_cat?post=113542"},{"taxonomy":"product_tag","embeddable":true,"href":"https:\/\/soydeaqui.ddns.net\/pachuca\/index.php\/wp-json\/wp\/v2\/product_tag?post=113542"}],"curies":[{"name":"wp","href":"https:\/\/api.w.org\/{rel}","templated":true}]}}