{"id":113519,"date":"2026-03-20T22:43:28","date_gmt":"2026-03-20T22:43:28","guid":{"rendered":"https:\/\/soydeaqui.ddns.net\/pachuca\/index.php\/producto\/domo-ptz-turbohd-2-megapixel-1080p-25x-zoom-150-mts-ir-exterior-ip66-ik10-wdr-120-db-rs-485-ultra-baja-iluminacion-eis-hlc-blc\/"},"modified":"2026-03-20T22:43:43","modified_gmt":"2026-03-20T22:43:43","slug":"domo-ptz-turbohd-2-megapixel-1080p-25x-zoom-150-mts-ir-exterior-ip66-ik10-wdr-120-db-rs-485-ultra-baja-iluminacion-eis-hlc-blc","status":"publish","type":"product","link":"https:\/\/soydeaqui.ddns.net\/pachuca\/index.php\/producto\/domo-ptz-turbohd-2-megapixel-1080p-25x-zoom-150-mts-ir-exterior-ip66-ik10-wdr-120-db-rs-485-ultra-baja-iluminacion-eis-hlc-blc\/","title":{"rendered":"Domo PTZ TURBOHD 2 Megapixel (1080P) \/ 25X Zoom \/ 150 mts IR \/ Exterior IP66 \/ IK10 \/ WDR 120 dB \/ RS-485 \/ Ultra Baja Iluminaci\u00f3n \/ EIS \/ HLC \/ BLC"},"content":{"rendered":"<div style='width: 100%; max-width: 1200px; margin: 0 auto; font-family: sans-serif; line-height: 1.6; color: inherit; background-color: transparent;'> <!-- Logo HIKVISION --> <\/p>\n<div style='text-align: center; margin: 30px 0;'> <img style='width: 45%; height: auto; border: 1px solid rgba(150&comma;150&comma;150&comma;0.3); border-radius: 8px;' src='https:\/\/ftp3.syscom.mx\/usuarios\/jsosa\/HIKVISION\/imagenes\/logo\/hikvision%20see%20far.png' alt='Logo HIKVISION'> <\/div>\n<p> <!-- Secci\u00f3n principal con flex --> <\/p>\n<div style='display: flex; flex-wrap: wrap; gap: 30px; margin-bottom: 30px;'> <!-- Caracter\u00edsticas principales --> <\/p>\n<div style='flex: 1 1 300px; min-width: 280px;'>\n<h3 style='font-size: 22px; border-bottom: 2px solid currentColor; padding-bottom: 5px; margin-top: 0; color: inherit; opacity: 0.8;'>Caracter\u00edsticas principales:<\/h3>\n<ul style='padding-left: 20px; font-size: 15px; color: inherit;'>\n<li style='margin-bottom: 5px;'><strong>Resoluci\u00f3n m\u00e1xima:<\/strong> 2 Megapixel (1920 x 1080).<\/li>\n<li style='margin-bottom: 5px;'><strong>Iluminaci\u00f3n m\u00ednima:<\/strong> Color 0.005 Lux (F1.6&comma; AGC ON).<\/li>\n<li style='margin-bottom: 5px;'><strong>Iluminaci\u00f3n m\u00ednima:<\/strong> B\/N 0.001 Lux (F1.6&comma; AGC ON).<\/li>\n<li style='margin-bottom: 5px;'><strong>Funciones:<\/strong> WDR real 120dB \/ 3D-DNR.<\/li>\n<li style='margin-bottom: 5px;'><strong>Distancia Focal:<\/strong> 4.8 a 120 mm (25X Zoom \u00f3ptico \/ 16X Zoom digital).<\/li>\n<li style='margin-bottom: 5px;'><strong>Distancia de Infrarrojos:<\/strong> 150 mts IR (visi\u00f3n nocturna).<\/li>\n<li style='margin-bottom: 5px;'><strong>Soporta puertos:<\/strong> RS-485 (anal\u00f3gica) y COAXITRON (TURBOHD).<\/li>\n<\/ul><\/div>\n<p> <!-- Caracter\u00edsticas F\u00edsicas y El\u00e9ctricas --> <\/p>\n<div style='flex: 1 1 300px; min-width: 280px;'>\n<h3 style='font-size: 22px; border-bottom: 2px solid currentColor; padding-bottom: 5px; margin-top: 0; color: inherit; opacity: 0.8;'>Caracter\u00edsticas F\u00edsicas y El\u00e9ctricas:<\/h3>\n<ul style='padding-left: 20px; font-size: 15px; color: inherit;'>\n<li style='margin-bottom: 5px;'><strong>Alimentaci\u00f3n:<\/strong> 24 Vca \/ 40 Watts <strong>(Fuente incluida)<\/strong>.<\/li>\n<li style='margin-bottom: 5px;'><strong>Temperatura de operaci\u00f3n:<\/strong> -30\u00ba a 65\u00ba C.<\/li>\n<li style='margin-bottom: 5px;'><strong>Protecci\u00f3n:<\/strong> Interior &#8211; Exterior (IP66).<\/li>\n<li style='margin-bottom: 5px;'><strong>Antivand\u00e1lico:<\/strong> IK10.<\/li>\n<li style='margin-bottom: 5px;'><strong>No incluye brazo de pared:<\/strong> Usar el modelo DS-1602ZJ o DS-1602ZJ-AX<\/li>\n<li style='margin-bottom: 5px;'><strong>Dimensiones:<\/strong> 220 x 353.4 mm.<\/li>\n<li style='margin-bottom: 5px;'><strong>Peso:<\/strong> 4.5 Kgs.<\/li>\n<li style='margin-bottom: 5px;'><strong>Recomendaci\u00f3n:<\/strong> Para cuestiones de inducci\u00f3n se recomienda colocar el cople <a href='https:\/\/www.syscom.mx\/producto\/DS-1601ZJ-CP-HIKVISION-78253.html' target='_blank' rel='noopener' style='color: inherit; text-decoration: underline;'>DS-1601ZJ-CP<\/a> para aislar el PTZ del brazo de pared y prevenir fallas.<\/li>\n<\/ul>\n<h4 style='font-size: 18px; margin-top: 20px; margin-bottom: 10px; color: inherit; opacity: 0.8;'>Accesorios:<\/h4>\n<ul style='padding-left: 20px; font-size: 14px; color: inherit;'>\n<li style='margin-bottom: 5px;'><a href='https:\/\/www.syscom.mx\/producto\/DS-1602ZJ-HIKVISION-77700.html' target='_blank' rel='noopener' style='color: inherit; text-decoration: underline;'>DS-1602ZJ<\/a> &#8211; Montaje de pared para interior o exterior<\/li>\n<li style='margin-bottom: 5px;'><a href='https:\/\/www.syscom.mx\/producto\/DS-1602ZJ-HIKVISION-77700.html' target='_blank' rel='noopener' style='color: inherit; text-decoration: underline;'>DS-1602ZJ-Conner<\/a> &#8211; Montaje de pared para interior o exterior<\/li>\n<li style='margin-bottom: 5px;'><a href='https:\/\/www.syscom.mx\/producto\/DS-1602ZJ-POLE-HIKVISION-78569.html' target='_blank' rel='noopener' style='color: inherit; text-decoration: underline;'>DS-1602ZJ-Pole<\/a> &#8211; Montaje de poste vertical<\/li>\n<li style='margin-bottom: 5px;'><a href='https:\/\/www.syscom.mx\/producto\/DS-1602ZJ-BOX-HIKVISION-78425.html' target='_blank' rel='noopener' style='color: inherit; text-decoration: underline;'>DS-1602ZJ-Box<\/a> &#8211; Montaje de pared con caja de conexiones<\/li>\n<li style='margin-bottom: 5px;'><a href='https:\/\/www.syscom.mx\/producto\/DS-1663ZJ-HIKVISION-75318.html' target='_blank' rel='noopener' style='color: inherit; text-decoration: underline;'>DS-1663ZJ<\/a> &#8211; Montaje de techo sin tubo<\/li>\n<li style='margin-bottom: 5px;'><a href='https:\/\/www.syscom.mx\/producto\/DS-1661ZJ-HIKVISION-69425.html' target='_blank' rel='noopener' style='color: inherit; text-decoration: underline;'>DS-1661ZJ<\/a> &#8211; Montaje de techo tipo tubo<\/li>\n<li style='margin-bottom: 5px;'><a href='https:\/\/www.syscom.mx\/producto\/DS-1662ZJ-HIKVISION-69426.html' target='_blank' rel='noopener' style='color: inherit; text-decoration: underline;'>DS-1662ZJ<\/a> &#8211; Montaje de techo tipo tubo<\/li>\n<li style='margin-bottom: 5px;'><a href='https:\/\/www.syscom.mx\/producto\/DS-1619ZJ-HIKVISION-84690.html' target='_blank' rel='noopener' style='color: inherit; text-decoration: underline;'>DS-1619ZJ<\/a> &#8211; Montaje tipo ganzo<\/li>\n<\/ul><\/div>\n<p> <!-- Caracter\u00edsticas Destacadas --> <\/p>\n<div style='flex: 1 1 300px; min-width: 280px;'>\n<h3 style='font-size: 22px; border-bottom: 2px solid currentColor; padding-bottom: 5px; margin-top: 0; color: inherit; opacity: 0.8;'>Caracter\u00edsticas Destacadas:<\/h3>\n<ul style='padding-left: 20px; font-size: 15px; color: inherit;'>\n<li style='margin-bottom: 5px;'><strong>Paneo:<\/strong> 360\u00ba.<\/li>\n<li style='margin-bottom: 5px;'><strong>Tildeo:<\/strong> -15\u00ba a 90\u00ba.<\/li>\n<li style='margin-bottom: 5px;'><strong>Preset \/ Patrol \/ Pattern:<\/strong> 256 \/ 10 \/ 5.<\/li>\n<li style='margin-bottom: 5px;'><strong>Soporta:<\/strong> Tareas calendarizadas.<\/li>\n<li style='margin-bottom: 5px;'><strong>Protocolos:<\/strong> HIKVISION \/ Pelco-P \/ Pelco-D.<\/li>\n<li style='margin-bottom: 5px;'><strong>Importante:<\/strong> \u00danicamente soporta tecnolog\u00eda TVI.<\/li>\n<\/ul><\/div>\n<\/p><\/div>\n<p> <!-- Consideraciones --> <\/p>\n<div style='margin-bottom: 30px;'>\n<h3 style='font-size: 22px; border-bottom: 2px solid currentColor; padding-bottom: 5px; margin-top: 0; color: inherit; opacity: 0.8;'>Consideraciones:<\/h3>\n<p style='font-size: 15px; color: inherit;'>No hay consideraciones espec\u00edficas registradas.<\/p>\n<\/p><\/div>\n<p> <!-- Separador --> <\/p>\n<hr style='border: 0; border-top: 1px solid rgba(150&comma; 150&comma; 150&comma; 0.3); margin: 30px 0;'> <!-- Recursos --> <\/p>\n<div style='margin-bottom: 30px;'>\n<h2 style='text-align: center; font-size: 24px; margin-bottom: 20px; color: inherit;'>Recursos<\/h2>\n<div style='display: flex; flex-wrap: wrap; gap: 20px; justify-content: center;'> <!-- IVMS4200 --> <\/p>\n<div style='flex: 1 1 250px; min-width: 200px;'> <a href='https:\/\/www.hikvision.com\/es-la\/support\/download\/software\/ivms4200-series\/?q=serie%20ivms4200&#038;position=1' target='_blank' rel='noopener' style='text-decoration: none; color: inherit;'> <img style='width: 100%; height: auto; border: 1px solid rgba(150&comma;150&comma;150&comma;0.3); border-radius: 8px;' src='https:\/\/ftp3.syscom.mx\/usuarios\/gmagos\/HIK\/IP\/IPC\/Imagenes%20pagina\/Descargas%20IVMS4200.jpg' alt='IVMS4200'> <\/p>\n<p style='text-align: center; margin-top: 10px; font-size: 15px;'>Descarga de IVMS4200<\/p>\n<p> <\/a> <\/div>\n<p> <!-- App HIKVISION --> <\/p>\n<div style='flex: 1 1 250px; min-width: 200px;'> <a href='https:\/\/appstore.hikvision.com\/' target='_blank' rel='noopener' style='text-decoration: none; color: inherit;'> <img style='width: 100%; height: auto; border: 1px solid rgba(150&comma;150&comma;150&comma;0.3); border-radius: 8px;' src='https:\/\/ftp3.syscom.mx\/usuarios\/gmagos\/HIK\/IP\/IPC\/Imagenes%20pagina\/Descargas%20de%20app.jpg' alt='App HIKVISION'> <\/p>\n<p style='text-align: center; margin-top: 10px; font-size: 15px;'>Descarga de App<\/p>\n<p> <\/a> <\/div>\n<p> <!-- Ficha t\u00e9cnica --> <\/p>\n<div style='flex: 1 1 250px; min-width: 200px;'> <a href='https:\/\/ftp3.syscom.mx\/usuarios\/jsosa\/HIKVISION\/specs\/analogcam\/PTZ\/DS2AE72225TIAD\/DS-2AE7225TI-A%28D%29%203.51%2020191126.pdf' target='_blank' rel='noopener' style='text-decoration: none; color: inherit;'> <img style='width: 100%; height: auto; border: 1px solid rgba(150&comma;150&comma;150&comma;0.3); border-radius: 8px;' src='https:\/\/ftp3.syscom.mx\/usuarios\/gmagos\/HIK\/IP\/IPC\/Imagenes%20pagina\/Descarga%20de%20PDF.jpg' alt='Ficha t\u00e9cnica'> <\/p>\n<p style='text-align: center; margin-top: 10px; font-size: 15px;'>Descarga de PDF<\/p>\n<p> <\/a> <\/div>\n<\/p><\/div>\n<\/p><\/div>\n<p> <!-- Imagenes adicionales --> <\/p>\n<div style='display: flex; flex-wrap: wrap; gap: 30px; justify-content: center; margin-top: 30px;'>\n<div style='flex: 1 1 400px; min-width: 300px;'> <img style='width: 100%; height: auto; border: 1px solid rgba(150&comma;150&comma;150&comma;0.3); border-radius: 8px;' src='http:\/\/ftp3.syscom.mx\/usuarios\/jdelafuente\/EPCOM\/TURBO%20HD\/100%253.png' alt='Imagen del producto'> <\/div>\n<div style='flex: 1 1 400px; min-width: 300px;'> <img style='width: 100%; height: auto; border: 1px solid rgba(150&comma;150&comma;150&comma;0.3); border-radius: 8px;' src='http:\/\/ftp3.syscom.mx\/usuarios\/jdelafuente\/HIKVISION\/hikvision-solution%20banner.jpg' alt='Soluci\u00f3n HIKVISION'> <\/div>\n<\/p><\/div>\n<\/p><\/div>\n","protected":false},"excerpt":{"rendered":"<p>Domo PTZ TURBOHD 2 Megapixel (1080P) \/ 25X Zoom \/ 150 mts IR \/ Exterior IP66 \/ IK10 \/ WDR 120 dB \/ RS-485 \/ Ultra Baja Iluminaci\u00f3n \/ EIS \/ HLC \/ BLC<\/p>\n","protected":false},"featured_media":113518,"comment_status":"open","ping_status":"closed","template":"","meta":[],"product_brand":[],"product_cat":[2344],"product_tag":[2255,54,1225],"class_list":{"0":"post-113519","1":"product","2":"type-product","3":"status-publish","4":"has-post-thumbnail","6":"product_cat-ptz-camaras-y-dvrs-hd-turbohd-ahd-hd-tvi","7":"product_tag-camaras-y-dvrs-hd-turbohd-ahd-hd-tvi","8":"product_tag-hikvision","9":"product_tag-ptz","11":"first","12":"instock","13":"sale","14":"shipping-taxable","15":"purchasable","16":"product-type-simple"},"_links":{"self":[{"href":"https:\/\/soydeaqui.ddns.net\/pachuca\/index.php\/wp-json\/wp\/v2\/product\/113519","targetHints":{"allow":["GET"]}}],"collection":[{"href":"https:\/\/soydeaqui.ddns.net\/pachuca\/index.php\/wp-json\/wp\/v2\/product"}],"about":[{"href":"https:\/\/soydeaqui.ddns.net\/pachuca\/index.php\/wp-json\/wp\/v2\/types\/product"}],"replies":[{"embeddable":true,"href":"https:\/\/soydeaqui.ddns.net\/pachuca\/index.php\/wp-json\/wp\/v2\/comments?post=113519"}],"wp:featuredmedia":[{"embeddable":true,"href":"https:\/\/soydeaqui.ddns.net\/pachuca\/index.php\/wp-json\/wp\/v2\/media\/113518"}],"wp:attachment":[{"href":"https:\/\/soydeaqui.ddns.net\/pachuca\/index.php\/wp-json\/wp\/v2\/media?parent=113519"}],"wp:term":[{"taxonomy":"product_brand","embeddable":true,"href":"https:\/\/soydeaqui.ddns.net\/pachuca\/index.php\/wp-json\/wp\/v2\/product_brand?post=113519"},{"taxonomy":"product_cat","embeddable":true,"href":"https:\/\/soydeaqui.ddns.net\/pachuca\/index.php\/wp-json\/wp\/v2\/product_cat?post=113519"},{"taxonomy":"product_tag","embeddable":true,"href":"https:\/\/soydeaqui.ddns.net\/pachuca\/index.php\/wp-json\/wp\/v2\/product_tag?post=113519"}],"curies":[{"name":"wp","href":"https:\/\/api.w.org\/{rel}","templated":true}]}}