{"id":113496,"date":"2026-03-20T22:42:11","date_gmt":"2026-03-20T22:42:11","guid":{"rendered":"https:\/\/soydeaqui.ddns.net\/pachuca\/index.php\/producto\/kit-divisor-y-extensor-hdmi-extender-splitter-divide-1-fuente-hdmi-a-4-pantallas-extiende-la-senal-hdmi-hasta-120-m-resolucion-1080p-60-hz-cat-6-6a-soporta-ir-baja-latencia-uso24-7\/"},"modified":"2026-03-20T22:42:23","modified_gmt":"2026-03-20T22:42:23","slug":"kit-divisor-y-extensor-hdmi-extender-splitter-divide-1-fuente-hdmi-a-4-pantallas-extiende-la-senal-hdmi-hasta-120-m-resolucion-1080p-60-hz-cat-6-6a-soporta-ir-baja-latencia-uso24-7","status":"publish","type":"product","link":"https:\/\/soydeaqui.ddns.net\/pachuca\/index.php\/producto\/kit-divisor-y-extensor-hdmi-extender-splitter-divide-1-fuente-hdmi-a-4-pantallas-extiende-la-senal-hdmi-hasta-120-m-resolucion-1080p-60-hz-cat-6-6a-soporta-ir-baja-latencia-uso24-7\/","title":{"rendered":"Kit Divisor y Extensor HDMI (Extender Splitter)  \/ Divide 1 Fuente HDMI a 4 Pantallas \/ Extiende la se\u00f1al HDMI hasta 120 m \/ Resoluci\u00f3n 1080P @ 60 Hz \/ Cat 6\/6a \/ Soporta IR \/ Baja Latencia \/ Uso24\/7 \/ Alimente solo el Tx (PoC)."},"content":{"rendered":"<div style='width: 100%; max-width: 1200px; margin: 0 auto; font-family: sans-serif; line-height: 1.6; color: inherit; background-color: transparent;'> <!-- T\u00edtulos principales --> <\/p>\n<div style='width: 100%; margin-bottom: 30px; text-align: center;'>\n<h1 style='color: inherit; font-size: 28px; margin: 0;'><strong>TT-314-HDBITT<\/strong><\/h1>\n<h3 style='color: inherit; font-size: 18px; margin: 10px 0 20px; opacity: 0.8;'>Kit de 1 entrada a 4 salidas HDMI @1080p por cable Cat 6 a 120 metros<\/h3>\n<p style='margin: 10px 70px 50px 70px; font-size: 15px; color: inherit;'>Este producto combina la funci\u00f3n de extensi\u00f3n y divisor para dividir 1 se\u00f1al HDMI a 4 se\u00f1ales HDMI id\u00e9nticas a trav\u00e9s de cable de red y se utiliza como un transmisor para trabajar con 4 receptores (MODELO TT-683-RX) con se\u00f1alizaci\u00f3n HDMI de hasta 120 metros con cable CAT6. Con control de se\u00f1al IR para controlar la operaci\u00f3n del dispositivo de la fuente transmisora\u2026<\/p>\n<\/p><\/div>\n<p> <!-- Secci\u00f3n de caracter\u00edsticas --> <\/p>\n<div style='display: flex; flex-wrap: wrap; gap: 30px; margin-bottom: 30px;'>\n<div style='flex: 1 1 300px; min-width: 280px;'> <img style='width: 100%; height: auto; border: 1px solid rgba(150&comma;150&comma;150&comma;0.3); border-radius: 8px;' src='http:\/\/ftp3.syscom.mx\/usuarios\/hallende\/EPCOM%20Titanium\/TT-314-HDBITT\/TT314HDBITT-1.png' alt=''> <\/p>\n<div style='margin-top: 15px;'>\n<h3 style='font-size: 22px; border-bottom: 2px solid currentColor; padding-bottom: 5px; margin-top: 0; color: inherit; opacity: 0.8;'>Caracter\u00edsticas principales:<\/h3>\n<ul style='padding-left: 20px; font-size: 15px; color: inherit;'>\n<li style='margin-bottom: 5px;'>Divide y extiende una se\u00f1al HDMI a 4 monitores.<\/li>\n<li style='margin-bottom: 5px;'>Cable Soporta UTP : CAT 6(120m)<\/li>\n<li style='margin-bottom: 5px;'>Soporte de resoluci\u00f3n: 1080p @ 50\/60Hz<\/li>\n<li style='margin-bottom: 5px;'>Entradas HDMI: 1<\/li>\n<li style='margin-bottom: 5px;'>Salidas HDMI: 4<\/li>\n<\/ul><\/div>\n<\/p><\/div>\n<div style='flex: 1 1 300px; min-width: 280px;'> <img style='width: 100%; height: auto; border: 1px solid rgba(150&comma;150&comma;150&comma;0.3); border-radius: 8px;' src='http:\/\/ftp3.syscom.mx\/usuarios\/hallende\/EPCOM%20Titanium\/TT-314-HDBITT\/TT314HDBITT-2.png' alt=''> <\/p>\n<div style='margin-top: 15px;'>\n<h3 style='font-size: 22px; border-bottom: 2px solid currentColor; padding-bottom: 5px; margin-top: 0; color: inherit; opacity: 0.8;'>Caracter\u00edsticas F\u00edsicas y El\u00e9ctricas:<\/h3>\n<ul style='padding-left: 20px; font-size: 15px; color: inherit;'>\n<li style='margin-bottom: 5px;'>Alimentaci\u00f3n incluida de 5 Vcc&comma; 2 A (solo requiere alimentaci\u00f3n el Transmisor)<\/li>\n<li style='margin-bottom: 5px;'>Consumo de potencia inferior a 24 W.<\/li>\n<li style='margin-bottom: 5px;'>Dimensiones 288 x 98 x 44&comma;4 mm<\/li>\n<li style='margin-bottom: 5px;'>Peso: 1.000 gramos<\/li>\n<\/ul><\/div>\n<\/p><\/div>\n<div style='flex: 1 1 300px; min-width: 280px;'> <img style='width: 100%; height: auto; border: 1px solid rgba(150&comma;150&comma;150&comma;0.3); border-radius: 8px;' src='http:\/\/ftp3.syscom.mx\/usuarios\/hallende\/EPCOM%20Titanium\/TT-314-HDBITT\/TT314HDBITT-3.png' alt=''> <\/p>\n<div style='margin-top: 15px;'>\n<h3 style='font-size: 22px; border-bottom: 2px solid currentColor; padding-bottom: 5px; margin-top: 0; color: inherit; opacity: 0.8;'>Caracter\u00edsticas Destacadas:<\/h3>\n<ul style='padding-left: 20px; font-size: 15px; color: inherit;'>\n<li style='margin-bottom: 5px;'>Solo requiere una fuente de alimentaci\u00f3n en el TX<\/li>\n<li style='margin-bottom: 5px;'>Se ajusta autom\u00e1ticamente a diferentes longitudes del cable<\/li>\n<li style='margin-bottom: 5px;'>Soporte control remoto IR de 20 a 60 KHz<\/li>\n<li style='margin-bottom: 5px;'>Se incluyen los receptores: TT-683-RX<\/li>\n<li style='margin-bottom: 5px;'>Soporta HDCP<\/li>\n<li style='margin-bottom: 5px;'>1 a\u00f1o de Garant\u00eda<\/li>\n<\/ul><\/div>\n<\/p><\/div>\n<\/p><\/div>\n<p> <!-- Imagen destaca --> <\/p>\n<div style='width: 100%; margin: 40px 0;'> <img style='width: 100%; height: auto; border: 1px solid rgba(150&comma;150&comma;150&comma;0.3); border-radius: 8px;' src='http:\/\/ftp3.syscom.mx\/usuarios\/hallende\/EPCOM%20Titanium\/TT-314-HDBITT\/TT314-HDBITT%20Esp..jpg' alt=''> <\/div>\n<p> <!-- PDF Embed --> <\/p>\n<div style='width: 100%; margin: 40px 0;'>\n<div style='position: relative; padding-bottom: 56.25%; height: 0; overflow: hidden; margin-bottom: 30px;'>   <\/div>\n<\/p><\/div>\n<\/p><\/div>\n","protected":false},"excerpt":{"rendered":"<p>Kit Divisor y Extensor HDMI (Extender Splitter)  \/ Divide 1 Fuente HDMI a 4 Pantallas \/ Extiende la se\u00f1al HDMI hasta 120 m \/ Resoluci\u00f3n 1080P @ 60 Hz \/ Cat 6\/6a \/ Soporta IR \/ Baja Latencia \/ Uso24\/7 \/ Alimente solo el Tx (PoC).<\/p>\n","protected":false},"featured_media":113495,"comment_status":"open","ping_status":"closed","template":"","meta":[],"product_brand":[],"product_cat":[2073,2074,2077,2075,2072,2076],"product_tag":[417,2079,2080,2083,507,2081,2078,2082],"class_list":{"0":"post-113496","1":"product","2":"type-product","3":"status-publish","4":"has-post-thumbnail","6":"product_cat-convertidores","7":"product_cat-divisores","8":"product_cat-dvi","9":"product_cat-hdmi","10":"product_cat-kits-extensores","11":"product_cat-vga","12":"product_tag-accesorios-generales","13":"product_tag-convertidores","14":"product_tag-divisores","15":"product_tag-dvi","16":"product_tag-epcom-titanium","17":"product_tag-hdmi","18":"product_tag-kits-extensores","19":"product_tag-vga","21":"first","22":"instock","23":"sale","24":"shipping-taxable","25":"purchasable","26":"product-type-simple"},"_links":{"self":[{"href":"https:\/\/soydeaqui.ddns.net\/pachuca\/index.php\/wp-json\/wp\/v2\/product\/113496","targetHints":{"allow":["GET"]}}],"collection":[{"href":"https:\/\/soydeaqui.ddns.net\/pachuca\/index.php\/wp-json\/wp\/v2\/product"}],"about":[{"href":"https:\/\/soydeaqui.ddns.net\/pachuca\/index.php\/wp-json\/wp\/v2\/types\/product"}],"replies":[{"embeddable":true,"href":"https:\/\/soydeaqui.ddns.net\/pachuca\/index.php\/wp-json\/wp\/v2\/comments?post=113496"}],"wp:featuredmedia":[{"embeddable":true,"href":"https:\/\/soydeaqui.ddns.net\/pachuca\/index.php\/wp-json\/wp\/v2\/media\/113495"}],"wp:attachment":[{"href":"https:\/\/soydeaqui.ddns.net\/pachuca\/index.php\/wp-json\/wp\/v2\/media?parent=113496"}],"wp:term":[{"taxonomy":"product_brand","embeddable":true,"href":"https:\/\/soydeaqui.ddns.net\/pachuca\/index.php\/wp-json\/wp\/v2\/product_brand?post=113496"},{"taxonomy":"product_cat","embeddable":true,"href":"https:\/\/soydeaqui.ddns.net\/pachuca\/index.php\/wp-json\/wp\/v2\/product_cat?post=113496"},{"taxonomy":"product_tag","embeddable":true,"href":"https:\/\/soydeaqui.ddns.net\/pachuca\/index.php\/wp-json\/wp\/v2\/product_tag?post=113496"}],"curies":[{"name":"wp","href":"https:\/\/api.w.org\/{rel}","templated":true}]}}