{"id":113474,"date":"2026-03-20T22:40:54","date_gmt":"2026-03-20T22:40:54","guid":{"rendered":"https:\/\/soydeaqui.ddns.net\/pachuca\/index.php\/producto\/monitor-ip-sip-para-interior-wi-fi-pantalla-tactil-de-7-audio-de-2-vias-poe-8-interfaces-de-entrada-de-alarma\/"},"modified":"2026-03-20T22:41:17","modified_gmt":"2026-03-20T22:41:17","slug":"monitor-ip-sip-para-interior-wi-fi-pantalla-tactil-de-7-audio-de-2-vias-poe-8-interfaces-de-entrada-de-alarma","status":"publish","type":"product","link":"https:\/\/soydeaqui.ddns.net\/pachuca\/index.php\/producto\/monitor-ip-sip-para-interior-wi-fi-pantalla-tactil-de-7-audio-de-2-vias-poe-8-interfaces-de-entrada-de-alarma\/","title":{"rendered":"Monitor IP\/SIP para interior, Wi-Fi, pantalla t\u00e1ctil de 7&#8243;, audio de 2 v\u00edas, PoE, 8 interfaces de entrada de alarma."},"content":{"rendered":"<div style='width: 100%; max-width: 1200px; margin: 0 auto; font-family: sans-serif; line-height: 1.6; color: inherit; background-color: transparent;'> <!-- Secci\u00f3n de contenido principal --> <\/p>\n<div style='display: flex; flex-wrap: wrap; gap: 30px; margin-bottom: 30px;'>\n<div style='flex: 1 1 300px; min-width: 280px;'> <img style='width: 100%; height: auto; border: 1px solid rgba(150&comma;150&comma;150&comma;0.3); border-radius: 8px;' src='https:\/\/ftp3.syscom.mx\/usuarios\/fotos\/I52W\/190845-i52w-1.png' alt=''> <\/div>\n<div style='flex: 1 1 300px; min-width: 280px;'>\n<h3 style='font-size: 22px; border-bottom: 2px solid currentColor; padding-bottom: 5px; margin-top: 0; color: inherit; opacity: 0.8;'>Monitor SIP\/IP para interior&comma; Wi-Fi y pantalla t\u00e1ctil de 7 pulgadas<\/h3>\n<p>Estaci\u00f3n para interior:<\/p>\n<ul style='padding-left: 20px; font-size: 15px; color: inherit;'>\n<li style='margin-bottom: 5px;'>Aspecto elegante y simple que combina con diferentes estilos decorativos.<\/li>\n<li style='margin-bottom: 5px;'>Pantalla t\u00e1ctil a color capacitiva de 7 pulgadas.<\/li>\n<li style='margin-bottom: 5px;'>Calidad de voz HD con altavoz integrado de 1.5 W y cancelador de eco ac\u00fastico (AEC).<\/li>\n<li style='margin-bottom: 5px;'>Wi-Fi 2.4G incorporado.<\/li>\n<li style='margin-bottom: 5px;'>Posee 8 entradas de alarma y 1 interfaz RS485.<\/li>\n<li style='margin-bottom: 5px;'>Recepci\u00f3n de video de los videoporteros Fanvil.<\/li>\n<li style='margin-bottom: 5px;'>Ricas interfaces para satisfacer las necesidades en diferentes escenarios de aplicaci\u00f3n.<\/li>\n<li style='margin-bottom: 5px;'>Admite la gesti\u00f3n y actualizaci\u00f3n en l\u00ednea.<\/li>\n<li style='margin-bottom: 5px;'>Compatible con las principales plataformas: Asterisk&comma; Broadsoft&comma; 3CX&comma; Metaswitch&comma; Elastix&comma; Avaya&comma; etc.<\/li>\n<\/ul><\/div>\n<\/p><\/div>\n<p> <!-- Secci\u00f3n de especificaciones --> <\/p>\n<div style='display: flex; flex-wrap: wrap; gap: 20px; margin-bottom: 30px;'>\n<div style='flex: 1 1 250px; border: 1px solid rgba(150&comma; 150&comma; 150&comma; 0.4); border-radius: 8px; overflow: hidden; display: flex; flex-direction: column;'>\n<div style='padding: 15px; border-bottom: 1px solid rgba(150&comma; 150&comma; 150&comma; 0.2); font-weight: bold; font-size: 18px; color: inherit; background-color: rgba(203&comma;50&comma;52&comma;0.05);'>Caracter\u00edsticas principales<\/div>\n<div style='padding: 15px; color: inherit;'>\n<ul style='padding-left: 20px; margin: 0; font-size: 14px; list-style-type: disc;'>\n<li style='margin-bottom: 5px;'>C\u00f3dec de banda estrecha: G.711a \/ u&comma; G.729AB&comma; iLBC<\/li>\n<li style='margin-bottom: 5px;'>Instalaci\u00f3n en pared<\/li>\n<li style='margin-bottom: 5px;'>C\u00f3dec de banda ancha: G.722&comma; Opus<\/li>\n<li style='margin-bottom: 5px;'>Admite cancelador de eco ac\u00fastico (AEC)<\/li>\n<li style='margin-bottom: 5px;'>C\u00f3dec de video: H.264<\/li>\n<li style='margin-bottom: 5px;'>Resoluci\u00f3n de videollamada: CIF \/ 4CIF \/ QVGA \/ VGA \/ 720P \/ 1080P<\/li>\n<li style='margin-bottom: 5px;'>Filtro de lista de llamadas en blanco y negro<\/li>\n<li style='margin-bottom: 5px;'>Mensaje de voz<\/li>\n<li style='margin-bottom: 5px;'>1 x LCD: Pantalla a color de 7 pulgadas 800&#215;480<\/li>\n<li style='margin-bottom: 5px;'>Interfaz de usuario intuitiva con iconos<\/li>\n<li style='margin-bottom: 5px;'>Compatible con las principales plataformas: Asterisk&comma; Broadsoft&comma; 3CX&comma; Metaswitch&comma; Elastix&comma; Avaya etc.<\/li>\n<li style='margin-bottom: 5px;'><strong>Garant\u00eda:<\/strong> 2 a\u00f1os.<\/li>\n<\/ul><\/div>\n<\/p><\/div>\n<div style='flex: 1 1 250px; border: 1px solid rgba(150&comma; 150&comma; 150&comma; 0.4); border-radius: 8px; overflow: hidden; display: flex; flex-direction: column;'>\n<div style='padding: 15px; border-bottom: 1px solid rgba(150&comma; 150&comma; 150&comma; 0.2); font-weight: bold; font-size: 18px; color: inherit; background-color: rgba(203&comma;50&comma;52&comma;0.05);'>Caracter\u00edsticas F\u00edsicas y El\u00e9ctricas<\/div>\n<div style='padding: 15px; color: inherit;'>\n<ul style='padding-left: 20px; margin: 0; font-size: 14px; list-style-type: disc;'>\n<li style='margin-bottom: 5px;'>Interfaz RJ45 x1<\/li>\n<li style='margin-bottom: 5px;'>Interfaz RS485 x1<\/li>\n<li style='margin-bottom: 5px;'>Interfaz de entrada de alarma x8<\/li>\n<li style='margin-bottom: 5px;'>Interfaz DC x1<\/li>\n<li style='margin-bottom: 5px;'>5 teclas de funci\u00f3n (Centro de gesti\u00f3n&comma; Monitor&comma; Desbloquear&comma; Volver \/ Colgar&comma; Responder)<\/li>\n<li style='margin-bottom: 5px;'>Color: blanco<\/li>\n<li style='margin-bottom: 5px;'>Entrada de alimentaci\u00f3n de CC: 12V \/ 1A<\/li>\n<li style='margin-bottom: 5px;'>Consumo de energ\u00eda (PoE): 1.44 ~ 4&comma;76 W<\/li>\n<li style='margin-bottom: 5px;'>Consumo de energ\u00eda (adaptador): 1&comma;25 ~ 4&comma;09 W<\/li>\n<li style='margin-bottom: 5px;'>Temperatura de trabajo: 0 ~ 45 \u00b0C<\/li>\n<li style='margin-bottom: 5px;'>Humedad de trabajo: 10 ~ 90%<\/li>\n<\/ul><\/div>\n<\/p><\/div>\n<div style='flex: 1 1 250px; border: 1px solid rgba(150&comma; 150&comma; 150&comma; 0.4); border-radius: 8px; overflow: hidden; display: flex; flex-direction: column;'>\n<div style='padding: 15px; border-bottom: 1px solid rgba(150&comma; 150&comma; 150&comma; 0.2); font-weight: bold; font-size: 18px; color: inherit; background-color: rgba(203&comma;50&comma;52&comma;0.05);'>Caracter\u00edsticas de Red<\/div>\n<div style='padding: 15px; color: inherit;'>\n<ul style='padding-left: 20px; margin: 0; font-size: 14px; list-style-type: disc;'>\n<li style='margin-bottom: 5px;'>Ethernet de 10\/100 Mbps<\/li>\n<li style='margin-bottom: 5px;'>Modo IP: IPv4<\/li>\n<li style='margin-bottom: 5px;'>Wi-Fi incorporado<\/li>\n<li style='margin-bottom: 5px;'>Configuraci\u00f3n de IP: IP est\u00e1tica \/ DHCP<\/li>\n<li style='margin-bottom: 5px;'>RTCP-XR (RFC3611)<\/li>\n<li style='margin-bottom: 5px;'>SIP2.0 sobre UDP \/ TCP \/ TLS<\/li>\n<li style='margin-bottom: 5px;'>RTP \/ RTCP \/ SRTP<\/li>\n<li style='margin-bottom: 5px;'>STUN<\/li>\n<li style='margin-bottom: 5px;'>IEEE802.1x<\/li>\n<li style='margin-bottom: 5px;'>SNTP<\/li>\n<li style='margin-bottom: 5px;'>FTP \/ TFTP<\/li>\n<li style='margin-bottom: 5px;'>HTTP \/ HTTPS<\/li>\n<li style='margin-bottom: 5px;'>TR-069<\/li>\n<\/ul><\/div>\n<\/p><\/div>\n<\/p><\/div>\n<p> <!-- Separador --> <\/p>\n<hr style='border: 0; border-top: 1px solid rgba(150&comma; 150&comma; 150&comma; 0.3); margin: 30px 0;'> <!-- Secci\u00f3n de compatibilidad --> <\/p>\n<div style='margin-bottom: 30px;'>\n<h3 style='font-size: 22px; border-bottom: 2px solid currentColor; padding-bottom: 5px; margin-top: 0; color: inherit; opacity: 0.8;'>Compatibilidad con las marcas lideres en el mercado de Comunicaciones Unificadas<\/h3>\n<div style='display: flex; flex-wrap: wrap; gap: 30px;'>\n<div style='flex: 1 1 300px; min-width: 280px;'> <img style='width: 100%; height: auto; border: 1px solid rgba(150&comma;150&comma;150&comma;0.3); border-radius: 8px;' src='https:\/\/ftp3.syscom.mx\/usuarios\/fotos\/X3U\/174449-marcas.png' alt=''> <\/div>\n<div style='flex: 1 1 300px; min-width: 280px;'>\n<p style='font-size: 16px; font-weight: 400; color: inherit;'>Compatibilidad con IP-PBX como:<\/p>\n<ul style='padding-left: 20px; font-size: 14px; color: inherit;'>\n<li style='margin-bottom: 5px;'><strong>3CX.<\/strong><\/li>\n<li style='margin-bottom: 5px;'><strong>Grandstream<\/strong> (compatibilidad total).<\/li>\n<li style='margin-bottom: 5px;'>Avaya.<\/li>\n<li style='margin-bottom: 5px;'>Yeastar.<\/li>\n<li style='margin-bottom: 5px;'>Asterisk.<\/li>\n<\/ul>\n<p style='font-size: 16px; font-weight: 400; color: inherit; margin-top: 20px;'>Compatibilidad con Video Porteros IP Fanvil como:<\/p>\n<ul style='padding-left: 20px; font-size: 14px; color: inherit;'>\n<li style='margin-bottom: 5px;'><a href='https:\/\/www.syscom.mx\/producto\/I32V-FANVIL-170912.html' target='_blank' rel='noopener'>i32V<strong>.<\/strong><\/a><\/li>\n<li style='margin-bottom: 5px;'><a href='https:\/\/www.syscom.mx\/producto\/I31S-D-TL-FANVIL-140395.html' target='_blank' rel='noopener'>i31SDTL.<\/a><\/li>\n<li style='margin-bottom: 5px;'><a href='https:\/\/www.syscom.mx\/producto\/I30-FANVIL-94568.html' target='_blank' rel='noopener'>I30.<\/a><\/li>\n<li style='margin-bottom: 5px;'><a href='https:\/\/www.syscom.mx\/producto\/I10V-FANVIL-170913.html' target='_blank' rel='noopener'>I10V<\/a>.<\/li>\n<li style='margin-bottom: 5px;'><a href='https:\/\/www.syscom.mx\/producto\/I33V-FANVIL-170911.html' target='_blank' rel='noopener'>I33V.<\/a><\/li>\n<li style='margin-bottom: 5px;'><a href='https:\/\/www.syscom.mx\/producto\/I16V-FANVIL-170910.html' target='_blank' rel='noopener'>i16v.<\/a><\/li>\n<li style='margin-bottom: 5px;'><a href='https:\/\/www.syscom.mx\/producto\/I18-S-01-FANVIL-87813.html' target='_blank' rel='noopener'>i18S01.<\/a><\/li>\n<\/ul><\/div>\n<\/p><\/div>\n<\/p><\/div>\n<p> <!-- Separador --> <\/p>\n<hr style='border: 0; border-top: 1px solid rgba(150&comma; 150&comma; 150&comma; 0.3); margin: 30px 0;'> <!-- Secci\u00f3n de diagramas --> <\/p>\n<div style='margin-bottom: 30px;'>\n<h3 style='font-size: 22px; border-bottom: 2px solid currentColor; padding-bottom: 5px; margin-top: 0; color: inherit; opacity: 0.8;'>Diagrama de Implementaciones<\/h3>\n<div style='display: flex; flex-wrap: wrap; gap: 20px;'>\n<div style='flex: 1 1 300px; min-width: 280px;'> <img style='width: 100%; height: auto; border: 1px solid rgba(150&comma;150&comma;150&comma;0.3); border-radius: 8px;' src='https:\/\/ftp3.syscom.mx\/usuarios\/fotos\/I51W\/190844-captura_de_pantalla_2020-09-25_a_la(s)_17.23.49.png' alt=''> <\/div>\n<div style='flex: 1 1 300px; min-width: 280px;'> <img style='width: 100%; height: auto; border: 1px solid rgba(150&comma;150&comma;150&comma;0.3); border-radius: 8px;' src='https:\/\/ftp3.syscom.mx\/usuarios\/fotos\/I51W\/190844-captura_de_pantalla_2020-09-25_a_la(s)_17.27.17.png' alt=''> <\/div>\n<div style='flex: 1 1 300px; min-width: 280px;'> <img style='width: 100%; height: auto; border: 1px solid rgba(150&comma;150&comma;150&comma;0.3); border-radius: 8px;' src='https:\/\/ftp3.syscom.mx\/usuarios\/fotos\/I51W\/190844-captura_de_pantalla_2020-09-25_a_la(s)_17.29.30.png' alt=''> <\/div>\n<\/p><\/div>\n<\/p><\/div>\n<\/p><\/div>\n","protected":false},"excerpt":{"rendered":"<p>Monitor IP\/SIP para interior, Wi-Fi, pantalla t\u00e1ctil de 7&#8243;, audio de 2 v\u00edas, PoE, 8 interfaces de entrada de alarma.<\/p>\n","protected":false},"featured_media":113473,"comment_status":"open","ping_status":"closed","template":"","meta":[],"product_brand":[],"product_cat":[894],"product_tag":[859,820,557],"class_list":{"0":"post-113474","1":"product","2":"type-product","3":"status-publish","4":"has-post-thumbnail","6":"product_cat-multiapartamentos-videoporteros-e-interfonos","7":"product_tag-fanvil","8":"product_tag-multiapartamentos","9":"product_tag-videoporteros-e-interfonos","11":"first","12":"outofstock","13":"sale","14":"shipping-taxable","15":"purchasable","16":"product-type-simple"},"_links":{"self":[{"href":"https:\/\/soydeaqui.ddns.net\/pachuca\/index.php\/wp-json\/wp\/v2\/product\/113474","targetHints":{"allow":["GET"]}}],"collection":[{"href":"https:\/\/soydeaqui.ddns.net\/pachuca\/index.php\/wp-json\/wp\/v2\/product"}],"about":[{"href":"https:\/\/soydeaqui.ddns.net\/pachuca\/index.php\/wp-json\/wp\/v2\/types\/product"}],"replies":[{"embeddable":true,"href":"https:\/\/soydeaqui.ddns.net\/pachuca\/index.php\/wp-json\/wp\/v2\/comments?post=113474"}],"wp:featuredmedia":[{"embeddable":true,"href":"https:\/\/soydeaqui.ddns.net\/pachuca\/index.php\/wp-json\/wp\/v2\/media\/113473"}],"wp:attachment":[{"href":"https:\/\/soydeaqui.ddns.net\/pachuca\/index.php\/wp-json\/wp\/v2\/media?parent=113474"}],"wp:term":[{"taxonomy":"product_brand","embeddable":true,"href":"https:\/\/soydeaqui.ddns.net\/pachuca\/index.php\/wp-json\/wp\/v2\/product_brand?post=113474"},{"taxonomy":"product_cat","embeddable":true,"href":"https:\/\/soydeaqui.ddns.net\/pachuca\/index.php\/wp-json\/wp\/v2\/product_cat?post=113474"},{"taxonomy":"product_tag","embeddable":true,"href":"https:\/\/soydeaqui.ddns.net\/pachuca\/index.php\/wp-json\/wp\/v2\/product_tag?post=113474"}],"curies":[{"name":"wp","href":"https:\/\/api.w.org\/{rel}","templated":true}]}}