{"id":113469,"date":"2026-03-20T22:40:37","date_gmt":"2026-03-20T22:40:37","guid":{"rendered":"https:\/\/soydeaqui.ddns.net\/pachuca\/index.php\/producto\/pantalla-lcd-55-para-videowall-entrada-hdmi-vga-dvi-dp-monitor-robusto-bisel-delgado-3-5-mm-daisy-chain-conexion-en-cadena-sin-software-4\/"},"modified":"2026-03-20T22:40:50","modified_gmt":"2026-03-20T22:40:50","slug":"pantalla-lcd-55-para-videowall-entrada-hdmi-vga-dvi-dp-monitor-robusto-bisel-delgado-3-5-mm-daisy-chain-conexion-en-cadena-sin-software-4","status":"publish","type":"product","link":"https:\/\/soydeaqui.ddns.net\/pachuca\/index.php\/producto\/pantalla-lcd-55-para-videowall-entrada-hdmi-vga-dvi-dp-monitor-robusto-bisel-delgado-3-5-mm-daisy-chain-conexion-en-cadena-sin-software-4\/","title":{"rendered":"Pantalla LCD 55&#8243; para Videowall \/ Entrada HDMI &#8211; VGA &#8211; DVI &#8211; DP \/ Monitor Robusto \/ Bisel Delgado (3.5 mm) \/ Daisy Chain (Conexion en Cadena sin Software)"},"content":{"rendered":"<div style='width: 100%; max-width: 1200px; margin: 0 auto; font-family: sans-serif; line-height: 1.6; color: inherit; background-color: transparent;'> <!-- Imagen principal --> <\/p>\n<div style='text-align: center; margin: 20px 0;'> <img style='width: 100%; max-width: 600px; height: auto; border: 1px solid rgba(150&comma;150&comma;150&comma;0.3); border-radius: 8px;' src='https:\/\/ftp3.syscom.mx\/usuarios\/nortega\/hikvision\/HPD.png' alt='Pantalla LCD 55 para Videowall'> <\/div>\n<p> <!-- Secci\u00f3n de caracter\u00edsticas --> <\/p>\n<div style='display: flex; flex-wrap: wrap; gap: 30px; margin-bottom: 30px;'>\n<div style='flex: 1 1 300px; min-width: 280px;'>\n<h3 style='font-size: 22px; border-bottom: 2px solid currentColor; padding-bottom: 5px; margin-top: 0; color: inherit; opacity: 0.8;'>Caracter\u00edsticas principales<\/h3>\n<ul style='padding-left: 20px; font-size: 15px; color: inherit;'>\n<li style='margin-bottom: 5px;'>Tama\u00f1o 55&#8242; (diagonal)<\/li>\n<li style='margin-bottom: 5px;'>Resoluci\u00f3n: 1920 x 1080 (Full HD) 60Hz<\/li>\n<li style='margin-bottom: 5px;'>\u00c1ngulo de visi\u00f3n: Horizontal: 178\u00b0&comma; vertical: 178\u00b0<\/li>\n<li style='margin-bottom: 5px;'>Entradas de video: 1 puerto HDMI&comma; 1 puerto DVI&comma; 1 puerto VGA&comma; 1 puerto Display Port<\/li>\n<li style='margin-bottom: 5px;'>Salida de video: 1 puerto HDMI (Loop)<\/li>\n<li style='margin-bottom: 5px;'>Puertos de control: 1 puerto RS232-IN&comma; 1 puerto RS232-OUT&comma; 1 puerto IR<\/li>\n<li style='margin-bottom: 5px;'>Antirreflejo&comma; Alta definici\u00f3n&comma; alto brillo&comma; alta gama de colores e im\u00e1genes vividas<\/li>\n<\/ul><\/div>\n<div style='flex: 1 1 300px; min-width: 280px;'>\n<h3 style='font-size: 22px; border-bottom: 2px solid currentColor; padding-bottom: 5px; margin-top: 0; color: inherit; opacity: 0.8;'>Caracter\u00edsticas F\u00edsicas y El\u00e9ctricas<\/h3>\n<ul style='padding-left: 20px; font-size: 15px; color: inherit;'>\n<li style='margin-bottom: 5px;'>Alimentaci\u00f3n: 100 &#8211; 240 Vca<\/li>\n<li style='margin-bottom: 5px;'>Consumo: 187 Watts<\/li>\n<li style='margin-bottom: 5px;'>Temperatura de operaci\u00f3n: 0\u00b0 a 40\u00b0<\/li>\n<li style='margin-bottom: 5px;'>Dimensiones: 1213.5 mm x 684.3 mm x 71.74 mm<\/li>\n<li style='margin-bottom: 5px;'>\u00c1rea de imagen: 1209.6 mm x 680.4 mm<\/li>\n<li style='margin-bottom: 5px;'>Ancho de bisel: 2.3 mm (superior\/izquierda)&comma; 1.2 mm (inferior\/derecha)<\/li>\n<li style='margin-bottom: 5px;'>Peso: 27.23 kg (\u00b1.5kg)<\/li>\n<li style='margin-bottom: 5px;'>Carcasa de metal para evitar la radiaci\u00f3n e interferencia de campos magn\u00e9ticos y el\u00e9ctricos<\/li>\n<li style='margin-bottom: 5px;'><strong>VESA: 600 x 400<\/strong><\/li>\n<li style='margin-bottom: 5px;'>Capacidad de trabajo 24\/7<\/li>\n<li style='margin-bottom: 5px;'>Tiempo de vida: 60&comma;000 horas<\/li>\n<\/ul><\/div>\n<div style='flex: 1 1 300px; min-width: 280px;'>\n<h3 style='font-size: 22px; border-bottom: 2px solid currentColor; padding-bottom: 5px; margin-top: 0; color: inherit; opacity: 0.8;'>Accesorios incluidos<\/h3>\n<ul style='padding-left: 20px; font-size: 15px; color: inherit;'>\n<li style='margin-bottom: 5px;'>1 x Cable de corriente<\/li>\n<li style='margin-bottom: 5px;'>1 x Cable de red RJ45<\/li>\n<li style='margin-bottom: 5px;'>1 x Cable HDMI 2m<\/li>\n<\/ul>\n<h4 style='font-size: 18px; margin-top: 20px; margin-bottom: 10px; color: inherit; opacity: 0.8;'>En caja de 2 pantallas:<\/h4>\n<ul style='padding-left: 20px; font-size: 15px; color: inherit;'>\n<li style='margin-bottom: 5px;'>1 x Control remoto<\/li>\n<li style='margin-bottom: 5px;'>1 x Receptor IR<\/li>\n<li style='margin-bottom: 5px;'>1 x Convertidor RS-232<\/li>\n<\/ul><\/div>\n<\/p><\/div>\n<p> <!-- Separador --> <\/p>\n<hr style='border: 0; border-top: 1px solid rgba(150&comma; 150&comma; 150&comma; 0.3); margin: 30px 0;'> <!-- Informaci\u00f3n adicional --> <\/p>\n<div style='text-align: center; margin: 30px 0; font-size: 16px; color: inherit;'> Cree un videowall de manera aut\u00f3noma de hasta 30 pantallas mediante HDMI (Daisy Chain)&comma; sin necesidad de licencias adicionales&comma; controlador o decodificador. <\/div>\n<p> <!-- Galer\u00eda de im\u00e1genes --> <\/p>\n<div style='display: flex; flex-wrap: wrap; gap: 30px; justify-content: center; margin: 30px 0;'>\n<div style='flex: 1 1 300px; min-width: 280px;'>\n<p style='text-align: center; margin: 5px 0; color: inherit;'>Videowall 2&#215;2 (Vista Frontal)<\/p>\n<p> <img style='width: 100%; height: auto; border: 1px solid rgba(150&comma;150&comma;150&comma;0.3); border-radius: 8px;' src='https:\/\/ftp3.syscom.mx\/usuarios\/nortega\/hikvision\/pantallas%20vw\/2x2.png' alt='Videowall 2x2 Vista Frontal'> <\/div>\n<div style='flex: 1 1 300px; min-width: 280px;'>\n<p style='text-align: center; margin: 5px 0; color: inherit;'>Videowall 2&#215;2 (Vista posterior)<\/p>\n<p> <img style='width: 100%; height: auto; border: 1px solid rgba(150&comma;150&comma;150&comma;0.3); border-radius: 8px;' src='https:\/\/ftp3.syscom.mx\/usuarios\/nortega\/hikvision\/pantallas%20vw\/2x2back1.png' alt='Videowall 2x2 Vista posterior'> <\/div>\n<\/p><\/div>\n<p> <!-- Imagen final --> <\/p>\n<div style='text-align: center; margin: 30px 0;'> <img style='width: 100%; max-width: 1000px; height: auto; border: 1px solid rgba(150&comma;150&comma;150&comma;0.3); border-radius: 8px;' src='https:\/\/ftp3.syscom.mx\/usuarios\/nortega\/hikvision\/imagenes\/HIKVISION-VW-DS.png' alt='Configuraci\u00f3n de Videowall HIKVISION'> <\/div>\n<\/p><\/div>\n","protected":false},"excerpt":{"rendered":"<p>Pantalla LCD 55&#8243; para Videowall \/ Entrada HDMI &#8211; VGA &#8211; DVI &#8211; DP \/ Monitor Robusto \/ Bisel Delgado (3.5 mm) \/ Daisy Chain (Conexion en Cadena sin Software)<\/p>\n","protected":false},"featured_media":113468,"comment_status":"open","ping_status":"closed","template":"","meta":[],"product_brand":[],"product_cat":[2088],"product_tag":[54,2089,2090],"class_list":{"0":"post-113469","1":"product","2":"type-product","3":"status-publish","4":"has-post-thumbnail","6":"product_cat-videowall-seguridad","7":"product_tag-hikvision","8":"product_tag-monitores-pantallas-y-mobiliario","9":"product_tag-videowall-seguridad","11":"first","12":"outofstock","13":"sale","14":"shipping-taxable","15":"purchasable","16":"product-type-simple"},"_links":{"self":[{"href":"https:\/\/soydeaqui.ddns.net\/pachuca\/index.php\/wp-json\/wp\/v2\/product\/113469","targetHints":{"allow":["GET"]}}],"collection":[{"href":"https:\/\/soydeaqui.ddns.net\/pachuca\/index.php\/wp-json\/wp\/v2\/product"}],"about":[{"href":"https:\/\/soydeaqui.ddns.net\/pachuca\/index.php\/wp-json\/wp\/v2\/types\/product"}],"replies":[{"embeddable":true,"href":"https:\/\/soydeaqui.ddns.net\/pachuca\/index.php\/wp-json\/wp\/v2\/comments?post=113469"}],"wp:featuredmedia":[{"embeddable":true,"href":"https:\/\/soydeaqui.ddns.net\/pachuca\/index.php\/wp-json\/wp\/v2\/media\/113468"}],"wp:attachment":[{"href":"https:\/\/soydeaqui.ddns.net\/pachuca\/index.php\/wp-json\/wp\/v2\/media?parent=113469"}],"wp:term":[{"taxonomy":"product_brand","embeddable":true,"href":"https:\/\/soydeaqui.ddns.net\/pachuca\/index.php\/wp-json\/wp\/v2\/product_brand?post=113469"},{"taxonomy":"product_cat","embeddable":true,"href":"https:\/\/soydeaqui.ddns.net\/pachuca\/index.php\/wp-json\/wp\/v2\/product_cat?post=113469"},{"taxonomy":"product_tag","embeddable":true,"href":"https:\/\/soydeaqui.ddns.net\/pachuca\/index.php\/wp-json\/wp\/v2\/product_tag?post=113469"}],"curies":[{"name":"wp","href":"https:\/\/api.w.org\/{rel}","templated":true}]}}