{"id":113415,"date":"2026-03-20T22:37:39","date_gmt":"2026-03-20T22:37:39","guid":{"rendered":"https:\/\/soydeaqui.ddns.net\/pachuca\/index.php\/producto\/videoportero-ip-multiapartamento-con-reconocimiento-facial-llamada-a-app-hikconnect-requiere-monitor-proteccion-ip65-apertura-por-rostro-tarjeta-o-app\/"},"modified":"2026-03-20T22:38:05","modified_gmt":"2026-03-20T22:38:05","slug":"videoportero-ip-multiapartamento-con-reconocimiento-facial-llamada-a-app-hikconnect-requiere-monitor-proteccion-ip65-apertura-por-rostro-tarjeta-o-app","status":"publish","type":"product","link":"https:\/\/soydeaqui.ddns.net\/pachuca\/index.php\/producto\/videoportero-ip-multiapartamento-con-reconocimiento-facial-llamada-a-app-hikconnect-requiere-monitor-proteccion-ip65-apertura-por-rostro-tarjeta-o-app\/","title":{"rendered":"Videoportero IP Multiapartamento con Reconocimiento Facial \/ Llamada a App HikConnect (requiere monitor) \/ Protecci\u00f3n IP65 \/ Apertura por Rostro, Tarjeta o App"},"content":{"rendered":"<div style='width: 100%; max-width: 1200px; margin: 0 auto; font-family: sans-serif; line-height: 1.6; color: inherit; background-color: transparent;'> <!-- Banner principal --> <\/p>\n<div style='width: 100%; margin-bottom: 30px;'> <a href='http:\/\/soporte.syscom.mx\/control-de-acceso#hikvision' target='_blank' rel='noopener'> <img style='width: 100%; height: auto; border: 1px solid rgba(150&comma;150&comma;150&comma;0.3); border-radius: 8px;' src='https:\/\/ftp3.syscom.mx\/usuarios\/ftp\/web_img\/web_banners\/videoporteros.jpg' alt='Banner Hikvision'> <\/a> <\/div>\n<p> <!-- Videos de YouTube --> <\/p>\n<div style='display: flex; flex-wrap: wrap; gap: 20px; margin-bottom: 30px;'>\n<div style='flex: 1 1 300px; min-width: 280px;'>\n<div style='position: relative; padding-bottom: 56.25%; height: 0; overflow: hidden;'>   <\/div>\n<\/p><\/div>\n<div style='flex: 1 1 300px; min-width: 280px;'>\n<div style='position: relative; padding-bottom: 56.25%; height: 0; overflow: hidden;'>   <\/div>\n<\/p><\/div>\n<div style='flex: 1 1 300px; min-width: 280px;'>\n<div style='position: relative; padding-bottom: 56.25%; height: 0; overflow: hidden;'>   <\/div>\n<\/p><\/div>\n<\/p><\/div>\n<p> <!-- Secci\u00f3n de caracter\u00edsticas --> <\/p>\n<div style='display: flex; flex-wrap: wrap; gap: 30px; margin-bottom: 30px;'>\n<div style='flex: 1 1 300px; min-width: 280px;'>\n<h3 style='font-size: 22px; border-bottom: 2px solid currentColor; padding-bottom: 5px; margin-top: 0; color: inherit; opacity: 0.8;'>Caracter\u00edsticas<\/h3>\n<ul style='padding-left: 20px; font-size: 15px; color: inherit;'>\n<li style='margin-bottom: 5px;'>120\u00b0 Apertura de la c\u00e1mara&comma; amplio campo de visi\u00f3n<\/li>\n<li style='margin-bottom: 5px;'>1080p HD<\/li>\n<li style='margin-bottom: 5px;'><strong style='color: inherit;'>Reconocimiento Facial con Inteligencia Artificial Deep Learning<\/strong><\/li>\n<li style='margin-bottom: 5px;'><strong style='color: inherit;'>Nivel de Protecci\u00f3n IP65<\/strong><\/li>\n<li style='margin-bottom: 5px;'>Pantalla de 4.3 &#8216;<\/li>\n<li style='margin-bottom: 5px;'>TCP\/IP &amp; RTSP<\/li>\n<li style='margin-bottom: 5px;'>Audio bidireccional y c\u00e1mara incorporada<\/li>\n<li style='margin-bottom: 5px;'>Capacidad de 5&comma;000 rostros y 25&comma;000 tarjetas MIFARE (10 mil usuarios max)<\/li>\n<li style='margin-bottom: 5px;'>\n<p style='margin: 0; font-size: 14px; color: inherit;'> Tarjetas recomendadas: <strong style='color: inherit;'>ACCESSCARM1K&comma; ACCESSCARDM4K&comma; ACCESKFBM1K&comma; ACCESSWB65M1K&comma; ACCESSWB74M1K<\/strong>. <strong style='color: inherit;'><u><a href='https:\/\/www.syscom.mx\/principal\/promociones\/tarjetas_mifare-7359.html?ordenar=Relevancia&#038;pag=1' target='_blank' rel='noopener' style='color: inherit; text-decoration: underline;'>Ver aqu\u00ed<\/a><\/u><\/strong> <\/p>\n<\/li>\n<li style='margin-bottom: 5px;'><strong style='color: inherit;'>Hasta 500 departamentos<\/strong><\/li>\n<li style='margin-bottom: 5px;'>El n\u00famero de contrase\u00f1as soportadas depender\u00e1 del n\u00famero de departamentos (monitores). Es 1 contrase\u00f1a por cada monitor<\/li>\n<\/ul>\n<p style='color: #c0392b; margin-top: 15px; font-size: 14px;'> Interfaz Web para su programaci\u00f3n o tambi\u00e9n compatible con IVMS4200 <\/p>\n<\/p><\/div>\n<div style='flex: 1 1 300px; min-width: 280px;'>\n<h3 style='font-size: 22px; border-bottom: 2px solid currentColor; padding-bottom: 5px; margin-top: 0; color: inherit; opacity: 0.8;'>Caracter\u00edsticas F\u00edsicas y El\u00e9ctricas<\/h3>\n<ul style='padding-left: 20px; font-size: 15px; color: inherit;'>\n<li style='margin-bottom: 5px;'>12 Vcc (No incluida)<\/li>\n<li style='margin-bottom: 5px;'>Consumo: 13 Watts<\/li>\n<li style='margin-bottom: 5px;'>Instalaci\u00f3n: Montaje para empotrar<\/li>\n<li style='margin-bottom: 5px;'>WDR real<\/li>\n<li style='margin-bottom: 5px;'>Flujo primario y secundario<\/li>\n<li style='margin-bottom: 5px; color: #c0392b;'><strong style='color: #c0392b;'>Soporta solamente 1 puerta (1 relay)<\/strong><\/li>\n<li style='margin-bottom: 5px; color: #c0392b;'><strong style='color: #c0392b;'>Funci\u00f3n de c\u00f3digo QR: NO FUNCIONAL (est\u00e1 orientado a un nuevo sistema de visitantes pr\u00f3ximo a salir al mercado)<\/strong><\/li>\n<\/ul><\/div>\n<div style='flex: 1 1 300px; min-width: 280px;'>\n<h3 style='font-size: 22px; border-bottom: 2px solid currentColor; padding-bottom: 5px; margin-top: 0; color: inherit; opacity: 0.8;'>Caracter\u00edsticas Destacadas<\/h3>\n<p style='margin-bottom: 10px; color: inherit;'>Reconocimiento Facial a una distancia de hasta 2 metros y en .5 segundos<\/p>\n<p style='color: #e74c3c; margin-bottom: 10px; font-size: 14px;'><strong style='color: #e74c3c;'>Requiere monitores para su operaci\u00f3n (1 por departamento al menos)<\/strong><\/p>\n<p style='color: #e74c3c; margin-bottom: 5px; font-size: 14px;'><strong style='color: #e74c3c;'>Monitores compatibles:<\/strong><\/p>\n<ul style='padding-left: 20px; font-size: 14px; color: inherit;'>\n<li style='margin-bottom: 5px;'><a href='https:\/\/www.syscom.mx\/principal\/searchcont?route=DS-KH6220-LE1-HIKVISION-189752&#038;autodetect=dskh6220' target='_blank' rel='noopener' style='color: inherit; text-decoration: none; font-weight: bold;'>DS-KH6220-LE1<\/a> (solo local&comma; sin llamada a la App)<\/li>\n<li style='margin-bottom: 5px;'><a href='https:\/\/www.syscom.mx\/principal\/searchcont?route=DS-KH6320-WTE1-HIKVISION-170761&#038;autodetect=DSKH6310' target='_blank' rel='noopener' style='color: inherit; text-decoration: none; font-weight: bold;'>DS-KH6320-WTE1<\/a><\/li>\n<li style='margin-bottom: 5px;'><a href='https:\/\/www.syscom.mx\/principal\/searchcont?route=DS-KH8520-WTE1-HIKVISION-170927&#038;autodetect=DSKH' target='_blank' rel='noopener' style='color: inherit; text-decoration: none; font-weight: bold;'>DS-KH8520-WTE1<\/a><\/li>\n<li style='margin-bottom: 5px;'><a href='https:\/\/www.syscom.mx\/principal\/searchcont?route=DS-KH9510-WTE1-HIKVISION-194544&#038;autodetect=dskh9' target='_blank' rel='noopener' style='color: inherit; text-decoration: none; font-weight: bold;'>DS-KH9510-WTE1<\/a><\/li>\n<li style='margin-bottom: 10px;'><a href='https:\/\/www.syscom.mx\/principal\/searchcont?route=DS-KH9310-WTE1-HIKVISION-194536&#038;autodetect=dskh9' target='_blank' rel='noopener' style='color: inherit; text-decoration: none; font-weight: bold;'>DS-KH9310-WTE1<\/a><\/li>\n<\/ul>\n<p style='margin-bottom: 10px; color: inherit;'>Soporta <strong style='color: inherit;'>6 monitores por cada departamento<\/strong> (1 Principal y 5 extensiones). Todos timbran al mismo tiempo<\/p>\n<p style='margin-bottom: 10px; color: inherit;'>Soporta <strong style='color: inherit;'>9 frentes de calle en total<\/strong> (1 principal y 8 esclavos)<\/p>\n<p style='margin-bottom: 0; color: inherit;'>Compatible con frentes de calle <a href='https:\/\/www.syscom.mx\/principal\/searchcont?route=DS-KV6113-WPE1(B)-HIKVISION-190987&#038;autodetect=DSKV6113' target='_blank' rel='noopener' style='color: inherit; text-decoration: underline; font-weight: bold;'>DS-KV6113-WPE1(B)<\/a>&comma; <a href='https:\/\/www.syscom.mx\/principal\/consultarproductosazul?global_search=DSKV8113&#038;ordenar=Relevancia&#038;pag=1' target='_blank' rel='noopener' style='color: inherit; text-decoration: underline; font-weight: bold;'>DS-KV8X13-WME1(B)<\/a> y <a href='https:\/\/www.syscom.mx\/principal\/searchcont?route=DS-KD8003-IME1-HIKVISION-168434&#038;autodetect=DSKD8003' target='_blank' rel='noopener' style='color: inherit; text-decoration: underline; font-weight: bold;'>DS-KD8003-IME1<\/a><\/p>\n<\/p><\/div>\n<\/p><\/div>\n<p> <!-- Consideraciones --> <\/p>\n<div style='border-left: 5px solid #ff0000; border-radius: 5px; padding: 15px; margin-bottom: 30px; background-color: rgba(255&comma; 0&comma; 0&comma; 0.05);'>\n<h3 style='margin-top: 0; margin-bottom: 15px; font-size: 18px; color: inherit; opacity: 0.9;'><strong>Consideraciones<\/strong><\/h3>\n<ul style='padding-left: 20px; color: inherit;'>\n<li style='margin-bottom: 5px;'>El sistema requiere monitores para su operaci\u00f3n (1 por departamento al menos)<\/li>\n<li style='margin-bottom: 5px;'>Funci\u00f3n de c\u00f3digo QR: NO FUNCIONAL (est\u00e1 orientado a un nuevo sistema de visitantes pr\u00f3ximo a salir al mercado)<\/li>\n<\/ul><\/div>\n<p> <!-- Recursos --> <\/p>\n<h2 style='text-align: center; margin-bottom: 30px; color: inherit; opacity: 0.9;'>Recursos<\/h2>\n<div style='display: flex; flex-wrap: wrap; gap: 20px; margin-bottom: 30px;'>\n<div style='flex: 1 1 250px; min-width: 200px;'> <a href='https:\/\/www.hikvision.com\/es-la\/support\/download\/software\/ivms4200-series\/?q=serie%20ivms4200&#038;position=1' target='_blank' rel='noopener' style='text-decoration: none; color: inherit;'> <img style='width: 100%; height: auto; border: 1px solid rgba(150&comma;150&comma;150&comma;0.3); border-radius: 8px; margin-bottom: 10px;' src='https:\/\/ftp3.syscom.mx\/usuarios\/gmagos\/HIK\/IP\/IPC\/Imagenes%20pagina\/Descargas%20IVMS4200.jpg' alt='IVMS4200'> <\/p>\n<p style='text-align: center; font-weight: bold; margin: 0; color: inherit;'>IVMS4200<\/p>\n<p> <\/a> <\/div>\n<div style='flex: 1 1 250px; min-width: 200px;'> <a href='https:\/\/appstore.hikvision.com\/' target='_blank' rel='noopener' style='text-decoration: none; color: inherit;'> <img style='width: 100%; height: auto; border: 1px solid rgba(150&comma;150&comma;150&comma;0.3); border-radius: 8px; margin-bottom: 10px;' src='https:\/\/ftp3.syscom.mx\/usuarios\/gmagos\/HIK\/IP\/IPC\/Imagenes%20pagina\/Descargas%20de%20app.jpg' alt='App Hikvision'> <\/p>\n<p style='text-align: center; font-weight: bold; margin: 0; color: inherit;'>App HikConnect<\/p>\n<p> <\/a> <\/div>\n<div style='flex: 1 1 250px; min-width: 200px;'> <a href='https:\/\/ftp3.syscom.mx\/usuarios\/fespinoza\/HIKVISION\/Dispositivos\/Videoporteros\/DS-KD9203-E6\/DS-KD9203-E6_Video-Intercom-Face-Recognition-Door-Station-with-4.3-inch-Screen_Datasheet_V1.0.pdf' target='_blank' rel='noopener' style='text-decoration: none; color: inherit;'> <img style='width: 100%; height: auto; border: 1px solid rgba(150&comma;150&comma;150&comma;0.3); border-radius: 8px; margin-bottom: 10px;' src='https:\/\/ftp3.syscom.mx\/usuarios\/gmagos\/HIK\/IP\/IPC\/Imagenes%20pagina\/Descarga%20de%20PDF.jpg' alt='Ficha t\u00e9cnica'> <\/p>\n<p style='text-align: center; font-weight: bold; margin: 0; color: inherit;'>Ficha t\u00e9cnica<\/p>\n<p> <\/a> <\/div>\n<\/p><\/div>\n<p> <!-- Diagrama de conexi\u00f3n --> <\/p>\n<p style='margin-bottom: 15px; font-style: italic; color: inherit; opacity: 0.8; text-align: center;'>* Diagrama de referencia \u00fanicamente&comma; algunos componentes pueden cambiar dependiendo de los modelos a considerar<\/p>\n<div style='width: 100%; margin-bottom: 30px;'> <img style='width: 100%; height: auto; border: 1px solid rgba(150&comma;150&comma;150&comma;0.3); border-radius: 8px;' src='https:\/\/ftp3.syscom.mx\/usuarios\/rcovarrubias\/videoporteros\/diagramas%20de%20conexion\/Diagrama%20Modular%203%20Mod.jpg' alt='Diagrama de conexi\u00f3n'> <\/div>\n<p> <!-- Review --> <\/p>\n<h2 style='text-align: center; margin-bottom: 15px; font-size: 20px; color: inherit; opacity: 0.9;'>REVIEW<\/h2>\n<div style='position: relative; padding-bottom: 56.25%; height: 0; overflow: hidden; margin-bottom: 30px;'>   <\/div>\n<p> <!-- Imagen de referencia de tama\u00f1o --> <\/p>\n<h3 style='text-align: center; margin-bottom: 15px; font-size: 18px; color: inherit; opacity: 0.9;'>Referencia de tama\u00f1o<\/h3>\n<div style='width: 100%; margin-bottom: 30px;'> <img style='width: 100%; height: auto; border: 1px solid rgba(150&comma;150&comma;150&comma;0.3); border-radius: 8px;' src='https:\/\/ftp3.syscom.mx\/usuarios\/fotos\/DSKD9203E6\/190355-comparison-dllr.jpeg' alt='Referencia de tama\u00f1o'> <\/div>\n<p> <!-- Imagen final --> <\/p>\n<div style='width: 100%;'> <img style='width: 100%; height: auto; border: 1px solid rgba(150&comma;150&comma;150&comma;0.3); border-radius: 8px;' src='https:\/\/ftp3.syscom.mx\/usuarios\/fespinoza\/HIKVISION\/Dispositivos\/Videoporteros\/HIKVISION-VIDEOPORTEROS.png' alt='Videoporteros Hikvision'> <\/div>\n<\/p><\/div>\n","protected":false},"excerpt":{"rendered":"<p>Videoportero IP Multiapartamento con Reconocimiento Facial \/ Llamada a App HikConnect (requiere monitor) \/ Protecci\u00f3n IP65 \/ Apertura por Rostro, Tarjeta o App<\/p>\n","protected":false},"featured_media":113414,"comment_status":"open","ping_status":"closed","template":"","meta":[],"product_brand":[],"product_cat":[894],"product_tag":[54,820,557],"class_list":{"0":"post-113415","1":"product","2":"type-product","3":"status-publish","4":"has-post-thumbnail","6":"product_cat-multiapartamentos-videoporteros-e-interfonos","7":"product_tag-hikvision","8":"product_tag-multiapartamentos","9":"product_tag-videoporteros-e-interfonos","11":"first","12":"instock","13":"sale","14":"shipping-taxable","15":"purchasable","16":"product-type-simple"},"_links":{"self":[{"href":"https:\/\/soydeaqui.ddns.net\/pachuca\/index.php\/wp-json\/wp\/v2\/product\/113415","targetHints":{"allow":["GET"]}}],"collection":[{"href":"https:\/\/soydeaqui.ddns.net\/pachuca\/index.php\/wp-json\/wp\/v2\/product"}],"about":[{"href":"https:\/\/soydeaqui.ddns.net\/pachuca\/index.php\/wp-json\/wp\/v2\/types\/product"}],"replies":[{"embeddable":true,"href":"https:\/\/soydeaqui.ddns.net\/pachuca\/index.php\/wp-json\/wp\/v2\/comments?post=113415"}],"wp:featuredmedia":[{"embeddable":true,"href":"https:\/\/soydeaqui.ddns.net\/pachuca\/index.php\/wp-json\/wp\/v2\/media\/113414"}],"wp:attachment":[{"href":"https:\/\/soydeaqui.ddns.net\/pachuca\/index.php\/wp-json\/wp\/v2\/media?parent=113415"}],"wp:term":[{"taxonomy":"product_brand","embeddable":true,"href":"https:\/\/soydeaqui.ddns.net\/pachuca\/index.php\/wp-json\/wp\/v2\/product_brand?post=113415"},{"taxonomy":"product_cat","embeddable":true,"href":"https:\/\/soydeaqui.ddns.net\/pachuca\/index.php\/wp-json\/wp\/v2\/product_cat?post=113415"},{"taxonomy":"product_tag","embeddable":true,"href":"https:\/\/soydeaqui.ddns.net\/pachuca\/index.php\/wp-json\/wp\/v2\/product_tag?post=113415"}],"curies":[{"name":"wp","href":"https:\/\/api.w.org\/{rel}","templated":true}]}}