{"id":113403,"date":"2026-03-20T22:36:55","date_gmt":"2026-03-20T22:36:55","guid":{"rendered":"https:\/\/soydeaqui.ddns.net\/pachuca\/index.php\/producto\/9-vca-2-7-a-25-va-transformador-voltaje-de-entrada-120-vca-para-usos-multiples-video-vigilancia-acceso-asistencia-alarmas-bocinas-etc\/"},"modified":"2026-03-20T22:37:14","modified_gmt":"2026-03-20T22:37:14","slug":"9-vca-2-7-a-25-va-transformador-voltaje-de-entrada-120-vca-para-usos-multiples-video-vigilancia-acceso-asistencia-alarmas-bocinas-etc","status":"publish","type":"product","link":"https:\/\/soydeaqui.ddns.net\/pachuca\/index.php\/producto\/9-vca-2-7-a-25-va-transformador-voltaje-de-entrada-120-vca-para-usos-multiples-video-vigilancia-acceso-asistencia-alarmas-bocinas-etc\/","title":{"rendered":"9 Vca \/ 2.7 A \/ 25 VA \/ Transformador \/ Voltaje de entrada 120 Vca \/ Para Usos M\u00faltiples \/ Video Vigilancia, Acceso, Asistencia, Alarmas, Bocinas, Etc."},"content":{"rendered":"<div style='width: 100%; max-width: 1200px; margin: 0 auto; font-family: sans-serif; line-height: 1.6; color: inherit; background-color: transparent;'>\n<div style='text-align: center; margin-bottom: 30px;'>\n<h1 style='font-size: 28px; color: inherit; margin: 0;'>RT925LS<\/h1>\n<h3 style='font-size: 22px; color: inherit; margin: 8px 0 0 0;'>Transformador de 9 Vca @ 25 W<\/h3>\n<p style='font-size: 15px; color: inherit; margin-top: 15px;'><strong>EPCOM POWER LINE marca lider en transformadores con alta eficiencia en alimentaci\u00f3n para equipos de seguridad electr\u00f3nica por sus ventajas de aprobaciones&comma; certificaciones&comma; protecci\u00f3n contra sobretensiones&comma; y circuitos de protecci\u00f3n contra anti-interferencia&#8230;<\/strong><\/p>\n<\/p><\/div>\n<div style='display: flex; flex-wrap: wrap; gap: 30px; margin-bottom: 30px;'>\n<div style='flex: 1 1 300px; min-width: 280px;'> <img style='width: 100%; height: auto; border: 1px solid rgba(150&comma;150&comma;150&comma;0.3); border-radius: 8px;' src='https:\/\/ftp3.syscom.mx\/usuarios\/fotos\/BancoFotografiasSyscom\/EPCOMPOWERLINE\/RT925LS\/RT925LS-p.PNG' alt='Transformador RT925LS'> <\/p>\n<div style='margin-top: 15px;'>\n<h3 style='font-size: 22px; border-bottom: 2px solid currentColor; padding-bottom: 5px; margin-top: 0; color: inherit; opacity: 0.8;'>Caracter\u00edsticas<\/h3>\n<ul style='padding-left: 20px; font-size: 15px; color: inherit;'>\n<li style='margin-bottom: 5px;'><strong>Voltaje de entrada:<\/strong> 120 Vca<\/li>\n<li style='margin-bottom: 5px;'><strong>Voltaje de salida:<\/strong> 9 Vca<\/li>\n<li style='margin-bottom: 5px;'><strong>Potencia de salida:<\/strong> 25 Watts<\/li>\n<li style='margin-bottom: 5px;'><strong>Dimensiones (Largo x Ancho x Alto):<\/strong> 102.5 x 68 x 58 mm<\/li>\n<li style='margin-bottom: 5px;'><strong>Condiciones de funcionamiento Temperatura:<\/strong> -10 \u00b0C ~ +45 \u00b0C<\/li>\n<\/ul><\/div>\n<\/p><\/div>\n<div style='flex: 1 1 300px; min-width: 280px;'> <img style='width: 100%; height: auto; border: 1px solid rgba(150&comma;150&comma;150&comma;0.3); border-radius: 8px;' src='https:\/\/ftp3.syscom.mx\/usuarios\/fotos\/BancoFotografiasSyscom\/EPCOMPOWERLINE\/RT925LS\/RT925LS-AD-1-p.PNG' alt='Modelos relacionados 1'> <\/p>\n<div style='margin-top: 15px;'>\n<h3 style='font-size: 22px; border-bottom: 2px solid currentColor; padding-bottom: 5px; margin-top: 0; color: inherit; opacity: 0.8;'>Modelos Relacionados<\/h3>\n<ul style='padding-left: 20px; font-size: 15px; color: inherit;'>\n<li style='margin-bottom: 5px;'>RT925LS &#8230;&#8230;&#8230;&#8230;&#8230;9 Vca @ 25 VA<\/li>\n<li style='margin-bottom: 5px;'>RT1230LS &#8230;&#8230;&#8230;&#8230;. 12 Vca @ 30 VA<\/li>\n<li style='margin-bottom: 5px;'>RT1440LS&#8230;&#8230;&#8230;&#8230;&#8230;14 Vca @ 40 VA<\/li>\n<li style='margin-bottom: 5px;'>RT1640LS&#8230;&#8230;&#8230;&#8230;&#8230;.16 Vca @ 40 VA<\/li>\n<\/ul><\/div>\n<\/p><\/div>\n<div style='flex: 1 1 300px; min-width: 280px;'> <img style='width: 100%; height: auto; border: 1px solid rgba(150&comma;150&comma;150&comma;0.3); border-radius: 8px;' src='https:\/\/ftp3.syscom.mx\/usuarios\/fotos\/BancoFotografiasSyscom\/EPCOMPOWERLINE\/RT925LS\/RT925LS-AD-3-p.PNG' alt='Modelos relacionados 2'> <\/p>\n<div style='margin-top: 15px;'>\n<h3 style='font-size: 22px; border-bottom: 2px solid currentColor; padding-bottom: 5px; margin-top: 0; color: inherit; opacity: 0.8;'>Modelos Relacionados<\/h3>\n<ul style='padding-left: 20px; font-size: 15px; color: inherit;'>\n<li style='margin-bottom: 5px;'>RT2460LS&#8230;&#8230;&#8230;&#8230;&#8230;.24 Vca @ 60 VA<\/li>\n<li style='margin-bottom: 5px;'>PS2472&#8230;&#8230;&#8230;&#8230;&#8230;&#8230;&#8230;24 Vca @ 72 VA<\/li>\n<li style='margin-bottom: 5px;'>PL24100&#8230;&#8230;&#8230;&#8230;&#8230;&#8230;.24 Vca @ 100 VA<\/li>\n<li style='margin-bottom: 5px;'>PL24100220&#8230;&#8230;&#8230;&#8230;.Entrada 220 Vca \/ 24 Vca @ 100 VA<\/li>\n<li style='margin-bottom: 5px;'>PL24175220&#8230;&#8230;&#8230;&#8230;.Entrada 220 Vca \/ 24 Vca @ 175 VA<\/li>\n<\/ul><\/div>\n<\/p><\/div>\n<\/p><\/div>\n<div style='margin: 30px 0;'>\n<div style='position: relative; padding-bottom: 56.25%; height: 0; overflow: hidden;'>   <\/div>\n<\/p><\/div>\n<\/p><\/div>\n","protected":false},"excerpt":{"rendered":"<p>9 Vca \/ 2.7 A \/ 25 VA \/ Transformador \/ Voltaje de entrada 120 Vca \/ Para Usos M\u00faltiples \/ Video Vigilancia, Acceso, Asistencia, Alarmas, Bocinas, Etc.<\/p>\n","protected":false},"featured_media":113402,"comment_status":"open","ping_status":"closed","template":"","meta":[],"product_brand":[],"product_cat":[1103],"product_tag":[142,454,457],"class_list":{"0":"post-113403","1":"product","2":"type-product","3":"status-publish","4":"has-post-thumbnail","6":"product_cat-fuentes-de-alimentacion-energia-videovigilancia","7":"product_tag-energia","8":"product_tag-epcom-powerline","9":"product_tag-fuentes-de-alimentacion","11":"first","12":"instock","13":"sale","14":"shipping-taxable","15":"purchasable","16":"product-type-simple"},"_links":{"self":[{"href":"https:\/\/soydeaqui.ddns.net\/pachuca\/index.php\/wp-json\/wp\/v2\/product\/113403","targetHints":{"allow":["GET"]}}],"collection":[{"href":"https:\/\/soydeaqui.ddns.net\/pachuca\/index.php\/wp-json\/wp\/v2\/product"}],"about":[{"href":"https:\/\/soydeaqui.ddns.net\/pachuca\/index.php\/wp-json\/wp\/v2\/types\/product"}],"replies":[{"embeddable":true,"href":"https:\/\/soydeaqui.ddns.net\/pachuca\/index.php\/wp-json\/wp\/v2\/comments?post=113403"}],"wp:featuredmedia":[{"embeddable":true,"href":"https:\/\/soydeaqui.ddns.net\/pachuca\/index.php\/wp-json\/wp\/v2\/media\/113402"}],"wp:attachment":[{"href":"https:\/\/soydeaqui.ddns.net\/pachuca\/index.php\/wp-json\/wp\/v2\/media?parent=113403"}],"wp:term":[{"taxonomy":"product_brand","embeddable":true,"href":"https:\/\/soydeaqui.ddns.net\/pachuca\/index.php\/wp-json\/wp\/v2\/product_brand?post=113403"},{"taxonomy":"product_cat","embeddable":true,"href":"https:\/\/soydeaqui.ddns.net\/pachuca\/index.php\/wp-json\/wp\/v2\/product_cat?post=113403"},{"taxonomy":"product_tag","embeddable":true,"href":"https:\/\/soydeaqui.ddns.net\/pachuca\/index.php\/wp-json\/wp\/v2\/product_tag?post=113403"}],"curies":[{"name":"wp","href":"https:\/\/api.w.org\/{rel}","templated":true}]}}