{"id":113348,"date":"2026-03-20T22:33:45","date_gmt":"2026-03-20T22:33:45","guid":{"rendered":"https:\/\/soydeaqui.ddns.net\/pachuca\/index.php\/producto\/camara-ip-zoom-con-gabinete-antiexplosion-2mp-32x-ip68-wisestream-ii-conexion-de-fibra-optica-monomodo-con-wiper\/"},"modified":"2026-03-20T22:33:47","modified_gmt":"2026-03-20T22:33:47","slug":"camara-ip-zoom-con-gabinete-antiexplosion-2mp-32x-ip68-wisestream-ii-conexion-de-fibra-optica-monomodo-con-wiper","status":"publish","type":"product","link":"https:\/\/soydeaqui.ddns.net\/pachuca\/index.php\/producto\/camara-ip-zoom-con-gabinete-antiexplosion-2mp-32x-ip68-wisestream-ii-conexion-de-fibra-optica-monomodo-con-wiper\/","title":{"rendered":"Camara IP Zoom con gabinete antiexplosion 2MP, 32X, IP68, WiseStream II \/ conexion de fibra optica monomodo \/ con wiper"},"content":{"rendered":"<div style='width: 100%; max-width: 1200px; margin: 0 auto; font-family: sans-serif; line-height: 1.6; color: inherit; background-color: transparent;'> <!-- Secci\u00f3n de contenido con flex\/grid --> <\/p>\n<div style='display: flex; flex-wrap: wrap; gap: 30px; margin-bottom: 30px;'>\n<div style='flex: 1 1 300px; min-width: 280px;'>\n<h3 style='font-size: 22px; border-bottom: 2px solid currentColor; padding-bottom: 5px; margin-top: 0; color: inherit; opacity: 0.8;'>Caracter\u00edsticas<\/h3>\n<ul style='padding-left: 20px; font-size: 15px; color: inherit;'>\n<li style='margin-bottom: 5px;'><strong>Resoluci\u00f3n:<\/strong> 2MP<\/li>\n<li style='margin-bottom: 5px;'><strong>Lente:<\/strong> 4.44 &#8211; 142.6mm (32X) zoom \u00f3ptico<\/li>\n<li style='margin-bottom: 5px;'><strong>Compresi\u00f3n:<\/strong> H.265<\/li>\n<li style='margin-bottom: 5px;'><strong>Wisestream:<\/strong> Wisestream II soportado<\/li>\n<li style='margin-bottom: 5px;'><strong>WDR:<\/strong> 150dB<\/li>\n<li style='margin-bottom: 5px;'><strong>Anal\u00edticos de video:<\/strong> Merodeo&comma; tampering&comma; l\u00ednea virtual&comma; detecci\u00f3n de niebla&comma; entrada y salida&comma; aparici\u00f3n y desaparici\u00f3n&comma; detecci\u00f3n de audio&comma; clasificaci\u00f3n de audio&comma; detecci\u00f3n de rostro.<\/li>\n<li style='margin-bottom: 5px;'><strong>Memoria interna:<\/strong> 2 slots SD\/SDHC\/SDXC hasta 256 GB por slot<\/li>\n<li style='margin-bottom: 5px;'><strong>Entrada de audio:<\/strong> 1 entrada&comma; 1 salida<\/li>\n<li style='margin-bottom: 5px;'><strong>Conexi\u00f3n de fibra \u00f3ptica:<\/strong> Monomodo<\/li>\n<li style='margin-bottom: 5px;'><strong>Alimentaci\u00f3n:<\/strong> 110 VCA<\/li>\n<li style='margin-bottom: 5px;'><strong>Consumo:<\/strong> 37W m\u00e1ximo<\/li>\n<li style='margin-bottom: 5px;'><strong>Peso:<\/strong> Hasta 21Kg<\/li>\n<\/ul><\/div>\n<\/p><\/div>\n<p> <!-- Secci\u00f3n de certificaciones --> <\/p>\n<div style='display: flex; flex-wrap: wrap; gap: 30px; margin-bottom: 30px;'>\n<div style='flex: 1 1 300px; min-width: 280px;'>\n<h3 style='font-size: 22px; border-bottom: 2px solid currentColor; padding-bottom: 5px; margin-top: 0; color: inherit; opacity: 0.8;'>Certificaciones Ex Proof<\/h3>\n<ul style='padding-left: 20px; font-size: 15px; color: inherit;'>\n<li style='margin-bottom: 5px; font-size: 12px; font-family: 'Helvetica Neue';'> cLCus C1\/D1: Class I&comma; Division 1&comma; Groups B&comma;C&comma;D&comma; -60\u00b0C\u2264Ta\u226460\u00b0C T4\/ Class II&comma; Division 1&comma; Groups E&comma; F&comma; G IP67 CSA-C22.2 No:30-M1986 No:25-1966(R2009) CSA-C22.2 No:60065- 03(R2012) &#038; UL1203&comma;UL60065(ED.7). Certificate Number: 11671-1S \/ 11677-1S <\/li>\n<\/ul><\/div>\n<\/p><\/div>\n<p> <!-- Secci\u00f3n de garant\u00eda --> <\/p>\n<div style='display: flex; flex-wrap: wrap; gap: 30px; margin-bottom: 30px;'>\n<div style='flex: 1 1 300px; min-width: 280px;'>\n<h3 style='font-size: 22px; border-bottom: 2px solid currentColor; padding-bottom: 5px; margin-top: 0; color: inherit; opacity: 0.8;'>Garant\u00eda<\/h3>\n<p style='font-size: 15px; color: inherit; margin: 0;'><strong>3 a\u00f1os<\/strong><\/p>\n<\/p><\/div>\n<\/p><\/div>\n<p> <!-- Separador --> <\/p>\n<hr style='border: 0; border-top: 1px solid rgba(150&comma; 150&comma; 150&comma; 0.3); margin: 30px 0;'> <\/div>\n","protected":false},"excerpt":{"rendered":"<p>Camara IP Zoom con gabinete antiexplosion 2MP, 32X, IP68, WiseStream II \/ conexion de fibra optica monomodo \/ con wiper<\/p>\n","protected":false},"featured_media":113347,"comment_status":"open","ping_status":"closed","template":"","meta":[],"product_brand":[],"product_cat":[2258],"product_tag":[2259,122,1055],"class_list":{"0":"post-113348","1":"product","2":"type-product","3":"status-publish","4":"has-post-thumbnail","6":"product_cat-antiexplosion","7":"product_tag-antiexplosion","8":"product_tag-camaras-ip-y-nvrs","9":"product_tag-hanwha-vision","11":"first","12":"outofstock","13":"sale","14":"shipping-taxable","15":"purchasable","16":"product-type-simple"},"_links":{"self":[{"href":"https:\/\/soydeaqui.ddns.net\/pachuca\/index.php\/wp-json\/wp\/v2\/product\/113348","targetHints":{"allow":["GET"]}}],"collection":[{"href":"https:\/\/soydeaqui.ddns.net\/pachuca\/index.php\/wp-json\/wp\/v2\/product"}],"about":[{"href":"https:\/\/soydeaqui.ddns.net\/pachuca\/index.php\/wp-json\/wp\/v2\/types\/product"}],"replies":[{"embeddable":true,"href":"https:\/\/soydeaqui.ddns.net\/pachuca\/index.php\/wp-json\/wp\/v2\/comments?post=113348"}],"wp:featuredmedia":[{"embeddable":true,"href":"https:\/\/soydeaqui.ddns.net\/pachuca\/index.php\/wp-json\/wp\/v2\/media\/113347"}],"wp:attachment":[{"href":"https:\/\/soydeaqui.ddns.net\/pachuca\/index.php\/wp-json\/wp\/v2\/media?parent=113348"}],"wp:term":[{"taxonomy":"product_brand","embeddable":true,"href":"https:\/\/soydeaqui.ddns.net\/pachuca\/index.php\/wp-json\/wp\/v2\/product_brand?post=113348"},{"taxonomy":"product_cat","embeddable":true,"href":"https:\/\/soydeaqui.ddns.net\/pachuca\/index.php\/wp-json\/wp\/v2\/product_cat?post=113348"},{"taxonomy":"product_tag","embeddable":true,"href":"https:\/\/soydeaqui.ddns.net\/pachuca\/index.php\/wp-json\/wp\/v2\/product_tag?post=113348"}],"curies":[{"name":"wp","href":"https:\/\/api.w.org\/{rel}","templated":true}]}}