{"id":113332,"date":"2026-03-20T22:32:52","date_gmt":"2026-03-20T22:32:52","guid":{"rendered":"https:\/\/soydeaqui.ddns.net\/pachuca\/index.php\/producto\/kit-de-cable-de-proteccion-anticaida-para-ptz-antiexplosion-wisenet\/"},"modified":"2026-03-20T22:32:54","modified_gmt":"2026-03-20T22:32:54","slug":"kit-de-cable-de-proteccion-anticaida-para-ptz-antiexplosion-wisenet","status":"publish","type":"product","link":"https:\/\/soydeaqui.ddns.net\/pachuca\/index.php\/producto\/kit-de-cable-de-proteccion-anticaida-para-ptz-antiexplosion-wisenet\/","title":{"rendered":"KIT DE CABLE DE PROTECCION ANTICAIDA PARA PTZ ANTIEXPLOSION WISENET"},"content":{"rendered":"<div style='width: 100%; max-width: 1200px; margin: 0 auto; font-family: sans-serif; line-height: 1.6; color: inherit; background-color: transparent;'> <!-- Secci\u00f3n de descripci\u00f3n --> <\/p>\n<div style='margin-bottom: 30px;'>\n<h3 style='font-size: 22px; border-bottom: 2px solid currentColor; padding-bottom: 5px; margin-top: 0; color: inherit; opacity: 0.8;'>Descripci\u00f3n<\/h3>\n<p style='font-size: 15px; color: inherit; margin-bottom: 15px;'>Kit de cable de protecci\u00f3n antica\u00edda para c\u00e1maras PTZ antiexplosi\u00f3n Wisenet. Dise\u00f1ado para cumplir con los est\u00e1ndares API DROP&comma; este kit proporciona una retenci\u00f3n secundaria segura para equipos en entornos industriales exigentes.<\/p>\n<\/p><\/div>\n<p> <!-- Secci\u00f3n de caracter\u00edsticas --> <\/p>\n<div style='display: flex; flex-wrap: wrap; gap: 30px; margin-bottom: 30px;'>\n<div style='flex: 1 1 300px; min-width: 280px;'>\n<h3 style='font-size: 22px; border-bottom: 2px solid currentColor; padding-bottom: 5px; margin-top: 0; color: inherit; opacity: 0.8;'>Caracter\u00edsticas principales<\/h3>\n<ul style='padding-left: 20px; font-size: 15px; color: inherit;'>\n<li style='margin-bottom: 5px;'>Cable de acero inoxidable 18-8 de 6 pies de longitud<\/li>\n<li style='margin-bottom: 5px;'>Recubrimiento de nailon para protecci\u00f3n adicional<\/li>\n<li style='margin-bottom: 5px;'>Conector tipo ojo a bucle (Loop-to-Eye)<\/li>\n<li style='margin-bottom: 5px;'>Capacidad de carga de 700 lbs<\/li>\n<li style='margin-bottom: 5px;'>Temperatura de operaci\u00f3n: -40\u00b0 a 200\u00b0F<\/li>\n<li style='margin-bottom: 5px;'>Cumple con est\u00e1ndares RoHS<\/li>\n<\/ul><\/div>\n<\/p><\/div>\n<p> <!-- Secci\u00f3n de especificaciones --> <\/p>\n<div style='display: flex; flex-wrap: wrap; gap: 20px; margin-bottom: 30px;'>\n<div style='flex: 1 1 250px; border: 1px solid rgba(150&comma; 150&comma; 150&comma; 0.4); border-radius: 8px; overflow: hidden; display: flex; flex-direction: column;'>\n<div style='padding: 15px; border-bottom: 1px solid rgba(150&comma; 150&comma; 150&comma; 0.2); font-weight: bold; font-size: 18px; color: inherit;'>Especificaciones del cable<\/div>\n<div style='padding: 15px; color: inherit;'>\n<ul style='padding-left: 20px; margin: 0; font-size: 14px; list-style-type: disc;'>\n<li style='margin-bottom: 5px;'><strong>Material:<\/strong> Acero inoxidable 18-8<\/li>\n<li style='margin-bottom: 5px;'><strong>Di\u00e1metro:<\/strong> 3\/16&#8242;<\/li>\n<li style='margin-bottom: 5px;'><strong>Construcci\u00f3n:<\/strong> 7\u00d719<\/li>\n<li style='margin-bottom: 5px;'><strong>Longitud:<\/strong> 6 ft<\/li>\n<li style='margin-bottom: 5px;'><strong>Recubrimiento:<\/strong> Nailon<\/li>\n<\/ul><\/div>\n<\/p><\/div>\n<div style='flex: 1 1 250px; border: 1px solid rgba(150&comma; 150&comma; 150&comma; 0.4); border-radius: 8px; overflow: hidden; display: flex; flex-direction: column;'>\n<div style='padding: 15px; border-bottom: 1px solid rgba(150&comma; 150&comma; 150&comma; 0.2); font-weight: bold; font-size: 18px; color: inherit;'>Especificaciones del conector<\/div>\n<div style='padding: 15px; color: inherit;'>\n<ul style='padding-left: 20px; margin: 0; font-size: 14px; list-style-type: disc;'>\n<li style='margin-bottom: 5px;'><strong>Material:<\/strong> Acero inoxidable 18-8<\/li>\n<li style='margin-bottom: 5px;'><strong>Longitud interior del bucle:<\/strong> 1 1\/4&#8242;<\/li>\n<li style='margin-bottom: 5px;'><strong>Material de la funda:<\/strong> Acero inoxidable 18-8<\/li>\n<li style='margin-bottom: 5px;'><strong>Longitud de extremo a ojo:<\/strong> 2 3\/8&#8242;<\/li>\n<li style='margin-bottom: 5px;'><strong>Espesor:<\/strong> 13\/64&#8242;<\/li>\n<li style='margin-bottom: 5px;'><strong>Di\u00e1metro interior:<\/strong> 1\/2&#8242;<\/li>\n<li style='margin-bottom: 5px;'><strong>Tama\u00f1o de tornillo:<\/strong> 1\/2&#8242;<\/li>\n<\/ul><\/div>\n<\/p><\/div>\n<div style='flex: 1 1 250px; border: 1px solid rgba(150&comma; 150&comma; 150&comma; 0.4); border-radius: 8px; overflow: hidden; display: flex; flex-direction: column;'>\n<div style='padding: 15px; border-bottom: 1px solid rgba(150&comma; 150&comma; 150&comma; 0.2); font-weight: bold; font-size: 18px; color: inherit;'>Compatibilidad<\/div>\n<div style='padding: 15px; color: inherit;'>\n<ul style='padding-left: 20px; margin: 0; font-size: 14px; list-style-type: disc;'>\n<li style='margin-bottom: 5px;'>TNP-X6322EPT3-Z<\/li>\n<li style='margin-bottom: 5px;'>TNP-Q6232EPT3-Z<\/li>\n<\/ul><\/div>\n<\/p><\/div>\n<\/p><\/div>\n<p> <!-- Separador --> <\/p>\n<hr style='border: 0; border-top: 1px solid rgba(150&comma; 150&comma; 150&comma; 0.3); margin: 30px 0;'> <\/div>\n","protected":false},"excerpt":{"rendered":"<p>KIT DE CABLE DE PROTECCION ANTICAIDA PARA PTZ ANTIEXPLOSION WISENET<\/p>\n","protected":false},"featured_media":113331,"comment_status":"open","ping_status":"closed","template":"","meta":[],"product_brand":[],"product_cat":[416],"product_tag":[417,1055,418],"class_list":{"0":"post-113332","1":"product","2":"type-product","3":"status-publish","4":"has-post-thumbnail","6":"product_cat-montajes-y-brackets-para-camaras","7":"product_tag-accesorios-generales","8":"product_tag-hanwha-vision","9":"product_tag-montajes-y-brackets-para-camaras","11":"first","12":"outofstock","13":"sale","14":"shipping-taxable","15":"purchasable","16":"product-type-simple"},"_links":{"self":[{"href":"https:\/\/soydeaqui.ddns.net\/pachuca\/index.php\/wp-json\/wp\/v2\/product\/113332","targetHints":{"allow":["GET"]}}],"collection":[{"href":"https:\/\/soydeaqui.ddns.net\/pachuca\/index.php\/wp-json\/wp\/v2\/product"}],"about":[{"href":"https:\/\/soydeaqui.ddns.net\/pachuca\/index.php\/wp-json\/wp\/v2\/types\/product"}],"replies":[{"embeddable":true,"href":"https:\/\/soydeaqui.ddns.net\/pachuca\/index.php\/wp-json\/wp\/v2\/comments?post=113332"}],"wp:featuredmedia":[{"embeddable":true,"href":"https:\/\/soydeaqui.ddns.net\/pachuca\/index.php\/wp-json\/wp\/v2\/media\/113331"}],"wp:attachment":[{"href":"https:\/\/soydeaqui.ddns.net\/pachuca\/index.php\/wp-json\/wp\/v2\/media?parent=113332"}],"wp:term":[{"taxonomy":"product_brand","embeddable":true,"href":"https:\/\/soydeaqui.ddns.net\/pachuca\/index.php\/wp-json\/wp\/v2\/product_brand?post=113332"},{"taxonomy":"product_cat","embeddable":true,"href":"https:\/\/soydeaqui.ddns.net\/pachuca\/index.php\/wp-json\/wp\/v2\/product_cat?post=113332"},{"taxonomy":"product_tag","embeddable":true,"href":"https:\/\/soydeaqui.ddns.net\/pachuca\/index.php\/wp-json\/wp\/v2\/product_tag?post=113332"}],"curies":[{"name":"wp","href":"https:\/\/api.w.org\/{rel}","templated":true}]}}