{"id":113243,"date":"2026-03-20T22:27:53","date_gmt":"2026-03-20T22:27:53","guid":{"rendered":"https:\/\/soydeaqui.ddns.net\/pachuca\/index.php\/producto\/dvr-8-canales-4k-turbohd-8-canales-ip-8-megapixel-acusense-audio-por-coaxitron-1-bahia-de-disco-duro-4-canales-de-audio-8-entradas-de-alarma-4-salida-de-alarma-h-265\/"},"modified":"2026-03-20T22:28:10","modified_gmt":"2026-03-20T22:28:10","slug":"dvr-8-canales-4k-turbohd-8-canales-ip-8-megapixel-acusense-audio-por-coaxitron-1-bahia-de-disco-duro-4-canales-de-audio-8-entradas-de-alarma-4-salida-de-alarma-h-265","status":"publish","type":"product","link":"https:\/\/soydeaqui.ddns.net\/pachuca\/index.php\/producto\/dvr-8-canales-4k-turbohd-8-canales-ip-8-megapixel-acusense-audio-por-coaxitron-1-bahia-de-disco-duro-4-canales-de-audio-8-entradas-de-alarma-4-salida-de-alarma-h-265\/","title":{"rendered":"DVR 8 Canales 4K TurboHD + 8 Canales IP\/ 8 Megapixel \/ Acusense  \/ Audio por Coaxitron\/ 1 Bah\u00eda de Disco Duro \/ 4 canales de audio \/ 8 Entradas de Alarma \/ 4 Salida de Alarma \/  H.265+"},"content":{"rendered":"<div style='width: 100%; max-width: 1200px; margin: 0 auto; font-family: sans-serif; line-height: 1.6; color: inherit; background-color: transparent;'> <!-- Imagen principal --> <\/p>\n<div style='width: 100%; margin-bottom: 30px;'> <img style='width: 100%; height: auto; border: 1px solid rgba(150&comma;150&comma;150&comma;0.3); border-radius: 8px;' src='https:\/\/ftp3.syscom.mx\/usuarios\/nicolas.jimenez\/epcom-2.png' alt='Producto'> <\/div>\n<p> <!-- Videos AcuSense --> <\/p>\n<div style='display: flex; flex-wrap: wrap; gap: 30px; margin-bottom: 30px;'>\n<div style='flex: 1 1 45%; min-width: 300px;'>\n<h3 style='font-size: 20px; border-bottom: 2px solid currentColor; padding-bottom: 5px; margin-top: 0; color: inherit; opacity: 0.8;'>AcuSense vs Anal\u00edticos Tradicionales<\/h3>\n<div style='position: relative; padding-bottom: 56.25%; height: 0; overflow: hidden;'>   <\/div>\n<\/p><\/div>\n<div style='flex: 1 1 45%; min-width: 300px;'>\n<h3 style='font-size: 20px; border-bottom: 2px solid currentColor; padding-bottom: 5px; margin-top: 0; color: inherit; opacity: 0.8;'>Inteligencia Artificial con AcuSense<\/h3>\n<div style='position: relative; padding-bottom: 56.25%; height: 0; overflow: hidden;'>   <\/div>\n<\/p><\/div>\n<\/p><\/div>\n<p> <!-- Videos Configuraci\u00f3n --> <\/p>\n<div style='display: flex; flex-wrap: wrap; gap: 30px; margin-bottom: 30px;'>\n<div style='flex: 1 1 45%; min-width: 300px;'>\n<h3 style='font-size: 20px; border-bottom: 2px solid currentColor; padding-bottom: 5px; margin-top: 0; color: inherit; opacity: 0.8;'>Crear Cuenta Hik-Connect<\/h3>\n<div style='position: relative; padding-bottom: 56.25%; height: 0; overflow: hidden;'>   <\/div>\n<\/p><\/div>\n<div style='flex: 1 1 45%; min-width: 300px;'>\n<h3 style='font-size: 20px; border-bottom: 2px solid currentColor; padding-bottom: 5px; margin-top: 0; color: inherit; opacity: 0.8;'>Cruce de Linea en 90 Segundos<\/h3>\n<div style='position: relative; padding-bottom: 56.25%; height: 0; overflow: hidden;'>   <\/div>\n<\/p><\/div>\n<\/p><\/div>\n<p> <!-- Audio por coaxitron --> <\/p>\n<div style='width: 100%; margin-bottom: 30px;'>\n<p style='text-align: center; margin: 0 0 15px; font-weight: bold;'>Audio&comma; Video y Datos por el Mismo Cable<\/p>\n<p> <img style='width: 100%; height: auto; border: 1px solid rgba(150&comma;150&comma;150&comma;0.3); border-radius: 8px;' src='https:\/\/ftp3.syscom.mx\/usuarios\/jsosa\/HIKVISION\/imagenes\/coaxitron\/coaxitron.jpg' alt='Audio por coaxitron'> <\/div>\n<p> <!-- Im\u00e1genes adicionales 1 --> <\/p>\n<div style='display: flex; flex-wrap: wrap; gap: 20px; margin-bottom: 30px;'>\n<div style='flex: 1 1 30%; min-width: 250px;'> <img style='width: 100%; height: auto; border: 1px solid rgba(150&comma;150&comma;150&comma;0.3); border-radius: 8px;' src='https:\/\/ftp3.syscom.mx\/usuarios\/paginaweb\/Gifs\/primero.jpg' alt='Imagen 1'> <\/div>\n<div style='flex: 1 1 30%; min-width: 250px;'> <img style='width: 100%; height: auto; border: 1px solid rgba(150&comma;150&comma;150&comma;0.3); border-radius: 8px;' src='https:\/\/ftp3.syscom.mx\/usuarios\/paginaweb\/Gifs\/tercero.jpg' alt='Imagen 2'> <\/div>\n<div style='flex: 1 1 30%; min-width: 250px;'> <img style='width: 100%; height: auto; border: 1px solid rgba(150&comma;150&comma;150&comma;0.3); border-radius: 8px;' src='https:\/\/ftp3.syscom.mx\/usuarios\/jsosa\/GIF\/-H265%2B.gif' alt='Imagen 3'> <\/div>\n<\/p><\/div>\n<p> <!-- Im\u00e1genes adicionales 2 --> <\/p>\n<div style='display: flex; flex-wrap: wrap; gap: 20px; margin-bottom: 30px;'>\n<div style='flex: 1 1 30%; min-width: 250px;'> <img style='width: 100%; height: auto; border: 1px solid rgba(150&comma;150&comma;150&comma;0.3); border-radius: 8px;' src='https:\/\/ftp3.syscom.mx\/usuarios\/paginaweb\/Gifs\/Zi7LTq5.gif' alt='Imagen 4'> <\/div>\n<div style='flex: 1 1 30%; min-width: 250px;'> <img style='width: 100%; height: auto; border: 1px solid rgba(150&comma;150&comma;150&comma;0.3); border-radius: 8px;' src='https:\/\/ftp3.syscom.mx\/usuarios\/paginaweb\/Gifs\/tq5yYz4.gif' alt='Imagen 5'> <\/div>\n<div style='flex: 1 1 30%; min-width: 250px;'> <img style='width: 100%; height: auto; border: 1px solid rgba(150&comma;150&comma;150&comma;0.3); border-radius: 8px;' src='https:\/\/s3-us-west-2.amazonaws.com\/syscomftp\/usuarios\/paginaweb\/Gifs\/HIK-CONNECT.gif' alt='Imagen 6'> <\/div>\n<\/p><\/div>\n<p> <!-- Caracter\u00edsticas principales --> <\/p>\n<div style='display: flex; flex-wrap: wrap; gap: 30px; margin-bottom: 30px;'>\n<div style='flex: 1 1 300px; min-width: 280px;'>\n<h3 style='font-size: 20px; border-bottom: 2px solid currentColor; padding-bottom: 5px; margin-top: 0; color: inherit; opacity: 0.8;'>Caracter\u00edsticas principales<\/h3>\n<ul style='padding-left: 20px; font-size: 15px; color: inherit;'>\n<li style='margin-bottom: 5px;'>Permite apagar canales anal\u00f3gicos TURBOHD y poder colocar c\u00e1maras IP en todos sus canales&comma; podemos colocar hasta 16 c\u00e1maras IP en total. Por cada canal anal\u00f3gico TURBOHD que se apague se genera una canal IP adicional.<\/li>\n<li style='margin-bottom: 5px;'>Grabador PENTAH\u00cdBRIDO: HD-TVI \/ HD-CVI \/ Analogico \/ IP \/ AHD.<\/li>\n<li style='margin-bottom: 5px;'>Software cliente multi sitio de hasta 256 canales (iVMS-4200).<\/li>\n<li style='margin-bottom: 5px;'>Compatible con Hik-Connect P2P \/ DynDNS \/ No-IP.<\/li>\n<li style='margin-bottom: 5px;'>Funciones Avanzadas: Detecci\u00f3n por cruce de linea &#038; detecci\u00f3n de intrusi\u00f3n.<\/li>\n<li style='margin-bottom: 5px;'>Soporta detecci\u00f3n de movimiento 2.0 (solo activa el evento cuando detecte humanos o veh\u00edculos).<\/li>\n<\/ul>\n<h3 style='font-size: 18px; margin-top: 25px; margin-bottom: 15px; color: inherit; opacity: 0.8;'>Compresi\u00f3n y resoluci\u00f3n<\/h3>\n<ul style='padding-left: 20px; font-size: 15px; color: inherit;'>\n<li style='margin-bottom: 5px;'>Compresi\u00f3n: H.265+ \/ H.265 \/ H.264+ \/ H.264.<\/li>\n<li style='margin-bottom: 5px;'>Soporta 8 canales TURBOHD \/ analogicos + 8 canal IP = 16 canales en total.<\/li>\n<\/ul>\n<h4 style='font-size: 16px; margin-top: 20px; margin-bottom: 10px; color: inherit; opacity: 0.8;'>Soporta 5 Tecnolog\u00edas:<\/h4>\n<ul style='padding-left: 25px; font-size: 15px; color: inherit;'>\n<li style='margin-bottom: 5px;'><strong>TVI:<\/strong> 8MP @ 8IPS \/ 5MP @ 10IPS \/ 4MP @ 12IPS \/ 1080P &#8211; 720P @30IPS<\/li>\n<li style='margin-bottom: 5px;'><strong>AHD:<\/strong> 5MP @ 10IPS \/ 4MP @ 12IPS \/ 1080P &#8211; 720P @30IPS<\/li>\n<li style='margin-bottom: 5px;'><strong>CVI:<\/strong> 4MP @ 12IPS \/ 1080P &#8211; 720P @30IPS<\/li>\n<li style='margin-bottom: 5px;'><strong>CVBS:<\/strong> 30IPS<\/li>\n<li style='margin-bottom: 5px;'><strong>IP:<\/strong> hasta 8 Megapixel<\/li>\n<\/ul>\n<ul style='padding-left: 20px; font-size: 15px; color: inherit;'>\n<li style='margin-top: 15px;'><strong>Para conectar los canales IP requiere utilizar un switch\/switch poe (no incluido)<\/strong><\/li>\n<\/ul><\/div>\n<p> <!-- Caracter\u00edsticas f\u00edsicas --> <\/p>\n<div style='flex: 1 1 300px; min-width: 280px;'>\n<h3 style='font-size: 20px; border-bottom: 2px solid currentColor; padding-bottom: 5px; margin-top: 0; color: inherit; opacity: 0.8;'>Caracter\u00edsticas F\u00edsicas y El\u00e9ctricas<\/h3>\n<ul style='padding-left: 20px; font-size: 15px; color: inherit;'>\n<li style='margin-bottom: 5px;'>Alimentaci\u00f3n: 12 Vcc (fuente incluida 4 pines&comma; 2 A)<\/li>\n<li style='margin-bottom: 5px;'>Consumo sin HDD: 15 watts.<\/li>\n<li style='margin-bottom: 5px;'>Temperatura de operacion: -10 \u00baC hasta 55 \u00baC<\/li>\n<li style='margin-bottom: 5px;'>Dimensiones: 315 \u00d7 242 \u00d7 45 mm<\/li>\n<li style='margin-bottom: 5px;'>Peso: 2 Kg sin HDD.<\/li>\n<li style='margin-bottom: 5px;'>No incluye disco duro<\/li>\n<li style='margin-bottom: 5px;'>Garant\u00eda: 5 A\u00f1os.<\/li>\n<\/ul>\n<div style='width: 100%; margin: 20px 0; text-align: center;'> <img style='width: 50%; max-width: 300px; height: auto; border: 1px solid rgba(150&comma;150&comma;150&comma;0.3); border-radius: 8px;' src='https:\/\/ftp3.syscom.mx\/usuarios\/fotos\/DS7208HQHIK1\/97560-pentahi.jpg' alt='Pentah\u00edbrido'> <\/div>\n<p style='margin-bottom: 10px;'>El DVR soporta 4 canales de video con activacion de deteccion de cuerpo humano o deteccion de vehiculos&comma; esto nos permite ser mas precisos al momento de tener alguna grabacion de poder descargar cualquier otro tipo de movimientos.<\/p>\n<p style='margin-bottom: 15px;'>Es necesario contemplar cu\u00e1l de los anal\u00edticos se utilizar\u00e1n ya que no es posible utilizar ambos al mismo tiempo. Al activar la detecci\u00f3n de cuerpo humano no es posible activar detecci\u00f3n de veh\u00edculos y viceversa.<\/p>\n<ul style='padding-left: 20px; font-size: 15px; color: inherit;'>\n<li style='margin-bottom: 5px;'>Gu\u00eda de configuraci\u00f3n filtro de humanos y veh\u00edculos <a style='color: #3366cc; text-decoration: underline;' href='https:\/\/soporte.syscom.mx\/es\/articles\/5388340-hikvision-acusense-guia-de-configuracion' target='_blank' rel='noopener'>aqu\u00ed<\/a><\/li>\n<\/ul><\/div>\n<p> <!-- Funciones de grabaci\u00f3n --> <\/p>\n<div style='flex: 1 1 300px; min-width: 280px;'>\n<h3 style='font-size: 20px; border-bottom: 2px solid currentColor; padding-bottom: 5px; margin-top: 0; color: inherit; opacity: 0.8;'>Funciones de Grabaci\u00f3n y visualizaci\u00f3n<\/h3>\n<ul style='padding-left: 20px; font-size: 15px; color: inherit;'>\n<li style='margin-bottom: 5px;'>Detecci\u00f3n de movimiento multi zona.<\/li>\n<li style='margin-bottom: 5px;'>Zoom digital en visualizaci\u00f3n y grabaci\u00f3n.<\/li>\n<li style='margin-bottom: 5px;'>Soporta m\u00faltiples tipos de grabaci\u00f3n&comma; incluyendo tiempo real&comma; grabaci\u00f3n manual.<\/li>\n<li style='margin-bottom: 5px;'>B\u00fasqueda inteligente de grabaciones por detecci\u00f3n de movimiento.<\/li>\n<li style='margin-bottom: 5px;'>Se proporciona SDK y c\u00f3digos de demostraci\u00f3n para disminuir el tiempo de desarrollo de aplicaciones.<\/li>\n<li style='margin-bottom: 5px;'>Grabaci\u00f3n con Sobre-escritura autom\u00e1tica.<\/li>\n<\/ul>\n<h4 style='font-size: 18px; margin-top: 20px; margin-bottom: 10px; color: inherit; opacity: 0.8;'>Interfaces Entradas \/ Salidas<\/h4>\n<ul style='padding-left: 20px; font-size: 15px; color: inherit;'>\n<li style='margin-bottom: 10px;'>Salida de v\u00eddeo\n<ul style='padding-left: 20px; margin-top: 5px; margin-bottom: 5px;'>\n<li style='margin-bottom: 5px;'>HDMI: 4K (3840\u00d72160) \/ 2K (2560\u00d71440) \/ 1920\u00d71080 \/ 1280\u00d71024 \/ 1280\u00d7720 \/ 1024\u00d7768<\/li>\n<li style='margin-bottom: 5px;'>VGA: 1920\u00d71080 \/ 1280\u00d71024 \/ 1280\u00d7720 \/ 1024\u00d7768.<\/li>\n<\/ul>\n<\/li>\n<li style='margin-bottom: 5px;'>Salida de v\u00eddeo en BNC: 1 Canal (BNC&comma; 1.0Vp-p&comma; 75\u03a9)&comma; resoluci\u00f3n m\u00e1xima: 704 x 480.<\/li>\n<li style='margin-bottom: 5px;'>HDMI y VGA: salida simultanea.<\/li>\n<li style='margin-bottom: 5px;'>8 Entradas de alarma \/ 4 Salida de alarma.<\/li>\n<li style='margin-bottom: 5px;'>Entrada audio: 4 (RCA&comma; 2.0 Vp-p&comma; 1K\u03a9).<\/li>\n<li style='margin-bottom: 5px;'>Salida audio: 1 (RCA&comma; 2.0 Vp-p&comma; 1K\u03a9).<\/li>\n<li style='margin-bottom: 5px;'>Interfaz serial: RS-485 (HIKVISION C&comma; COAXITRON&comma; PELCO D&comma; PELCO P&comma; etc).<\/li>\n<li style='margin-bottom: 5px;'>Interfaz USB: 1 x USB 2.0 \/ 1 x USB 3.0.<\/li>\n<li style='margin-bottom: 5px;'>Interfaz red: 1 puertos (RJ-45 10\/100\/1000 Mbps).<\/li>\n<li style='margin-bottom: 5px;'>Capacidad HDD: 1 @ 10 TB.<\/li>\n<li style='margin-bottom: 5px;'><strong>Soporta audio en todos sus canales por coaxitron utilizando camaras con audio integrado <a style='color: #3366cc; text-decoration: underline;' href='https:\/\/www.syscom.mx\/principal\/promociones\/camaras_con_audio_por_coaxitron_2_mp_y_5_mp-5478.html?ordenar=Relevancia&#038;pag=1' target='_blank' rel='noopener'>ver modelos compatibles<\/a>.<\/strong><\/li>\n<\/ul>\n<p style='margin-top: 15px; margin-bottom: 10px;'>Para utilizar audio de 2 v\u00edas se recomienda colocar un micr\u00f3fono en la entrada de audio&comma; no se recomienda para audio de 2 v\u00edas una c\u00e1mara con audio por coaxitron.<\/p>\n<p style='margin-bottom: 15px;'>Los equipos con AcuSense pueden llegar a filtrar hasta el 95% de falsas alarmas&comma; la eficacia del filtrado depende de la distancia &#8211; \u00e1ngulo de visi\u00f3n del objetivo y la c\u00e1mara. Algunas mascotas&comma; insectos pueden generar alertamientos basados en lo anterior.<\/p>\n<\/p><\/div>\n<\/p><\/div>\n<p> <!-- Separador --> <\/p>\n<hr style='border: 0; border-top: 1px solid rgba(150&comma; 150&comma; 150&comma; 0.3); margin: 30px 0;'> <!-- Garant\u00eda --> <\/p>\n<div style='width: 100%; margin-bottom: 30px;'> <img style='width: 100%; max-width: 1200px; height: auto; border: 1px solid rgba(150&comma;150&comma;150&comma;0.3); border-radius: 8px;' src='https:\/\/ftp3.syscom.mx\/usuarios\/fotos\/B8TURBOC\/189682-5-year-epcom-es_(2).png' alt='Garant\u00eda'> <\/div>\n<p> <!-- Recursos --> <\/p>\n<h3 style='font-size: 22px; text-align: center; margin-bottom: 25px; color: inherit; opacity: 0.8;'>Recursos<\/h3>\n<div style='display: flex; flex-wrap: wrap; gap: 20px; margin-bottom: 30px;'>\n<div style='flex: 1 1 30%; min-width: 250px;'> <a style='display: block; width: 100%;' href='https:\/\/www.hikvision.com\/es-la\/support\/download\/software\/ivms4200-series\/?q=serie%20ivms4200&#038;position=1' target='_blank' rel='noopener'> <img style='width: 100%; height: auto; border: 1px solid rgba(150&comma;150&comma;150&comma;0.3); border-radius: 8px;' src='https:\/\/ftp3.syscom.mx\/usuarios\/gmagos\/HIK\/IP\/IPC\/Imagenes%20pagina\/Descargas%20IVMS4200.jpg' alt='IVMS4200'> <\/a> <\/div>\n<div style='flex: 1 1 30%; min-width: 250px;'> <a style='display: block; width: 100%;' href='https:\/\/appstore.hikvision.com\/' target='_blank' rel='noopener'> <img style='width: 100%; height: auto; border: 1px solid rgba(150&comma;150&comma;150&comma;0.3); border-radius: 8px;' src='https:\/\/ftp3.syscom.mx\/usuarios\/gmagos\/HIK\/IP\/IPC\/Imagenes%20pagina\/Descargas%20de%20app.jpg' alt='App Store Hikvision'> <\/a> <\/div>\n<div style='flex: 1 1 30%; min-width: 250px;'> <a style='display: block; width: 100%;' href='https:\/\/ftp3.syscom.mx\/usuarios\/ftp\/2021\/07\/13\/fdb33\/Especificaci%C3%B3nes%20T%C3%A9cnicas%20-%20EV8008TURBOD.pdf' target='_blank' rel='noopener'> <img style='width: 100%; height: auto; border: 1px solid rgba(150&comma;150&comma;150&comma;0.3); border-radius: 8px;' src='https:\/\/ftp3.syscom.mx\/usuarios\/gmagos\/HIK\/IP\/IPC\/Imagenes%20pagina\/Descarga%20de%20PDF.jpg' alt='Especificaciones t\u00e9cnicas PDF'> <\/a> <\/div>\n<\/p><\/div>\n<p> <!-- Tecnolog\u00eda AcuSense --> <\/p>\n<div style='width: 100%; margin-bottom: 30px;'>\n<div style='text-align: center; margin-bottom: 20px;'> <img style='width: 50%; max-width: 300px; height: auto; border: 1px solid rgba(150&comma;150&comma;150&comma;0.3); border-radius: 8px;' src='https:\/\/ftp3.syscom.mx\/usuarios\/jsosa\/HIKVISION\/imagenes\/Acusense%20Icon.png' alt='Tecnolog\u00eda AcuSense'> <\/div>\n<h3 style='font-size: 20px; margin-bottom: 15px; color: inherit; opacity: 0.8;'>Tecnolog\u00eda AcuSense<\/h3>\n<p>La tecnolog\u00eda AcuSense se basa en el algoritmo <em><strong>Deep Learning<\/strong><\/em> de Hikvision. Los algoritmos de <strong><em>Deep Learning<\/em><\/strong> son mucho m\u00e1s profundos que los algoritmos inteligentes convencionales&comma; que solo operan de forma superficial. Estos realizan aprendizaje de caracter\u00edsticas&comma; proporcionando un rendimiento de an\u00e1lisis de contenido de video (VCA) asombrosamente preciso y consistente.<\/p>\n<p>AcuSense es capaz de diferenciar&comma; con gran precisi\u00f3n&comma; un cuerpo humano y un veh\u00edculo en un escenario con una gran cantidad de objetos. No solo puede detectar la intrusi\u00f3n humana y del veh\u00edculo&comma; sino que tambi\u00e9n puede filtrar falsas alarmas que podr\u00edan haber sido disparadas por objetos en movimiento que no presentan un riesgo.<\/p>\n<p>La tecnolog\u00eda tambi\u00e9n brinda una funci\u00f3n de b\u00fasqueda de objetivos poderosa y r\u00e1pida que es capaz de analizar grabaciones y seleccionar todas las im\u00e1genes humanas o de veh\u00edculos que se vinculan al video clip relacionado.<\/p>\n<p style='margin-top: 15px;'><a style='color: #3366cc; text-decoration: underline;' href='https:\/\/ftp3.syscom.mx\/usuarios\/jsosa\/HIKVISION\/presentaciones\/Presentation%20Turbo%20HD%205.0.pdf' target='_blank' rel='noopener'>Ver presentaci\u00f3n AcuSense<\/a><\/p>\n<\/p><\/div>\n<p> <!-- Im\u00e1genes AcuSense --> <\/p>\n<div style='display: flex; flex-wrap: wrap; gap: 20px; margin-bottom: 30px;'>\n<div style='flex: 1 1 30%; min-width: 250px;'> <img style='width: 100%; height: auto; border: 1px solid rgba(150&comma;150&comma;150&comma;0.3); border-radius: 8px;' src='https:\/\/ftp3.syscom.mx\/usuarios\/jsosa\/epcom\/imagenes\/acusense\/acusense1.jpg' alt='AcuSense 1'> <\/div>\n<div style='flex: 1 1 30%; min-width: 250px;'> <img style='width: 100%; height: auto; border: 1px solid rgba(150&comma;150&comma;150&comma;0.3); border-radius: 8px;' src='https:\/\/ftp3.syscom.mx\/usuarios\/jsosa\/epcom\/imagenes\/acusense\/acusense2.jpg' alt='AcuSense 2'> <\/div>\n<div style='flex: 1 1 30%; min-width: 250px;'> <img style='width: 100%; height: auto; border: 1px solid rgba(150&comma;150&comma;150&comma;0.3); border-radius: 8px;' src='https:\/\/ftp3.syscom.mx\/usuarios\/jsosa\/epcom\/imagenes\/acusense\/acusense3.jpg' alt='AcuSense 3'> <\/div>\n<\/p><\/div>\n<p> <!-- H.265+ --> <\/p>\n<div style='width: 100%; margin-bottom: 30px;'>\n<h3 style='font-size: 20px; margin-bottom: 15px; color: inherit; opacity: 0.8;'>\u00bfQu\u00e9 es H.265+<\/h3>\n<p>H.265+ es el m\u00e9todo de compresi\u00f3n de DVRs&comma; C\u00e1maras IP y NVRs Hikvision \/ EPCOM&comma; permite ahorrar hasta 80% de almacenamiento y ancho de banda&comma; ver el siguiente comparativo.<\/p>\n<p style='margin-top: 15px;'><a style='color: #3366cc; text-decoration: underline;' href='http:\/\/syscom.us1.list-manage1.com\/track\/click?u=2b3e9128678b450bb748bf973&#038;id=963d566a70&#038;e=bc82a6439b' target='_blank' rel='noopener'>Ver presentaci\u00f3n de H.265+<\/a><\/p>\n<\/p><\/div>\n<p> <!-- Administraci\u00f3n m\u00faltiples ubicaciones --> <\/p>\n<div style='display: flex; flex-wrap: wrap; gap: 30px; margin-bottom: 30px;'>\n<div style='flex: 1 1 45%; min-width: 300px;'>\n<h3 style='font-size: 20px; margin-top: 0; margin-bottom: 15px; color: inherit; opacity: 0.8;'>Administraci\u00f3n r\u00e1pida de m\u00faltiples ubicaciones<\/h3>\n<p>El <a style='color: #3366cc; text-decoration: underline;' href='https:\/\/www.syscom.mx\/producto\/IVMS-4200-HIKVISION-76556.html' target='_blank' rel='noopener'>nuevo IVMS-4200 Lite<\/a> permite trabajar video Megapixel con mucho menores recursos&comma; video m\u00e1s fluido y operaci\u00f3n r\u00e1pida.<\/p>\n<\/p><\/div>\n<div style='flex: 1 1 45%; min-width: 300px;'> <img style='width: 100%; height: auto; border: 1px solid rgba(150&comma;150&comma;150&comma;0.3); border-radius: 8px;' src='https:\/\/ftp3.syscom.mx\/usuarios\/fotos\/IVMS-4200-HIKVISION\/97555-ivms4200.jpg' alt='IVMS-4200'> <\/div>\n<\/p><\/div>\n<p> <!-- Compresiones Inteligentes --> <\/p>\n<div style='display: flex; flex-wrap: wrap; gap: 30px; margin-bottom: 30px;'>\n<div style='flex: 1 1 45%; min-width: 300px;'> <img style='width: 100%; height: auto; border: 1px solid rgba(150&comma;150&comma;150&comma;0.3); border-radius: 8px;' src='https:\/\/ftp3.syscom.mx\/usuarios\/fotos\/THCD320VF\/162360-epcom_08.jpg' alt='H.265+'> <\/div>\n<div style='flex: 1 1 45%; min-width: 300px;'>\n<h3 style='font-size: 20px; margin-top: 0; margin-bottom: 15px; color: inherit; opacity: 0.8;'>Compresiones Inteligentes que le permitir\u00e1n Almacenar M\u00e1s tiempo por Menos Consumo de Disco Duro<\/h3>\n<p>Con el protocolo <strong style='color: #1a537a;'>H.265+<\/strong> podra <strong style='color: #1a537a;'>reducir<\/strong> el consumo de disco duro y ancho de banda de sus dispositivos <strong style='color: #1a537a;'>EPCOM<\/strong> para tener evidencia de sus eventos por mucho mas tiempo.<\/p>\n<\/p><\/div>\n<\/p><\/div>\n<\/p><\/div>\n","protected":false},"excerpt":{"rendered":"<p>DVR 8 Canales 4K TurboHD + 8 Canales IP\/ 8 Megapixel \/ Acusense  \/ Audio por Coaxitron\/ 1 Bah\u00eda de Disco Duro \/ 4 canales de audio \/ 8 Entradas de Alarma \/ 4 Salida de Alarma \/  H.265+<\/p>\n","protected":false},"featured_media":113242,"comment_status":"open","ping_status":"closed","template":"","meta":[],"product_brand":[],"product_cat":[2254],"product_tag":[2255,935,2256],"class_list":{"0":"post-113243","1":"product","2":"type-product","3":"status-publish","4":"has-post-thumbnail","6":"product_cat-videograbadoras-analogicas-turbohd-tvi-ahd-cvi","7":"product_tag-camaras-y-dvrs-hd-turbohd-ahd-hd-tvi","8":"product_tag-epcom","9":"product_tag-videograbadoras-analogicas-turbohd-tvi-ahd-cvi","11":"first","12":"outofstock","13":"sale","14":"shipping-taxable","15":"purchasable","16":"product-type-simple"},"_links":{"self":[{"href":"https:\/\/soydeaqui.ddns.net\/pachuca\/index.php\/wp-json\/wp\/v2\/product\/113243","targetHints":{"allow":["GET"]}}],"collection":[{"href":"https:\/\/soydeaqui.ddns.net\/pachuca\/index.php\/wp-json\/wp\/v2\/product"}],"about":[{"href":"https:\/\/soydeaqui.ddns.net\/pachuca\/index.php\/wp-json\/wp\/v2\/types\/product"}],"replies":[{"embeddable":true,"href":"https:\/\/soydeaqui.ddns.net\/pachuca\/index.php\/wp-json\/wp\/v2\/comments?post=113243"}],"wp:featuredmedia":[{"embeddable":true,"href":"https:\/\/soydeaqui.ddns.net\/pachuca\/index.php\/wp-json\/wp\/v2\/media\/113242"}],"wp:attachment":[{"href":"https:\/\/soydeaqui.ddns.net\/pachuca\/index.php\/wp-json\/wp\/v2\/media?parent=113243"}],"wp:term":[{"taxonomy":"product_brand","embeddable":true,"href":"https:\/\/soydeaqui.ddns.net\/pachuca\/index.php\/wp-json\/wp\/v2\/product_brand?post=113243"},{"taxonomy":"product_cat","embeddable":true,"href":"https:\/\/soydeaqui.ddns.net\/pachuca\/index.php\/wp-json\/wp\/v2\/product_cat?post=113243"},{"taxonomy":"product_tag","embeddable":true,"href":"https:\/\/soydeaqui.ddns.net\/pachuca\/index.php\/wp-json\/wp\/v2\/product_tag?post=113243"}],"curies":[{"name":"wp","href":"https:\/\/api.w.org\/{rel}","templated":true}]}}