{"id":113208,"date":"2026-03-20T22:25:50","date_gmt":"2026-03-20T22:25:50","guid":{"rendered":"https:\/\/soydeaqui.ddns.net\/pachuca\/index.php\/producto\/candado-de-bloqueo-loto-de-seguridad-dielectrico-con-llave-unica-diametro-de-6-5-mm-color-rojo\/"},"modified":"2026-03-20T22:26:01","modified_gmt":"2026-03-20T22:26:01","slug":"candado-de-bloqueo-loto-de-seguridad-dielectrico-con-llave-unica-diametro-de-6-5-mm-color-rojo","status":"publish","type":"product","link":"https:\/\/soydeaqui.ddns.net\/pachuca\/index.php\/producto\/candado-de-bloqueo-loto-de-seguridad-dielectrico-con-llave-unica-diametro-de-6-5-mm-color-rojo\/","title":{"rendered":"Candado de Bloqueo LOTO de Seguridad Diel\u00e9ctrico, Con Llave \u00danica, Di\u00e1metro de 6.5 mm, Color Rojo"},"content":{"rendered":"<div style='width: 100%; max-width: 1200px; margin: 0 auto; font-family: sans-serif; line-height: 1.6; color: inherit; background-color: transparent;'>\n<div style='display: flex; flex-wrap: wrap; gap: 30px; margin-bottom: 30px;'>\n<div style='flex: 1 1 300px; min-width: 280px;'>\n<h3 style='font-size: 22px; border-bottom: 2px solid currentColor; padding-bottom: 5px; margin-top: 0; color: inherit; opacity: 0.8;'>Descripci\u00f3n<\/h3>\n<p style='font-size: 15px; color: inherit; margin-top: 0; margin-bottom: 15px;'>Los candados de bloqueo de seguridad diel\u00e9ctricos PSL-8 en la versi\u00f3n est\u00e1ndar tienen llaves diferentes&comma; por lo que cada candado se suministra con una llave. El cuerpo y el arco del candado no conductor protegen contra riesgos el\u00e9ctricos. La funci\u00f3n de retenci\u00f3n de llave significa que la llave no se puede quitar del candado cuando est\u00e1 abierto.<\/p>\n<\/p><\/div>\n<\/p><\/div>\n<div style='display: flex; flex-wrap: wrap; gap: 20px; margin-bottom: 30px;'>\n<div style='flex: 1 1 250px; border: 1px solid rgba(150&comma; 150&comma; 150&comma; 0.4); border-radius: 8px; overflow: hidden; display: flex; flex-direction: column;'>\n<div style='padding: 15px; border-bottom: 1px solid rgba(150&comma; 150&comma; 150&comma; 0.2); font-weight: bold; font-size: 18px; color: inherit;'>Especificaciones T\u00e9cnicas<\/div>\n<div style='padding: 15px; color: inherit;'>\n<ul style='padding-left: 20px; margin: 0; font-size: 14px; list-style-type: disc;'>\n<li style='margin-bottom: 5px;'><strong>Material del brazo:<\/strong> Acero<\/li>\n<li style='margin-bottom: 5px;'><strong>Material del cuerpo:<\/strong> Aluminio<\/li>\n<li style='margin-bottom: 5px;'><strong>Color:<\/strong> Rojo<\/li>\n<li style='margin-bottom: 5px;'><strong>Altura del cuerpo (mm):<\/strong> 45<\/li>\n<li style='margin-bottom: 5px;'><strong>Grosor del cuerpo (mm):<\/strong> 20<\/li>\n<li style='margin-bottom: 5px;'><strong>Ancho del cuerpo (mm):<\/strong> 40<\/li>\n<li style='margin-bottom: 5px;'><strong>Di\u00e1metro del grillete (mm):<\/strong> 6.6<\/li>\n<li style='margin-bottom: 5px;'><strong>Altura del grillete (mm):<\/strong> 38.1<\/li>\n<li style='margin-bottom: 5px;'><strong>Ancho del grillete (mm):<\/strong> 19<\/li>\n<\/ul><\/div>\n<\/p><\/div>\n<div style='flex: 1 1 250px; border: 1px solid rgba(150&comma; 150&comma; 150&comma; 0.4); border-radius: 8px; overflow: hidden; display: flex; flex-direction: column;'>\n<div style='padding: 15px; border-bottom: 1px solid rgba(150&comma; 150&comma; 150&comma; 0.2); font-weight: bold; font-size: 18px; color: inherit;'>Aplicaciones<\/div>\n<div style='padding: 15px; color: inherit;'>\n<ul style='padding-left: 20px; margin: 0; font-size: 14px; list-style-type: disc;'>\n<li style='margin-bottom: 5px;'>Protecci\u00f3n contra riesgos el\u00e9ctricos<\/li>\n<li style='margin-bottom: 5px;'>Bloqueo de equipos energizados<\/li>\n<li style='margin-bottom: 5px;'>Seguridad en mantenimiento el\u00e9ctrico<\/li>\n<\/ul><\/div>\n<\/p><\/div>\n<\/p><\/div>\n<div style='display: flex; flex-wrap: wrap; gap: 30px; margin-bottom: 30px;'>\n<div style='flex: 1 1 300px; min-width: 280px;'>\n<h3 style='font-size: 22px; border-bottom: 2px solid currentColor; padding-bottom: 5px; margin-top: 0; color: inherit; opacity: 0.8;'>Accesorios Recomendados<\/h3>\n<p style='font-size: 15px; color: inherit; margin-top: 0; margin-bottom: 15px;'> <a href='https:\/\/www.syscom.mx\/producto\/PSL-MCBNT-PANDUIT-213925.html' style='color: #2880b9; text-decoration: none; font-weight: 600;'> Tambi\u00e9n puede usarse con bloqueador de interruptor termomagn\u00e9tico PSL-MCBNT <\/a> <\/p>\n<\/p><\/div>\n<\/p><\/div>\n<div style='display: flex; flex-wrap: wrap; justify-content: center; margin-bottom: 30px;'>\n<div style='width: 100%; max-width: 400px;'> <img style='width: 100%; height: auto; border: 1px solid rgba(150&comma;150&comma;150&comma;0.3); border-radius: 8px;' src='https:\/\/ftp3.syscom.mx\/usuarios\/fotos\/PSL8\/190489-img_1966.jpg' alt=''> <\/div>\n<\/p><\/div>\n<hr style='border: 0; border-top: 1px solid rgba(150&comma; 150&comma; 150&comma; 0.3); margin: 30px 0;'> <\/div>\n","protected":false},"excerpt":{"rendered":"<p>Candado de Bloqueo LOTO de Seguridad Diel\u00e9ctrico, Con Llave \u00danica, Di\u00e1metro de 6.5 mm, Color Rojo<\/p>\n","protected":false},"featured_media":113207,"comment_status":"open","ping_status":"closed","template":"","meta":[],"product_brand":[],"product_cat":[1138],"product_tag":[1058,1139,445],"class_list":{"0":"post-113208","1":"product","2":"type-product","3":"status-publish","4":"has-post-thumbnail","6":"product_cat-herramientas-mecanicas","7":"product_tag-ferreteria","8":"product_tag-herramientas-mecanicas","9":"product_tag-panduit","11":"first","12":"instock","13":"sale","14":"shipping-taxable","15":"purchasable","16":"product-type-simple"},"_links":{"self":[{"href":"https:\/\/soydeaqui.ddns.net\/pachuca\/index.php\/wp-json\/wp\/v2\/product\/113208","targetHints":{"allow":["GET"]}}],"collection":[{"href":"https:\/\/soydeaqui.ddns.net\/pachuca\/index.php\/wp-json\/wp\/v2\/product"}],"about":[{"href":"https:\/\/soydeaqui.ddns.net\/pachuca\/index.php\/wp-json\/wp\/v2\/types\/product"}],"replies":[{"embeddable":true,"href":"https:\/\/soydeaqui.ddns.net\/pachuca\/index.php\/wp-json\/wp\/v2\/comments?post=113208"}],"wp:featuredmedia":[{"embeddable":true,"href":"https:\/\/soydeaqui.ddns.net\/pachuca\/index.php\/wp-json\/wp\/v2\/media\/113207"}],"wp:attachment":[{"href":"https:\/\/soydeaqui.ddns.net\/pachuca\/index.php\/wp-json\/wp\/v2\/media?parent=113208"}],"wp:term":[{"taxonomy":"product_brand","embeddable":true,"href":"https:\/\/soydeaqui.ddns.net\/pachuca\/index.php\/wp-json\/wp\/v2\/product_brand?post=113208"},{"taxonomy":"product_cat","embeddable":true,"href":"https:\/\/soydeaqui.ddns.net\/pachuca\/index.php\/wp-json\/wp\/v2\/product_cat?post=113208"},{"taxonomy":"product_tag","embeddable":true,"href":"https:\/\/soydeaqui.ddns.net\/pachuca\/index.php\/wp-json\/wp\/v2\/product_tag?post=113208"}],"curies":[{"name":"wp","href":"https:\/\/api.w.org\/{rel}","templated":true}]}}