{"id":113172,"date":"2026-03-20T22:23:44","date_gmt":"2026-03-20T22:23:44","guid":{"rendered":"https:\/\/soydeaqui.ddns.net\/pachuca\/index.php\/producto\/switch-poe-jetstream-sdn-administrable-8-puertos-10-100-1000-mbps-4-puertos-poe-62w-administracion-centralizada-omada-sdn\/"},"modified":"2026-03-20T22:23:55","modified_gmt":"2026-03-20T22:23:55","slug":"switch-poe-jetstream-sdn-administrable-8-puertos-10-100-1000-mbps-4-puertos-poe-62w-administracion-centralizada-omada-sdn","status":"publish","type":"product","link":"https:\/\/soydeaqui.ddns.net\/pachuca\/index.php\/producto\/switch-poe-jetstream-sdn-administrable-8-puertos-10-100-1000-mbps-4-puertos-poe-62w-administracion-centralizada-omada-sdn\/","title":{"rendered":"Switch PoE JetStream SDN Administrable 8 puertos 10\/100\/1000 Mbps, 4 puertos PoE, 62W, administraci\u00f3n centralizada OMADA SDN"},"content":{"rendered":"<div style='width: 100%; max-width: 1200px; margin: 0 auto; font-family: sans-serif; line-height: 1.6; color: inherit; background-color: transparent;'> <!-- Imagen principal y descripci\u00f3n --> <\/p>\n<div style='display: flex; flex-wrap: wrap; gap: 30px; margin-bottom: 30px;'>\n<div style='flex: 1 1 300px; min-width: 280px;'> <img style='width: 100%; height: auto; border: 1px solid rgba(150&comma;150&comma;150&comma;0.3); border-radius: 8px;' src='https:\/\/ftp3.syscom.mx\/usuarios\/fotos\/TLSG2008P\/190882-tl-sg2008p(un)1.0_01_normal_1594869482015x.jpg' alt=''> <\/div>\n<div style='flex: 1 1 300px; min-width: 280px;'>\n<h1 style='font-size: 22px; margin-top: 0; color: inherit; opacity: 0.8; border-bottom: 2px solid currentColor; padding-bottom: 5px; font-weight: 400; background-color: transparent;'> Switch Smart Gigabit JetStream de 8 puertos con 4 puertos PoE+ <\/h1>\n<ul style='padding-left: 20px; font-size: 15px; color: inherit;'>\n<li style='margin-bottom: 5px;'><strong>Presupuesto PoE de 62 W<\/strong>: 4 puertos PoE + compatibles con 802.3at \/ af con un suministro total de 62 W *.<\/li>\n<li style='margin-bottom: 5px;'><strong>Puertos Gigabit<\/strong>: los puertos 4 \u00d7 gigabit PoE + y los puertos 4 \u00d7 gigabit no PoE proporcionan conexiones de alta velocidad.<\/li>\n<li style='margin-bottom: 5px;'><strong>Integrado en Omada SDN<\/strong>: Zero-Touch Provisioning (ZTP) **&comma; Administraci\u00f3n centralizada de la nube y Monitoreo inteligente.<\/li>\n<li style='margin-bottom: 5px;'><strong>Administraci\u00f3n centralizada<\/strong>: acceso a la nube y aplicaci\u00f3n Omada para una comodidad y administraci\u00f3n f\u00e1ciles.<\/li>\n<li style='margin-bottom: 5px;'><strong>Estrategias de seguridad s\u00f3lidas<\/strong>: enlace de puertos IP-MAC&comma; ACL&comma; seguridad de puertos&comma; defensa DoS&comma; control de tormentas&comma; DHCP Snooping&comma; 802.1X&comma; autenticaci\u00f3n de radio y m\u00e1s.<\/li>\n<li style='margin-bottom: 5px;'><strong>Optimizaci\u00f3n las aplicaciones de voz y video<\/strong>: L2 \/ L3 \/ L4 QoS e IGMP snooping.<\/li>\n<\/ul>\n<div style='margin-top: 15px;'> <a href='https:\/\/www.tp-link.com\/es\/solution\/poe\/' style='color: #3333ff; text-decoration: none;'>Aprender m\u00e1s sobre la tecnolog\u00eda PoE TP-Link ><\/a> <br \/> <a href='https:\/\/www.tp-link.com\/es\/omada-sdn' style='color: #3333ff; text-decoration: none;'>Aprender m\u00e1s sobre Omada Cloud SDN ><\/a> <\/div>\n<\/p><\/div>\n<\/p><\/div>\n<p> <!-- Secci\u00f3n de cards con especificaciones --> <\/p>\n<div style='display: flex; flex-wrap: wrap; gap: 20px; margin-bottom: 30px;'>\n<div style='flex: 1 1 250px; border: 1px solid rgba(150&comma; 150&comma; 150&comma; 0.4); border-radius: 8px; overflow: hidden; display: flex; flex-direction: column;'>\n<div style='padding: 15px; border-bottom: 1px solid rgba(150&comma; 150&comma; 150&comma; 0.2); font-weight: bold; font-size: 18px; color: inherit;'>Caracter\u00edsticas principales<\/div>\n<div style='padding: 15px; color: inherit;'>\n<ul style='padding-left: 20px; margin: 0; font-size: 14px; list-style-type: disc;'>\n<li style='margin-bottom: 5px;'>Est\u00e1ndar: compatible con 802.3af \/ at<\/li>\n<li style='margin-bottom: 5px;'>Puertos PoE: 4 puertos<\/li>\n<li style='margin-bottom: 5px;'>Suministro PoE total: 62 W *<\/li>\n<li style='margin-bottom: 5px;'>Omada App: S\u00ed<\/li>\n<li style='margin-bottom: 5px;'>Administraci\u00f3n Centralizada: Omada Cloud-Based Controller&comma; Omada Hardware Controller (OC300)&comma; Omada Hardware Controller (OC200)&comma; Omada Software Controller<\/li>\n<li style='margin-bottom: 5px;'>Cloud Access: S\u00ed (a trav\u00e9s de OC300&comma; OC200&comma; Omada Cloud-Based Controller o Omada Software Controller)<\/li>\n<li style='margin-bottom: 5px;'>Protocol VLAN<\/li>\n<li style='margin-bottom: 5px;'>8 puertos RJ45 10\/100\/1000 Mbps (los puertos 1\u20134 admiten 802.3at \/ af PoE +)<\/li>\n<li style='margin-bottom: 5px;'>Negociaci\u00f3n autom\u00e1tica \/ Auto MDI \/ MDIX<\/li>\n<li style='margin-bottom: 5px;'>Ancho de Banda \/ Backplane: 16 Gbps<\/li>\n<li style='margin-bottom: 5px;'>Tabla de Direcciones MAC: 8k<\/li>\n<li style='margin-bottom: 5px;'>Memoria del Buffer de Paquete: 4.1 Mbit<\/li>\n<li style='margin-bottom: 5px;'>Jumbo Frame: 9 KB<\/li>\n<\/ul><\/div>\n<\/p><\/div>\n<div style='flex: 1 1 250px; border: 1px solid rgba(150&comma; 150&comma; 150&comma; 0.4); border-radius: 8px; overflow: hidden; display: flex; flex-direction: column;'>\n<div style='padding: 15px; border-bottom: 1px solid rgba(150&comma; 150&comma; 150&comma; 0.2); font-weight: bold; font-size: 18px; color: inherit;'>Caracter\u00edsticas F\u00edsicas y El\u00e9ctricas<\/div>\n<div style='padding: 15px; color: inherit;'>\n<ul style='padding-left: 20px; margin: 0; font-size: 14px; list-style-type: disc;'>\n<li style='margin-bottom: 5px;'>Adaptador de corriente externo (Salida: 53.5 VDC \/ 1.31 A)<\/li>\n<li style='margin-bottom: 5px;'>Consumo de Potencia: 7.9 W (220 V\/50 Hz) (no PD connected)&comma; 79.2 W (220 V\/50 Hz) (with 62 W PD connected)<\/li>\n<li style='margin-bottom: 5px;'>Dimensiones: 209 x 126 x 26mm (8.2 x 4.9 x 1.0 in)<\/li>\n<li style='margin-bottom: 5px;'>Temperatura de Funcionamiento: 0\u00b0C~40\u00b0C (32\u00b0F~104\u00b0F)<\/li>\n<li style='margin-bottom: 5px;'>Temperatura de Almacenamiento: -40\u00b0C~70\u00b0C (-40\u00b0F~158\u00b0F)<\/li>\n<li style='margin-bottom: 5px;'>Humedad de Funcionamiento: 10%~90% sin condensaci\u00f3n<\/li>\n<li style='margin-bottom: 5px;'>Humedad de Almacenamiento: 5%~90% sin condensaci\u00f3n<\/li>\n<\/ul><\/div>\n<\/p><\/div>\n<div style='flex: 1 1 250px; border: 1px solid rgba(150&comma; 150&comma; 150&comma; 0.4); border-radius: 8px; overflow: hidden; display: flex; flex-direction: column;'>\n<div style='padding: 15px; border-bottom: 1px solid rgba(150&comma; 150&comma; 150&comma; 0.2); font-weight: bold; font-size: 18px; color: inherit;'>Contenido<\/div>\n<div style='padding: 15px; color: inherit;'>\n<ul style='padding-left: 20px; margin: 0; font-size: 14px; list-style-type: disc;'>\n<li style='margin-bottom: 5px;'>TL-SG2008P<\/li>\n<li style='margin-bottom: 5px;'>Adaptador de corriente<\/li>\n<li style='margin-bottom: 5px;'>Gu\u00eda de instalaci\u00f3n<\/li>\n<li style='margin-bottom: 5px;'>Patas de goma<\/li>\n<\/ul><\/div>\n<\/p><\/div>\n<\/p><\/div>\n<p> <!-- Im\u00e1genes adicionales --> <\/p>\n<div style='display: flex; flex-wrap: wrap; gap: 20px; margin-bottom: 30px;'>\n<div style='flex: 1 1 100%; min-width: 300px;'> <img style='width: 100%; height: auto; border: 1px solid rgba(150&comma;150&comma;150&comma;0.3); border-radius: 8px;' src='https:\/\/ftp3.syscom.mx\/usuarios\/fotos\/TLSG2008P\/190882-captura_de_pantalla_2020-09-28_a_la(s)_11.44.31.png' alt=''> <\/div>\n<div style='flex: 1 1 100%; min-width: 300px;'> <img style='width: 100%; height: auto; border: 1px solid rgba(150&comma;150&comma;150&comma;0.3); border-radius: 8px;' src='https:\/\/ftp3.syscom.mx\/usuarios\/fotos\/TLSG2008P\/190882-captura_de_pantalla_2020-09-28_a_la(s)_12.21.21.png' alt=''> <\/div>\n<div style='flex: 1 1 100%; min-width: 300px;'> <img style='width: 100%; height: auto; border: 1px solid rgba(150&comma;150&comma;150&comma;0.3); border-radius: 8px;' src='https:\/\/ftp3.syscom.mx\/usuarios\/fotos\/TLSG2008P\/190882-captura_de_pantalla_2020-09-28_a_la(s)_12.21.34.png' alt=''> <\/div>\n<div style='flex: 1 1 100%; min-width: 300px;'> <img style='width: 100%; height: auto; border: 1px solid rgba(150&comma;150&comma;150&comma;0.3); border-radius: 8px;' src='https:\/\/ftp3.syscom.mx\/usuarios\/fotos\/TLSG2008P\/190882-captura_de_pantalla_2020-09-28_a_la(s)_12.21.49.png' alt=''> <\/div>\n<div style='flex: 1 1 100%; min-width: 300px;'> <img style='width: 100%; height: auto; border: 1px solid rgba(150&comma;150&comma;150&comma;0.3); border-radius: 8px;' src='https:\/\/ftp3.syscom.mx\/usuarios\/fotos\/TLSG2008P\/190882-captura_de_pantalla_2020-09-28_a_la(s)_12.22.24.png' alt=''> <\/div>\n<\/p><\/div>\n<\/p><\/div>\n","protected":false},"excerpt":{"rendered":"<p>Switch PoE JetStream SDN Administrable 8 puertos 10\/100\/1000 Mbps, 4 puertos PoE, 62W, administraci\u00f3n centralizada OMADA SDN<\/p>\n","protected":false},"featured_media":113171,"comment_status":"open","ping_status":"closed","template":"","meta":[],"product_brand":[],"product_cat":[1986],"product_tag":[664,1987,71],"class_list":{"0":"post-113172","1":"product","2":"type-product","3":"status-publish","4":"has-post-thumbnail","6":"product_cat-switches-poe","7":"product_tag-networking","8":"product_tag-switches-poe","9":"product_tag-tp-link","11":"first","12":"instock","13":"sale","14":"shipping-taxable","15":"purchasable","16":"product-type-simple"},"_links":{"self":[{"href":"https:\/\/soydeaqui.ddns.net\/pachuca\/index.php\/wp-json\/wp\/v2\/product\/113172","targetHints":{"allow":["GET"]}}],"collection":[{"href":"https:\/\/soydeaqui.ddns.net\/pachuca\/index.php\/wp-json\/wp\/v2\/product"}],"about":[{"href":"https:\/\/soydeaqui.ddns.net\/pachuca\/index.php\/wp-json\/wp\/v2\/types\/product"}],"replies":[{"embeddable":true,"href":"https:\/\/soydeaqui.ddns.net\/pachuca\/index.php\/wp-json\/wp\/v2\/comments?post=113172"}],"wp:featuredmedia":[{"embeddable":true,"href":"https:\/\/soydeaqui.ddns.net\/pachuca\/index.php\/wp-json\/wp\/v2\/media\/113171"}],"wp:attachment":[{"href":"https:\/\/soydeaqui.ddns.net\/pachuca\/index.php\/wp-json\/wp\/v2\/media?parent=113172"}],"wp:term":[{"taxonomy":"product_brand","embeddable":true,"href":"https:\/\/soydeaqui.ddns.net\/pachuca\/index.php\/wp-json\/wp\/v2\/product_brand?post=113172"},{"taxonomy":"product_cat","embeddable":true,"href":"https:\/\/soydeaqui.ddns.net\/pachuca\/index.php\/wp-json\/wp\/v2\/product_cat?post=113172"},{"taxonomy":"product_tag","embeddable":true,"href":"https:\/\/soydeaqui.ddns.net\/pachuca\/index.php\/wp-json\/wp\/v2\/product_tag?post=113172"}],"curies":[{"name":"wp","href":"https:\/\/api.w.org\/{rel}","templated":true}]}}