{"id":113167,"date":"2026-03-20T22:23:27","date_gmt":"2026-03-20T22:23:27","guid":{"rendered":"https:\/\/soydeaqui.ddns.net\/pachuca\/index.php\/producto\/switch-poe-jetstream-sdn-administrable-8-puertos-10-100-1000-mbps-2-puertos-sfp-8-puertos-poe-150w-administracion-centralizada-omada-sdn\/"},"modified":"2026-03-20T22:23:39","modified_gmt":"2026-03-20T22:23:39","slug":"switch-poe-jetstream-sdn-administrable-8-puertos-10-100-1000-mbps-2-puertos-sfp-8-puertos-poe-150w-administracion-centralizada-omada-sdn","status":"publish","type":"product","link":"https:\/\/soydeaqui.ddns.net\/pachuca\/index.php\/producto\/switch-poe-jetstream-sdn-administrable-8-puertos-10-100-1000-mbps-2-puertos-sfp-8-puertos-poe-150w-administracion-centralizada-omada-sdn\/","title":{"rendered":"Switch PoE JetStream SDN Administrable 8 puertos 10\/100\/1000 Mbps + 2 puertos SFP, 8 puertos PoE, 150W, administraci\u00f3n centralizada OMADA SDN"},"content":{"rendered":"<div style='width: 100%; max-width: 1200px; margin: 0 auto; font-family: sans-serif; line-height: 1.6; color: inherit; background-color: transparent;'>\n<div style='display: flex; flex-wrap: wrap; gap: 30px; margin-bottom: 30px;'>\n<div style='flex: 1 1 300px; min-width: 280px;'>\n<h3 style='font-size: 22px; border-bottom: 2px solid currentColor; padding-bottom: 5px; margin-top: 0; color: inherit; opacity: 0.8;'>Caracter\u00edsticas principales<\/h3>\n<ul style='padding-left: 20px; font-size: 15px; color: inherit;'>\n<li style='margin-bottom: 5px;'>Presupuesto PoE de 150 W: 8 puertos 802.3at \/ af PoE + con un suministro total de 150 W *.<\/li>\n<li style='margin-bottom: 5px;'>Puertos Gigabit completos: los 8 puertos PoE + gigabit y las 2 ranuras SFP gigabit proporcionan conexiones de alta velocidad.<\/li>\n<li style='margin-bottom: 5px;'>Integrado en Omada SDN: Zero-Touch Provisioning (ZTP) **&comma; Administraci\u00f3n centralizada v\u00eda nube y monitorizaci\u00f3n inteligente.<\/li>\n<li style='margin-bottom: 5px;'>Administraci\u00f3n centralizada: acceso a la nube y aplicaci\u00f3n Omada para una comodidad y administraci\u00f3n f\u00e1ciles.<\/li>\n<li style='margin-bottom: 5px;'>Estrategias de seguridad robustas: enlace de puertos IP-MAC&comma; ACL&comma; seguridad de puertos&comma; defensa DoS&comma; control de tormentas&comma; inspecci\u00f3n DHCP&comma; 802.1X&comma; autenticaci\u00f3n de radio y m\u00e1s.<\/li>\n<li style='margin-bottom: 5px;'>Optimizaci\u00f3n de las aplicaciones de voz y video: L2 \/ L3 \/ L4 QoS e IGMP snooping.<\/li>\n<\/ul>\n<p style='margin: 0; padding: 0; font-size: 14px; color: inherit;'> <a href='https:\/\/www.tp-link.com\/es\/solution\/poe\/' style='color: inherit; text-decoration: underline; font-weight: bold;'>Aprender m\u00e1s sobre la tecnolog\u00eda PoE TP-Link ><\/a> <\/p>\n<p style='margin: 0; padding: 0; font-size: 14px; color: inherit;'> <a href='https:\/\/www.tp-link.com\/es\/omada-sdn' style='color: inherit; text-decoration: underline; font-weight: bold;'>Aprender m\u00e1s sobre Omada Cloud SDN><\/a> <\/p>\n<\/p><\/div>\n<div style='flex: 1 1 300px; min-width: 280px;'> <img style='width: 100%; height: auto; border: 1px solid rgba(150&comma;150&comma;150&comma;0.3); border-radius: 8px;' src='https:\/\/ftp3.syscom.mx\/usuarios\/fotos\/TLSG2210MP\/190883-tl-sg2210mp(un)1.0-01_normal_1594869369356n.jpg' alt=''><\/div>\n<\/p><\/div>\n<div style='display: flex; flex-wrap: wrap; gap: 20px; margin-bottom: 30px;'>\n<div style='flex: 1 1 250px; border: 1px solid rgba(150&comma; 150&comma; 150&comma; 0.4); border-radius: 8px; overflow: hidden; display: flex; flex-direction: column;'>\n<div style='padding: 15px; border-bottom: 1px solid rgba(150&comma; 150&comma; 150&comma; 0.2); font-weight: bold; font-size: 18px; color: inherit;'>Caracter\u00edsticas principales<\/div>\n<div style='padding: 15px; color: inherit;'>\n<ul style='padding-left: 20px; margin: 0; font-size: 14px; list-style-type: disc;'>\n<li style='margin-bottom: 5px;'>Est\u00e1ndar: compatible con 802.3af \/ at<\/li>\n<li style='margin-bottom: 5px;'>Puertos PoE: 8 puertos<\/li>\n<li style='margin-bottom: 5px;'>Suministro PoE total: 150 W <\/li>\n<li style='margin-bottom: 5px;'>2 puertos SFP<\/li>\n<li style='margin-bottom: 5px;'>Omada App Si<\/li>\n<li style='margin-bottom: 5px;'>Administraci\u00f3n Centralizada: Omada Cloud-Based Controller&comma; Omada Hardware Controller (OC300)&comma; Omada Hardware Controller (OC200)&comma; Omada Software Controller<\/li>\n<li style='margin-bottom: 5px;'>Cloud Access S\u00ed (a trav\u00e9s de OC300&comma; OC200&comma; Omada Cloud-Based Controller o Omada Software Controller)<\/li>\n<li style='margin-bottom: 5px;'>Protocol VLAN<\/li>\n<li style='margin-bottom: 5px;'>8 puertos RJ45 10\/100\/1000 Mbps <\/li>\n<li style='margin-bottom: 5px;'>Negociaci\u00f3n autom\u00e1tica \/ Auto MDI \/ MDIX<\/li>\n<li style='margin-bottom: 5px;'>Capacidad de Conmutaci\u00f3n 20 Gbps<\/li>\n<li style='margin-bottom: 5px;'>Tasa de Reenv\u00edo de Paquetes 14.9 Mpps<\/li>\n<li style='margin-bottom: 5px;'>Tabla de Direcciones MAC 8K<\/li>\n<li style='margin-bottom: 5px;'>Memoria del Buffer de Paquete 4.1 Mbit<\/li>\n<li style='margin-bottom: 5px;'>Jumbo Frame 9 KB<\/li>\n<\/ul><\/div>\n<\/p><\/div>\n<div style='flex: 1 1 250px; border: 1px solid rgba(150&comma; 150&comma; 150&comma; 0.4); border-radius: 8px; overflow: hidden; display: flex; flex-direction: column;'>\n<div style='padding: 15px; border-bottom: 1px solid rgba(150&comma; 150&comma; 150&comma; 0.2); font-weight: bold; font-size: 18px; color: inherit;'>Caracter\u00edsticas F\u00edsicas y El\u00e9ctricas<\/div>\n<div style='padding: 15px; color: inherit;'>\n<ul style='padding-left: 20px; margin: 0; font-size: 14px; list-style-type: disc;'>\n<li style='margin-bottom: 5px;'>Dimensiones 294 x 180 x 44 mm (11.6 x 7.1 x 1.7 in)<\/li>\n<li style='margin-bottom: 5px;'>Montaje Montaje en rack<\/li>\n<li style='margin-bottom: 5px;'>Consumo de Potencia M\u00e1ximo: 12.2 W (110 V \/ 60 Hz with no PD connected)&comma; 173.9 W (110 V \/ 60 Hz with 150 W PD connected)<\/li>\n<li style='margin-bottom: 5px;'>Max Heat Dissipation: 41.63 BTU\/h (with no PD connected)&comma; 539.35 BTU\/h (with 150 W PD connected)<\/li>\n<li style='margin-bottom: 5px;'>Temperatura de Funcionamiento: 0\u00e2\u201e\u0192~40\u00e2\u201e\u0192 (32\u00e2\u201e\u2030~104\u00e2\u201e\u2030)<\/li>\n<li style='margin-bottom: 5px;'>Temperatura de Almacenamiento: -40\u00e2\u201e\u0192~70\u00e2\u201e\u0192 (-40\u00e2\u201e\u2030~158\u00e2\u201e\u2030)<\/li>\n<li style='margin-bottom: 5px;'>Humedad de Funcionamiento: 10%~90% sin condensaci\u00f3n<\/li>\n<li style='margin-bottom: 5px;'>Humedad de Almacenamiento: 5%~90% sin condensaci\u00f3n<\/li>\n<\/ul><\/div>\n<\/p><\/div>\n<div style='flex: 1 1 250px; border: 1px solid rgba(150&comma; 150&comma; 150&comma; 0.4); border-radius: 8px; overflow: hidden; display: flex; flex-direction: column;'>\n<div style='padding: 15px; border-bottom: 1px solid rgba(150&comma; 150&comma; 150&comma; 0.2); font-weight: bold; font-size: 18px; color: inherit;'>Contenido<\/div>\n<div style='padding: 15px; color: inherit;'>\n<ul style='padding-left: 20px; margin: 0; font-size: 14px; list-style-type: disc;'>\n<li style='margin-bottom: 5px;'>TL-SG2210MP<\/li>\n<li style='margin-bottom: 5px;'>Cable de alimentaci\u00f3n<\/li>\n<li style='margin-bottom: 5px;'>Gu\u00eda de instalaci\u00f3n<\/li>\n<li style='margin-bottom: 5px;'>Kit de montaje en bastidor<\/li>\n<li style='margin-bottom: 5px;'>Patas de goma<\/li>\n<\/ul><\/div>\n<\/p><\/div>\n<\/p><\/div>\n<hr style='border: 0; border-top: 1px solid rgba(150&comma; 150&comma; 150&comma; 0.3); margin: 30px 0;'>\n<div style='display: flex; flex-wrap: wrap; gap: 20px; margin-bottom: 30px;'>\n<div style='flex: 1 1 300px; min-width: 280px;'> <img style='width: 100%; height: auto; border: 1px solid rgba(150&comma;150&comma;150&comma;0.3); border-radius: 8px;' src='https:\/\/ftp3.syscom.mx\/usuarios\/fotos\/TLSG2008P\/190882-captura_de_pantalla_2020-09-28_a_la(s)_11.44.31.png' alt=''><\/div>\n<div style='flex: 1 1 300px; min-width: 280px;'> <img style='width: 100%; height: auto; border: 1px solid rgba(150&comma;150&comma;150&comma;0.3); border-radius: 8px;' src='https:\/\/ftp3.syscom.mx\/usuarios\/fotos\/TLSG2008P\/190882-captura_de_pantalla_2020-09-28_a_la(s)_12.21.21.png' alt=''><\/div>\n<div style='flex: 1 1 300px; min-width: 280px;'> <img style='width: 100%; height: auto; border: 1px solid rgba(150&comma;150&comma;150&comma;0.3); border-radius: 8px;' src='https:\/\/ftp3.syscom.mx\/usuarios\/fotos\/TLSG2008P\/190882-captura_de_pantalla_2020-09-28_a_la(s)_12.21.34.png' alt=''><\/div>\n<div style='flex: 1 1 300px; min-width: 280px;'> <img style='width: 100%; height: auto; border: 1px solid rgba(150&comma;150&comma;150&comma;0.3); border-radius: 8px;' src='https:\/\/ftp3.syscom.mx\/usuarios\/fotos\/TLSG2008P\/190882-captura_de_pantalla_2020-09-28_a_la(s)_12.21.49.png' alt=''><\/div>\n<div style='flex: 1 1 300px; min-width: 280px;'> <img style='width: 100%; height: auto; border: 1px solid rgba(150&comma;150&comma;150&comma;0.3); border-radius: 8px;' src='https:\/\/ftp3.syscom.mx\/usuarios\/fotos\/TLSG2008P\/190882-captura_de_pantalla_2020-09-28_a_la(s)_12.22.24.png' alt=''><\/div>\n<\/p><\/div>\n<\/p><\/div>\n","protected":false},"excerpt":{"rendered":"<p>Switch PoE JetStream SDN Administrable 8 puertos 10\/100\/1000 Mbps + 2 puertos SFP, 8 puertos PoE, 150W, administraci\u00f3n centralizada OMADA SDN<\/p>\n","protected":false},"featured_media":113166,"comment_status":"open","ping_status":"closed","template":"","meta":[],"product_brand":[],"product_cat":[1986],"product_tag":[664,1987,71],"class_list":{"0":"post-113167","1":"product","2":"type-product","3":"status-publish","4":"has-post-thumbnail","6":"product_cat-switches-poe","7":"product_tag-networking","8":"product_tag-switches-poe","9":"product_tag-tp-link","11":"first","12":"instock","13":"sale","14":"shipping-taxable","15":"purchasable","16":"product-type-simple"},"_links":{"self":[{"href":"https:\/\/soydeaqui.ddns.net\/pachuca\/index.php\/wp-json\/wp\/v2\/product\/113167","targetHints":{"allow":["GET"]}}],"collection":[{"href":"https:\/\/soydeaqui.ddns.net\/pachuca\/index.php\/wp-json\/wp\/v2\/product"}],"about":[{"href":"https:\/\/soydeaqui.ddns.net\/pachuca\/index.php\/wp-json\/wp\/v2\/types\/product"}],"replies":[{"embeddable":true,"href":"https:\/\/soydeaqui.ddns.net\/pachuca\/index.php\/wp-json\/wp\/v2\/comments?post=113167"}],"wp:featuredmedia":[{"embeddable":true,"href":"https:\/\/soydeaqui.ddns.net\/pachuca\/index.php\/wp-json\/wp\/v2\/media\/113166"}],"wp:attachment":[{"href":"https:\/\/soydeaqui.ddns.net\/pachuca\/index.php\/wp-json\/wp\/v2\/media?parent=113167"}],"wp:term":[{"taxonomy":"product_brand","embeddable":true,"href":"https:\/\/soydeaqui.ddns.net\/pachuca\/index.php\/wp-json\/wp\/v2\/product_brand?post=113167"},{"taxonomy":"product_cat","embeddable":true,"href":"https:\/\/soydeaqui.ddns.net\/pachuca\/index.php\/wp-json\/wp\/v2\/product_cat?post=113167"},{"taxonomy":"product_tag","embeddable":true,"href":"https:\/\/soydeaqui.ddns.net\/pachuca\/index.php\/wp-json\/wp\/v2\/product_tag?post=113167"}],"curies":[{"name":"wp","href":"https:\/\/api.w.org\/{rel}","templated":true}]}}