{"id":113162,"date":"2026-03-20T22:23:12","date_gmt":"2026-03-20T22:23:12","guid":{"rendered":"https:\/\/soydeaqui.ddns.net\/pachuca\/index.php\/producto\/switch-poe-jetstream-sdn-administrable-24-puertos-10-100-1000-mbps-4-puertos-sfp-24-puertos-poe-250w-administracion-centralizada-omada-sdn\/"},"modified":"2026-03-20T22:23:24","modified_gmt":"2026-03-20T22:23:24","slug":"switch-poe-jetstream-sdn-administrable-24-puertos-10-100-1000-mbps-4-puertos-sfp-24-puertos-poe-250w-administracion-centralizada-omada-sdn","status":"publish","type":"product","link":"https:\/\/soydeaqui.ddns.net\/pachuca\/index.php\/producto\/switch-poe-jetstream-sdn-administrable-24-puertos-10-100-1000-mbps-4-puertos-sfp-24-puertos-poe-250w-administracion-centralizada-omada-sdn\/","title":{"rendered":"Switch PoE JetStream SDN Administrable 24 puertos 10\/100\/1000 Mbps + 4 puertos SFP, 24 puertos PoE, 250W, administraci\u00f3n centralizada OMADA SDN"},"content":{"rendered":"<div style='width: 100%; max-width: 1200px; margin: 0 auto; font-family: sans-serif; line-height: 1.6; color: inherit; background-color: transparent;'>\n<div style='display: flex; flex-wrap: wrap; gap: 30px; margin-bottom: 30px;'>\n<div style='flex: 1 1 300px; min-width: 280px;'> <img style='width: 100%; height: auto; border: 1px solid rgba(150&comma;150&comma;150&comma;0.3); border-radius: 8px;' src='https:\/\/ftp3.syscom.mx\/usuarios\/fotos\/TLSG2428P\/190895-tl-sg2428p_un_1.0_02_normal_1594869173593r.jpg' alt=''> <\/div>\n<div style='flex: 1 1 300px; min-width: 280px;'>\n<h1 style='font-size: 22px; font-weight: 400; line-height: 1.2; color: inherit; margin-top: 0; margin-bottom: 12px; border: none;'>Switch Smart Gigabit JetStream de 24 puertos PoE+ y 4 ranuras SFP<\/h1>\n<div style='margin-bottom: 1em; border-bottom: 1px solid rgba(150&comma;150&comma;150&comma;0.3); height: 1em; opacity: 0.5;'><\/div>\n<div style='margin-bottom: 1em; height: 1em;'><\/div>\n<ul style='padding-left: 20px; font-size: 15px; color: inherit;'>\n<li style='margin-bottom: 10px;'><strong style='font-weight: bold;'>Rendimiento PoE+ de hasta 250W<\/strong>: puertos PoE + compatibles con 24 \u00d7 802.3at \/ af con una fuente de alimentaci\u00f3n total de 250 W *.<\/li>\n<li style='margin-bottom: 10px;'><strong style='font-weight: bold;'>Puertos Gigabit completos<\/strong>: los puertos PoE + de 24 \u00d7 gigabit y las ranuras SFP de 4 \u00d7 gigabit proporcionan conexiones de alta velocidad.<\/li>\n<li style='margin-bottom: 10px;'><strong style='font-weight: bold;'>Integrado en Omada SDN<\/strong>: Zero-Touch Provisioning (ZTP) **&comma; Administraci\u00f3n centralizada en la nube y Monitorizaci\u00f3n inteligente.<\/li>\n<li style='margin-bottom: 10px;'><strong style='font-weight: bold;'>Administraci\u00f3n centralizada<\/strong>: acceso a la nube y aplicaci\u00f3n Omada para una comodidad y administraci\u00f3n f\u00e1ciles.<\/li>\n<li style='margin-bottom: 10px;'><strong style='font-weight: bold;'>Enrutamiento est\u00e1tico<\/strong>: ayuda a enrutar el tr\u00e1fico interno para un uso m\u00e1s eficiente de los recursos de la red.<\/li>\n<li style='margin-bottom: 10px;'><strong style='font-weight: bold;'>Estrategias de seguridad s\u00f3lidas<\/strong>: enlace de puertos IP-MAC&comma; ACL&comma; seguridad de puertos&comma; defensa DoS&comma; control de tormentas&comma; DHCP Snooping&comma; 802.1X&comma; autenticaci\u00f3n de radio y m\u00e1s.<\/li>\n<li style='margin-bottom: 10px;'><strong style='font-weight: bold;'>Optimice las aplicaciones de voz y video<\/strong>: L2 \/ L3 \/ L4 QoS e IGMP snooping.<\/li>\n<li style='margin-bottom: 10px;'><strong style='font-weight: bold;'>IPv6<\/strong>: soporte IPv6 con doble pila IPv4 \/ IPv6&comma; indagaci\u00f3n MLD&comma; descubrimiento de vecinos IPv6.<\/li>\n<\/ul>\n<p style='margin-bottom: 10px;'><a style='color: #4acbd6; text-decoration: none; outline: none;' href='https:\/\/www.tp-link.com\/es\/solution\/poe\/'>Aprender m\u00e1s sobre la tecnolog\u00eda PoE TP-Link ><\/a><\/p>\n<p style='margin-bottom: 10px;'><a style='color: #4acbd6; text-decoration: none; outline: none;' href='https:\/\/www.tp-link.com\/es\/omada-sdn'>Aprender m\u00e1s sobre Omada Cloud SDN ><\/a><\/p>\n<\/p><\/div>\n<\/p><\/div>\n<div style='display: flex; flex-wrap: wrap; gap: 30px; margin-bottom: 30px;'>\n<div style='flex: 1 1 250px; border: 1px solid rgba(150&comma; 150&comma; 150&comma; 0.4); border-radius: 8px; overflow: hidden; display: flex; flex-direction: column;'>\n<div style='padding: 15px; border-bottom: 1px solid rgba(150&comma; 150&comma; 150&comma; 0.2); font-weight: bold; font-size: 18px; color: inherit;'>Caracter\u00edsticas principales:<\/div>\n<div style='padding: 15px; color: inherit;'>\n<ul style='padding-left: 20px; margin: 0; font-size: 14px; list-style-type: disc;'>\n<li style='margin-bottom: 5px;'>Est\u00e1ndar: compatible con 802.3af \/ at<\/li>\n<li style='margin-bottom: 5px;'>Puertos PoE: 24 puertos<\/li>\n<li style='margin-bottom: 5px;'>Suministro PoE total: 250 W<\/li>\n<li style='margin-bottom: 5px;'>4 puertos SFP<\/li>\n<li style='margin-bottom: 5px;'>Omada App S\u00ed<\/li>\n<li style='margin-bottom: 5px;'>Administraci\u00f3n Centralizada: Omada Cloud-Based Controller&comma; Omada Hardware Controller (OC300)&comma; Omada Hardware Controller (OC200)&comma; Omada Software Controller<\/li>\n<li style='margin-bottom: 5px;'>Cloud Access S\u00ed (a trav\u00e9s de OC300&comma; OC200&comma; Omada Cloud-Based Controller o Omada Software Controller)<\/li>\n<li style='margin-bottom: 5px;'>Protocol VLAN<\/li>\n<li style='margin-bottom: 5px;'>24 puertos RJ45 10\/100\/1000 Mbps<\/li>\n<li style='margin-bottom: 5px;'>Negociaci\u00f3n autom\u00e1tica \/ Auto MDI \/ MDIX<\/li>\n<li style='margin-bottom: 5px;'>Ancho de Banda \/ Backplane 56 Gbps<\/li>\n<li style='margin-bottom: 5px;'>Tasa de Reenv\u00edo de Paquetes 41.7 Mpps<\/li>\n<li style='margin-bottom: 5px;'>Tabla de Direcciones MAC 8K<\/li>\n<li style='margin-bottom: 5px;'>Memoria del Buffer de Paquete 4.1 Mbit<\/li>\n<li style='margin-bottom: 5px;'>Jumbo Frame 9KB<\/li>\n<\/ul><\/div>\n<\/p><\/div>\n<div style='flex: 1 1 250px; border: 1px solid rgba(150&comma; 150&comma; 150&comma; 0.4); border-radius: 8px; overflow: hidden; display: flex; flex-direction: column;'>\n<div style='padding: 15px; border-bottom: 1px solid rgba(150&comma; 150&comma; 150&comma; 0.2); font-weight: bold; font-size: 18px; color: inherit;'>Caracter\u00edsticas F\u00edsicas y El\u00e9ctricas:<\/div>\n<div style='padding: 15px; color: inherit;'>\n<ul style='padding-left: 20px; margin: 0; font-size: 14px; list-style-type: disc;'>\n<li style='margin-bottom: 5px;'>Dimensiones 440 \u00d7 220 \u00d7 44 mm (17&comma;3 \u00d7 8&comma;7 \u00d7 1&comma;73 pulg.)<\/li>\n<li style='margin-bottom: 5px;'>Montaje Montaje en rack<\/li>\n<li style='margin-bottom: 5px;'>Consumo de Potencia M\u00e1ximo: 32&comma;1 W (110 V \/ 60 Hz sin PD conectado)&comma; 308&comma;6 W (110 V \/ 60 Hz con PD de 250 W conectado)<\/li>\n<li style='margin-bottom: 5px;'>Disipaci\u00f3n de calor m\u00e1xima: 109&comma;53 BTU \/ h (sin PD conectado)&comma; 1052&comma;94 BTU \/ h (con PD de 250 W conectado)<\/li>\n<li style='margin-bottom: 5px;'>Temperatura de Funcionamiento: 0\u00b0C~40\u00b0C (32\u00b0F~104\u00b0F)<\/li>\n<li style='margin-bottom: 5px;'>Temperatura de Almacenamiento: -40\u00b0C~70\u00b0C (-40\u00b0F~158\u00b0F)<\/li>\n<li style='margin-bottom: 5px;'>Humedad de Funcionamiento: 10%~90% sin condensaci\u00f3n<\/li>\n<li style='margin-bottom: 5px;'>Humedad de Almacenamiento: 5%~90% sin condensaci\u00f3n<\/li>\n<\/ul><\/div>\n<\/p><\/div>\n<div style='flex: 1 1 250px; border: 1px solid rgba(150&comma; 150&comma; 150&comma; 0.4); border-radius: 8px; overflow: hidden; display: flex; flex-direction: column;'>\n<div style='padding: 15px; border-bottom: 1px solid rgba(150&comma; 150&comma; 150&comma; 0.2); font-weight: bold; font-size: 18px; color: inherit;'>Contenido:<\/div>\n<div style='padding: 15px; color: inherit;'>\n<ul style='padding-left: 20px; margin: 0; font-size: 14px; list-style-type: disc;'>\n<li style='margin-bottom: 5px;'>TL-SG2428P<\/li>\n<li style='margin-bottom: 5px;'>Cable de alimentaci\u00f3n<\/li>\n<li style='margin-bottom: 5px;'>Gu\u00eda de instalaci\u00f3n<\/li>\n<li style='margin-bottom: 5px;'>Kit de montaje en bastidor<\/li>\n<li style='margin-bottom: 5px;'>Patas de goma<\/li>\n<\/ul><\/div>\n<\/p><\/div>\n<\/p><\/div>\n<div style='display: flex; flex-wrap: wrap; gap: 30px; margin-bottom: 30px;'>\n<div style='flex: 1 1 300px; min-width: 280px;'> <img style='width: 100%; height: auto; border: 1px solid rgba(150&comma;150&comma;150&comma;0.3); border-radius: 8px;' src='https:\/\/ftp3.syscom.mx\/usuarios\/fotos\/TLSG2008P\/190882-captura_de_pantalla_2020-09-28_a_la(s)_11.44.31.png' alt=''> <\/div>\n<div style='flex: 1 1 300px; min-width: 280px;'> <img style='width: 100%; height: auto; border: 1px solid rgba(150&comma;150&comma;150&comma;0.3); border-radius: 8px;' src='https:\/\/ftp3.syscom.mx\/usuarios\/fotos\/TLSG2008P\/190882-captura_de_pantalla_2020-09-28_a_la(s)_12.21.21.png' alt=''> <\/div>\n<\/p><\/div>\n<div style='display: flex; flex-wrap: wrap; gap: 30px; margin-bottom: 30px;'>\n<div style='flex: 1 1 300px; min-width: 280px;'> <img style='width: 100%; height: auto; border: 1px solid rgba(150&comma;150&comma;150&comma;0.3); border-radius: 8px;' src='https:\/\/ftp3.syscom.mx\/usuarios\/fotos\/TLSG2008P\/190882-captura_de_pantalla_2020-09-28_a_la(s)_12.21.34.png' alt=''> <\/div>\n<div style='flex: 1 1 300px; min-width: 280px;'> <img style='width: 100%; height: auto; border: 1px solid rgba(150&comma;150&comma;150&comma;0.3); border-radius: 8px;' src='https:\/\/ftp3.syscom.mx\/usuarios\/fotos\/TLSG2008P\/190882-captura_de_pantalla_2020-09-28_a_la(s)_12.21.49.png' alt=''> <\/div>\n<\/p><\/div>\n<div style='display: flex; flex-wrap: wrap; gap: 30px; margin-bottom: 30px;'>\n<div style='flex: 1 1 300px; min-width: 280px;'> <img style='width: 100%; height: auto; border: 1px solid rgba(150&comma;150&comma;150&comma;0.3); border-radius: 8px;' src='https:\/\/ftp3.syscom.mx\/usuarios\/fotos\/TLSG2008P\/190882-captura_de_pantalla_2020-09-28_a_la(s)_12.22.24.png' alt=''> <\/div>\n<\/p><\/div>\n<\/p><\/div>\n","protected":false},"excerpt":{"rendered":"<p>Switch PoE JetStream SDN Administrable 24 puertos 10\/100\/1000 Mbps + 4 puertos SFP, 24 puertos PoE, 250W, administraci\u00f3n centralizada OMADA SDN<\/p>\n","protected":false},"featured_media":113161,"comment_status":"open","ping_status":"closed","template":"","meta":[],"product_brand":[],"product_cat":[1986],"product_tag":[664,1987,71],"class_list":{"0":"post-113162","1":"product","2":"type-product","3":"status-publish","4":"has-post-thumbnail","6":"product_cat-switches-poe","7":"product_tag-networking","8":"product_tag-switches-poe","9":"product_tag-tp-link","11":"first","12":"instock","13":"sale","14":"shipping-taxable","15":"purchasable","16":"product-type-simple"},"_links":{"self":[{"href":"https:\/\/soydeaqui.ddns.net\/pachuca\/index.php\/wp-json\/wp\/v2\/product\/113162","targetHints":{"allow":["GET"]}}],"collection":[{"href":"https:\/\/soydeaqui.ddns.net\/pachuca\/index.php\/wp-json\/wp\/v2\/product"}],"about":[{"href":"https:\/\/soydeaqui.ddns.net\/pachuca\/index.php\/wp-json\/wp\/v2\/types\/product"}],"replies":[{"embeddable":true,"href":"https:\/\/soydeaqui.ddns.net\/pachuca\/index.php\/wp-json\/wp\/v2\/comments?post=113162"}],"wp:featuredmedia":[{"embeddable":true,"href":"https:\/\/soydeaqui.ddns.net\/pachuca\/index.php\/wp-json\/wp\/v2\/media\/113161"}],"wp:attachment":[{"href":"https:\/\/soydeaqui.ddns.net\/pachuca\/index.php\/wp-json\/wp\/v2\/media?parent=113162"}],"wp:term":[{"taxonomy":"product_brand","embeddable":true,"href":"https:\/\/soydeaqui.ddns.net\/pachuca\/index.php\/wp-json\/wp\/v2\/product_brand?post=113162"},{"taxonomy":"product_cat","embeddable":true,"href":"https:\/\/soydeaqui.ddns.net\/pachuca\/index.php\/wp-json\/wp\/v2\/product_cat?post=113162"},{"taxonomy":"product_tag","embeddable":true,"href":"https:\/\/soydeaqui.ddns.net\/pachuca\/index.php\/wp-json\/wp\/v2\/product_tag?post=113162"}],"curies":[{"name":"wp","href":"https:\/\/api.w.org\/{rel}","templated":true}]}}