{"id":113154,"date":"2026-03-20T22:22:43","date_gmt":"2026-03-20T22:22:43","guid":{"rendered":"https:\/\/soydeaqui.ddns.net\/pachuca\/index.php\/producto\/fuente-de-poder-16-salidas-12-13-2-vdc10a-con-espacio-para-resguardar-su-dvr-nvr\/"},"modified":"2026-03-20T22:23:06","modified_gmt":"2026-03-20T22:23:06","slug":"fuente-de-poder-16-salidas-12-13-2-vdc10a-con-espacio-para-resguardar-su-dvr-nvr","status":"publish","type":"product","link":"https:\/\/soydeaqui.ddns.net\/pachuca\/index.php\/producto\/fuente-de-poder-16-salidas-12-13-2-vdc10a-con-espacio-para-resguardar-su-dvr-nvr\/","title":{"rendered":"Fuente de Poder\/ 16 Salidas\/ 12-13.2 Vdc@10A. \u00a1CON ESPACIO PARA RESGUARDAR SU DVR\/NVR!"},"content":{"rendered":"<div style='width: 100%; max-width: 1200px; margin: 0 auto; font-family: sans-serif; line-height: 1.6; color: inherit; background-color: transparent;'>\n<div style='display: flex; flex-wrap: wrap; gap: 30px; margin-bottom: 30px;'>\n<div style='flex: 1 1 300px; min-width: 280px;'>\n<h3 style='font-size: 22px; border-bottom: 2px solid currentColor; padding-bottom: 5px; margin-top: 0; color: inherit; opacity: 0.8;'>Caracter\u00edsticas<\/h3>\n<ul style='padding-left: 20px; font-size: 15px; color: inherit;'>\n<li style='margin-bottom: 5px;'>La \u00danica fuente de poder del mercado con espacio para almacenar el DVR\/NVR Asegurando la soluci\u00f3n m\u00e1s est\u00e9tica del mercado.<\/li>\n<li style='margin-bottom: 5px;'><span style='color: #2880b9; font-weight: bold;'>+<\/span> Est\u00e9tica en instalaci\u00f3n.<\/li>\n<li style='margin-bottom: 5px;'><span style='color: #2880b9; font-weight: bold;'>+<\/span> Aprovechamiento de espacios.<\/li>\n<li style='margin-bottom: 5px;'><span style='color: #2880b9; font-weight: bold;'>&#8211;<\/span> Calentamiento del sistema.<\/li>\n<\/ul><\/div>\n<\/p><\/div>\n<div style='display: flex; flex-wrap: wrap; gap: 20px; margin-bottom: 30px;'>\n<div style='flex: 1 1 250px; border: 1px solid rgba(150&comma; 150&comma; 150&comma; 0.4); border-radius: 8px; overflow: hidden; display: flex; flex-direction: column;'>\n<div style='padding: 15px; border-bottom: 1px solid rgba(150&comma; 150&comma; 150&comma; 0.2); font-weight: bold; font-size: 18px; color: inherit;'>Caracter\u00edsticas Funcionales<\/div>\n<div style='padding: 15px; color: inherit;'>\n<ul style='padding-left: 20px; margin: 0; font-size: 14px; list-style-type: disc;'>\n<li style='margin-bottom: 5px;'>Alimentaci\u00f3n hasta 16 c\u00e1maras (13.2 Vdc @ 10A).<\/li>\n<li style='margin-bottom: 5px;'>Tapa superior totalmente desmontable.<\/li>\n<li style='margin-bottom: 5px;'>Incluye 2 ventiladores para extracci\u00f3n de aire caliente.<\/li>\n<li style='margin-bottom: 5px;'>Cinto con broche para sujeci\u00f3n de grabadora.<\/li>\n<li style='margin-bottom: 5px;'>Cuenta con perforaciones para fijarse a mesa o escritorio.<\/li>\n<li style='margin-bottom: 5px;'>Incluye chapa de seguridad y llave.<\/li>\n<\/ul><\/div>\n<\/p><\/div>\n<div style='flex: 1 1 250px; border: 1px solid rgba(150&comma; 150&comma; 150&comma; 0.4); border-radius: 8px; overflow: hidden; display: flex; flex-direction: column;'>\n<div style='padding: 15px; border-bottom: 1px solid rgba(150&comma; 150&comma; 150&comma; 0.2); font-weight: bold; font-size: 18px; color: inherit;'>Aplicaci\u00f3n y Funcionamiento<\/div>\n<div style='padding: 15px; color: inherit;'>\n<p style='margin-bottom: 15px;'>El objetivo del equipo es resguardar de manera segura su DVR\/NVR para prevenir:<\/p>\n<ul style='padding-left: 20px; margin: 0; font-size: 14px; list-style-type: disc;'>\n<li style='margin-bottom: 5px;'>Acceso a botones para apagar o modificar configuraciones establecidas.<\/li>\n<li style='margin-bottom: 5px;'>Desconexi\u00f3n de cabelado de red o de alimentaci\u00f3n (en equipo).<\/li>\n<li style='margin-bottom: 5px;'>Da\u00f1o f\u00edsico directo sobre carcasa por golpes de otros elementos.<\/li>\n<\/ul><\/div>\n<\/p><\/div>\n<div style='flex: 1 1 250px; border: 1px solid rgba(150&comma; 150&comma; 150&comma; 0.4); border-radius: 8px; overflow: hidden; display: flex; flex-direction: column;'>\n<div style='padding: 15px; border-bottom: 1px solid rgba(150&comma; 150&comma; 150&comma; 0.2); font-weight: bold; font-size: 18px; color: inherit;'>Caracter\u00edsticas El\u00e9ctricas<\/div>\n<div style='padding: 15px; color: inherit;'>\n<ul style='padding-left: 20px; margin: 0; font-size: 14px; list-style-type: disc;'>\n<li style='margin-bottom: 5px;'>N\u00famero de salidas: 16.<\/li>\n<li style='margin-bottom: 5px;'>Voltaje de entrada: 100-240 Vca (Entrada de voltaje de l\u00ednea autoajustable).<\/li>\n<li style='margin-bottom: 5px;'>Voltaje de salida: 12 Vcc Nominal (Ajustable de 11.4 a 13.2 Vdc).<\/li>\n<li style='margin-bottom: 5px;'>Corriente de salida M\u00e1xima: 10 Amp.<\/li>\n<li style='margin-bottom: 5px;'>Fusible por salida: de fusi\u00f3n r\u00e1pida (tipo burbuja) 1.6 Amp<\/li>\n<li style='margin-bottom: 5px;'>Se puede modificar la capacidad del fusible de protecci\u00f3n para ofrecer mayor corriente por salida (La corriente m\u00e1xima debe ser menor o igual a la m\u00e1xima recomendada).<\/li>\n<\/ul><\/div>\n<\/p><\/div>\n<div style='flex: 1 1 250px; border: 1px solid rgba(150&comma; 150&comma; 150&comma; 0.4); border-radius: 8px; overflow: hidden; display: flex; flex-direction: column;'>\n<div style='padding: 15px; border-bottom: 1px solid rgba(150&comma; 150&comma; 150&comma; 0.2); font-weight: bold; font-size: 18px; color: inherit;'>Caracter\u00edsticas F\u00edsicas<\/div>\n<div style='padding: 15px; color: inherit;'>\n<ul style='padding-left: 20px; margin: 0; font-size: 14px; list-style-type: disc;'>\n<li style='margin-bottom: 5px;'>Aplicaci\u00f3n: Interior.<\/li>\n<li style='margin-bottom: 5px;'>Material: Acero Calibre 20.<\/li>\n<li style='margin-bottom: 5px;'>Pintura: Negro semi mate aplicaci\u00f3n en polvo base poliester.<\/li>\n<li style='margin-bottom: 5px;'>Peso: <\/li>\n<li style='margin-bottom: 5px;'>Dimensiones exteriores de gabinete:\n<ul style='padding-left: 20px; margin: 0; font-size: 14px; list-style-type: disc;'>\n<li style='margin-bottom: 5px;'>Ancho: 496 mm<\/li>\n<li style='margin-bottom: 5px;'>Alto: 118 mm<\/li>\n<li style='margin-bottom: 5px;'>Profundidad: 599 mm<\/li>\n<\/ul>\n<\/li>\n<\/ul><\/div>\n<\/p><\/div>\n<div style='flex: 1 1 250px; border: 1px solid rgba(150&comma; 150&comma; 150&comma; 0.4); border-radius: 8px; overflow: hidden; display: flex; flex-direction: column;'>\n<div style='padding: 15px; border-bottom: 1px solid rgba(150&comma; 150&comma; 150&comma; 0.2); font-weight: bold; font-size: 18px; color: inherit;'>Compatibilidad<\/div>\n<div style='padding: 15px; color: inherit;'>\n<p style='margin-bottom: 15px;'>Dimensi\u00f3n m\u00e1xima de videograbadora a resguardar:<\/p>\n<ul style='padding-left: 20px; margin: 0; font-size: 14px; list-style-type: disc;'>\n<li style='margin-bottom: 5px;'>Ancho: 445 mm<\/li>\n<li style='margin-bottom: 5px;'>Alto: 88 mm<\/li>\n<li style='margin-bottom: 5px;'>Profundidad: 400 mm<\/li>\n<\/ul><\/div>\n<\/p><\/div>\n<\/p><\/div>\n<div style='display: flex; flex-wrap: wrap; gap: 30px; margin-bottom: 30px;'>\n<div style='flex: 1 1 300px; min-width: 280px;'>\n<h3 style='font-size: 22px; border-bottom: 2px solid currentColor; padding-bottom: 5px; margin-top: 0; color: inherit; opacity: 0.8;'>Compatibilidad<\/h3>\n<p> <img style='width: 100%; height: auto; border: 1px solid rgba(150&comma;150&comma;150&comma;0.3); border-radius: 8px;' src='https:\/\/ftp3.syscom.mx\/usuarios\/fotos\/GABVID2GTR16\/190906-compatibillidad_gavid2r2.png' alt=''> <\/div>\n<div style='flex: 1 1 300px; min-width: 280px;'>\n<h3 style='font-size: 22px; border-bottom: 2px solid currentColor; padding-bottom: 5px; margin-top: 0; color: inherit; opacity: 0.8;'>Dimensiones<\/h3>\n<p> <img style='width: 100%; height: auto; border: 1px solid rgba(150&comma;150&comma;150&comma;0.3); border-radius: 8px;' src='https:\/\/ftp3.syscom.mx\/usuarios\/dcarreon\/EPCOM%20INDUSTRIAL\/PRODUCTOS2\/GABVID1\/IMAGEN%20GAB.png' alt=''> <\/div>\n<\/p><\/div>\n<hr style='border: 0; border-top: 1px solid rgba(150&comma; 150&comma; 150&comma; 0.3); margin: 30px 0;'> <\/div>\n","protected":false},"excerpt":{"rendered":"<p>Fuente de Poder\/ 16 Salidas\/ 12-13.2 Vdc@10A. \u00a1CON ESPACIO PARA RESGUARDAR SU DVR\/NVR!<\/p>\n","protected":false},"featured_media":113153,"comment_status":"open","ping_status":"closed","template":"","meta":[],"product_brand":[],"product_cat":[1307],"product_tag":[417,181,1308],"class_list":{"0":"post-113154","1":"product","2":"type-product","3":"status-publish","4":"has-post-thumbnail","6":"product_cat-gabinetes-de-acero-para-dvr-y-nvr","7":"product_tag-accesorios-generales","8":"product_tag-epcom-industrial","9":"product_tag-gabinetes-de-acero-para-dvr-y-nvr","11":"first","12":"outofstock","13":"sale","14":"shipping-taxable","15":"purchasable","16":"product-type-simple"},"_links":{"self":[{"href":"https:\/\/soydeaqui.ddns.net\/pachuca\/index.php\/wp-json\/wp\/v2\/product\/113154","targetHints":{"allow":["GET"]}}],"collection":[{"href":"https:\/\/soydeaqui.ddns.net\/pachuca\/index.php\/wp-json\/wp\/v2\/product"}],"about":[{"href":"https:\/\/soydeaqui.ddns.net\/pachuca\/index.php\/wp-json\/wp\/v2\/types\/product"}],"replies":[{"embeddable":true,"href":"https:\/\/soydeaqui.ddns.net\/pachuca\/index.php\/wp-json\/wp\/v2\/comments?post=113154"}],"wp:featuredmedia":[{"embeddable":true,"href":"https:\/\/soydeaqui.ddns.net\/pachuca\/index.php\/wp-json\/wp\/v2\/media\/113153"}],"wp:attachment":[{"href":"https:\/\/soydeaqui.ddns.net\/pachuca\/index.php\/wp-json\/wp\/v2\/media?parent=113154"}],"wp:term":[{"taxonomy":"product_brand","embeddable":true,"href":"https:\/\/soydeaqui.ddns.net\/pachuca\/index.php\/wp-json\/wp\/v2\/product_brand?post=113154"},{"taxonomy":"product_cat","embeddable":true,"href":"https:\/\/soydeaqui.ddns.net\/pachuca\/index.php\/wp-json\/wp\/v2\/product_cat?post=113154"},{"taxonomy":"product_tag","embeddable":true,"href":"https:\/\/soydeaqui.ddns.net\/pachuca\/index.php\/wp-json\/wp\/v2\/product_tag?post=113154"}],"curies":[{"name":"wp","href":"https:\/\/api.w.org\/{rel}","templated":true}]}}