{"id":113152,"date":"2026-03-20T22:22:37","date_gmt":"2026-03-20T22:22:37","guid":{"rendered":"https:\/\/soydeaqui.ddns.net\/pachuca\/index.php\/producto\/bala-ip-2-megapixel-30-mts-ir-exir-exterior-ip67-lente-2-8-mm-dwdr-poe\/"},"modified":"2026-03-20T22:22:40","modified_gmt":"2026-03-20T22:22:40","slug":"bala-ip-2-megapixel-30-mts-ir-exir-exterior-ip67-lente-2-8-mm-dwdr-poe","status":"publish","type":"product","link":"https:\/\/soydeaqui.ddns.net\/pachuca\/index.php\/producto\/bala-ip-2-megapixel-30-mts-ir-exir-exterior-ip67-lente-2-8-mm-dwdr-poe\/","title":{"rendered":"Bala IP 2 Megapixel \/ 30 mts IR EXIR \/ Exterior IP67 \/ Lente 2.8 mm \/ dWDR \/ PoE"},"content":{"rendered":"<div style='width: 100%; max-width: 1200px; margin: 0 auto; font-family: sans-serif; line-height: 1.6; color: inherit; background-color: transparent;'> <!-- Logo principal --> <\/p>\n<div style='margin-bottom: 30px; text-align: center;'> <img style='width: 45%; max-width: 300px; height: auto; border: 1px solid rgba(150&comma;150&comma;150&comma;0.3); border-radius: 8px; padding: 5px;' src='https:\/\/ftp3.syscom.mx\/usuarios\/jsosa\/HIKVISION\/imagenes\/logo\/hikvision%20see%20far.png' alt='Hikvision Logo'> <\/div>\n<p> <!-- Secci\u00f3n de caracter\u00edsticas con flex --> <\/p>\n<div style='display: flex; flex-wrap: wrap; gap: 30px; margin-bottom: 30px;'>\n<div style='flex: 1 1 300px; min-width: 280px;'>\n<h3 style='font-size: 22px; border-bottom: 2px solid currentColor; padding-bottom: 5px; margin-top: 0; color: inherit; opacity: 0.8;'>Caracter\u00edsticas Principales:<\/h3>\n<ul style='padding-left: 20px; font-size: 15px; color: inherit;'>\n<li style='margin-bottom: 5px;'><strong>Resoluci\u00f3n m\u00e1xima:<\/strong> 4 Megapixel (2560 x 1440)<\/li>\n<li style='margin-bottom: 5px;'><strong>Iluminaci\u00f3n m\u00ednima color:<\/strong> 0.01 Lux @ (F2.0&comma; AGC ON)<\/li>\n<li style='margin-bottom: 5px;'><strong>Iluminaci\u00f3n m\u00ednima B\/N:<\/strong> 0 Lux con IR<\/li>\n<li style='margin-bottom: 5px;'><strong>D\u00eda \/ Noche:<\/strong> Real (filtro ICR)<\/li>\n<li style='margin-bottom: 5px;'><strong>Distancia focal:<\/strong> 2.8 mm (\u00e1ngulo de visi\u00f3n horizontal 98\u00b0)<\/li>\n<li style='margin-bottom: 5px;'><strong>Distancia de infrarrojo:<\/strong> 30 m<\/li>\n<li style='margin-bottom: 5px;'><strong>Funciones:<\/strong> WDR 120dB \/ D3 DNR \/ BLC<\/li>\n<li style='margin-bottom: 5px;'><strong>Compresi\u00f3n:<\/strong> H.265+ \/ H.265 \/ H.264+ \/ H.264<\/li>\n<li style='margin-bottom: 5px;'><strong>Plataforma compatible:<\/strong> Hik-Connect (<a style='text-decoration: underline; color: inherit;' href='https:\/\/appstore.hikvision.com\/' target='_blank' rel='noopener'>https:\/\/appstore.hikvision.com\/<\/a>)<\/li>\n<li style='margin-bottom: 5px;'><strong>Sensor de imagen:<\/strong> 1\/3&#8242; CMOS progressive scan<\/li>\n<li style='margin-bottom: 5px;'><strong>Tiempo de obturaci\u00f3n:<\/strong> 1\/3 s a 1\/100&comma;000 s<\/li>\n<li style='margin-bottom: 5px;'><strong>Ajuste de \u00e1ngulo:<\/strong> Pan 0\u00b0 a 360\u00b0&comma; Tilt 0\u00b0 a 75\u00b0&comma; Rotaci\u00f3n 0\u00b0 a 360\u00b0<\/li>\n<li style='margin-bottom: 5px;'><strong>Montura de lente:<\/strong> M12<\/li>\n<li style='margin-bottom: 5px;'><strong>Apertura:<\/strong> F2.0 (fija)<\/li>\n<li style='margin-bottom: 5px;'><strong>Tecnolog\u00eda IR:<\/strong> EXIR 2.0 con luz suplementaria inteligente<\/li>\n<li style='margin-bottom: 5px;'><strong>Longitud de onda IR:<\/strong> 850 nm<\/li>\n<\/ul><\/div>\n<div style='flex: 1 1 300px; min-width: 280px;'>\n<h3 style='font-size: 22px; border-bottom: 2px solid currentColor; padding-bottom: 5px; margin-top: 0; color: inherit; opacity: 0.8;'>Entradas y Salidas de Audio \/ Alarmas \/ Red:<\/h3>\n<ul style='padding-left: 20px; font-size: 15px; color: inherit;'>\n<li style='margin-bottom: 5px;'><strong>Entradas de alarma:<\/strong> NA<\/li>\n<li style='margin-bottom: 5px;'><strong>Salidas de alarma:<\/strong> NA<\/li>\n<li style='margin-bottom: 5px;'><strong>Entradas de audio:<\/strong> NA<\/li>\n<li style='margin-bottom: 5px;'><strong>Salidas de audio:<\/strong> NA<\/li>\n<li style='margin-bottom: 5px;'><strong>Puerto de red:<\/strong> 1 (10 \/ 100 Mbps \/ PoE 802.3af)<\/li>\n<li style='margin-bottom: 5px;'><strong>Compatibilidad:<\/strong> ONVIF (PROFILE S) \/ ISAPI<\/li>\n<li style='margin-bottom: 5px;'><strong>Protocolos de red:<\/strong> TCP\/IP&comma; ICMP&comma; HTTP&comma; HTTPS&comma; FTP&comma; DHCP&comma; DNS&comma; DDNS&comma; RTP&comma; RTSP&comma; RTCP&comma; NTP&comma; UPnP\u2122&comma; SMTP&comma; IGMP&comma; QoS&comma; IPv6&comma; Bonjour&comma; IPv4&comma; UDP&comma; SSL\/TLS<\/li>\n<li style='margin-bottom: 5px;'><strong>Usuarios:<\/strong> Hasta 32 usuarios con 3 niveles (administrador&comma; operador&comma; usuario)<\/li>\n<li style='margin-bottom: 5px;'><strong>Cliente:<\/strong> iVMS-4200&comma; Hik-Connect<\/li>\n<li style='margin-bottom: 5px;'><strong>Navegador web:<\/strong> Plug-in required live view: IE 10+; Plug-in free live view: Chrome 57.0+&comma; Firefox 52.0+; Local service: Chrome 57.0+&comma; Firefox 52.0+<\/li>\n<\/ul><\/div>\n<\/p><\/div>\n<p> <!-- Secci\u00f3n de cards con especificaciones --> <\/p>\n<div style='display: flex; flex-wrap: wrap; gap: 20px; margin-bottom: 30px;'>\n<div style='flex: 1 1 250px; border: 1px solid rgba(150&comma; 150&comma; 150&comma; 0.4); border-radius: 8px; overflow: hidden; display: flex; flex-direction: column;'>\n<div style='padding: 15px; border-bottom: 1px solid rgba(150&comma; 150&comma; 150&comma; 0.2); font-weight: bold; font-size: 18px; color: inherit;'>Caracter\u00edsticas F\u00edsicas y El\u00e9ctricas:<\/div>\n<div style='padding: 15px; color: inherit;'>\n<ul style='padding-left: 20px; margin: 0; font-size: 14px; list-style-type: disc;'>\n<li style='margin-bottom: 5px;'><strong>Alimentaci\u00f3n:<\/strong> 12 Vcc \/ PoE 802.3 af \/ 6.5 W<\/li>\n<li style='margin-bottom: 5px;'><strong>Temperatura de operaci\u00f3n:<\/strong> -30\u00b0C a 60\u00b0C \/ Humedad al 95% m\u00e1ximo<\/li>\n<li style='margin-bottom: 5px;'><strong>Uso:<\/strong> Exterior IP67<\/li>\n<li style='margin-bottom: 5px;'><strong>Dimensiones:<\/strong> \u00d8110 mm \u00d7 85.3 mm<\/li>\n<li style='margin-bottom: 5px;'><strong>Peso:<\/strong> 320 g<\/li>\n<li style='margin-bottom: 5px;'><strong>Consumo m\u00e1ximo:<\/strong> 5 W (12 VDC)&comma; 6.5 W (PoE)<\/li>\n<li style='margin-bottom: 5px;'><strong>Corriente:<\/strong> 0.4 A (12 VDC)&comma; 0.2 A a 0.15 A (PoE)<\/li>\n<li style='margin-bottom: 5px;'><strong>Conector de alimentaci\u00f3n:<\/strong> \u00d85.5 mm coaxial power plug<\/li>\n<li style='margin-bottom: 5px;'><strong>Clase PoE:<\/strong> Class 3 (802.3af)<\/li>\n<li style='margin-bottom: 5px;'><strong>Voltaje PoE:<\/strong> 36 V a 57 V<\/li>\n<li style='margin-bottom: 5px;'><strong>Peso con empaque:<\/strong> 556 g<\/li>\n<li style='margin-bottom: 5px;'><strong>Dimensiones del empaque:<\/strong> 150 mm \u00d7 150 mm \u00d7 141 mm<\/li>\n<\/ul><\/div>\n<\/p><\/div>\n<div style='flex: 1 1 250px; border: 1px solid rgba(150&comma; 150&comma; 150&comma; 0.4); border-radius: 8px; overflow: hidden; display: flex; flex-direction: column;'>\n<div style='padding: 15px; border-bottom: 1px solid rgba(150&comma; 150&comma; 150&comma; 0.2); font-weight: bold; font-size: 18px; color: inherit;'>Accesorios Compatibles:<\/div>\n<div style='padding: 15px; color: inherit;'>\n<ul style='padding-left: 20px; margin: 0; font-size: 14px; list-style-type: disc;'>\n<li style='margin-bottom: 5px;'>Consulte la ficha t\u00e9cnica para validar los accesorios compatibles&comma; de clic <a style='text-decoration: underline; color: inherit;' href='https:\/\/ftp3.syscom.mx\/usuarios\/emendoza\/elesbanmch\/HIKVISON\/EDICIONES\/DS-2CD1343G0-I%28UF%29%2B%28C%29_Datasheet_20240828.pdf?_gl=1*1544cgd*_gcl_au*NTA4MzI1MjQ1LjE7NTMxMjEwMDI.' target='_blank' rel='noopener'>Aqui<\/a><\/li>\n<li style='margin-bottom: 5px;'>Montaje en pared: DS-1272ZJ-110-TRS<\/li>\n<li style='margin-bottom: 5px;'>Montaje en poste vertical: DS-1275ZJ-SUS<\/li>\n<li style='margin-bottom: 5px;'>Montaje en esquina: DS-1276ZJ-SUS<\/li>\n<li style='margin-bottom: 5px;'>Caja de uni\u00f3n: DS-1280ZJ-S<\/li>\n<li style='margin-bottom: 5px;'>Montaje en techo inclinado: DS-1281ZJ-S<\/li>\n<li style='margin-bottom: 5px;'>Caja de uni\u00f3n: DS-1280ZJ-TR13<\/li>\n<li style='margin-bottom: 5px;'>DS-1271ZJ-110-TRS<\/li>\n<\/ul><\/div>\n<\/p><\/div>\n<\/p><\/div>\n<p> <!-- Secci\u00f3n de caracter\u00edsticas generales --> <\/p>\n<div style='border: 1px solid rgba(150&comma; 150&comma; 150&comma; 0.4); border-radius: 8px; overflow: hidden; margin-bottom: 30px;'>\n<div style='padding: 15px; border-bottom: 1px solid rgba(150&comma; 150&comma; 150&comma; 0.2); font-weight: bold; font-size: 18px; color: inherit;'>Caracter\u00edsticas Generales:<\/div>\n<div style='padding: 15px; color: inherit;'>\n<ul style='padding-left: 20px; margin: 0; font-size: 14px; list-style-type: disc;'>\n<li style='margin-bottom: 5px;'><strong>Main Stream:<\/strong> 20 fps (2560 x 1440) \/ 30fps (1920 \u00d7 1080&comma; 1280 \u00d7 720)<\/li>\n<li style='margin-bottom: 5px;'><strong>Sub Stream:<\/strong> 25 fps (50 Hz) \/ 30 fps (60 Hz) (640 \u00d7 480&comma; 640 \u00d7 360)<\/li>\n<li style='margin-bottom: 5px;'><strong>Usuarios simult\u00e1neos:<\/strong> Hasta 6<\/li>\n<li style='margin-bottom: 5px;'><strong>Compresi\u00f3n de video:<\/strong> Main stream: H.265\/H.264\/H.264+\/H.265+; Sub-stream: H.265\/H.264\/MJPEG<\/li>\n<li style='margin-bottom: 5px;'><strong>Bit rate de video:<\/strong> 32 Kbps a 8 Mbps<\/li>\n<li style='margin-bottom: 5px;'><strong>Perfiles H.264:<\/strong> Baseline Profile\/Main Profile\/High Profile<\/li>\n<li style='margin-bottom: 5px;'><strong>Perfil H.265:<\/strong> Main Profile<\/li>\n<li style='margin-bottom: 5px;'><strong>Regi\u00f3n de inter\u00e9s (ROI):<\/strong> 1 regi\u00f3n fija para main stream<\/li>\n<li style='margin-bottom: 5px;'><strong>Ajustes de imagen:<\/strong> Saturaci\u00f3n&comma; brillo&comma; contraste&comma; nitidez&comma; AGC&comma; balance de blancos ajustables por software cliente o navegador web<\/li>\n<li style='margin-bottom: 5px;'><strong>Cambio d\u00eda\/noche:<\/strong> Auto&comma; Programado&comma; D\u00eda&comma; Noche<\/li>\n<li style='margin-bottom: 5px;'><strong>Funciones generales:<\/strong> Anti-flicker&comma; heartbeat&comma; mirror&comma; password protection&comma; privacy mask&comma; watermark&comma; IP address filter<\/li>\n<li style='margin-bottom: 5px;'><strong>Eventos b\u00e1sicos:<\/strong> Motion detection&comma; video tampering&comma; exception<\/li>\n<li style='margin-bottom: 5px;'><strong>Vinculaci\u00f3n de eventos:<\/strong> Upload to FTP&comma; notify surveillance center&comma; send email<\/li>\n<li style='margin-bottom: 5px;'><strong>Certificaciones:<\/strong> FCC SDoC&comma; CE-EMC&comma; RCM&comma; IC VoC&comma; KC&comma; UL&comma; CB&comma; CE-LVD&comma; BIS&comma; CE-RoHS&comma; WEEE&comma; Reach<\/li>\n<\/ul><\/div>\n<\/p><\/div>\n<p> <!-- Separador --> <\/p>\n<hr style='border: 0; border-top: 1px solid rgba(150&comma;150&comma;150&comma;0.3); margin: 30px 0;'> <!-- Banner final --> <\/p>\n<div style='margin-bottom: 30px;'> <img style='width: 100%; height: auto; border: 1px solid rgba(150&comma;150&comma;150&comma;0.3); border-radius: 8px; padding: 5px;' src='https:\/\/ftp3.syscom.mx\/usuarios\/jsosa\/HIKVISION\/imagenes\/banners\/solution%20complete.png' alt='Solution Complete Banner'> <\/div>\n<\/p><\/div>\n","protected":false},"excerpt":{"rendered":"<p>Bala IP 2 Megapixel \/ 30 mts IR EXIR \/ Exterior IP67 \/ Lente 2.8 mm \/ dWDR \/ PoE<\/p>\n","protected":false},"featured_media":113151,"comment_status":"open","ping_status":"closed","template":"","meta":[],"product_brand":[],"product_cat":[438],"product_tag":[439,122,54],"class_list":{"0":"post-113152","1":"product","2":"type-product","3":"status-publish","4":"has-post-thumbnail","6":"product_cat-bala","7":"product_tag-bala","8":"product_tag-camaras-ip-y-nvrs","9":"product_tag-hikvision","11":"first","12":"outofstock","13":"sale","14":"shipping-taxable","15":"purchasable","16":"product-type-simple"},"_links":{"self":[{"href":"https:\/\/soydeaqui.ddns.net\/pachuca\/index.php\/wp-json\/wp\/v2\/product\/113152","targetHints":{"allow":["GET"]}}],"collection":[{"href":"https:\/\/soydeaqui.ddns.net\/pachuca\/index.php\/wp-json\/wp\/v2\/product"}],"about":[{"href":"https:\/\/soydeaqui.ddns.net\/pachuca\/index.php\/wp-json\/wp\/v2\/types\/product"}],"replies":[{"embeddable":true,"href":"https:\/\/soydeaqui.ddns.net\/pachuca\/index.php\/wp-json\/wp\/v2\/comments?post=113152"}],"wp:featuredmedia":[{"embeddable":true,"href":"https:\/\/soydeaqui.ddns.net\/pachuca\/index.php\/wp-json\/wp\/v2\/media\/113151"}],"wp:attachment":[{"href":"https:\/\/soydeaqui.ddns.net\/pachuca\/index.php\/wp-json\/wp\/v2\/media?parent=113152"}],"wp:term":[{"taxonomy":"product_brand","embeddable":true,"href":"https:\/\/soydeaqui.ddns.net\/pachuca\/index.php\/wp-json\/wp\/v2\/product_brand?post=113152"},{"taxonomy":"product_cat","embeddable":true,"href":"https:\/\/soydeaqui.ddns.net\/pachuca\/index.php\/wp-json\/wp\/v2\/product_cat?post=113152"},{"taxonomy":"product_tag","embeddable":true,"href":"https:\/\/soydeaqui.ddns.net\/pachuca\/index.php\/wp-json\/wp\/v2\/product_tag?post=113152"}],"curies":[{"name":"wp","href":"https:\/\/api.w.org\/{rel}","templated":true}]}}