{"id":113149,"date":"2026-03-20T22:22:29","date_gmt":"2026-03-20T22:22:29","guid":{"rendered":"https:\/\/soydeaqui.ddns.net\/pachuca\/index.php\/producto\/camara-ip-unifi-g4-bullet-resolucion-4-mp-1440p-para-interior-y-exterior-con-microfono-incorporado-vista-dia-y-noche-poe-802-3af\/"},"modified":"2026-03-20T22:22:34","modified_gmt":"2026-03-20T22:22:34","slug":"camara-ip-unifi-g4-bullet-resolucion-4-mp-1440p-para-interior-y-exterior-con-microfono-incorporado-vista-dia-y-noche-poe-802-3af","status":"publish","type":"product","link":"https:\/\/soydeaqui.ddns.net\/pachuca\/index.php\/producto\/camara-ip-unifi-g4-bullet-resolucion-4-mp-1440p-para-interior-y-exterior-con-microfono-incorporado-vista-dia-y-noche-poe-802-3af\/","title":{"rendered":"C\u00e1mara IP UniFi G4 Bullet resoluci\u00f3n 4 MP (1440p) para interior y exterior, con micr\u00f3fono incorporado, vista d\u00eda y noche, PoE 802.3af"},"content":{"rendered":"<div style='width: 100%; max-width: 1200px; margin: 0 auto; font-family: sans-serif; line-height: 1.6; color: inherit; background-color: transparent;'>\n<div style='width: 100%; padding: 15px 0;'>\n<div style='width: 100%; text-align: center;'>\n<h2 style='margin-top: 0; margin-bottom: 15px; font-size: 28px; color: inherit;'>C\u00e1mara UniFi Protect G4-Bullet<\/h2>\n<p style='font-size: 20px; color: inherit; opacity: 0.8; margin-bottom: 15px;'>La c\u00e1mara de video UniFi G4-Bullet ofrece video n\u00edtido de 4MP&comma; 24 fps a trav\u00e9s de Gigabit Ethernet. Su elegante dise\u00f1o permite la instalaci\u00f3n en interiores o exteriores y ofrece un ajuste flexible de 3 ejes. La c\u00e1mara tiene LED de infrarrojos con un filtro IR autom\u00e1tico para vigilancia de d\u00eda y de noche. Cuenta con un micr\u00f3fono incorporado y es compatible con 802.3af PoE<\/p>\n<p style='font-size: 20px; color: inherit; opacity: 0.8; margin-bottom: 15px;'>\n<p style='font-size: 20px; color: inherit; opacity: 0.8; margin-bottom: 15px;'><strong style='font-size: medium;'><span style='font-family: arial&comma; helvetica&comma; sans-serif;'>Nota: Se requiere UniFi Protect para ejecutar este producto con sus funcionalidades completas&comma; recomendamos usarlo con grabadores UniFi (<a href='https:\/\/www.syscom.mx\/producto\/UNVR-UBIQUITI-NETWORKS-188480.html' style='color: inherit; text-decoration: underline;'>UNVR<\/a> \/ <a href='https:\/\/www.syscom.mx\/producto\/UNVR-PRO-UBIQUITI-NETWORKS-200341.html' style='color: inherit; text-decoration: underline;'>UNVR-PRO<\/a>) o Consolas con UniFi OS (<a href='https:\/\/www.syscom.mx\/producto\/UDM-PRO-UBIQUITI-NETWORKS-177842.html' style='color: inherit; text-decoration: underline;'>UDM-PRO<\/a> \/ <a href='https:\/\/www.syscom.mx\/producto\/UDM-SE-UBIQUITI-NETWORKS-208007.html' style='color: inherit; text-decoration: underline;'>UDM-SE<\/a>)<\/span><\/strong><\/p>\n<\/p><\/div>\n<\/p><\/div>\n<hr style='border: 0; border-top: 1px solid rgba(150&comma; 150&comma; 150&comma; 0.3); margin: 30px 0;'>\n<div style='display: flex; flex-wrap: wrap; gap: 30px; justify-content: center; margin-bottom: 30px;'>\n<div style='flex: 1 1 200px; min-width: 150px; text-align: center;'> <img style='width: 100%; height: auto; border: 1px solid rgba(150&comma;150&comma;150&comma;0.3); border-radius: 8px; max-width: 150px;' src='https:\/\/ftp3.syscom.mx\/usuarios\/adiaz\/UBNT\/UVCG4BULLET\/image.svg' alt=''> <\/p>\n<p style='margin-top: 15px; margin-bottom: 0; font-weight: bold; color: inherit;'>Calidad de Imagen<\/p>\n<\/p><\/div>\n<div style='flex: 1 1 200px; min-width: 150px; text-align: center;'> <img style='width: 100%; height: auto; border: 1px solid rgba(150&comma;150&comma;150&comma;0.3); border-radius: 8px; max-width: 150px;' src='https:\/\/ftp3.syscom.mx\/usuarios\/adiaz\/UBNT\/UVCG4BULLET\/indoor.svg' alt=''> <\/p>\n<p style='margin-top: 15px; margin-bottom: 0; font-weight: bold; color: inherit;'>Indoor\/Outdoor<\/p>\n<\/p><\/div>\n<div style='flex: 1 1 200px; min-width: 150px; text-align: center;'> <img style='width: 100%; height: auto; border: 1px solid rgba(150&comma;150&comma;150&comma;0.3); border-radius: 8px; max-width: 150px;' src='https:\/\/ftp3.syscom.mx\/usuarios\/adiaz\/UBNT\/UVCG4BULLET\/night.svg' alt=''> <\/p>\n<p style='margin-top: 15px; margin-bottom: 0; font-weight: bold; color: inherit;'>Visi\u00f3n Nocturna<\/p>\n<\/p><\/div>\n<div style='flex: 1 1 200px; min-width: 150px; text-align: center;'> <img style='width: 100%; height: auto; border: 1px solid rgba(150&comma;150&comma;150&comma;0.3); border-radius: 8px; max-width: 150px;' src='https:\/\/ftp3.syscom.mx\/usuarios\/adiaz\/UBNT\/UVCG4BULLET\/IRextender.svg' alt=''> <\/p>\n<p style='margin-top: 15px; margin-bottom: 0; font-weight: bold; color: inherit;'>Visi\u00f3n Nocturna + IR Extender<\/p>\n<\/p><\/div>\n<\/p><\/div>\n<hr style='border: 0; border-top: 1px solid rgba(150&comma; 150&comma; 150&comma; 0.3); margin: 30px 0;'>\n<div style='position: relative; padding-bottom: 56.25%; height: 0; overflow: hidden; margin-bottom: 30px;'> <video style='position: absolute; top: 0; left: 0; width: 100%; height: 100%;' src='https:\/\/ftp3.syscom.mx\/usuarios\/adiaz\/UBNT\/UVCG4BULLET\/uvcg4.mp4' loop muted controls><\/video> <\/div>\n<hr style='border: 0; border-top: 1px solid rgba(150&comma; 150&comma; 150&comma; 0.3); margin: 30px 0;'>\n<div style='width: 100%; text-align: center; margin-bottom: 30px;'>\n<h2 style='margin-top: 0; margin-bottom: 15px; font-size: 28px; color: inherit;'>Seguridad de video simplemente escalable<\/h2>\n<p style='font-size: 20px; color: inherit; opacity: 0.8; margin-bottom: 30px;'>Sistema de c\u00e1maras de red escalable y plug-and-play. Vea sus videos y grabaciones en vivo en cualquier lugar con acceso gratuito a la nube y aplicaciones m\u00f3viles.<\/p>\n<p> <img style='width: 100%; height: auto; max-width: 800px; border: 1px solid rgba(150&comma;150&comma;150&comma;0.3); border-radius: 8px;' src='https:\/\/ftp3.syscom.mx\/usuarios\/adiaz\/vista-producto\/UNVR\/software.jpg' alt=''> <\/div>\n<hr style='border: 0; border-top: 1px solid rgba(150&comma; 150&comma; 150&comma; 0.3); margin: 30px 0;'>\n<div style='display: flex; flex-wrap: wrap; gap: 30px; justify-content: center; margin-bottom: 30px;'>\n<div style='flex: 1 1 250px; min-width: 200px; text-align: center;'> <img style='width: 100%; height: auto; border: 1px solid rgba(150&comma;150&comma;150&comma;0.3); border-radius: 8px; max-width: 150px; margin-bottom: 15px;' src='https:\/\/ftp3.syscom.mx\/usuarios\/adiaz\/vista-producto\/UNVR\/scalable.png' alt=''> <\/p>\n<p style='font-weight: bold; margin-top: 0; margin-bottom: 10px; color: inherit;'>Altamente escalable<\/p>\n<p style='color: inherit; opacity: 0.9;'>Agregue hasta 50 c\u00e1maras a su sistema para cubrir todos los \u00e1ngulos.<\/p>\n<\/p><\/div>\n<div style='flex: 1 1 250px; min-width: 200px; text-align: center;'> <img style='width: 100%; height: auto; border: 1px solid rgba(150&comma;150&comma;150&comma;0.3); border-radius: 8px; max-width: 150px; margin-bottom: 15px;' src='https:\/\/ftp3.syscom.mx\/usuarios\/adiaz\/vista-producto\/UNVR\/performance.png' alt=''> <\/p>\n<p style='font-weight: bold; margin-top: 0; margin-bottom: 10px; color: inherit;'>Rendimiento<\/p>\n<p style='color: inherit; opacity: 0.9;'>\u00d3ptica potente&comma; visi\u00f3n nocturna de alta potencia y transmisi\u00f3n de video n\u00edtida y Full HD.<\/p>\n<\/p><\/div>\n<div style='flex: 1 1 250px; min-width: 200px; text-align: center;'> <img style='width: 100%; height: auto; border: 1px solid rgba(150&comma;150&comma;150&comma;0.3); border-radius: 8px; max-width: 150px; margin-bottom: 15px;' src='https:\/\/ftp3.syscom.mx\/usuarios\/adiaz\/vista-producto\/UNVR\/fees.png' alt=''> <\/p>\n<p style='font-weight: bold; margin-top: 0; margin-bottom: 10px; color: inherit;'>Sin tarifas mensuales<\/p>\n<p style='color: inherit; opacity: 0.9;'>Acceso gratuito a la nube para transmitir y ver sus grabaciones.<\/p>\n<\/p><\/div>\n<div style='flex: 1 1 250px; min-width: 200px; text-align: center;'> <img style='width: 100%; height: auto; border: 1px solid rgba(150&comma;150&comma;150&comma;0.3); border-radius: 8px; max-width: 150px; margin-bottom: 15px;' src='https:\/\/ftp3.syscom.mx\/usuarios\/adiaz\/vista-producto\/UNVR\/data.png' alt=''> <\/p>\n<p style='font-weight: bold; margin-top: 0; margin-bottom: 10px; color: inherit;'>Controla tus datos<\/p>\n<p style='color: inherit; opacity: 0.9;'>Su video se almacena en su propio hardware seguro&comma; no en un servidor en la nube.<\/p>\n<\/p><\/div>\n<\/p><\/div>\n<hr style='border: 0; border-top: 1px solid rgba(150&comma; 150&comma; 150&comma; 0.3); margin: 30px 0;'>\n<div style='width: 100%; margin-bottom: 30px;'>\n<div style='width: 100%; text-align: center; margin-bottom: 30px;'>\n<h2 style='margin-top: 0; margin-bottom: 15px; font-size: 28px; color: inherit;'>Software UniFi Protect<\/h2>\n<p style='font-size: 20px; color: inherit; opacity: 0.8; margin-bottom: 30px;'>Es un sistema de vigilancia de gesti\u00f3n de video IP integrado&comma; potente y flexible&comma; dise\u00f1ado para funcionar con c\u00e1maras UniFi Protect y la aplicaci\u00f3n UniFi Protect.<\/p>\n<\/p><\/div>\n<div style='display: flex; flex-wrap: wrap; gap: 30px; align-items: center;'>\n<div style='flex: 1 1 400px; min-width: 300px;'> <img style='width: 100%; height: auto; border: 1px solid rgba(150&comma;150&comma;150&comma;0.3); border-radius: 8px;' src='https:\/\/ftp3.syscom.mx\/usuarios\/adiaz\/vista-producto\/UNVR\/timeslap.gif' alt=''> <\/div>\n<div style='flex: 1 1 400px; min-width: 300px;'>\n<h3 style='margin-top: 0; margin-bottom: 15px; font-size: 24px; color: inherit;'>Timelapse<\/h3>\n<p style='font-size: 15px; color: inherit; opacity: 0.9;'>Revise f\u00e1cilmente varios d\u00edas de metraje en segundos. La nueva funci\u00f3n UniFi Protect Timelapse le permite desplazarse r\u00e1pidamente por sus grabaciones para encontrar el momento exacto que desea ver.<\/p>\n<\/p><\/div>\n<\/p><\/div>\n<\/p><\/div>\n<hr style='border: 0; border-top: 1px solid rgba(150&comma; 150&comma; 150&comma; 0.3); margin: 30px 0;'> <!-- Secci\u00f3n de especificaciones --> <\/p>\n<div style='display: flex; flex-wrap: wrap; gap: 20px; margin-bottom: 30px;'>\n<div style='flex: 1 1 300px; border: 1px solid rgba(150&comma; 150&comma; 150&comma; 0.4); border-radius: 8px; overflow: hidden; display: flex; flex-direction: column;'>\n<div style='padding: 15px; border-bottom: 1px solid rgba(150&comma; 150&comma; 150&comma; 0.2); font-weight: bold; font-size: 18px; color: inherit; background-color: rgba(150&comma; 150&comma; 150&comma; 0.1);'>Dimensiones<\/div>\n<div style='padding: 15px; color: inherit;'>\n<ul style='padding-left: 20px; margin: 0; font-size: 14px; list-style-type: disc;'>\n<li style='margin-bottom: 5px;'><strong>Dimensiones:<\/strong> 191.7 x 185 x 43.7 mm (7.55 x 7.28 x 1.72&#8242;)<\/li>\n<li style='margin-bottom: 5px;'><strong>Peso:<\/strong> 1.2 kg (2.65 lb)<\/li>\n<li style='margin-bottom: 5px;'><strong>Material:<\/strong> Aluminio<\/li>\n<li style='margin-bottom: 5px;'><strong>Materiales del montaje:<\/strong> Aluminio y Policarbonato<\/li>\n<li style='margin-bottom: 5px;'><strong>Weatherproofing:<\/strong> IPX4<\/li>\n<li style='margin-bottom: 5px;'><strong>Resistencia:<\/strong> IK04<\/li>\n<\/ul><\/div>\n<\/p><\/div>\n<div style='flex: 1 1 300px; border: 1px solid rgba(150&comma; 150&comma; 150&comma; 0.4); border-radius: 8px; overflow: hidden; display: flex; flex-direction: column;'>\n<div style='padding: 15px; border-bottom: 1px solid rgba(150&comma; 150&comma; 150&comma; 0.2); font-weight: bold; font-size: 18px; color: inherit; background-color: rgba(150&comma; 150&comma; 150&comma; 0.1);'>\u00d3ptica<\/div>\n<div style='padding: 15px; color: inherit;'>\n<ul style='padding-left: 20px; margin: 0; font-size: 14px; list-style-type: disc;'>\n<li style='margin-bottom: 5px;'><strong>Sensor:<\/strong> Sensor de 5 MP CMOS<\/li>\n<li style='margin-bottom: 5px;'><strong>Lente:<\/strong> Longitud focal fija<\/li>\n<li style='margin-bottom: 5px;'><strong>\u00c1ngulo de visi\u00f3n:<\/strong> H: 80\u00b0&comma; V: 60\u00b0&comma; D: 111\u00b0<\/li>\n<li style='margin-bottom: 5px;'><strong>Modo Nocturno:<\/strong> Sensor de Luz Incorporado&comma; Iluminaci\u00f3n LED IR incorporada y filtro IR<\/li>\n<\/ul><\/div>\n<\/p><\/div>\n<div style='flex: 1 1 300px; border: 1px solid rgba(150&comma; 150&comma; 150&comma; 0.4); border-radius: 8px; overflow: hidden; display: flex; flex-direction: column;'>\n<div style='padding: 15px; border-bottom: 1px solid rgba(150&comma; 150&comma; 150&comma; 0.2); font-weight: bold; font-size: 18px; color: inherit; background-color: rgba(150&comma; 150&comma; 150&comma; 0.1);'>Video<\/div>\n<div style='padding: 15px; color: inherit;'>\n<ul style='padding-left: 20px; margin: 0; font-size: 14px; list-style-type: disc;'>\n<li style='margin-bottom: 5px;'><strong>Compresi\u00f3n de video:<\/strong> H.264<\/li>\n<li style='margin-bottom: 5px;'><strong>Resoluci\u00f3n:<\/strong> 2688 x 1512 (16:9)<\/li>\n<li style='margin-bottom: 5px;'><strong>Velocidad m\u00e1xima de fotogramas:<\/strong> 24 FPS<\/li>\n<li style='margin-bottom: 5px;'><strong>Configuraci\u00f3n de imagen:<\/strong> Brillo&comma; Contraste&comma; Nitidez&comma; Saturaci\u00f3n&comma; Reducci\u00f3n de Ruido<\/li>\n<\/ul><\/div>\n<\/p><\/div>\n<div style='flex: 1 1 300px; border: 1px solid rgba(150&comma; 150&comma; 150&comma; 0.4); border-radius: 8px; overflow: hidden; display: flex; flex-direction: column;'>\n<div style='padding: 15px; border-bottom: 1px solid rgba(150&comma; 150&comma; 150&comma; 0.2); font-weight: bold; font-size: 18px; color: inherit; background-color: rgba(150&comma; 150&comma; 150&comma; 0.1);'>Sistema<\/div>\n<div style='padding: 15px; color: inherit;'>\n<ul style='padding-left: 20px; margin: 0; font-size: 14px; list-style-type: disc;'>\n<li style='margin-bottom: 5px;'><strong>Especificaciones del procesador:<\/strong> Ambarella SoC de procesamiento de im\u00e1genes avanzado<\/li>\n<li style='margin-bottom: 5px;'><strong>Memoria:<\/strong> 512 MB DDR3L<\/li>\n<li style='margin-bottom: 5px;'><strong>Interface de administraci\u00f3n:<\/strong> UniFi Protect<\/li>\n<li style='margin-bottom: 5px;'><strong>Interfaz de red:<\/strong> RJ45&comma; 10\/100\/1000 Mbps Ethernet<\/li>\n<li style='margin-bottom: 5px;'><strong>Memoria Flash:<\/strong> 256 MB<\/li>\n<li style='margin-bottom: 5px;'><strong>Consumo M\u00e1ximo:<\/strong> 4W<\/li>\n<li style='margin-bottom: 5px;'><strong>M\u00e9todo de alimentaci\u00f3n:<\/strong> 802.3af PoE<\/li>\n<li style='margin-bottom: 5px;'><strong>Bot\u00f3n:<\/strong> Bot\u00f3n de reset<\/li>\n<li style='margin-bottom: 5px;'><strong>Temperatura de Operaci\u00f3n:<\/strong> -20 to 40\u00b0 C (-4 to 104\u00b0 F)<\/li>\n<li style='margin-bottom: 5px;'><strong>Humedad:<\/strong> 0 to 90% sin condensaci\u00f3n<\/li>\n<li style='margin-bottom: 5px;'><strong>Certificaciones:<\/strong> FCC&comma; IC&comma; CE<\/li>\n<\/ul><\/div>\n<\/p><\/div>\n<div style='flex: 1 1 300px; border: 1px solid rgba(150&comma; 150&comma; 150&comma; 0.4); border-radius: 8px; overflow: hidden; display: flex; flex-direction: column;'>\n<div style='padding: 15px; border-bottom: 1px solid rgba(150&comma; 150&comma; 150&comma; 0.2); font-weight: bold; font-size: 18px; color: inherit; background-color: rgba(150&comma; 150&comma; 150&comma; 0.1);'>Audio<\/div>\n<div style='padding: 15px; color: inherit;'>\n<ul style='padding-left: 20px; margin: 0; font-size: 14px; list-style-type: disc;'>\n<li style='margin-bottom: 5px;'><strong>Microfono:<\/strong> Si (puede desactivarse en software)<\/li>\n<\/ul><\/div>\n<\/p><\/div>\n<div style='flex: 1 1 300px; border: 1px solid rgba(150&comma; 150&comma; 150&comma; 0.4); border-radius: 8px; overflow: hidden; display: flex; flex-direction: column;'>\n<div style='padding: 15px; border-bottom: 1px solid rgba(150&comma; 150&comma; 150&comma; 0.2); font-weight: bold; font-size: 18px; color: inherit; background-color: rgba(150&comma; 150&comma; 150&comma; 0.1);'>Software<\/div>\n<div style='padding: 15px; color: inherit;'>\n<ul style='padding-left: 20px; margin: 0; font-size: 14px; list-style-type: disc;'>\n<li style='margin-bottom: 5px;'><strong>Controller Software:<\/strong> UniFi Protect<\/li>\n<li style='margin-bottom: 5px;'><strong>Aplicaciones m\u00f3viles:<\/strong> UniFi Protect iOS y Android<\/li>\n<\/ul><\/div>\n<\/p><\/div>\n<\/p><\/div>\n<\/p><\/div>\n","protected":false},"excerpt":{"rendered":"<p>C\u00e1mara IP UniFi G4 Bullet resoluci\u00f3n 4 MP (1440p) para interior y exterior, con micr\u00f3fono incorporado, vista d\u00eda y noche, PoE 802.3af<\/p>\n","protected":false},"featured_media":113148,"comment_status":"open","ping_status":"closed","template":"","meta":[],"product_brand":[],"product_cat":[438],"product_tag":[439,122,166],"class_list":{"0":"post-113149","1":"product","2":"type-product","3":"status-publish","4":"has-post-thumbnail","6":"product_cat-bala","7":"product_tag-bala","8":"product_tag-camaras-ip-y-nvrs","9":"product_tag-ubiquiti","11":"first","12":"instock","13":"sale","14":"shipping-taxable","15":"purchasable","16":"product-type-simple"},"_links":{"self":[{"href":"https:\/\/soydeaqui.ddns.net\/pachuca\/index.php\/wp-json\/wp\/v2\/product\/113149","targetHints":{"allow":["GET"]}}],"collection":[{"href":"https:\/\/soydeaqui.ddns.net\/pachuca\/index.php\/wp-json\/wp\/v2\/product"}],"about":[{"href":"https:\/\/soydeaqui.ddns.net\/pachuca\/index.php\/wp-json\/wp\/v2\/types\/product"}],"replies":[{"embeddable":true,"href":"https:\/\/soydeaqui.ddns.net\/pachuca\/index.php\/wp-json\/wp\/v2\/comments?post=113149"}],"wp:featuredmedia":[{"embeddable":true,"href":"https:\/\/soydeaqui.ddns.net\/pachuca\/index.php\/wp-json\/wp\/v2\/media\/113148"}],"wp:attachment":[{"href":"https:\/\/soydeaqui.ddns.net\/pachuca\/index.php\/wp-json\/wp\/v2\/media?parent=113149"}],"wp:term":[{"taxonomy":"product_brand","embeddable":true,"href":"https:\/\/soydeaqui.ddns.net\/pachuca\/index.php\/wp-json\/wp\/v2\/product_brand?post=113149"},{"taxonomy":"product_cat","embeddable":true,"href":"https:\/\/soydeaqui.ddns.net\/pachuca\/index.php\/wp-json\/wp\/v2\/product_cat?post=113149"},{"taxonomy":"product_tag","embeddable":true,"href":"https:\/\/soydeaqui.ddns.net\/pachuca\/index.php\/wp-json\/wp\/v2\/product_tag?post=113149"}],"curies":[{"name":"wp","href":"https:\/\/api.w.org\/{rel}","templated":true}]}}