{"id":113089,"date":"2026-03-20T22:18:58","date_gmt":"2026-03-20T22:18:58","guid":{"rendered":"https:\/\/soydeaqui.ddns.net\/pachuca\/index.php\/producto\/videoportero-ip-2-mp-poe-estandar-ip65-apertura-desde-hik-connect-soporta-1-departamento-y-hasta-6-monitores-soporta-tarjetas-mifare-1-salida-relay\/"},"modified":"2026-03-20T22:19:15","modified_gmt":"2026-03-20T22:19:15","slug":"videoportero-ip-2-mp-poe-estandar-ip65-apertura-desde-hik-connect-soporta-1-departamento-y-hasta-6-monitores-soporta-tarjetas-mifare-1-salida-relay","status":"publish","type":"product","link":"https:\/\/soydeaqui.ddns.net\/pachuca\/index.php\/producto\/videoportero-ip-2-mp-poe-estandar-ip65-apertura-desde-hik-connect-soporta-1-departamento-y-hasta-6-monitores-soporta-tarjetas-mifare-1-salida-relay\/","title":{"rendered":"Videoportero IP 2 MP \/ PoE Estandar \/ IP65  \/ Apertura desde Hik-connect \/ Soporta 1 Departamento y Hasta 6 Monitores \/ Soporta Tarjetas Mifare \/ 1 Salida Relay"},"content":{"rendered":"<div style='width: 100%; max-width: 1200px; margin: 0 auto; font-family: sans-serif; line-height: 1.6; color: inherit; background-color: transparent;'> <!-- Banner principal --> <\/p>\n<div style='width: 100%; margin-bottom: 30px;'> <a href='http:\/\/soporte.syscom.mx\/control-de-acceso#hikvision' target='_blank' rel='noopener' style='text-decoration: none; display: block;'> <img style='width: 100%; height: auto; border: 1px solid rgba(150&comma;150&comma;150&comma;0.3); border-radius: 8px;' src='https:\/\/ftp3.syscom.mx\/usuarios\/ftp\/web_img\/web_banners\/videoporteros.jpg' alt='Banner Videoporteros'> <\/a> <\/div>\n<p> <!-- Videos de YouTube --> <\/p>\n<div style='display: flex; flex-wrap: wrap; gap: 20px; margin-bottom: 30px;'>\n<div style='flex: 1 1 300px; min-width: 280px;'>\n<div style='position: relative; padding-bottom: 56.25%; height: 0; overflow: hidden;'>   <\/div>\n<\/p><\/div>\n<div style='flex: 1 1 300px; min-width: 280px;'>\n<div style='position: relative; padding-bottom: 56.25%; height: 0; overflow: hidden;'>   <\/div>\n<\/p><\/div>\n<div style='flex: 1 1 300px; min-width: 280px;'>\n<div style='position: relative; padding-bottom: 56.25%; height: 0; overflow: hidden;'>   <\/div>\n<\/p><\/div>\n<\/p><\/div>\n<p> <!-- Secci\u00f3n de caracter\u00edsticas --> <\/p>\n<div style='display: flex; flex-wrap: wrap; gap: 30px; margin-bottom: 30px;'>\n<div style='flex: 1 1 300px; min-width: 280px;'>\n<h3 style='font-size: 22px; border-bottom: 2px solid currentColor; padding-bottom: 5px; margin-top: 0; color: inherit; opacity: 0.8;'>Caracter\u00edsticas<\/h3>\n<ul style='padding-left: 20px; font-size: 15px; color: inherit;'>\n<li style='margin-bottom: 5px;'>Funci\u00f3n de Videoportero para ligar con monitor y App HikConnect<\/li>\n<li style='margin-bottom: 5px;'>C\u00e1mara de 1080p con IR&comma; H.264&comma; \u00c1ngulo 129\u00b0<\/li>\n<li style='margin-bottom: 5px;'>Funci\u00f3n de control de acceso<\/li>\n<li style='margin-bottom: 5px;'>IR 3m<\/li>\n<li style='margin-bottom: 5px;'>Micr\u00f3fono y Altavoz integrados<\/li>\n<li style='margin-bottom: 5px;'>Audio de dos v\u00edas<\/li>\n<li style='margin-bottom: 5px;'>WDR no ajustable<\/li>\n<li style='margin-bottom: 5px;'>Protocolo: TCP\/IP 10\/100 mbps&comma; RTSP&comma; Self-Adaptive Ethernet<\/li>\n<li style='margin-bottom: 5px;'>Entrada de alarma: 4 in<\/li>\n<li style='margin-bottom: 5px;'>RS485 x 1<\/li>\n<li style='margin-bottom: 5px;'>Soporta hasta 128 Tarjetas Mifare (13.56MHz)<\/li>\n<li style='margin-bottom: 5px;'>Tarjetas recomendadas: ACCESSCARM1K&comma; ACCESSCARDM4K&comma; ACCESKFBM1K&comma; ACCESSWB65M1K&comma; ACCESSWB74M1K. <a href='https:\/\/www.syscom.mx\/principal\/promociones\/tarjetas_mifare-7359.html?ordenar=Relevancia&#038;pag=1' target='_blank' style='color: inherit; text-decoration: underline;'>Ver aqu\u00ed<\/a><\/li>\n<li style='margin-bottom: 5px;'>Salida Relay x 1<\/li>\n<li style='margin-bottom: 5px;'>Slot para memoria SD no funcional por el momento<\/li>\n<\/ul><\/div>\n<div style='flex: 1 1 300px; min-width: 280px;'>\n<h3 style='font-size: 22px; border-bottom: 2px solid currentColor; padding-bottom: 5px; margin-top: 0; color: inherit; opacity: 0.8;'>Caracter\u00edsticas F\u00edsicas y El\u00e9ctricas<\/h3>\n<ul style='padding-left: 20px; font-size: 15px; color: inherit;'>\n<li style='margin-bottom: 5px;'>Voltaje de operaci\u00f3n: 12 Vcc&comma; PoE Estandar IEEE802.3af (Fuente no incluida)<\/li>\n<li style='margin-bottom: 5px;'>Consumo: 10W<\/li>\n<li style='margin-bottom: 5px;'>Nivel de protecci\u00f3n: IP65<\/li>\n<li style='margin-bottom: 5px;'>Temperatura de operaci\u00f3n: -40 \u00b0C a +53 \u00b0C (-40 \u00b0F a 127.4 \u00b0F)<\/li>\n<\/ul>\n<p style='font-size: 14px; margin-top: 20px; margin-bottom: 20px; color: inherit; opacity: 0.8;'>*En caso de falla de conexi\u00f3n con plataforma P2P puede ser por razones externas al equipo&comma; como restricciones de red propias o del ISP.<\/p>\n<ul style='padding-left: 20px; font-size: 15px; color: inherit;'>\n<li style='margin-bottom: 5px;'><a href='https:\/\/soporte.syscom.mx\/es\/articles\/4882829-hikvision-configuracion-completa-de-un-frente-de-calle-dskv8113wme1-dskv6113wpe1-y-un-monitor-dskh6320wte1' target='_blank' style='color: inherit; text-decoration: underline;'>Configuraci\u00f3n b\u00e1sica del equipo<\/a><\/li>\n<li style='margin-bottom: 5px;'><a href='https:\/\/soporte.syscom.mx\/es\/articles\/4296720-hikvision-videoporteros-configuraciones-de-videoporteros-3ra-generacion-con-interfaz-web' target='_blank' style='color: inherit; text-decoration: underline;'>Configuraciones avanzadas y m\u00faltiples frentes<\/a><\/li>\n<\/ul><\/div>\n<div style='flex: 1 1 300px; min-width: 280px;'>\n<h3 style='font-size: 22px; border-bottom: 2px solid currentColor; padding-bottom: 5px; margin-top: 0; color: inherit; opacity: 0.8;'>Caracter\u00edsticas Destacadas<\/h3>\n<ul style='padding-left: 20px; font-size: 15px; color: inherit;'>\n<li style='margin-bottom: 5px;'>Soporta Interfaz Web<\/li>\n<li style='margin-bottom: 5px; color: #e74c3c;'><strong>Dos formas de operar en Hik-Connect para llamada y apertura remota<\/strong><\/li>\n<li style='margin-bottom: 5px; color: #e74c3c;'><strong>1.- Funciona directo a la App HikConnect SIN monitor<\/strong><\/li>\n<li style='margin-bottom: 5px; color: #e74c3c;'><strong>2.- Funciona vinculado a un monitor&comma; y a la App<\/strong><\/li>\n<li style='margin-bottom: 5px; color: #e74c3c;'><strong>Monitores compatibles<\/strong> (no combinables en caso de requerir m\u00e1s de uno)<\/li>\n<ul style='padding-left: 30px; margin-top: 5px; margin-bottom: 15px;'>\n<li style='margin-bottom: 5px;'><a href='https:\/\/www.syscom.mx\/principal\/searchcont?route=DS-KH6220-LE1-HIKVISION-189752&#038;autodetect=dskh6220' target='_blank' style='color: inherit; text-decoration: underline;'>DS-KH6220-LE1<\/a><\/li>\n<li style='margin-bottom: 5px;'><a href='https:\/\/www.syscom.mx\/principal\/searchcont?route=DS-KH6320-WTE1-HIKVISION-170761&#038;autodetect=DSKH6310' target='_blank' style='color: inherit; text-decoration: underline;'>DS-KH6320-WTE1<\/a><\/li>\n<li style='margin-bottom: 5px;'><a href='https:\/\/www.syscom.mx\/principal\/searchcont?route=DS-KH8520-WTE1-HIKVISION-170927&#038;autodetect=DSKH' target='_blank' style='color: inherit; text-decoration: underline;'>DS-KH8520-WTE1<\/a><\/li>\n<li style='margin-bottom: 5px;'><a href='https:\/\/www.syscom.mx\/principal\/searchcont?route=DS-KH9510-WTE1-HIKVISION-194544&#038;autodetect=dskh9' target='_blank' style='color: inherit; text-decoration: underline;'>DS-KH9510-WTE1<\/a><\/li>\n<li style='margin-bottom: 5px;'><a href='https:\/\/www.syscom.mx\/principal\/searchcont?route=DS-KH9310-WTE1-HIKVISION-194536&#038;autodetect=dskh9' target='_blank' style='color: inherit; text-decoration: underline;'>DS-KH9310-WTE1<\/a><\/li>\n<\/ul>\n<li style='margin-bottom: 5px;'>Soporta <strong>6 monitores en total<\/strong> (1 Principal y 5 extensiones). Todos timbran al mismo tiempo<\/li>\n<li style='margin-bottom: 5px;'>Soporta <strong>9 frentes de calle en total<\/strong> (1 principal y 8 esclavos)<\/li>\n<\/ul><\/div>\n<\/p><\/div>\n<p> <!-- Notas importantes --> <\/p>\n<div style='margin-bottom: 30px;'>\n<div style='border-left: 5px solid #0091ff; border-radius: 5px; padding: 10px; box-shadow: 2px 2px 10px rgba(150&comma;150&comma;150&comma;0.2);'>\n<h3 style='font-size: 22px; margin-top: 0; margin-bottom: 15px; color: inherit; opacity: 0.8;'>Notas Importantes<\/h3>\n<ul style='padding-left: 20px; font-size: 15px; color: inherit;'>\n<li style='margin-bottom: 5px;'>El firmware de este modelo NO es compatible con el firmware de los modelos que NO tienen la letra (B)<\/li>\n<\/ul><\/div>\n<\/p><\/div>\n<p> <!-- Consideraciones --> <\/p>\n<div style='margin-bottom: 30px;'>\n<div style='border-left: 5px solid #0091ff; border-radius: 5px; padding: 10px; box-shadow: 2px 2px 10px rgba(150&comma;150&comma;150&comma;0.2);'>\n<h3 style='font-size: 22px; margin-top: 0; margin-bottom: 15px; color: inherit; opacity: 0.8;'>Consideraciones<\/h3>\n<p> <!-- Se deja espacio para contenido futuro o notas adicionales --> <\/div>\n<\/p><\/div>\n<p> <!-- Mensaje importante --> <\/p>\n<div style='margin-bottom: 30px; text-align: center;'>\n<p style='font-size: 18px; font-weight: bold; color: #c0392b; margin: 0; padding: 15px; border: 2px solid #c0392b; border-radius: 8px; display: inline-block;'>\u00a1IMPORTANTE!<\/p>\n<p style='margin-top: 15px; font-size: 15px; color: inherit;'>Aseg\u00farese de instalar el Firmware recomendado y tener su App HikConnect actualizada para obtener el rendimiento recomendado de su sistema de Intercom<\/p>\n<\/p><\/div>\n<p> <!-- Recursos --> <\/p>\n<h2 style='text-align: center; margin-bottom: 20px; color: inherit; opacity: 0.8;'>Recursos<\/h2>\n<p> <!-- Recursos - Descargas --> <\/p>\n<div style='display: flex; flex-wrap: wrap; gap: 20px; justify-content: center; margin-bottom: 30px;'>\n<div style='flex: 1 1 250px; min-width: 200px; text-align: center;'> <a href='https:\/\/www.hikvision.com\/es-la\/support\/download\/software\/ivms4200-series\/?q=serie%20ivms4200&#038;position=1' target='_blank' rel='noopener' style='text-decoration: none;'> <img style='width: 100%; max-width: 250px; height: auto; border: 1px solid rgba(150&comma;150&comma;150&comma;0.3); border-radius: 8px; margin-bottom: 10px;' src='https:\/\/ftp3.syscom.mx\/usuarios\/gmagos\/HIK\/IP\/IPC\/Imagenes%20pagina\/Descargas%20IVMS4200.jpg' alt='IVMS4200'> <\/p>\n<p style='color: inherit; font-size: 14px; margin: 0;'>Descarga IVMS4200<\/p>\n<p> <\/a> <\/div>\n<div style='flex: 1 1 250px; min-width: 200px; text-align: center;'> <a href='https:\/\/appstore.hikvision.com\/' target='_blank' rel='noopener' style='text-decoration: none;'> <img style='width: 100%; max-width: 250px; height: auto; border: 1px solid rgba(150&comma;150&comma;150&comma;0.3); border-radius: 8px; margin-bottom: 10px;' src='https:\/\/ftp3.syscom.mx\/usuarios\/gmagos\/HIK\/IP\/IPC\/Imagenes%20pagina\/Descargas%20de%20app.jpg' alt='App Hikvision'> <\/p>\n<p style='color: inherit; font-size: 14px; margin: 0;'>Descarga de App<\/p>\n<p> <\/a> <\/div>\n<div style='flex: 1 1 250px; min-width: 200px; text-align: center;'> <a href='https:\/\/ftp3.syscom.mx\/usuarios\/fespinoza\/HIKVISION\/Dispositivos\/Videoporteros\/DSKV6113\/DS-KV6113-WPE1%28B%29\/DS-KV6113-WPE1%28B%29_Villa%20Door%20Station_Datasheet_V1.0_20200929.pdf' target='_blank' rel='noopener' style='text-decoration: none;'> <img style='width: 100%; max-width: 250px; height: auto; border: 1px solid rgba(150&comma;150&comma;150&comma;0.3); border-radius: 8px; margin-bottom: 10px;' src='https:\/\/ftp3.syscom.mx\/usuarios\/gmagos\/HIK\/IP\/IPC\/Imagenes%20pagina\/Descarga%20de%20PDF.jpg' alt='Ficha t\u00e9cnica'> <\/p>\n<p style='color: inherit; font-size: 14px; margin: 0;'>Descarga de PDF<\/p>\n<p> <\/a> <\/div>\n<\/p><\/div>\n<p> <!-- Accesorio de instalaci\u00f3n --> <\/p>\n<div style='display: flex; flex-wrap: wrap; align-items: center; gap: 30px; margin-bottom: 30px;'>\n<div style='flex: 1 1 300px; min-width: 280px;'> <img style='width: 100%; max-width: 400px; height: auto; border: 1px solid rgba(150&comma;150&comma;150&comma;0.3); border-radius: 8px;' src='https:\/\/ftp3.syscom.mx\/usuarios\/fotos\/BancoFotografiasSyscom\/HIKVISION\/DSKABV6113RS\/DSKABV6113RS-p.PNG' alt='Accesorio de instalaci\u00f3n'> <\/div>\n<div style='flex: 1 1 300px; min-width: 280px;'>\n<h3 style='font-size: 22px; margin-top: 0; color: inherit; opacity: 0.8;'>Accesorio de instalaci\u00f3n recomendado<\/h3>\n<p style='margin-top: 10px; font-size: 15px; color: inherit;'>Este montaje modelo <a href='https:\/\/www.syscom.mx\/principal\/searchcont?route=DS-KABV6113-RS-HIKVISION-185572&#038;autodetect=DS-KABV6113RS' target='_blank' style='color: inherit; text-decoration: underline;'>DS-KABV6113-RS<\/a> sirve como escudo protector sobre pared.<\/p>\n<p style='margin-top: 15px; font-size: 15px; color: inherit;'><strong>Caracter\u00edsticas:<\/strong><\/p>\n<ul style='padding-left: 20px; font-size: 15px; color: inherit;'>\n<li style='margin-bottom: 5px;'>Compatible con Doorbell modelo <a href='https:\/\/www.syscom.mx\/producto\/DS-KV6113-WPE1-HIKVISION-177282.html' target='_blank' style='color: inherit; text-decoration: underline;'>DS-KV6113-WPE1(B)<\/a><\/li>\n<\/ul>\n<p style='margin-top: 15px; font-size: 15px; color: inherit;'><strong>Caracter\u00edsticas f\u00edsicas:<\/strong><\/p>\n<ul style='padding-left: 20px; font-size: 15px; color: inherit;'>\n<li style='margin-bottom: 5px;'><strong>Material:<\/strong> Policarbonato<\/li>\n<li style='margin-bottom: 5px;'><strong>Dimensiones:<\/strong> 149.78 mm \u00d7 79.56 mm \u00d7 48.63 mm (5.90&#8242; \u00d7 3.13&#8242; \u00d7 1.91&#8242;)<\/li>\n<\/ul>\n<ul style='padding-left: 20px; font-size: 15px; color: inherit;'>\n<li style='margin-bottom: 5px; color: #000000;'>NO Incluido<\/li>\n<\/ul><\/div>\n<\/p><\/div>\n<p> <!-- Im\u00e1genes adicionales --> <\/p>\n<div style='display: flex; flex-wrap: wrap; justify-content: center; gap: 20px; margin-bottom: 30px;'>\n<div style='flex: 1 1 200px; min-width: 150px; text-align: center;'> <img style='width: 100%; max-width: 200px; height: auto; border: 1px solid rgba(150&comma;150&comma;150&comma;0.3); border-radius: 8px;' src='https:\/\/ftp3.syscom.mx\/usuarios\/fespinoza\/HIKVISION\/Dispositivos\/Videoporteros\/videoportero.gif' alt='Icono videoportero'> <\/div>\n<div style='flex: 1 1 200px; min-width: 150px; text-align: center;'> <img style='width: 100%; max-width: 200px; height: auto; border: 1px solid rgba(150&comma;150&comma;150&comma;0.3); border-radius: 8px;' src='https:\/\/ftp3.syscom.mx\/usuarios\/fespinoza\/HIKVISION\/Dispositivos\/Videoporteros\/videportero2.gif' alt='Icono videoportero'> <\/div>\n<\/p><\/div>\n<p> <!-- Enlace soporte --> <\/p>\n<div style='text-align: center; margin-bottom: 30px;'> <a href='http:\/\/soporte.syscom.mx\/es\/articles\/4296720-hikvision-videoportero-configuraciones-tercera-generacion-con-interfaz-web' target='_blank' style='text-decoration: none;'> <img style='width: 100%; max-width: 600px; height: auto; border: 1px solid rgba(150&comma;150&comma;150&comma;0.3); border-radius: 8px;' src='https:\/\/ftp3.syscom.mx\/usuarios\/fespinoza\/HIKVISION\/Dispositivos\/Videoporteros\/HIKVISION-VIDEOPORTEROS.png' alt='Soporte t\u00e9cnico'> <\/a> <\/div>\n<\/p><\/div>\n","protected":false},"excerpt":{"rendered":"<p>Videoportero IP 2 MP \/ PoE Estandar \/ IP65  \/ Apertura desde Hik-connect \/ Soporta 1 Departamento y Hasta 6 Monitores \/ Soporta Tarjetas Mifare \/ 1 Salida Relay<\/p>\n","protected":false},"featured_media":113088,"comment_status":"open","ping_status":"closed","template":"","meta":[],"product_brand":[],"product_cat":[856],"product_tag":[54,557,857],"class_list":{"0":"post-113089","1":"product","2":"type-product","3":"status-publish","4":"has-post-thumbnail","6":"product_cat-videoporteros-ip","7":"product_tag-hikvision","8":"product_tag-videoporteros-e-interfonos","9":"product_tag-videoporteros-ip","11":"first","12":"outofstock","13":"sale","14":"shipping-taxable","15":"purchasable","16":"product-type-simple"},"_links":{"self":[{"href":"https:\/\/soydeaqui.ddns.net\/pachuca\/index.php\/wp-json\/wp\/v2\/product\/113089","targetHints":{"allow":["GET"]}}],"collection":[{"href":"https:\/\/soydeaqui.ddns.net\/pachuca\/index.php\/wp-json\/wp\/v2\/product"}],"about":[{"href":"https:\/\/soydeaqui.ddns.net\/pachuca\/index.php\/wp-json\/wp\/v2\/types\/product"}],"replies":[{"embeddable":true,"href":"https:\/\/soydeaqui.ddns.net\/pachuca\/index.php\/wp-json\/wp\/v2\/comments?post=113089"}],"wp:featuredmedia":[{"embeddable":true,"href":"https:\/\/soydeaqui.ddns.net\/pachuca\/index.php\/wp-json\/wp\/v2\/media\/113088"}],"wp:attachment":[{"href":"https:\/\/soydeaqui.ddns.net\/pachuca\/index.php\/wp-json\/wp\/v2\/media?parent=113089"}],"wp:term":[{"taxonomy":"product_brand","embeddable":true,"href":"https:\/\/soydeaqui.ddns.net\/pachuca\/index.php\/wp-json\/wp\/v2\/product_brand?post=113089"},{"taxonomy":"product_cat","embeddable":true,"href":"https:\/\/soydeaqui.ddns.net\/pachuca\/index.php\/wp-json\/wp\/v2\/product_cat?post=113089"},{"taxonomy":"product_tag","embeddable":true,"href":"https:\/\/soydeaqui.ddns.net\/pachuca\/index.php\/wp-json\/wp\/v2\/product_tag?post=113089"}],"curies":[{"name":"wp","href":"https:\/\/api.w.org\/{rel}","templated":true}]}}