{"id":113041,"date":"2026-03-20T22:16:17","date_gmt":"2026-03-20T22:16:17","guid":{"rendered":"https:\/\/soydeaqui.ddns.net\/pachuca\/index.php\/producto\/estacion-de-descarga-simultanea-para-8-camaras-compatible-con-body-cam-xmr-r3\/"},"modified":"2026-03-20T22:16:37","modified_gmt":"2026-03-20T22:16:37","slug":"estacion-de-descarga-simultanea-para-8-camaras-compatible-con-body-cam-xmr-r3","status":"publish","type":"product","link":"https:\/\/soydeaqui.ddns.net\/pachuca\/index.php\/producto\/estacion-de-descarga-simultanea-para-8-camaras-compatible-con-body-cam-xmr-r3\/","title":{"rendered":"Estaci\u00f3n de Descarga Simultanea para 8 C\u00e1maras \/ Compatible con Body Cam XMR-R3"},"content":{"rendered":"<div style='width: 100%; max-width: 1200px; margin: 0 auto; font-family: sans-serif; line-height: 1.6; color: inherit; background-color: transparent;'>\n<div style='display: flex; flex-wrap: wrap; gap: 30px; margin-bottom: 30px;'>\n<div style='flex: 1 1 300px; min-width: 280px;'>\n<h3 style='font-size: 22px; border-bottom: 2px solid currentColor; padding-bottom: 5px; margin-top: 0; color: inherit; opacity: 0.8;'>Descripci\u00f3n General<\/h3>\n<p style='font-size: 15px; color: inherit; margin-bottom: 15px;'> <strong>Estaci\u00f3n para BodyCam&comma; realiza la descarga de informaci\u00f3n y carga de bater\u00eda simult\u00e1neamente&comma; la estaci\u00f3n se conecta por Ethernet para la descarga de informaci\u00f3n al servidor central dedicado (FTP).<\/strong> <\/p>\n<ul style='padding-left: 20px; font-size: 15px; color: inherit;'>\n<li style='margin-bottom: 5px;'>Pantalla t\u00e1ctil de 10 pulgadas con resoluci\u00f3n de 1280 * 1024.<\/li>\n<li style='margin-bottom: 5px;'>Soporte de 8 c\u00e1maras para copia de seguridad y recarga.<\/li>\n<li style='margin-bottom: 5px;'>Sistema Android<\/li>\n<li style='margin-bottom: 5px;'>Puerto Ethernet de base 1000Mbps para la carga de datos.<\/li>\n<li style='margin-bottom: 5px;'>Exportaci\u00f3n r\u00e1pida de datos y recarga de la bater\u00eda.<\/li>\n<li style='margin-bottom: 5px;'>Soporta subir datos al servidor FTP central<\/li>\n<li style='margin-bottom: 5px;'>Conexi\u00f3n USB Tipo C para c\u00e1maras XMRR3<\/li>\n<li style='margin-bottom: 5px;'>Soporta registro de operaci\u00f3n local y exportaci\u00f3n.<\/li>\n<\/ul>\n<p style='font-size: 15px; color: inherit; margin-top: 25px;'> <strong>Compatible con c\u00e1maras XMRR3<\/strong> <\/p>\n<\/p><\/div>\n<\/p><\/div>\n<div style='display: flex; flex-wrap: wrap; gap: 30px; margin-bottom: 30px;'>\n<div style='flex: 1 1 300px; min-width: 280px;'>\n<h3 style='font-size: 22px; border-bottom: 2px solid currentColor; padding-bottom: 5px; margin-top: 0; color: inherit; opacity: 0.8;'>Dimensiones<\/h3>\n<p> <a href='https:\/\/ftp3.syscom.mx\/usuarios\/jmolinar\/JonathanMolinar\/BodyCam\/Imagenes\/A8-medidas.PNG'> <img style='width: 100%; height: auto; border: 1px solid rgba(150&comma;150&comma;150&comma;0.3); border-radius: 8px;' src='https:\/\/ftp3.syscom.mx\/usuarios\/jmolinar\/JonathanMolinar\/BodyCam\/Imagenes\/A8-medidas.PNG' alt=''> <\/a> <\/div>\n<\/p><\/div>\n<div style='display: flex; flex-wrap: wrap; gap: 30px; margin-bottom: 30px;'>\n<div style='flex: 1 1 300px; min-width: 280px;'>\n<h3 style='font-size: 22px; border-bottom: 2px solid currentColor; padding-bottom: 5px; margin-top: 0; color: inherit; opacity: 0.8;'>Video de Referencia<\/h3>\n<div style='position: relative; padding-bottom: 56.25%; height: 0; overflow: hidden; margin-bottom: 30px;'>   <\/div>\n<\/p><\/div>\n<\/p><\/div>\n<\/p><\/div>\n","protected":false},"excerpt":{"rendered":"<p>Estaci\u00f3n de Descarga Simultanea para 8 C\u00e1maras \/ Compatible con Body Cam XMR-R3<\/p>\n","protected":false},"featured_media":113040,"comment_status":"open","ping_status":"closed","template":"","meta":[],"product_brand":[],"product_cat":[1408,1406],"product_tag":[93,1409,935,1345],"class_list":{"0":"post-113041","1":"product","2":"type-product","3":"status-publish","4":"has-post-thumbnail","6":"product_cat-accesorios-dash-cams-y-body-cams","7":"product_cat-videograbadoras-moviles-videovigilancia","8":"product_tag-accesorios","9":"product_tag-dash-cams-y-body-cams","10":"product_tag-epcom","11":"product_tag-videograbadoras-moviles","13":"first","14":"instock","15":"sale","16":"shipping-taxable","17":"purchasable","18":"product-type-simple"},"_links":{"self":[{"href":"https:\/\/soydeaqui.ddns.net\/pachuca\/index.php\/wp-json\/wp\/v2\/product\/113041","targetHints":{"allow":["GET"]}}],"collection":[{"href":"https:\/\/soydeaqui.ddns.net\/pachuca\/index.php\/wp-json\/wp\/v2\/product"}],"about":[{"href":"https:\/\/soydeaqui.ddns.net\/pachuca\/index.php\/wp-json\/wp\/v2\/types\/product"}],"replies":[{"embeddable":true,"href":"https:\/\/soydeaqui.ddns.net\/pachuca\/index.php\/wp-json\/wp\/v2\/comments?post=113041"}],"wp:featuredmedia":[{"embeddable":true,"href":"https:\/\/soydeaqui.ddns.net\/pachuca\/index.php\/wp-json\/wp\/v2\/media\/113040"}],"wp:attachment":[{"href":"https:\/\/soydeaqui.ddns.net\/pachuca\/index.php\/wp-json\/wp\/v2\/media?parent=113041"}],"wp:term":[{"taxonomy":"product_brand","embeddable":true,"href":"https:\/\/soydeaqui.ddns.net\/pachuca\/index.php\/wp-json\/wp\/v2\/product_brand?post=113041"},{"taxonomy":"product_cat","embeddable":true,"href":"https:\/\/soydeaqui.ddns.net\/pachuca\/index.php\/wp-json\/wp\/v2\/product_cat?post=113041"},{"taxonomy":"product_tag","embeddable":true,"href":"https:\/\/soydeaqui.ddns.net\/pachuca\/index.php\/wp-json\/wp\/v2\/product_tag?post=113041"}],"curies":[{"name":"wp","href":"https:\/\/api.w.org\/{rel}","templated":true}]}}