{"id":113028,"date":"2026-03-20T22:15:33","date_gmt":"2026-03-20T22:15:33","guid":{"rendered":"https:\/\/soydeaqui.ddns.net\/pachuca\/index.php\/producto\/switch-inteligente-cnmatrix-tx2020r-p-con-16-puertos-poe-y-4-sfp-para-fuentes-removibles\/"},"modified":"2026-03-20T22:15:58","modified_gmt":"2026-03-20T22:15:58","slug":"switch-inteligente-cnmatrix-tx2020r-p-con-16-puertos-poe-y-4-sfp-para-fuentes-removibles","status":"publish","type":"product","link":"https:\/\/soydeaqui.ddns.net\/pachuca\/index.php\/producto\/switch-inteligente-cnmatrix-tx2020r-p-con-16-puertos-poe-y-4-sfp-para-fuentes-removibles\/","title":{"rendered":"Switch inteligente cnMatrix TX2020R-P con 16 puertos PoE y 4 SFP+, para fuentes removibles"},"content":{"rendered":"<div style='width: 100%; max-width: 1200px; margin: 0 auto; font-family: sans-serif; line-height: 1.6; color: inherit; background-color: transparent;'>\n<h3 style='font-size: 22px; border-bottom: 2px solid currentColor; padding-bottom: 5px; margin-top: 0; color: inherit; opacity: 0.8; text-align: center;'>cnMatrix Enterprise Switch Highlights<\/h3>\n<div style='display: flex; flex-wrap: wrap; gap: 30px; margin: 30px 0;'>\n<div style='flex: 1 1 300px; min-width: 280px;'> <img style='width: 100%; height: auto; border: 1px solid rgba(150&comma;150&comma;150&comma;0.3); border-radius: 8px;' src='data:image\/png;base64&comma;iVBORw0KGgoAAAANSUhEUgAAACoAAAA4CAYAAACL3WrLAAACNUlEQVRoBe2ZO0sDQRSF80v8A9rYqYUINooWVmvAIk1ABCHGRkHQoEUiSEStfEB8EoiFiIiIloGICNoEC7WQiIqFIoIBi4yckVl2kzXcWfdhwlwYJoGTvd+end0kcwKsRipQI5xMgTp9pWrb0fePIptfP2XayApr6Bj3ZKAXeqK3VVU4mr95ZG3BWU\/grExo6o0xMJRXBWhXeIFDNvbEWOboguUu7zwZ6NXan+C9AVvurAkUYpwlIAtPr+Un5fp7wKE3GNZ2s6Z+JtDY0gEXYfarkqkTzhCe2DQhmEC1yDIXQWynbu9fWDSeYcPTaXZ1XbBzCL7M4ChYjOUoaHd4kZ8oGrVoCWMf8mvcE66Cfha\/dEg0wnh4fiMDCqHroGg0OLmtwwajq6K31OwJKIjSh+dsa\/+MlUolKUAh9gxUNLQ71xdo+8AcX2OhsRTb2Mv5MsSzHCzGMj2emvtm9JtB3Ll+zfgaNZYlaGcoyYamdnwZWuTnFxtMM5YJ9K\/fTMYD231dXzeTclRiHahLL2EWSaocJdkkIVKOSphFkipHSTZJiJSjEmaRpMpRkk0SIuWohFkkqXKUZJOESDkqYRZJqhx9A513F38Dn0QAAAAASUVORK5CYII=' alt='' \/> <\/p>\n<h3 style='font-size: 18px; border-bottom: 2px solid currentColor; padding-bottom: 5px; margin-top: 15px; color: inherit; opacity: 0.8; text-align: center;'>AUTOMATIZACI\u00d3N BASADA EN POL\u00cdTICAS<\/h3>\n<p style='font-size: 14px; text-align: center;'>Capacidad para perfilar dispositivos y configurar autom\u00e1ticamente el switch proporcionando una experiencia de zero-touch incluso al implementar&comma; desconectar o mover dispositivos de red<\/p>\n<\/p><\/div>\n<div style='flex: 1 1 300px; min-width: 280px;'> <img style='width: 100%; height: auto; border: 1px solid rgba(150&comma;150&comma;150&comma;0.3); border-radius: 8px;' src='data:image\/png;base64&comma;iVBORw0KGgoAAAANSUhEUgAAADQAAAA2CAYAAACIsLrgAAACK0lEQVRoBe2aMUsDMRTH\/SR+AR1c3RwEBR2c6irYxUnRRVCw4mAna9FFEYoCSzsoVFDpIljoIihCBxF1ENRJEAfHJ\/\/THGlykeOaa0J9gcflzrs0v\/d\/Lznb10Nd1nq6jIf+D9Dz6zutblcpM7dLvUOLXthotkgL+QphbqYWqVDz\/oX6x3NeQEQ5E3Mrn15FMmlAH59fIczgZD54sHH9QD7Y2WWTRqaLgaMBFaWUBrRRqgUPAAZwPjYBlduqatPTgDKzOwHQXqWu3ezLBSiFUMRc1WYEQoj52jA3kVvqHBlI9YiLcysKLW8ek0uTHWcNSMRtp48zK4cyT7CFiDm0\/IFIf\/URq5y6KEAdDFIo1Tpq+MzUgVSvpHW+f9QInMhAsofjhJx8f5p9VijpopCmKvLYrBAr9LsPyWEh+ndPb9SOiXHko9OQk19HxC4e93hycStzhH3nQAMTa5TEvAQK3Wqx41QhixzhUAzEy\/Yfy3YYJxY7HHI2Qw770PBUIZF5uWx35cYKqKQWlXqcQzZzKMrD7V5jhVgh3ljbyyLOoaQ5BM91ylL\/Kjjuv9U270vtq2AM7MrkbJRfs+Tr6PMveKpHXJyzQkhoU6WGC0XUzxQ\/66NeQW1aDqGYAUCoq\/G1ifqj+fWyNkUNCOUmfWM\/dT6AOq83vakoadw8thRTxSqNATLCTUDZ3E9sjmVKCU0hoSHoIalPYJhLdumAUC1makYg0wO+X2cg3xX6BlUOJs9e2Lv4AAAAAElFTkSuQmCC' alt='' \/> <\/p>\n<h3 style='font-size: 18px; border-bottom: 2px solid currentColor; padding-bottom: 5px; margin-top: 15px; color: inherit; opacity: 0.8; text-align: center;'>SEGMENTACI\u00d3N AUTOM\u00c1TICA DE DISPOSITIVOS<\/h3>\n<p style='font-size: 14px; text-align: center;'>Proporciona un entorno seguro para los recursos cr\u00edticos de la red al colocar autom\u00e1ticamente los dispositivos en el segmento de red apropiado seg\u00fan su perfil<\/p>\n<\/p><\/div>\n<div style='flex: 1 1 300px; min-width: 280px;'> <img style='width: 100%; height: auto; border: 1px solid rgba(150&comma;150&comma;150&comma;0.3); border-radius: 8px;' src='data:image\/png;base64&comma;iVBORw0KGgoAAAANSUhEUgAAADcAAAAxCAYAAAB+gjFbAAADS0lEQVRoBe2av4pTQRTG90l8AX0BrSwCClqv9q61EhtBi1i5NopoowiaLTelhSvaubCNYppgYbRZWFMJEmSxGvkNfMv15sydG5JzSfAeGGbu\/Dvfd86ZmTCTjdCQjL4ehXtPX4fNm89jokydp2x4Tq65Xwz2w6nzt81Em5e4kzv4\/C2SOn2pFx6+fBf4JlGmDtJ8e4g7ubNXtiOBvQ+jGfy7bz7GtnNXH8y0LaPCldyv6XEEj3dSonBNtS9S70qODSMHXu0em4srOawu8HixLHU8Wx4zz7c7ua07O5EgW39Zuvd3Yxu5h7iTwzvaFdk4bm0PYqKMV2mzvLoMsu7kAMl6unDt8UmIKlSp81hrMkwj5KSM84xDm+R1tkkXeaPkioqbKLfkmrCyh47Wcx5WbWLORj33+\/hPGH45jImytzROTmdcS25B17aeW9CAJ8MJxZUNy263GzqdzkoksORkrrD8L8j1+\/2c0cz2ZYTlcDiMkePmuZac4bvWc4ZRilVuYTkej2Pk+Hw+UV9tM55b9OeXaZoRM1hyMtdsmZts1dprcqvGkbp4Ws\/VtdSqtavtOe4XB3ufwqNX78Pb\/VH4+uN3bi5c5zGe9DB8P\/d4dKK74cByy45bctzGchWuXvOax3iSw3jSwfD73OPRie6Gg+WWDW8lR604rXKzVZuj5vG6Tr1q\/2p7jvvFw96n8OjV+\/D28Ff4D29fj1o3vK2mAAAAAElFTkSuQmCC' alt='' \/> <\/p>\n<h3 style='font-size: 18px; border-bottom: 2px solid currentColor; padding-bottom: 5px; margin-top: 15px; color: inherit; opacity: 0.8; text-align: center;'>AUTO POLICY Wipe<\/h3>\n<p style='font-size: 14px; text-align: center;'>Mejora la seguridad al eliminar autom\u00e1ticamente toda la configuraci\u00f3n din\u00e1mica asociada cuando un dispositivo se desconecta<\/p>\n<\/p><\/div>\n<div style='flex: 1 1 300px; min-width: 280px;'> <img style='width: 100%; height: auto; border: 1px solid rgba(150&comma;150&comma;150&comma;0.3); border-radius: 8px;' src='data:image\/png;base64&comma;iVBORw0KGgoAAAANSUhEUgAAADoAAAAuCAYAAABwF6rfAAAFNklEQVRoBe1a\/2uXRRz3L6l+isgw\/CWoH8QktFBikG2sCPgFwWiJ+kO6XMv8ysizlsN0YbMmuUm6jcytnLMJc6ZsKRt+Sa0FrrVYbtPpVHjL69ZrnLfnnHvuufs8D8zy4OG+vXfv9+ve786zTZL\/aZoUinlg6KbUHD4tKzfXCMoPWvIGfrylU5Z8sEceuf911Bx\/0HCLN\/B5732uAK\/YVC1YhGfnb5YX19b+98GLyuoV8M7LVxVY1v\/o6c8cfE\/fkDSduCjfrG+XhtZzcvnGzVg9PT0OwKA5ACOxniX9Dx07L\/MW7xzXWvo2m7lwm1QebPNeAG\/g0AB6P\/fa1jFlWdJ91Zb9CvDkzCJZ+GmD1B89I8c6L8u+9i5Z9Nl3MvW1YtW3YMXv8kff4JhNqUIQcNI7a7ovWb1Fqg5fUW11lj\/6bDTw\/vTzBaduMHAEm3jdpDvrTs0xAtv3t6i5m0+ej5Ea39X796Aat3zDvvGdRkswcBvdGe0NPV7VhWsqZcrL67zGUBgs+eTbH1WNSw0c8syq7jPaG3q8qgvXVMqUl9d5jaEwWPLJtz9q4P1ZVgGHYtDdFV3V6uh44e0S6VtW7pCK7l67rVZ5\/dboTqTAb2sq4FnRfcbLH8mrG9tjpbZOnjzDN+2nAMamAm7S3aTbjHO1v7EqGV2j5sE2eTrBNkkFHIrB6D7j7R\/Jmxv2xUqN7+qDd6Aat3zDvvGdRkswcBvdGe0NPV7VhWsqZcrL67zGUBgs+eTbH7Xw9hVd1wFh4M6a7iPjJ8j0d8vVtrqLH\/02Wjg\/enmC07dYOAI1vG6SXfWnZpjBHYeaFfAs7PzY6XGd\/X+PajGLd+wb3yn0RIM3EZ3RntDj1d14ZpKmfLyOq8xFAdL3v39KwXeJAr45NpV3Wf0N7U40p3XllYpMzNn47bKw6fP83NnZ8a7jRag4Hb6M5ob+ixqjT1mHJ0zL0yJL990y4L1u6Q6qZfZFHBoBw1gVJYjJInZ91xMgjw65N6dDk1cFh4MK6DQW8Acx9m3WoStXgAAAAASUVORK5CYII=' alt='' \/> <\/p>\n<h3 style='font-size: 18px; border-bottom: 2px solid currentColor; padding-bottom: 5px; margin-top: 15px; color: inherit; opacity: 0.8; text-align: center;'>SUPERVIVENCIA DEL SITIO<\/h3>\n<p style='font-size: 14px; text-align: center;'>Operaci\u00f3n ininterrumpida incluso cuando se pierde la conectividad a la nube<\/p>\n<\/p><\/div>\n<div style='flex: 1 1 300px; min-width: 280px;'> <img style='width: 100%; height: auto; border: 1px solid rgba(150&comma;150&comma;150&comma;0.3); border-radius: 8px;' src='data:image\/png;base64&comma;iVBORw0KGgoAAAANSUhEUgAAAD4AAAAuCAYAAABwF6rfAAAFNklEQVRoBe1a\/2uXRRz3L6l+isgw\/CWoH8QktFBikG2sCPgFwWiJ+kO6XMv8ysizlsN0YbMmuUm6jcytnLMJc6ZsKRt+Sa0FrrVYbtPpVHjL69ZrnLfnnHvuufs8D8zy4OG+vXfv9+ve786zTZL\/aZoUinlg6KbUHD4tKzfXCMoPWvIGfrylU5Z8sEceuf911Bx\/0HCLN\/B5732uAK\/YVC1YhGfnb5YX19b+98GLyuoV8M7LVxVY1v\/o6c8cfE\/fkDSduCjfrG+XhtZzcvnGzVg9PT0OwKA5ACOxniX9Dx07L\/MW7xzXWvo2m7lwm1QebPNeAG\/g0AB6P\/fa1jFlWdJ91Zb9CvDkzCJZ+GmD1B89I8c6L8u+9i5Z9Nl3MvW1YtW3YMXv8kff4JhNqUIQcNI7a7ovWb1Fqg5fUW11lj\/6bDTw\/vTzBaduMHAEm3jdpDvrTs0xAtv3tai5m0+ej5Ea39X796Aat3zDvvGdRkswcBvdGe0NPV7VhWsqZcrL67zGUBgs+eTbH1WNSw0c8syq7jPaG3q8qgvXVMqUl9d5jaEwWPLJtz9q4P1ZVgGHYtDdFV3V6uh44e0S6VtW7pCK7l67rVZ5\/dboTqTAb2sq4FnRfcbLH8mrG9tjpbZOnjzDN+2nAMamAm7S3aTbjHO1v7EqGV2j5sE2eTrBNkkFHIrB6D7j7R\/Jmxv2xUqN7+qDd6Aat3zDvvGdRkswcBvdGe0NPV7VhWsqZcrL67zGUBgs+eTbH7Xw9hVd1wFh4M6a7iPjJ8j0d8vVtrqLH\/02Wjg\/enmC07dYOAI1vG6SXfWnZpjBHYeaFfAs7PzY6XGd\/X+PajGLd+wb3yn0RIM3EZ3RntDj1d14ZpKmfLyOq8xFAdL3v39KwXeJAr45NpV3Wf0N7U40p3XllYpMzNn47bKw6fP83NnZ8a7jRag4Hb6M5ob+ixqjT1mHJ0zL0yJL990y4L1u6Q6qZfZFHBoBw1gVJYjJInZ91xMgjw65N6dDk1cFh4MK6DQW8Acx9m3WoStXgAAAAASUVORK5CYII=' alt='' \/> <\/p>\n<h3 style='font-size: 18px; border-bottom: 2px solid currentColor; padding-bottom: 5px; margin-top: 15px; color: inherit; opacity: 0.8; text-align: center;'>GESTI\u00d3N DE LA NUBE<\/h3>\n<p style='font-size: 14px; text-align: center;'>La plataforma de gesti\u00f3n gratuita basada en la nube de cnMaestro proporciona una rica gesti\u00f3n del ciclo de vida&comma; configuraci\u00f3n y control&comma; y servicios de seguridad; que tambi\u00e9n puede estar disponible con opciones de implementaci\u00f3n en las instalaciones<\/p>\n<\/p><\/div>\n<\/p><\/div>\n<hr style='border: 0; border-top: 1px solid rgba(150&comma; 150&comma; 150&comma; 0.3); margin: 30px 0;'>\n<h3 style='font-size: 22px; border-bottom: 2px solid currentColor; padding-bottom: 5px; margin-top: 0; color: inherit; opacity: 0.8;'>La plataforma de switchs cnMatrix proporciona:<\/h3>\n<ul style='padding-left: 20px; font-size: 15px; color: inherit;'>\n<li style='margin-bottom: 5px;'>Velocidad de l\u00ednea completa&comma; sin bloqueo<\/li>\n<li style='margin-bottom: 5px;'>Gesti\u00f3n f\u00e1cil y sencilla en la nube (o local) con cnMaestro o XMS.<\/li>\n<li style='margin-bottom: 5px;'>Implementaci\u00f3n Zero-Touch.<\/li>\n<li style='margin-bottom: 5px;'>Automatizaci\u00f3n basada en pol\u00edticas.<\/li>\n<li style='margin-bottom: 5px;'>Seguridad mejorada con perfilado y segmentaci\u00f3n de dispositivos automatizados.<\/li>\n<li style='margin-bottom: 5px;'>Automatizaci\u00f3n basada en pol\u00edticas eliminar la configuraci\u00f3n manual durante traslados y cambios de dispositivos de red.<\/li>\n<li style='margin-bottom: 5px;'>Soluci\u00f3n unificada de acceso inal\u00e1mbrico por cable.<\/li>\n<\/ul>\n<p style='font-size: 12px; color: inherit; margin-top: 20px; text-align: center;'><em>* Caracter\u00edstica que se incluir\u00e1 en una versi\u00f3n futura.<\/em><\/p>\n<hr style='border: 0; border-top: 1px solid rgba(150&comma; 150&comma; 150&comma; 0.3); margin: 30px 0;'>\n<h3 style='font-size: 22px; border-bottom: 2px solid currentColor; padding-bottom: 5px; margin-top: 0; color: inherit; opacity: 0.8;'>Especificaciones<\/h3>\n<div style='display: flex; flex-wrap: wrap; gap: 20px; margin-bottom: 30px;'>\n<div style='flex: 1 1 250px; border: 1px solid rgba(150&comma; 150&comma; 150&comma; 0.4); border-radius: 8px; overflow: hidden; display: flex; flex-direction: column;'>\n<div style='padding: 15px; border-bottom: 1px solid rgba(150&comma; 150&comma; 150&comma; 0.2); font-weight: bold; font-size: 18px; color: inherit;'>CARACTER\u00cdSTICAS<\/div>\n<div style='padding: 15px; color: inherit;'>\n<ul style='padding-left: 20px; margin: 0; font-size: 14px; list-style-type: disc;'>\n<li style='margin-bottom: 5px;'><strong>Throughput:<\/strong> 112 Gbps<\/li>\n<li style='margin-bottom: 5px;'><strong>Forwarding Rate in Mpps (64 Byte Packets):<\/strong> 120<\/li>\n<li style='margin-bottom: 5px;'><strong>10\/100\/1000 Mbps RJ45 Ports:<\/strong> 16<\/li>\n<li style='margin-bottom: 5px;'><strong>PoE+ Enabled Ports 802.3af\/at\/bt:<\/strong> 16<\/li>\n<li style='margin-bottom: 5px;'><strong>Low Voltage Passive PoE (24 V):<\/strong> 8<\/li>\n<li style='margin-bottom: 5px;'><strong>Cambium Sync (via RJ45 ports):<\/strong> 16<\/li>\n<\/ul><\/div>\n<\/p><\/div>\n<div style='flex: 1 1 250px; border: 1px solid rgba(150&comma; 150&comma; 150&comma; 0.4); border-radius: 8px; overflow: hidden; display: flex; flex-direction: column;'>\n<div style='padding: 15px; border-bottom: 1px solid rgba(150&comma; 150&comma; 150&comma; 0.2); font-weight: bold; font-size: 18px; color: inherit;'>CALIDAD EN EL SERVICIO<\/div>\n<div style='padding: 15px; color: inherit;'>\n<ul style='padding-left: 20px; margin: 0; font-size: 14px; list-style-type: disc;'>\n<li style='margin-bottom: 5px;'>ACL mapping and marking of ToS\/DSCP (COS)<\/li>\n<li style='margin-bottom: 5px;'>ACL mapping to priority queue<\/li>\n<li style='margin-bottom: 5px;'>ACL mapping marking of 802.1p<\/li>\n<li style='margin-bottom: 5px;'>Priority queue management using Weighted Round Robin (WRR)&comma; Strict Priority (SP) and a combination of WRR and SP<\/li>\n<\/ul><\/div>\n<\/p><\/div>\n<div style='flex: 1 1 250px; border: 1px solid rgba(150&comma; 150&comma; 150&comma; 0.4); border-radius: 8px; overflow: hidden; display: flex; flex-direction: column;'>\n<div style='padding: 15px; border-bottom: 1px solid rgba(150&comma; 150&comma; 150&comma; 0.2); font-weight: bold; font-size: 18px; color: inherit;'>ADMINISTRACI\u00d3N DEL TR\u00c1FICO<\/div>\n<div style='padding: 15px; color: inherit;'>\n<ul style='padding-left: 20px; margin: 0; font-size: 14px; list-style-type: disc;'>\n<li style='margin-bottom: 5px;'>ACL-based inbound rate limiting policies<\/li>\n<li style='margin-bottom: 5px;'>Inbound rate limiting per port<\/li>\n<li style='margin-bottom: 5px;'>Broadcast&comma; multicast and unknown unicast rate limiting<\/li>\n<li style='margin-bottom: 5px;'>Outbound rate limiting per port\/queue<\/li>\n<\/ul><\/div>\n<\/p><\/div>\n<div style='flex: 1 1 250px; border: 1px solid rgba(150&comma; 150&comma; 150&comma; 0.4); border-radius: 8px; overflow: hidden; display: flex; flex-direction: column;'>\n<div style='padding: 15px; border-bottom: 1px solid rgba(150&comma; 150&comma; 150&comma; 0.2); font-weight: bold; font-size: 18px; color: inherit;'>3 A\u00d1OS DE GARANT\u00cdA<\/div>\n<\/p><\/div>\n<\/p><\/div>\n<\/p><\/div>\n","protected":false},"excerpt":{"rendered":"<p>Switch inteligente cnMatrix TX2020R-P con 16 puertos PoE y 4 SFP+, para fuentes removibles<\/p>\n","protected":false},"featured_media":113027,"comment_status":"open","ping_status":"closed","template":"","meta":[],"product_brand":[],"product_cat":[1986],"product_tag":[1316,664,1987],"class_list":{"0":"post-113028","1":"product","2":"type-product","3":"status-publish","4":"has-post-thumbnail","6":"product_cat-switches-poe","7":"product_tag-cambium-networks","8":"product_tag-networking","9":"product_tag-switches-poe","11":"first","12":"outofstock","13":"sale","14":"shipping-taxable","15":"purchasable","16":"product-type-simple"},"_links":{"self":[{"href":"https:\/\/soydeaqui.ddns.net\/pachuca\/index.php\/wp-json\/wp\/v2\/product\/113028","targetHints":{"allow":["GET"]}}],"collection":[{"href":"https:\/\/soydeaqui.ddns.net\/pachuca\/index.php\/wp-json\/wp\/v2\/product"}],"about":[{"href":"https:\/\/soydeaqui.ddns.net\/pachuca\/index.php\/wp-json\/wp\/v2\/types\/product"}],"replies":[{"embeddable":true,"href":"https:\/\/soydeaqui.ddns.net\/pachuca\/index.php\/wp-json\/wp\/v2\/comments?post=113028"}],"wp:featuredmedia":[{"embeddable":true,"href":"https:\/\/soydeaqui.ddns.net\/pachuca\/index.php\/wp-json\/wp\/v2\/media\/113027"}],"wp:attachment":[{"href":"https:\/\/soydeaqui.ddns.net\/pachuca\/index.php\/wp-json\/wp\/v2\/media?parent=113028"}],"wp:term":[{"taxonomy":"product_brand","embeddable":true,"href":"https:\/\/soydeaqui.ddns.net\/pachuca\/index.php\/wp-json\/wp\/v2\/product_brand?post=113028"},{"taxonomy":"product_cat","embeddable":true,"href":"https:\/\/soydeaqui.ddns.net\/pachuca\/index.php\/wp-json\/wp\/v2\/product_cat?post=113028"},{"taxonomy":"product_tag","embeddable":true,"href":"https:\/\/soydeaqui.ddns.net\/pachuca\/index.php\/wp-json\/wp\/v2\/product_tag?post=113028"}],"curies":[{"name":"wp","href":"https:\/\/api.w.org\/{rel}","templated":true}]}}