{"id":113018,"date":"2026-03-20T22:14:59","date_gmt":"2026-03-20T22:14:59","guid":{"rendered":"https:\/\/soydeaqui.ddns.net\/pachuca\/index.php\/producto\/bobina-de-cable-utp-305-metros-1000-pies-de-cobre-tx6-28-azul-categora-6-dimetro-reducido-28-awg-cm-lszh-de-4-pares\/"},"modified":"2026-03-20T22:15:04","modified_gmt":"2026-03-20T22:15:04","slug":"bobina-de-cable-utp-305-metros-1000-pies-de-cobre-tx6-28-azul-categora-6-dimetro-reducido-28-awg-cm-lszh-de-4-pares","status":"publish","type":"product","link":"https:\/\/soydeaqui.ddns.net\/pachuca\/index.php\/producto\/bobina-de-cable-utp-305-metros-1000-pies-de-cobre-tx6-28-azul-categora-6-dimetro-reducido-28-awg-cm-lszh-de-4-pares\/","title":{"rendered":"Bobina de Cable UTP 305 Metros (1000 Pies) de Cobre TX6-28?, Azul, Categor?a 6, Di?metro Reducido (28 AWG), CM\/LSZH, de 4 Pares"},"content":{"rendered":"<div style='width: 100%; max-width: 1200px; margin: 0 auto; font-family: sans-serif; line-height: 1.6; color: inherit; background-color: transparent;'> <!-- Secci\u00f3n de descripci\u00f3n principal --> <\/p>\n<div style='margin-bottom: 30px; font-size: 15px; color: inherit;'>\n<p>El cable de categor\u00eda 6 est\u00e1 construido con conductores de cobre de 28 AWG con aislamiento de polietileno (PE). Los conductores de cobre est\u00e1n trenzados en pares y cubiertos por un forro CM\/LSZH\/LSZH-FR de baja emisi\u00f3n de humo e ign\u00edfuga. Este innovador dise\u00f1o de di\u00e1metro reducido permite una capacidad de canalizaci\u00f3n mejorada&comma; un radio de curvatura menor y proporciona flexibilidad durante la instalaci\u00f3n.<\/p>\n<p>Rendimiento de canal certificado en una configuraci\u00f3n de 4 conectores de hasta <strong>50 metros<\/strong> y supera los est\u00e1ndares ANSI\/TIA-568-C.2 Categor\u00eda 6 e ISO 11801 Clase E en frecuencias de hasta 250 MHZ.<\/p>\n<p><strong>Nota:<\/strong> El cable utiliza conductores de 28 AWG que no cumplen con el tama\u00f1o de conductor de 24 a 22 AWG de cable horizontal en ANSI\/TIA-568-C.2 e IEC 61156-5. Lo que resulta en una mayor atenuaci\u00f3n que reduce la distancia m\u00e1xima del canal a 50 metros (164 pies). La terminaci\u00f3n adecuada requiere el uso de Jacks: CJT688TG*.<\/p>\n<\/p><\/div>\n<p> <!-- Secci\u00f3n de aplicaciones --> <\/p>\n<div style='margin-bottom: 30px;'>\n<h3 style='font-size: 22px; border-bottom: 2px solid currentColor; padding-bottom: 5px; margin-top: 0; color: inherit; opacity: 0.8;'>Aplicaciones<\/h3>\n<ul style='padding-left: 20px; font-size: 15px; color: inherit;'>\n<li style='margin-bottom: 5px;'>Redes de Voz\/Datos y V\u00eddeo de Alta Velocidad<\/li>\n<li style='margin-bottom: 5px;'>Instalaciones de CCTV IP Megapixel<\/li>\n<li style='margin-bottom: 5px;'>Redes inal\u00e1mbricas<\/li>\n<li style='margin-bottom: 5px;'>Aplicaciones Power Over Ethernet IEEE 802.3af y 802.3at<\/li>\n<li style='margin-bottom: 5px;'>Aplicaciones en 10BASE-T&comma; 100BASE-T&comma; 1000BASE-T y 10GBASE-T<\/li>\n<\/ul><\/div>\n<p> <!-- Secci\u00f3n de especificaciones t\u00e9cnicas --> <\/p>\n<div style='margin-bottom: 30px;'>\n<h3 style='font-size: 22px; border-bottom: 2px solid currentColor; padding-bottom: 5px; margin-top: 0; color: inherit; opacity: 0.8;'>Especificaciones T\u00e9cnicas<\/h3>\n<ul style='padding-left: 20px; font-size: 15px; color: inherit;'>\n<li style='margin-bottom: 5px;'><strong>Di\u00e1metro nominal:<\/strong> 4.00 mm<\/li>\n<li style='margin-bottom: 5px;'><strong>Conductor:<\/strong> 28 AWG de cobre s\u00f3lido aislado con PE<\/li>\n<li style='margin-bottom: 5px;'><strong>Clasificaci\u00f3n de flama:<\/strong> CM\/LSZH<\/li>\n<li style='margin-bottom: 5px;'><strong>Cumplimiento PoE:<\/strong> IEEE 802.3af y IEEE 802.3at<\/li>\n<li style='margin-bottom: 5px;'><strong>Tensi\u00f3n m\u00e1xima:<\/strong> 18 lbf (80 N) m\u00e1ximo<\/li>\n<li style='margin-bottom: 5px;'><strong>Temperatura de instalaci\u00f3n:<\/strong> 0\u00b0C a 50\u00b0C<\/li>\n<li style='margin-bottom: 5px;'><strong>Temperatura de operaci\u00f3n:<\/strong> -20\u00baC a 75\u00baC<\/li>\n<\/ul><\/div>\n<p> <!-- Separador --> <\/p>\n<hr style='border: 0; border-top: 1px solid rgba(150&comma; 150&comma; 150&comma; 0.3); margin: 30px 0;'> <\/div>\n","protected":false},"excerpt":{"rendered":"<p>Bobina de Cable UTP 305 Metros (1000 Pies) de Cobre TX6-28?, Azul, Categor?a 6, Di?metro Reducido (28 AWG), CM\/LSZH, de 4 Pares<\/p>\n","protected":false},"featured_media":113017,"comment_status":"open","ping_status":"closed","template":"","meta":[],"product_brand":[],"product_cat":[576],"product_tag":[488,577,445],"class_list":{"0":"post-113018","1":"product","2":"type-product","3":"status-publish","4":"has-post-thumbnail","6":"product_cat-categoria-6","7":"product_tag-cables-y-conectores","8":"product_tag-categoria-6","9":"product_tag-panduit","11":"first","12":"instock","13":"sale","14":"shipping-taxable","15":"purchasable","16":"product-type-simple"},"_links":{"self":[{"href":"https:\/\/soydeaqui.ddns.net\/pachuca\/index.php\/wp-json\/wp\/v2\/product\/113018","targetHints":{"allow":["GET"]}}],"collection":[{"href":"https:\/\/soydeaqui.ddns.net\/pachuca\/index.php\/wp-json\/wp\/v2\/product"}],"about":[{"href":"https:\/\/soydeaqui.ddns.net\/pachuca\/index.php\/wp-json\/wp\/v2\/types\/product"}],"replies":[{"embeddable":true,"href":"https:\/\/soydeaqui.ddns.net\/pachuca\/index.php\/wp-json\/wp\/v2\/comments?post=113018"}],"wp:featuredmedia":[{"embeddable":true,"href":"https:\/\/soydeaqui.ddns.net\/pachuca\/index.php\/wp-json\/wp\/v2\/media\/113017"}],"wp:attachment":[{"href":"https:\/\/soydeaqui.ddns.net\/pachuca\/index.php\/wp-json\/wp\/v2\/media?parent=113018"}],"wp:term":[{"taxonomy":"product_brand","embeddable":true,"href":"https:\/\/soydeaqui.ddns.net\/pachuca\/index.php\/wp-json\/wp\/v2\/product_brand?post=113018"},{"taxonomy":"product_cat","embeddable":true,"href":"https:\/\/soydeaqui.ddns.net\/pachuca\/index.php\/wp-json\/wp\/v2\/product_cat?post=113018"},{"taxonomy":"product_tag","embeddable":true,"href":"https:\/\/soydeaqui.ddns.net\/pachuca\/index.php\/wp-json\/wp\/v2\/product_tag?post=113018"}],"curies":[{"name":"wp","href":"https:\/\/api.w.org\/{rel}","templated":true}]}}