{"id":113001,"date":"2026-03-20T22:13:55","date_gmt":"2026-03-20T22:13:55","guid":{"rendered":"https:\/\/soydeaqui.ddns.net\/pachuca\/index.php\/producto\/body-camera-para-seguridad-video-4k-gps-interconstruido-conexion-4g-lte-wifi-bluetooth-sistema-basado-en-android-exterior-ip66\/"},"modified":"2026-03-20T22:14:06","modified_gmt":"2026-03-20T22:14:06","slug":"body-camera-para-seguridad-video-4k-gps-interconstruido-conexion-4g-lte-wifi-bluetooth-sistema-basado-en-android-exterior-ip66","status":"publish","type":"product","link":"https:\/\/soydeaqui.ddns.net\/pachuca\/index.php\/producto\/body-camera-para-seguridad-video-4k-gps-interconstruido-conexion-4g-lte-wifi-bluetooth-sistema-basado-en-android-exterior-ip66\/","title":{"rendered":"Body Camera para Seguridad \/ Video 4K \/ GPS Interconstruido \/ Conexi\u00f3n 4G-LTE \/ WiFi \/ Bluetooth \/ Sistema Basado en Android \/ Exterior IP66"},"content":{"rendered":"<div style='width: 100%; max-width: 1200px; margin: 0 auto; font-family: sans-serif; line-height: 1.6; color: inherit; background-color: transparent;'> <!-- Imagen principal --> <\/p>\n<div style='width: 100%; margin: 20px 0;'> <img style='width: 100%; height: auto; border: 1px solid rgba(150&comma;150&comma;150&comma;0.3); border-radius: 8px;' src='https:\/\/ftp3.syscom.mx\/usuarios\/albamaria\/albamaria\/bodycams\/EPCOM-BODYCAMS.jpg' alt='Body Camera EPCOM XMRR3'> <\/div>\n<p> <!-- Descripci\u00f3n principal --> <\/p>\n<div style='display: flex; flex-wrap: wrap; gap: 30px; margin-bottom: 30px;'>\n<div style='flex: 1 1 300px; min-width: 280px;'>\n<h3 style='font-size: 22px; border-bottom: 2px solid currentColor; padding-bottom: 5px; margin-top: 0; color: inherit; opacity: 0.8;'>Caracter\u00edsticas Destacadas<\/h3>\n<ul style='padding-left: 20px; font-size: 15px; color: inherit;'>\n<li style='margin-bottom: 5px;'>La bodycam <span style='color: #c0392b;'><strong>XMRR3<\/strong><\/span> se considera un Grabador Portatil Robusto&comma; dise\u00f1ado para Seguridad Privada y P\u00fablica<\/li>\n<li style='margin-bottom: 5px;'>Conexi\u00f3n a 4G para Vigilancia en Tiempo Real<\/li>\n<li style='margin-bottom: 5px;'>Formato de compresi\u00f3n H265 para env\u00edo de streaming ligero<\/li>\n<li style='margin-bottom: 5px;'>Listo para Baja Iluminaci\u00f3n y C\u00e1mara para captura de im\u00e1genes hasta 42 Megap\u00edxeles<\/li>\n<\/ul><\/div>\n<\/p><\/div>\n<p> <!-- Secci\u00f3n de cards con especificaciones --> <\/p>\n<div style='display: flex; flex-wrap: wrap; gap: 20px; margin-bottom: 30px;'> <!-- Caracter\u00edsticas Destacadas --> <\/p>\n<div style='flex: 1 1 250px; border: 1px solid rgba(150&comma; 150&comma; 150&comma; 0.4); border-radius: 8px; overflow: hidden; display: flex; flex-direction: column;'>\n<div style='padding: 15px; border-bottom: 1px solid rgba(150&comma; 150&comma; 150&comma; 0.2); font-weight: bold; font-size: 18px; color: inherit;'>Caracter\u00edsticas Destacadas<\/div>\n<div style='padding: 15px; color: inherit;'>\n<ul style='padding-left: 20px; margin: 0; font-size: 14px; list-style-type: disc;'>\n<li style='margin-bottom: 5px;'><span style='color: #2880b9;'><strong>Grabaci\u00f3n en un toque &#8211; Acci\u00f3n R\u00e1pida para Captura de Eventos<\/strong><\/span><\/li>\n<li style='margin-bottom: 5px;'>Compresi\u00f3n de video H264\/H265<\/li>\n<li style='margin-bottom: 5px;'>Pantalla t\u00e1ctil de 2.4 pulgadas para realizar configuraci\u00f3n<\/li>\n<li style='margin-bottom: 5px;'><span style='color: #2880b9;'><strong>Bot\u00f3n de p\u00e1nico para env\u00edo de alertas al servidor<\/strong><\/span><\/li>\n<li style='margin-bottom: 5px;'>Resoluci\u00f3n de grabaci\u00f3n m\u00e1xima 4K<\/li>\n<li style='margin-bottom: 5px;'>Gran angular de 110\u00b0<\/li>\n<li style='margin-bottom: 5px;'>Conexi\u00f3n directa USB3.0 Tipo C<\/li>\n<li style='margin-bottom: 5px;'>C\u00e1mara doble trasera y frontal<\/li>\n<li style='margin-bottom: 5px;'>Funci\u00f3n de PTT a trav\u00e9s de la red<\/li>\n<li style='margin-bottom: 5px;'>Conexi\u00f3n para transmisi\u00f3n en tiempo real de 4G<\/li>\n<li style='margin-bottom: 5px;'><span style='color: #2880b9;'><strong>Software de gesti\u00f3n de descarga con protecci\u00f3n de contrase\u00f1a&comma; es necesario ingresar la contrase\u00f1a para descargar y visualizar el video guardado<\/strong><\/span><\/li>\n<li style='margin-bottom: 5px;'>Resistencia a ca\u00eddas de 2 metros m\u00e1ximo<\/li>\n<\/ul><\/div>\n<\/p><\/div>\n<p> <!-- Caracter\u00edsticas Generales --> <\/p>\n<div style='flex: 1 1 250px; border: 1px solid rgba(150&comma; 150&comma; 150&comma; 0.4); border-radius: 8px; overflow: hidden; display: flex; flex-direction: column;'>\n<div style='padding: 15px; border-bottom: 1px solid rgba(150&comma; 150&comma; 150&comma; 0.2); font-weight: bold; font-size: 18px; color: inherit;'>Caracter\u00edsticas Generales<\/div>\n<div style='padding: 15px; color: inherit;'>\n<ul style='padding-left: 20px; margin: 0; font-size: 14px; list-style-type: disc;'>\n<li style='margin-bottom: 5px;'>GPS interconstruido<\/li>\n<li style='margin-bottom: 5px;'>Sistema basado en Android<\/li>\n<li style='margin-bottom: 5px;'>M\u00f3dulo 4G TDD-LTE Band38\/39\/40\/41&comma; FDD-LTE Band1\/2\/3\/4\/5\/7\/8\/20&comma; GSM 850\/900\/1800\/1900&comma; WCDMA Band1\/2\/5\/8&comma; TD-SCDMA Band34\/Band39<\/li>\n<li style='margin-bottom: 5px;'>M\u00f3dulo WiFi 802.11 a\/b\/g\/n<\/li>\n<li style='margin-bottom: 5px;'>M\u00f3dulo Bluetooth BT4.2<\/li>\n<li style='margin-bottom: 5px;'>Grabaci\u00f3n de video 4K 30IPS&comma; 2K 30IPS&comma; 1080P 30IPS&comma; 720P 30IPS&comma; 480P 30IPS<\/li>\n<li style='margin-bottom: 5px;'>Captura de im\u00e1genes 42MP<\/li>\n<li style='margin-bottom: 5px;'>Micr\u00f3fono interconstruido para captura de audio junto al video y generar notas de audio<\/li>\n<li style='margin-bottom: 5px;'>Luz IR alcance 10 metros<\/li>\n<li style='margin-bottom: 5px;'>Tiempo de operaci\u00f3n: Grabaci\u00f3n Continua HD por 7 hrs. 120 Horas en Modo Espera (Lista para Grabar&comma; Encendida)<\/li>\n<li style='margin-bottom: 5px;'>Permite reemplazo de bater\u00eda<\/li>\n<\/ul><\/div>\n<\/p><\/div>\n<p> <!-- Caracter\u00edsticas F\u00edsicas y El\u00e9ctricas --> <\/p>\n<div style='flex: 1 1 250px; border: 1px solid rgba(150&comma; 150&comma; 150&comma; 0.4); border-radius: 8px; overflow: hidden; display: flex; flex-direction: column;'>\n<div style='padding: 15px; border-bottom: 1px solid rgba(150&comma; 150&comma; 150&comma; 0.2); font-weight: bold; font-size: 18px; color: inherit;'>Caracter\u00edsticas F\u00edsicas y El\u00e9ctricas<\/div>\n<div style='padding: 15px; color: inherit;'>\n<ul style='padding-left: 20px; margin: 0; font-size: 14px; list-style-type: disc;'>\n<li style='margin-bottom: 5px;'>Bater\u00eda de gran capacidad 3050mAh<\/li>\n<li style='margin-bottom: 5px;'>Grado de protecci\u00f3n IP: IP 66<\/li>\n<li style='margin-bottom: 5px;'>Conexiones: USB3.0 Type-C<\/li>\n<li style='margin-bottom: 5px;'>Temperatura de operaci\u00f3n: -30\u00b0 a +55\u00b0<\/li>\n<li style='margin-bottom: 5px;'>Certificaciones: CE&comma; FCC<\/li>\n<li style='margin-bottom: 5px;'><strong><span style='color: #2880b9;'>Memoria interna de 128GB. NO EXTRAIBLE PARA ALTA SEGURIDAD<\/span><\/strong><\/li>\n<li style='margin-bottom: 5px;'>Peso menos de 135g<\/li>\n<\/ul><\/div>\n<\/p><\/div>\n<\/p><\/div>\n<p> <!-- Imagen adicional --> <\/p>\n<div style='width: 100%; margin: 20px 0;'> <img style='width: 100%; height: auto; border: 1px solid rgba(150&comma;150&comma;150&comma;0.3); border-radius: 8px;' src='https:\/\/ftp3.syscom.mx\/usuarios\/albamaria\/albamaria\/bodycams\/XMRX8BATTERY\/cam.jpg' alt='Dise\u00f1o estructural de la c\u00e1mara'> <\/div>\n<p> <!-- Separador final --> <\/p>\n<hr style='border: 0; border-top: 1px solid rgba(150&comma; 150&comma; 150&comma; 0.3); margin: 30px 0;'> <\/div>\n","protected":false},"excerpt":{"rendered":"<p>Body Camera para Seguridad \/ Video 4K \/ GPS Interconstruido \/ Conexi\u00f3n 4G-LTE \/ WiFi \/ Bluetooth \/ Sistema Basado en Android \/ Exterior IP66<\/p>\n","protected":false},"featured_media":113000,"comment_status":"open","ping_status":"closed","template":"","meta":[],"product_brand":[],"product_cat":[2266,1406],"product_tag":[2267,1409,935,1345],"class_list":{"0":"post-113001","1":"product","2":"type-product","3":"status-publish","4":"has-post-thumbnail","6":"product_cat-body-cams-portatiles","7":"product_cat-videograbadoras-moviles-videovigilancia","8":"product_tag-body-cams-portatiles","9":"product_tag-dash-cams-y-body-cams","10":"product_tag-epcom","11":"product_tag-videograbadoras-moviles","13":"first","14":"instock","15":"sale","16":"shipping-taxable","17":"purchasable","18":"product-type-simple"},"_links":{"self":[{"href":"https:\/\/soydeaqui.ddns.net\/pachuca\/index.php\/wp-json\/wp\/v2\/product\/113001","targetHints":{"allow":["GET"]}}],"collection":[{"href":"https:\/\/soydeaqui.ddns.net\/pachuca\/index.php\/wp-json\/wp\/v2\/product"}],"about":[{"href":"https:\/\/soydeaqui.ddns.net\/pachuca\/index.php\/wp-json\/wp\/v2\/types\/product"}],"replies":[{"embeddable":true,"href":"https:\/\/soydeaqui.ddns.net\/pachuca\/index.php\/wp-json\/wp\/v2\/comments?post=113001"}],"wp:featuredmedia":[{"embeddable":true,"href":"https:\/\/soydeaqui.ddns.net\/pachuca\/index.php\/wp-json\/wp\/v2\/media\/113000"}],"wp:attachment":[{"href":"https:\/\/soydeaqui.ddns.net\/pachuca\/index.php\/wp-json\/wp\/v2\/media?parent=113001"}],"wp:term":[{"taxonomy":"product_brand","embeddable":true,"href":"https:\/\/soydeaqui.ddns.net\/pachuca\/index.php\/wp-json\/wp\/v2\/product_brand?post=113001"},{"taxonomy":"product_cat","embeddable":true,"href":"https:\/\/soydeaqui.ddns.net\/pachuca\/index.php\/wp-json\/wp\/v2\/product_cat?post=113001"},{"taxonomy":"product_tag","embeddable":true,"href":"https:\/\/soydeaqui.ddns.net\/pachuca\/index.php\/wp-json\/wp\/v2\/product_tag?post=113001"}],"curies":[{"name":"wp","href":"https:\/\/api.w.org\/{rel}","templated":true}]}}