{"id":112968,"date":"2026-03-20T22:12:11","date_gmt":"2026-03-20T22:12:11","guid":{"rendered":"https:\/\/soydeaqui.ddns.net\/pachuca\/index.php\/producto\/audio-por-coaxitron-bala-turbohd-5-megapixel-gran-angular-85-5-lente-2-8-mm-30-mts-ir-exir-exterior-ip67-4-tecnologias-dwdr\/"},"modified":"2026-03-20T22:12:29","modified_gmt":"2026-03-20T22:12:29","slug":"audio-por-coaxitron-bala-turbohd-5-megapixel-gran-angular-85-5-lente-2-8-mm-30-mts-ir-exir-exterior-ip67-4-tecnologias-dwdr","status":"publish","type":"product","link":"https:\/\/soydeaqui.ddns.net\/pachuca\/index.php\/producto\/audio-por-coaxitron-bala-turbohd-5-megapixel-gran-angular-85-5-lente-2-8-mm-30-mts-ir-exir-exterior-ip67-4-tecnologias-dwdr\/","title":{"rendered":"AUDIO POR COAXITRON \/ Bala TURBOHD 5 Megapixel \/ Gran Angular 85.5\u00b0 \/ Lente 2.8 mm \/ 30 mts IR EXIR \/ Exterior IP67 \/ 4 Tecnolog\u00edas \/ dWDR"},"content":{"rendered":"<div style='width: 100%; max-width: 1200px; margin: 0 auto; font-family: sans-serif; line-height: 1.6; color: inherit; background-color: transparent;'>\n<p style='text-align: center; margin: 0 0 15px 0;'><img style='width: 100%; max-width: 540px; height: auto; border: 1px solid rgba(150&comma;150&comma;150&comma;0.3); border-radius: 8px;' src='https:\/\/ftp3.syscom.mx\/usuarios\/jsosa\/banners\/epcom-Video-Surveillance-Solutions.png' alt=''><\/p>\n<p style='text-align: center; margin: 0 0 15px 0;'><strong style='font-size: 14px; color: inherit; opacity: 0.8;'><span style='font-family: verdana&comma; geneva&comma; sans-serif;'>Audio&comma; Video y Datos por el Mismo Cable<\/span><\/strong><\/p>\n<p style='margin: 15px 0;'><img style='width: 100%; height: auto; border: 1px solid rgba(150&comma;150&comma;150&comma;0.3); border-radius: 8px;' src='https:\/\/ftp3.syscom.mx\/usuarios\/jsosa\/HIKVISION\/imagenes\/coaxitron\/coaxitron.jpg' alt=''><\/p>\n<div style='display: flex; flex-wrap: wrap; gap: 30px; margin: 30px 0;'>\n<div style='flex: 1 1 300px; min-width: 280px;'>\n<h3 style='font-size: 20px; border-bottom: 2px solid currentColor; padding-bottom: 5px; margin-top: 0; margin-bottom: 15px; color: inherit; opacity: 0.8;'>Caracter\u00edsticas principales:<\/h3>\n<ul style='padding-left: 20px; font-size: 14px; color: inherit; margin: 0;'>\n<li style='margin-bottom: 8px;'><span style='color: inherit;'>Resoluci\u00f3n m\u00e1xima: 5 Megapixel (2560 x 1944).<\/span><\/li>\n<li style='margin-bottom: 8px;'><span style='color: inherit;'>Lente fijo: 2.8 mm (\u00e1ngulo de visi\u00f3n 85.5\u00b0).<\/span><\/li>\n<li style='margin-bottom: 8px;'><span style='color: inherit;'>30 mts smart IR (visi\u00f3n nocturna).<\/span><\/li>\n<li style='margin-bottom: 8px;'><span style='color: inherit;'>Soporta las 4 tecnolog\u00edas del mercado (TVI \/ AHD \/ CVI \/ CVBS).<\/span><\/li>\n<li style='margin-bottom: 8px;'><span style='color: inherit;'>dWDR \/ BLC \/ HLC \/ 2D DNR.<\/span><\/li>\n<li style='margin-bottom: 8px;'><span style='color: inherit;'>Soporta coaxitron.<\/span><\/li>\n<li style='margin-bottom: 8px;'><span style='color: inherit;'><strong>Nota: <\/strong>El audio por coaxitron se env\u00eda \u00fanicamente por tecnolog\u00eda TVI.<\/span><\/li>\n<\/ul><\/div>\n<div style='flex: 1 1 300px; min-width: 280px;'>\n<h3 style='font-size: 20px; border-bottom: 2px solid currentColor; padding-bottom: 5px; margin-top: 0; margin-bottom: 15px; color: inherit; opacity: 0.8;'>Caracter\u00edsticas F\u00edsicas y El\u00e9ctricas:<\/h3>\n<ul style='padding-left: 20px; font-size: 14px; color: inherit; margin: 0;'>\n<li style='margin-bottom: 8px;'><span style='color: inherit;'>Alimentaci\u00f3n \/ Consumo: 12 Vcc \/ 3.7 Watts.<\/span><\/li>\n<li style='margin-bottom: 8px;'><span style='color: inherit;'>Protecci\u00f3n: IP67 (interior \/ exterior).<\/span><\/li>\n<li style='margin-bottom: 8px;'><span style='color: inherit;'>Fabricada en metal.<\/span><\/li>\n<li style='margin-bottom: 8px;'><span style='color: inherit;'>Dimensiones: 58 x 61 x 158.6 mm.<\/span><\/li>\n<li style='margin-bottom: 8px;'><span style='color: inherit;'>Peso: 292 gramos.<\/span><\/li>\n<\/ul><\/div>\n<div style='flex: 1 1 300px; min-width: 280px;'>\n<h3 style='font-size: 20px; border-bottom: 2px solid currentColor; padding-bottom: 5px; margin-top: 0; margin-bottom: 15px; color: inherit; opacity: 0.8;'>Caracter\u00edsticas Destacadas:<\/h3>\n<p style='margin: 0 0 15px 0; font-size: 14px; color: inherit;'> <span style='color: inherit;'>La c\u00e1mara cuenta con un micr\u00f3fono interconstruido&comma; el cual no requiere cables adicionales para poder transmitir el audio.<\/span> <\/p>\n<p style='margin: 0; font-size: 14px; color: inherit;'> <a href='https:\/\/www.syscom.mx\/principal\/promociones\/grabadores_con_audio_por_coaxitron_compatibles_con_las_camaras_5mp-5740.html?ordenar=Relevancia&#038;pag=1' target='_blank' rel='noopener' style='color: #0091ff; text-decoration: none; font-weight: bold;'>Ver modelos de grabadores compatibles.<\/a> <\/p>\n<\/p><\/div>\n<\/p><\/div>\n<div style='margin: 30px 0;'>\n<h3 style='font-size: 20px; border-bottom: 2px solid currentColor; padding-bottom: 5px; margin-top: 0; margin-bottom: 15px; color: inherit; opacity: 0.8;'>Consideraciones:<\/h3>\n<p style='margin: 0; font-size: 14px; color: inherit;'>No hay consideraciones adicionales para este producto.<\/p>\n<\/p><\/div>\n<div style='margin: 30px 0;'> <img style='width: 100%; height: auto; border: 1px solid rgba(150&comma;150&comma;150&comma;0.3); border-radius: 8px;' src='https:\/\/ftp3.syscom.mx\/usuarios\/fotos\/B8TURBOC\/189682-5-year-epcom-es_(2).png' alt=''> <\/div>\n<div style='margin: 30px 0;'> <img style='width: 100%; height: auto; border: 1px solid rgba(150&comma;150&comma;150&comma;0.3); border-radius: 8px;' src='https:\/\/ftp3.syscom.mx\/usuarios\/nicolas.jimenez\/epcom-2.png' alt=''> <\/div>\n<\/p><\/div>\n","protected":false},"excerpt":{"rendered":"<p>AUDIO POR COAXITRON \/ Bala TURBOHD 5 Megapixel \/ Gran Angular 85.5\u00b0 \/ Lente 2.8 mm \/ 30 mts IR EXIR \/ Exterior IP67 \/ 4 Tecnolog\u00edas \/ dWDR<\/p>\n","protected":false},"featured_media":112967,"comment_status":"open","ping_status":"closed","template":"","meta":[],"product_brand":[],"product_cat":[2268],"product_tag":[439,2255,2257],"class_list":{"0":"post-112968","1":"product","2":"type-product","3":"status-publish","4":"has-post-thumbnail","6":"product_cat-bala-camaras-y-dvrs-hd-turbohd-ahd-hd-tvi","7":"product_tag-bala","8":"product_tag-camaras-y-dvrs-hd-turbohd-ahd-hd-tvi","9":"product_tag-epcom-professional","11":"first","12":"instock","13":"sale","14":"shipping-taxable","15":"purchasable","16":"product-type-simple"},"_links":{"self":[{"href":"https:\/\/soydeaqui.ddns.net\/pachuca\/index.php\/wp-json\/wp\/v2\/product\/112968","targetHints":{"allow":["GET"]}}],"collection":[{"href":"https:\/\/soydeaqui.ddns.net\/pachuca\/index.php\/wp-json\/wp\/v2\/product"}],"about":[{"href":"https:\/\/soydeaqui.ddns.net\/pachuca\/index.php\/wp-json\/wp\/v2\/types\/product"}],"replies":[{"embeddable":true,"href":"https:\/\/soydeaqui.ddns.net\/pachuca\/index.php\/wp-json\/wp\/v2\/comments?post=112968"}],"wp:featuredmedia":[{"embeddable":true,"href":"https:\/\/soydeaqui.ddns.net\/pachuca\/index.php\/wp-json\/wp\/v2\/media\/112967"}],"wp:attachment":[{"href":"https:\/\/soydeaqui.ddns.net\/pachuca\/index.php\/wp-json\/wp\/v2\/media?parent=112968"}],"wp:term":[{"taxonomy":"product_brand","embeddable":true,"href":"https:\/\/soydeaqui.ddns.net\/pachuca\/index.php\/wp-json\/wp\/v2\/product_brand?post=112968"},{"taxonomy":"product_cat","embeddable":true,"href":"https:\/\/soydeaqui.ddns.net\/pachuca\/index.php\/wp-json\/wp\/v2\/product_cat?post=112968"},{"taxonomy":"product_tag","embeddable":true,"href":"https:\/\/soydeaqui.ddns.net\/pachuca\/index.php\/wp-json\/wp\/v2\/product_tag?post=112968"}],"curies":[{"name":"wp","href":"https:\/\/api.w.org\/{rel}","templated":true}]}}