{"id":112953,"date":"2026-03-20T22:11:18","date_gmt":"2026-03-20T22:11:18","guid":{"rendered":"https:\/\/soydeaqui.ddns.net\/pachuca\/index.php\/producto\/camara-ip-wi-fi-para-exterior-3-megapixel-audio-doble-via-vision-nocturna-notificacion-push-acepta-memoria-micro-sd-de-para-grabacion\/"},"modified":"2026-03-20T22:11:40","modified_gmt":"2026-03-20T22:11:40","slug":"camara-ip-wi-fi-para-exterior-3-megapixel-audio-doble-via-vision-nocturna-notificacion-push-acepta-memoria-micro-sd-de-para-grabacion","status":"publish","type":"product","link":"https:\/\/soydeaqui.ddns.net\/pachuca\/index.php\/producto\/camara-ip-wi-fi-para-exterior-3-megapixel-audio-doble-via-vision-nocturna-notificacion-push-acepta-memoria-micro-sd-de-para-grabacion\/","title":{"rendered":"C\u00e1mara IP Wi-Fi para exterior, 3 megapixel, audio doble v\u00eda, visi\u00f3n nocturna, notificaci\u00f3n Push, acepta memoria Micro SD de para grabaci\u00f3n."},"content":{"rendered":"<div style='width: 100%; max-width: 1200px; margin: 0 auto; font-family: sans-serif; line-height: 1.6; color: inherit; background-color: transparent;'> <!-- Banner Superior Responsivo --> <\/p>\n<div style='margin-bottom: 20px; text-align: center;'> <a href='#link' target='_blank' rel='noopener'> <img style='width: 100%; height: auto; border: 1px solid rgba(150&comma;150&comma;150&comma;0.3); border-radius: 8px; display: block; margin: 0 auto;' src='https:\/\/ftp3.syscom.mx\/usuarios\/rcovarrubias\/TPLINK\/TP-LINK\/bannerTPLINK%20PAG.png' alt=''> <\/a> <\/div>\n<p> <!-- Contenedor de Columnas con Flexbox --> <\/p>\n<div style='display: flex; flex-wrap: wrap; gap: 30px; margin-bottom: 30px;'> <!-- Columna 1 - Caracter\u00edsticas principales --> <\/p>\n<div style='flex: 1 1 300px; min-width: 280px;'>\n<h3 style='font-size: 22px; border-bottom: 2px solid currentColor; padding-bottom: 5px; margin-top: 0; color: inherit; opacity: 0.8;'>Caracter\u00edsticas principales:<\/h3>\n<ul style='padding-left: 20px; font-size: 15px; color: inherit;'>\n<li style='margin-bottom: 5px;'>Disparador de entrada: Detecci\u00f3n de movimiento.<\/li>\n<li style='margin-bottom: 5px;'>Notificaci\u00f3n de salida: Notificaci\u00f3n Push.<\/li>\n<li style='margin-bottom: 5px;'>Codec H.264.<\/li>\n<li style='margin-bottom: 5px;'>Resoluci\u00f3n 3MP.<\/li>\n<li style='margin-bottom: 5px;'>IP66<\/li>\n<li style='margin-bottom: 5px;'>Audio en 2 v\u00edas.<\/li>\n<li style='margin-bottom: 5px;'>Frecuencia 2.4GHz.<\/li>\n<li style='margin-bottom: 5px;'>Soporta memoria MicroSD de 128 GB para grabaci\u00f3n local (no incluye memoria).<\/li>\n<li style='margin-bottom: 5px;'>Visi\u00f3n nocturna hasta 30 metros.<\/li>\n<li style='margin-bottom: 5px;'>Lente focal de 3.89mm.<\/li>\n<li style='margin-bottom: 5px;'>Garant\u00eda 1 a\u00f1o<\/li>\n<\/ul><\/div>\n<p> <!-- Columna 2 - Caracter\u00edsticas F\u00edsicas y El\u00e9ctricas --> <\/p>\n<div style='flex: 1 1 300px; min-width: 280px;'>\n<h3 style='font-size: 22px; border-bottom: 2px solid currentColor; padding-bottom: 5px; margin-top: 0; color: inherit; opacity: 0.8;'>Caracter\u00edsticas F\u00edsicas y El\u00e9ctricas:<\/h3>\n<ul style='padding-left: 20px; font-size: 15px; color: inherit;'>\n<li style='margin-bottom: 5px;'>Entrada del adaptador 100-240V AC&comma; 50\/60 Hz.<\/li>\n<li style='margin-bottom: 5px;'>Salida del adaptador 9.0V\/0.6A.<\/li>\n<li style='margin-bottom: 5px;'>Bot\u00f3n de reset.<\/li>\n<li style='margin-bottom: 5px;'>Indicador LED.<\/li>\n<li style='margin-bottom: 5px;'>Micr\u00f3fono y altavoz integrado.<\/li>\n<li style='margin-bottom: 5px;'>Temperatura de operaci\u00f3n: -20\u00ba ~ 45\u00ba C.<\/li>\n<li style='margin-bottom: 5px;'>Dimensiones: 86.6 \u00d7 85 \u00d7 117.7 mm.<\/li>\n<\/ul><\/div>\n<p> <!-- Columna 3 - Incluye Paquete --> <\/p>\n<div style='flex: 1 1 300px; min-width: 280px;'>\n<h3 style='font-size: 22px; border-bottom: 2px solid currentColor; padding-bottom: 5px; margin-top: 0; color: inherit; opacity: 0.8;'>Incluye Paquete:<\/h3>\n<ul style='padding-left: 20px; font-size: 15px; color: inherit;'>\n<li style='margin-bottom: 5px;'>Tapo C310<\/li>\n<li style='margin-bottom: 5px;'>Adaptador de corriente<\/li>\n<li style='margin-bottom: 5px;'>Plantilla de montaje<\/li>\n<li style='margin-bottom: 5px;'>Anclajes y Tornillos<\/li>\n<li style='margin-bottom: 5px;'>Sello impermeable<\/li>\n<li style='margin-bottom: 5px;'>Accesorios de cable a prueba de agua<\/li>\n<li style='margin-bottom: 5px;'>Gu\u00eda de inicio r\u00e1pido<\/li>\n<\/ul><\/div>\n<\/p><\/div>\n<p> <!-- Galer\u00eda de Im\u00e1genes Responsiva --> <\/p>\n<div style='display: grid; grid-template-columns: repeat(auto-fit&comma; minmax(280px&comma; 1fr)); gap: 20px; margin-bottom: 30px;'>\n<div style='text-align: center;'> <img style='width: 100%; height: auto; border: 1px solid rgba(150&comma;150&comma;150&comma;0.3); border-radius: 8px; box-shadow: 0 2px 8px rgba(0&comma;0&comma;0&comma;0.1);' src='https:\/\/ftp3.syscom.mx\/usuarios\/fotos\/TAPOC310\/191349-captura_de_pantalla_2020-10-15_a_la(s)_17.09.17.png' alt='Interfaz de la c\u00e1mara Tapo C310'> <\/div>\n<div style='text-align: center;'> <img style='width: 100%; height: auto; border: 1px solid rgba(150&comma;150&comma;150&comma;0.3); border-radius: 8px; box-shadow: 0 2px 8px rgba(0&comma;0&comma;0&comma;0.1);' src='https:\/\/ftp3.syscom.mx\/usuarios\/fotos\/TAPOC310\/191349-captura_de_pantalla_2020-10-15_a_la(s)_17.09.27.png' alt='Especificaciones t\u00e9cnicas Tapo C310'> <\/div>\n<div style='text-align: center;'> <img style='width: 100%; height: auto; border: 1px solid rgba(150&comma;150&comma;150&comma;0.3); border-radius: 8px; box-shadow: 0 2px 8px rgba(0&comma;0&comma;0&comma;0.1);' src='https:\/\/ftp3.syscom.mx\/usuarios\/fotos\/TAPOC310\/191349-captura_de_pantalla_2020-10-15_a_la(s)_17.09.42.png' alt='Vista nocturna Tapo C310'> <\/div>\n<div style='text-align: center;'> <img style='width: 100%; height: auto; border: 1px solid rgba(150&comma;150&comma;150&comma;0.3); border-radius: 8px; box-shadow: 0 2px 8px rgba(0&comma;0&comma;0&comma;0.1);' src='https:\/\/ftp3.syscom.mx\/usuarios\/fotos\/TAPOC310\/191349-captura_de_pantalla_2020-10-15_a_la(s)_17.09.49.png' alt='Configuraci\u00f3n de la c\u00e1mara Tapo C310'> <\/div>\n<\/p><\/div>\n<\/p><\/div>\n","protected":false},"excerpt":{"rendered":"<p>C\u00e1mara IP Wi-Fi para exterior, 3 megapixel, audio doble v\u00eda, visi\u00f3n nocturna, notificaci\u00f3n Push, acepta memoria Micro SD de para grabaci\u00f3n.<\/p>\n","protected":false},"featured_media":112952,"comment_status":"open","ping_status":"closed","template":"","meta":[],"product_brand":[],"product_cat":[121],"product_tag":[122,71,123],"class_list":{"0":"post-112953","1":"product","2":"type-product","3":"status-publish","4":"has-post-thumbnail","6":"product_cat-wifi-4g-inalambricas","7":"product_tag-camaras-ip-y-nvrs","8":"product_tag-tp-link","9":"product_tag-wifi-4g-inalambricas","11":"first","12":"instock","13":"sale","14":"shipping-taxable","15":"purchasable","16":"product-type-simple"},"_links":{"self":[{"href":"https:\/\/soydeaqui.ddns.net\/pachuca\/index.php\/wp-json\/wp\/v2\/product\/112953","targetHints":{"allow":["GET"]}}],"collection":[{"href":"https:\/\/soydeaqui.ddns.net\/pachuca\/index.php\/wp-json\/wp\/v2\/product"}],"about":[{"href":"https:\/\/soydeaqui.ddns.net\/pachuca\/index.php\/wp-json\/wp\/v2\/types\/product"}],"replies":[{"embeddable":true,"href":"https:\/\/soydeaqui.ddns.net\/pachuca\/index.php\/wp-json\/wp\/v2\/comments?post=112953"}],"wp:featuredmedia":[{"embeddable":true,"href":"https:\/\/soydeaqui.ddns.net\/pachuca\/index.php\/wp-json\/wp\/v2\/media\/112952"}],"wp:attachment":[{"href":"https:\/\/soydeaqui.ddns.net\/pachuca\/index.php\/wp-json\/wp\/v2\/media?parent=112953"}],"wp:term":[{"taxonomy":"product_brand","embeddable":true,"href":"https:\/\/soydeaqui.ddns.net\/pachuca\/index.php\/wp-json\/wp\/v2\/product_brand?post=112953"},{"taxonomy":"product_cat","embeddable":true,"href":"https:\/\/soydeaqui.ddns.net\/pachuca\/index.php\/wp-json\/wp\/v2\/product_cat?post=112953"},{"taxonomy":"product_tag","embeddable":true,"href":"https:\/\/soydeaqui.ddns.net\/pachuca\/index.php\/wp-json\/wp\/v2\/product_tag?post=112953"}],"curies":[{"name":"wp","href":"https:\/\/api.w.org\/{rel}","templated":true}]}}