{"id":112942,"date":"2026-03-20T22:10:43","date_gmt":"2026-03-20T22:10:43","guid":{"rendered":"https:\/\/soydeaqui.ddns.net\/pachuca\/index.php\/producto\/switch-poe-jetstream-sdn-administrable-8-puertos-10-100-1000-mbps-2-puertos-sfp-8-puertos-poe-61w-administracion-centralizada-omada-sdn\/"},"modified":"2026-03-20T22:10:55","modified_gmt":"2026-03-20T22:10:55","slug":"switch-poe-jetstream-sdn-administrable-8-puertos-10-100-1000-mbps-2-puertos-sfp-8-puertos-poe-61w-administracion-centralizada-omada-sdn","status":"publish","type":"product","link":"https:\/\/soydeaqui.ddns.net\/pachuca\/index.php\/producto\/switch-poe-jetstream-sdn-administrable-8-puertos-10-100-1000-mbps-2-puertos-sfp-8-puertos-poe-61w-administracion-centralizada-omada-sdn\/","title":{"rendered":"Switch PoE JetStream SDN Administrable 8 puertos 10\/100\/1000 Mbps + 2 puertos SFP, 8 puertos PoE, 61W, administraci\u00f3n centralizada OMADA SDN"},"content":{"rendered":"<div style='width: 100%; max-width: 1200px; margin: 0 auto; font-family: sans-serif; line-height: 1.6; color: inherit; background-color: transparent;'> <!-- Contenedor principal con imagen y descripci\u00f3n --> <\/p>\n<div style='display: flex; flex-wrap: wrap; gap: 30px; margin-bottom: 30px;'> <!-- Imagen principal --> <\/p>\n<div style='flex: 1 1 590px; min-width: 280px;'> <img style='width: 100%; height: auto; border: 1px solid rgba(150&comma;150&comma;150&comma;0.3); border-radius: 8px;' src='https:\/\/ftp3.syscom.mx\/usuarios\/fotos\/TLSG2210P\/191393-tl-sg2210p(un)3.2)_03_normal_1594974359538i.jpg' alt=''> <\/div>\n<p> <!-- Descripci\u00f3n principal --> <\/p>\n<div style='flex: 1 1 590px; min-width: 280px;'>\n<h1 style='margin: 12px 0 0; padding: 0; font-size: 1.625em; font-weight: 400; line-height: 1.2; color: inherit; border: none; font-family: inherit; text-stroke: 1px rgba(0&comma; 0&comma; 0&comma; 0);'> Switch Smart Gigabit JetStream de 10 puertos con 8 puertos PoE + <\/h1>\n<div style='margin: 0; padding: 1em 0; color: inherit; font-family: inherit; font-size: 16px; font-weight: 300; text-stroke: 1px rgba(0&comma; 0&comma; 0&comma; 0);'>\n<p><span style='font-weight: bold;'>Presupuesto PoE de 61 W<\/span>: 8 puertos 802.3at \/ af PoE +<\/p>\n<p><span style='font-weight: bold;'>Puertos Gigabit completos<\/span>: los 8 puertos PoE + gigabit y las 2 ranuras SFP gigabit proporcionan conexiones de alta velocidad.<\/p>\n<p><span style='font-weight: bold;'>Integrado en Omada SDN<\/span>: Zero-Touch Provisioning (ZTP)&comma; Administraci\u00f3n centralizada v\u00eda nube y monitorizaci\u00f3n inteligente.<\/p>\n<p><span style='font-weight: bold;'>Administraci\u00f3n centralizada<\/span>: acceso a la nube y aplicaci\u00f3n Omada para una comodidad y administraci\u00f3n f\u00e1ciles.<\/p>\n<p><span style='font-weight: bold;'>Estrategias de seguridad robustas<\/span>: enlace de puertos IP-MAC&comma; ACL&comma; seguridad de puertos&comma; defensa DoS&comma; control de tormentas&comma; inspecci\u00f3n DHCP&comma; 802.1X&comma; autenticaci\u00f3n de radio y m\u00e1s.<\/p>\n<p><span style='font-weight: bold;'>Optimizaci\u00f3n de las aplicaciones de voz y video<\/span>: L2 \/ L3 \/ L4 QoS e IGMP snooping.<\/p>\n<p style='margin: 0; padding: 0;'><a style='outline: none; color: #3333ff;' href='https:\/\/www.tp-link.com\/es\/solution\/poe\/'>Aprender m\u00e1s sobre la tecnolog\u00eda PoE TP-Link ><\/a><\/p>\n<p style='margin: 0; padding: 0;'><a style='outline: none; color: #3333ff;' href='https:\/\/www.tp-link.com\/es\/omada-sdn'>Aprender m\u00e1s sobre Omada Cloud SDN><\/a><\/p>\n<\/p><\/div>\n<\/p><\/div>\n<\/p><\/div>\n<p> <!-- Secci\u00f3n de caracter\u00edsticas en grid --> <\/p>\n<div style='display: flex; flex-wrap: wrap; gap: 20px; margin-bottom: 30px;'> <!-- Caracter\u00edsticas principales --> <\/p>\n<div style='flex: 1 1 300px; min-width: 280px;'>\n<div style='border: 2px solid rgba(150&comma;150&comma;150&comma;0.3); border-left: 5px solid #4acbd6; border-right: 5px solid #4acbd6; border-radius: 8px; overflow: hidden;'>\n<div style='padding: 15px; background-color: rgba(72&comma; 195&comma; 214&comma; 0.1); border-bottom: 1px solid rgba(150&comma;150&comma;150&comma;0.3); font-weight: bold; font-size: 18px; color: inherit;'>Caracter\u00edsticas principales:<\/div>\n<div style='padding: 15px; color: inherit;'>\n<ul style='padding-left: 20px; margin: 0; font-size: 14px; list-style-type: disc;'>\n<li>Est\u00e1ndar: compatible con 802.3af \/ at<\/li>\n<li>Puertos PoE: 8 puertos<\/li>\n<li>Suministro PoE total: 61 W <\/li>\n<li>2 puertos SFP<\/li>\n<li>Omada App Si<\/li>\n<li>Administraci\u00f3n Centralizada: Omada Cloud-Based Controller&comma; Omada Hardware Controller (OC300)&comma; Omada Hardware Controller (OC200)&comma; Omada Software Controller<\/li>\n<li>Cloud Access S\u00ed (a trav\u00e9s de OC300&comma; OC200&comma; Omada Cloud-Based Controller o Omada Software Controller)<\/li>\n<li>Protocol VLAN<\/li>\n<li>8 puertos RJ45 10\/100\/1000 Mbps <\/li>\n<li>Negociaci\u00f3n autom\u00e1tica \/ Auto MDI \/ MDIX<\/li>\n<li>Capacidad de Conmutaci\u00f3n 20 Gbps<\/li>\n<li>Tasa de Reenv\u00edo de Paquetes 14.9 Mpps<\/li>\n<li>Tabla de Direcciones MAC 8K<\/li>\n<li>Memoria del Buffer de Paquete 4.1 Mbit<\/li>\n<li>Jumbo Frame 9 KB<\/li>\n<\/ul><\/div>\n<\/p><\/div>\n<\/p><\/div>\n<p> <!-- Caracter\u00edsticas F\u00edsicas y El\u00e9ctricas --> <\/p>\n<div style='flex: 1 1 300px; min-width: 280px;'>\n<div style='border: 2px solid rgba(150&comma;150&comma;150&comma;0.3); border-left: 5px solid #4acbd6; border-right: 5px solid #4acbd6; border-radius: 8px; overflow: hidden;'>\n<div style='padding: 15px; background-color: rgba(72&comma; 195&comma; 214&comma; 0.1); border-bottom: 1px solid rgba(150&comma;150&comma;150&comma;0.3); font-weight: bold; font-size: 18px; color: inherit;'>Caracter\u00edsticas F\u00edsicas y El\u00e9ctricas:<\/div>\n<div style='padding: 15px; color: inherit;'>\n<ul style='padding-left: 20px; margin: 0; font-size: 14px; list-style-type: disc;'>\n<li>Dimensiones 209 x 126 x 4426mm (8.2 x 4.9 x 1.0 in)<\/li>\n<li>Alimentaci\u00f3n: 100~240VAC&comma; 50\/60Hz<\/li>\n<li>Consumo de Potencia M\u00e1ximo: 10.3 W (110 V \/ 60 Hz with no PD connected)&comma; 76.5 W (110 V \/ 60 Hz con 61 W PD connected)<\/li>\n<li>Max Heat Dissipation: 41.63 BTU\/h (with no PD connected)&comma; 539.35 BTU\/h (with 150 W PD connected)<\/li>\n<li>Temperatura de Funcionamiento: 0\u00e2\u201e\u0192~40\u00e2\u201e\u0192 (32\u00e2\u201e\u2030~104\u00e2\u201e\u2030)<\/li>\n<li>Temperatura de Almacenamiento: -40\u00e2\u201e\u0192~70\u00e2\u201e\u0192 (-40\u00e2\u201e\u2030~158\u00e2\u201e\u2030)<\/li>\n<li>Humedad de Funcionamiento: 10%~90% sin condensaci\u00f3n<\/li>\n<li>Humedad de Almacenamiento: 5%~90% sin condensaci\u00f3n<\/li>\n<\/ul><\/div>\n<\/p><\/div>\n<\/p><\/div>\n<p> <!-- Contenido --> <\/p>\n<div style='flex: 1 1 300px; min-width: 280px;'>\n<div style='border: 2px solid rgba(150&comma;150&comma;150&comma;0.3); border-left: 5px solid #4acbd6; border-right: 5px solid #4acbd6; border-radius: 8px; overflow: hidden;'>\n<div style='padding: 15px; background-color: rgba(72&comma; 195&comma; 214&comma; 0.1); border-bottom: 1px solid rgba(150&comma;150&comma;150&comma;0.3); font-weight: bold; font-size: 18px; color: inherit;'>Contenido:<\/div>\n<div style='padding: 15px; color: inherit;'>\n<ul style='padding-left: 20px; margin: 0; font-size: 14px; list-style-type: disc;'>\n<li>TL-SG2210P<\/li>\n<li>Cable de alimentaci\u00f3n<\/li>\n<li>Gu\u00eda de instalaci\u00f3n<\/li>\n<li>Patas de goma<\/li>\n<\/ul><\/div>\n<\/p><\/div>\n<\/p><\/div>\n<\/p><\/div>\n<p> <!-- Galer\u00eda de im\u00e1genes --> <\/p>\n<div style='display: flex; flex-wrap: wrap; gap: 20px; margin-bottom: 30px;'>\n<div style='flex: 1 1 100%; min-width: 280px;'> <img style='width: 100%; height: auto; border: 1px solid rgba(150&comma;150&comma;150&comma;0.3); border-radius: 8px;' src='https:\/\/ftp3.syscom.mx\/usuarios\/fotos\/TLSG2008P\/190882-captura_de_pantalla_2020-09-28_a_la(s)_11.44.31.png' alt=''> <\/div>\n<div style='flex: 1 1 100%; min-width: 280px;'> <img style='width: 100%; height: auto; border: 1px solid rgba(150&comma;150&comma;150&comma;0.3); border-radius: 8px;' src='https:\/\/ftp3.syscom.mx\/usuarios\/fotos\/TLSG2008P\/190882-captura_de_pantalla_2020-09-28_a_la(s)_12.21.21.png' alt=''> <\/div>\n<div style='flex: 1 1 100%; min-width: 280px;'> <img style='width: 100%; height: auto; border: 1px solid rgba(150&comma;150&comma;150&comma;0.3); border-radius: 8px;' src='https:\/\/ftp3.syscom.mx\/usuarios\/fotos\/TLSG2008P\/190882-captura_de_pantalla_2020-09-28_a_la(s)_12.21.34.png' alt=''> <\/div>\n<div style='flex: 1 1 100%; min-width: 280px;'> <img style='width: 100%; height: auto; border: 1px solid rgba(150&comma;150&comma;150&comma;0.3); border-radius: 8px;' src='https:\/\/ftp3.syscom.mx\/usuarios\/fotos\/TLSG2008P\/190882-captura_de_pantalla_2020-09-28_a_la(s)_12.21.49.png' alt=''> <\/div>\n<div style='flex: 1 1 100%; min-width: 280px;'> <img style='width: 100%; height: auto; border: 1px solid rgba(150&comma;150&comma;150&comma;0.3); border-radius: 8px;' src='https:\/\/ftp3.syscom.mx\/usuarios\/fotos\/TLSG2008P\/190882-captura_de_pantalla_2020-09-28_a_la(s)_12.22.24.png' alt=''> <\/div>\n<\/p><\/div>\n<\/p><\/div>\n","protected":false},"excerpt":{"rendered":"<p>Switch PoE JetStream SDN Administrable 8 puertos 10\/100\/1000 Mbps + 2 puertos SFP, 8 puertos PoE, 61W, administraci\u00f3n centralizada OMADA SDN<\/p>\n","protected":false},"featured_media":112941,"comment_status":"open","ping_status":"closed","template":"","meta":[],"product_brand":[],"product_cat":[1986],"product_tag":[664,1987,71],"class_list":{"0":"post-112942","1":"product","2":"type-product","3":"status-publish","4":"has-post-thumbnail","6":"product_cat-switches-poe","7":"product_tag-networking","8":"product_tag-switches-poe","9":"product_tag-tp-link","11":"first","12":"instock","13":"sale","14":"shipping-taxable","15":"purchasable","16":"product-type-simple"},"_links":{"self":[{"href":"https:\/\/soydeaqui.ddns.net\/pachuca\/index.php\/wp-json\/wp\/v2\/product\/112942","targetHints":{"allow":["GET"]}}],"collection":[{"href":"https:\/\/soydeaqui.ddns.net\/pachuca\/index.php\/wp-json\/wp\/v2\/product"}],"about":[{"href":"https:\/\/soydeaqui.ddns.net\/pachuca\/index.php\/wp-json\/wp\/v2\/types\/product"}],"replies":[{"embeddable":true,"href":"https:\/\/soydeaqui.ddns.net\/pachuca\/index.php\/wp-json\/wp\/v2\/comments?post=112942"}],"wp:featuredmedia":[{"embeddable":true,"href":"https:\/\/soydeaqui.ddns.net\/pachuca\/index.php\/wp-json\/wp\/v2\/media\/112941"}],"wp:attachment":[{"href":"https:\/\/soydeaqui.ddns.net\/pachuca\/index.php\/wp-json\/wp\/v2\/media?parent=112942"}],"wp:term":[{"taxonomy":"product_brand","embeddable":true,"href":"https:\/\/soydeaqui.ddns.net\/pachuca\/index.php\/wp-json\/wp\/v2\/product_brand?post=112942"},{"taxonomy":"product_cat","embeddable":true,"href":"https:\/\/soydeaqui.ddns.net\/pachuca\/index.php\/wp-json\/wp\/v2\/product_cat?post=112942"},{"taxonomy":"product_tag","embeddable":true,"href":"https:\/\/soydeaqui.ddns.net\/pachuca\/index.php\/wp-json\/wp\/v2\/product_tag?post=112942"}],"curies":[{"name":"wp","href":"https:\/\/api.w.org\/{rel}","templated":true}]}}