{"id":112903,"date":"2026-03-20T22:08:33","date_gmt":"2026-03-20T22:08:33","guid":{"rendered":"https:\/\/soydeaqui.ddns.net\/pachuca\/index.php\/producto\/domo-ptz-turbohd-2-megapixel-1080p-25x-zoom-150-mts-ir-exterior-ip66-wdr-120-db-ultra-baja-iluminacion-entrada-y-salida-de-alarmas\/"},"modified":"2026-03-20T22:08:49","modified_gmt":"2026-03-20T22:08:49","slug":"domo-ptz-turbohd-2-megapixel-1080p-25x-zoom-150-mts-ir-exterior-ip66-wdr-120-db-ultra-baja-iluminacion-entrada-y-salida-de-alarmas","status":"publish","type":"product","link":"https:\/\/soydeaqui.ddns.net\/pachuca\/index.php\/producto\/domo-ptz-turbohd-2-megapixel-1080p-25x-zoom-150-mts-ir-exterior-ip66-wdr-120-db-ultra-baja-iluminacion-entrada-y-salida-de-alarmas\/","title":{"rendered":"Domo PTZ TURBOHD 2 Megapixel (1080P) \/ 25X Zoom \/ 150 mts IR \/ Exterior IP66 \/ WDR 120 dB \/ Ultra Baja Iluminaci\u00f3n \/ Entrada y Salida de Alarmas"},"content":{"rendered":"<div style='width: 100%; max-width: 1200px; margin: 0 auto; font-family: sans-serif; line-height: 1.6; color: inherit; background-color: transparent;'> <!-- Logo HIKVISION --> <\/p>\n<div style='text-align: center; margin-bottom: 30px;'> <img style='width: 45%; max-width: 300px; height: auto; border: 1px solid rgba(150&comma;150&comma;150&comma;0.3); border-radius: 8px;' src='https:\/\/ftp3.syscom.mx\/usuarios\/jsosa\/HIKVISION\/imagenes\/logo\/hikvision%20see%20far.png' alt='Logo HIKVISION'> <\/div>\n<p> <!-- Secci\u00f3n de caracter\u00edsticas con flex --> <\/p>\n<div style='display: flex; flex-wrap: wrap; gap: 30px; margin-bottom: 30px;'>\n<div style='flex: 1 1 300px; min-width: 280px;'>\n<h3 style='font-size: 22px; border-bottom: 2px solid currentColor; padding-bottom: 5px; margin-top: 0; color: inherit; opacity: 0.8;'>Caracter\u00edsticas principales<\/h3>\n<ul style='padding-left: 20px; font-size: 15px; color: inherit;'>\n<li style='margin-bottom: 5px;'><strong>Resoluci\u00f3n m\u00e1xima:<\/strong> 2 Megapixel (1920 x 1080)<\/li>\n<li style='margin-bottom: 5px;'><strong>Iluminaci\u00f3n m\u00ednima:<\/strong> Color 0.005 Lux (F1.6&comma; AGC ON)<\/li>\n<li style='margin-bottom: 5px;'><strong>Iluminaci\u00f3n m\u00ednima:<\/strong> B\/N 0.001 Lux (F1.6&comma; AGC ON)<\/li>\n<li style='margin-bottom: 5px;'><strong>Funciones:<\/strong> WDR real 120dB \/ 3D-DNR<\/li>\n<li style='margin-bottom: 5px;'><strong>Distancia Focal:<\/strong> 4.8 a 120 mm (25X Zoom \u00f3ptico \/ 16X Zoom digital)<\/li>\n<li style='margin-bottom: 5px;'><strong>Distancia de Infrarrojos:<\/strong> 150 mts IR (visi\u00f3n nocturna)<\/li>\n<li style='margin-bottom: 5px;'><strong>Soporta:<\/strong> puertos RS-485 (anal\u00f3gica) y COAXITRON (TURBOHD)<\/li>\n<li style='margin-bottom: 5px;'><strong>Soporta:<\/strong> 2 entradas y 1 salida de alarmas<\/li>\n<\/ul><\/div>\n<div style='flex: 1 1 300px; min-width: 280px;'>\n<h3 style='font-size: 22px; border-bottom: 2px solid currentColor; padding-bottom: 5px; margin-top: 0; color: inherit; opacity: 0.8;'>Caracter\u00edsticas F\u00edsicas y El\u00e9ctricas<\/h3>\n<ul style='padding-left: 20px; font-size: 15px; color: inherit;'>\n<li style='margin-bottom: 5px;'><strong>Alimentaci\u00f3n:<\/strong> 24 Vca \/ 40 Watts (Fuente no incluida)<\/li>\n<li style='margin-bottom: 5px;'><strong>Temperatura de operaci\u00f3n:<\/strong> -30\u00ba a 65\u00ba C<\/li>\n<li style='margin-bottom: 5px;'><strong>Protecci\u00f3n:<\/strong> Interior &#8211; Exterior (IP66)<\/li>\n<li style='margin-bottom: 5px;'><strong>Dimensiones:<\/strong> 208 x 305 mm<\/li>\n<li style='margin-bottom: 5px;'><strong>Peso:<\/strong> 3.3 Kgs<\/li>\n<li style='margin-bottom: 5px;'><strong>Garant\u00eda:<\/strong> 2 a\u00f1os<\/li>\n<li style='margin-bottom: 5px;'><strong>Incluye:<\/strong> brazo de pared<\/li>\n<li style='margin-bottom: 5px;'><strong>Recomendaci\u00f3n:<\/strong> Para cuestiones de inducci\u00f3n se recomienda colocar el cople <a href='https:\/\/www.syscom.mx\/producto\/DS-1601ZJ-CP-HIKVISION-78253.html' target='_blank' rel='noopener' style='color: inherit; text-decoration: underline;'>DS-1601ZJ-CP<\/a> para aislar el PTZ del brazo de pared y prevenir fallas<\/li>\n<\/ul><\/div>\n<div style='flex: 1 1 300px; min-width: 280px;'>\n<h3 style='font-size: 22px; border-bottom: 2px solid currentColor; padding-bottom: 5px; margin-top: 0; color: inherit; opacity: 0.8;'>Caracter\u00edsticas Generales<\/h3>\n<ul style='padding-left: 20px; font-size: 15px; color: inherit;'>\n<li style='margin-bottom: 5px;'><strong>Paneo:<\/strong> 360\u00ba<\/li>\n<li style='margin-bottom: 5px;'><strong>Tildeo:<\/strong> -15\u00ba a 90\u00ba<\/li>\n<li style='margin-bottom: 5px;'><strong>Preset \/ Patrol \/ Pattern:<\/strong> 256 \/ 10 \/ 5<\/li>\n<li style='margin-bottom: 5px;'><strong>Soporta:<\/strong> tareas calendarizadas<\/li>\n<li style='margin-bottom: 5px;'><strong>Protocolos:<\/strong> HIKVISION \/ Pelco-P \/ Pelco-D<\/li>\n<li style='margin-bottom: 5px;'><strong>Soporte:<\/strong> \u00danicamente tecnolog\u00eda TVI<\/li>\n<\/ul><\/div>\n<\/p><\/div>\n<p> <!-- Secci\u00f3n de accesorios --> <\/p>\n<div style='margin-bottom: 30px;'>\n<h3 style='font-size: 22px; border-bottom: 2px solid currentColor; padding-bottom: 5px; margin-top: 0; color: inherit; opacity: 0.8;'>Accesorios<\/h3>\n<ul style='padding-left: 20px; font-size: 15px; color: inherit;'>\n<li style='margin-bottom: 5px;'><strong>Montaje de pared para interior o exterior:<\/strong> <a href='https:\/\/www.syscom.mx\/producto\/DS-1602ZJ-HIKVISION-77700.html' target='_blank' rel='noopener' style='color: inherit; text-decoration: underline;'>DS-1602ZJ-Conner<\/a><\/li>\n<li style='margin-bottom: 5px;'><strong>Montaje de poste vertical:<\/strong> <a href='https:\/\/www.syscom.mx\/producto\/DS-1602ZJ-POLE-HIKVISION-78569.html' target='_blank' rel='noopener' style='color: inherit; text-decoration: underline;'>DS-1602ZJ-Pole<\/a><\/li>\n<li style='margin-bottom: 5px;'><strong>Montaje de Pared con Caja de Conexiones:<\/strong> <a href='https:\/\/www.syscom.mx\/producto\/DS-1602ZJ-BOX-HIKVISION-78425.html' target='_blank' rel='noopener' style='color: inherit; text-decoration: underline;'>DS-1602ZJ-Box<\/a><\/li>\n<li style='margin-bottom: 5px;'><strong>Montaje de Techo sin tubo:<\/strong> <a href='https:\/\/www.syscom.mx\/producto\/DS-1663ZJ-HIKVISION-75318.html' target='_blank' rel='noopener' style='color: inherit; text-decoration: underline;'>DS-1663ZJ<\/a><\/li>\n<li style='margin-bottom: 5px;'><strong>Montaje de Techo tipo tubo:<\/strong> <a href='https:\/\/www.syscom.mx\/producto\/DS-1661ZJ-HIKVISION-69425.html' target='_blank' rel='noopener' style='color: inherit; text-decoration: underline;'>DS-1661ZJ<\/a><\/li>\n<li style='margin-bottom: 5px;'><strong>Montaje de Techo tipo tubo:<\/strong> <a href='https:\/\/www.syscom.mx\/producto\/DS-1662ZJ-HIKVISION-69426.html' target='_blank' rel='noopener' style='color: inherit; text-decoration: underline;'>DS-1662ZJ<\/a><\/li>\n<li style='margin-bottom: 5px;'><strong>Montaje Tipo Ganzo:<\/strong> <a href='https:\/\/www.syscom.mx\/producto\/DS-1619ZJ-HIKVISION-84690.html' target='_blank' rel='noopener' style='color: inherit; text-decoration: underline;'>DS-1619ZJ<\/a><\/li>\n<\/ul><\/div>\n<p> <!-- Banner soluci\u00f3n completa --> <\/p>\n<div style='text-align: center; margin-top: 30px;'> <img style='width: 100%; max-width: 800px; height: auto; border: 1px solid rgba(150&comma;150&comma;150&comma;0.3); border-radius: 8px;' src='https:\/\/ftp3.syscom.mx\/usuarios\/jsosa\/HIKVISION\/imagenes\/banners\/solution%20complete.png' alt='Banner soluci\u00f3n completa'> <\/div>\n<p> <!-- Separador final --> <\/p>\n<hr style='border: 0; border-top: 1px solid rgba(150&comma; 150&comma; 150&comma; 0.3); margin: 30px 0;'> <\/div>\n","protected":false},"excerpt":{"rendered":"<p>Domo PTZ TURBOHD 2 Megapixel (1080P) \/ 25X Zoom \/ 150 mts IR \/ Exterior IP66 \/ WDR 120 dB \/ Ultra Baja Iluminaci\u00f3n \/ Entrada y Salida de Alarmas<\/p>\n","protected":false},"featured_media":112902,"comment_status":"open","ping_status":"closed","template":"","meta":[],"product_brand":[],"product_cat":[2344],"product_tag":[2255,54,1225],"class_list":{"0":"post-112903","1":"product","2":"type-product","3":"status-publish","4":"has-post-thumbnail","6":"product_cat-ptz-camaras-y-dvrs-hd-turbohd-ahd-hd-tvi","7":"product_tag-camaras-y-dvrs-hd-turbohd-ahd-hd-tvi","8":"product_tag-hikvision","9":"product_tag-ptz","11":"first","12":"instock","13":"sale","14":"shipping-taxable","15":"purchasable","16":"product-type-simple"},"_links":{"self":[{"href":"https:\/\/soydeaqui.ddns.net\/pachuca\/index.php\/wp-json\/wp\/v2\/product\/112903","targetHints":{"allow":["GET"]}}],"collection":[{"href":"https:\/\/soydeaqui.ddns.net\/pachuca\/index.php\/wp-json\/wp\/v2\/product"}],"about":[{"href":"https:\/\/soydeaqui.ddns.net\/pachuca\/index.php\/wp-json\/wp\/v2\/types\/product"}],"replies":[{"embeddable":true,"href":"https:\/\/soydeaqui.ddns.net\/pachuca\/index.php\/wp-json\/wp\/v2\/comments?post=112903"}],"wp:featuredmedia":[{"embeddable":true,"href":"https:\/\/soydeaqui.ddns.net\/pachuca\/index.php\/wp-json\/wp\/v2\/media\/112902"}],"wp:attachment":[{"href":"https:\/\/soydeaqui.ddns.net\/pachuca\/index.php\/wp-json\/wp\/v2\/media?parent=112903"}],"wp:term":[{"taxonomy":"product_brand","embeddable":true,"href":"https:\/\/soydeaqui.ddns.net\/pachuca\/index.php\/wp-json\/wp\/v2\/product_brand?post=112903"},{"taxonomy":"product_cat","embeddable":true,"href":"https:\/\/soydeaqui.ddns.net\/pachuca\/index.php\/wp-json\/wp\/v2\/product_cat?post=112903"},{"taxonomy":"product_tag","embeddable":true,"href":"https:\/\/soydeaqui.ddns.net\/pachuca\/index.php\/wp-json\/wp\/v2\/product_tag?post=112903"}],"curies":[{"name":"wp","href":"https:\/\/api.w.org\/{rel}","templated":true}]}}