{"id":112881,"date":"2026-03-20T22:07:24","date_gmt":"2026-03-20T22:07:24","guid":{"rendered":"https:\/\/soydeaqui.ddns.net\/pachuca\/index.php\/producto\/domo-ptz-turbohd-1080p-15x-zoom-100-mts-ir-exir-exterior-ip66-wdr-120-db-tvi-rs-485-ultra-baja-iluminacion-2\/"},"modified":"2026-03-20T22:07:25","modified_gmt":"2026-03-20T22:07:25","slug":"domo-ptz-turbohd-1080p-15x-zoom-100-mts-ir-exir-exterior-ip66-wdr-120-db-tvi-rs-485-ultra-baja-iluminacion-2","status":"publish","type":"product","link":"https:\/\/soydeaqui.ddns.net\/pachuca\/index.php\/producto\/domo-ptz-turbohd-1080p-15x-zoom-100-mts-ir-exir-exterior-ip66-wdr-120-db-tvi-rs-485-ultra-baja-iluminacion-2\/","title":{"rendered":"Domo PTZ TurboHD 1080P \/ 15X Zoom \/ 100 mts IR EXIR \/ Exterior IP66 \/ WDR 120 dB \/ TVI \/ RS-485 \/ Ultra Baja Iluminaci\u00f3n"},"content":{"rendered":"<div style='width: 100%; max-width: 1200px; margin: 0 auto; font-family: sans-serif; line-height: 1.6; color: inherit; background-color: transparent;'> <!-- Imagen principal --> <\/p>\n<div style='text-align: center; margin: 30px 0;'> <img style='width: 100%; max-width: 600px; height: auto; border: 1px solid rgba(150&comma;150&comma;150&comma;0.3); border-radius: 8px;' src='https:\/\/ftp3.syscom.mx\/usuarios\/fotos\/IPCB120\/143291-hilook.png' alt='Domo PTZ TurboHD'> <\/div>\n<p> <!-- Videos --> <\/p>\n<div style='margin: 30px 0;'>\n<div style='position: relative; padding-bottom: 56.25%; height: 0; overflow: hidden; margin-bottom: 30px;'>   <\/div>\n<div style='display: flex; flex-wrap: wrap; gap: 30px;'>\n<div style='flex: 1 1 300px; min-width: 280px;'>\n<div style='position: relative; padding-bottom: 56.25%; height: 0; overflow: hidden;'>   <\/div>\n<\/p><\/div>\n<div style='flex: 1 1 300px; min-width: 280px;'>\n<div style='position: relative; padding-bottom: 56.25%; height: 0; overflow: hidden;'>   <\/div>\n<\/p><\/div>\n<\/p><\/div>\n<\/p><\/div>\n<p> <!-- Secci\u00f3n de especificaciones --> <\/p>\n<div style='display: flex; flex-wrap: wrap; gap: 30px; margin: 30px 0;'> <!-- Columna izquierda --> <\/p>\n<div style='flex: 1 1 400px;'> <!-- Caracter\u00edsticas Principales --> <\/p>\n<div style='border: 1px solid rgba(150&comma; 150&comma; 150&comma; 0.4); border-radius: 8px; overflow: hidden; margin-bottom: 30px;'>\n<div style='padding: 15px; background-color: #266ca9; color: white; font-size: 18px; font-weight: bold;'>Caracter\u00edsticas Principales<\/div>\n<div style='padding: 15px; color: inherit;'>\n<ul style='padding-left: 20px; margin: 0; font-size: 14px; list-style-type: disc;'>\n<li style='margin-bottom: 5px;'>Resoluci\u00f3n m\u00e1xima: 2 Megapixel (1920 x 1080).<\/li>\n<li style='margin-bottom: 5px;'>Iluminaci\u00f3n m\u00ednima: Color 0.005 Lux (F1.6&comma; AGC ON).<\/li>\n<li style='margin-bottom: 5px;'>Iluminaci\u00f3n m\u00ednima: B\/N 0.001 Lux (F1.6&comma; AGC ON).<\/li>\n<li style='margin-bottom: 5px;'>Funciones: WDR 120dB \/ 3D-DNR \/ BLC \/ HLC \/ EIS.<\/li>\n<li style='margin-bottom: 5px;'>Distancia Focal: 5 a 75 mm (15X Zoom \u00f3ptico \/ 16X Zoom digital).<\/li>\n<li style='margin-bottom: 5px;'>Distancia de Infrarrojos: 100 mts IR (visi\u00f3n nocturna).<\/li>\n<li style='margin-bottom: 5px;'>S\u00f3lo soporta TVI (No soporta AHD-CVI-CVBS).<\/li>\n<li style='margin-bottom: 5px;'>Soporta puertos RS-485 (anal\u00f3gica) y COAXITRON (TURBOHD).<\/li>\n<\/ul><\/div>\n<\/p><\/div>\n<p> <!-- Caracter\u00edsticas Generales --> <\/p>\n<div style='border: 1px solid rgba(150&comma; 150&comma; 150&comma; 0.4); border-radius: 8px; overflow: hidden;'>\n<div style='padding: 15px; background-color: #266ca9; color: white; font-size: 18px; font-weight: bold;'>Caracter\u00edsticas Generales<\/div>\n<div style='padding: 15px; color: inherit;'>\n<ul style='padding-left: 20px; margin: 0; font-size: 14px; list-style-type: disc;'>\n<li style='margin-bottom: 5px;'>Paneo: 360\u00ba.<\/li>\n<li style='margin-bottom: 5px;'>Tildeo: -15\u00ba a 90\u00ba.<\/li>\n<li style='margin-bottom: 5px;'>Preset: 256.<\/li>\n<li style='margin-bottom: 5px;'>Patrol: 10 (32 Preset cada uno).<\/li>\n<li style='margin-bottom: 5px;'>Pattern: 5 (10 minutos de grabaci\u00f3n m\u00e1ximo).<\/li>\n<li style='margin-bottom: 5px;'>Soporta tareas calendarizadas.<\/li>\n<li style='margin-bottom: 5px;'>Protocolos: HIKVISION \/ Pelco-P \/ Pelco-D.<\/li>\n<\/ul><\/div>\n<\/p><\/div>\n<\/p><\/div>\n<p> <!-- Columna derecha --> <\/p>\n<div style='flex: 1 1 400px;'> <!-- Caracter\u00edsticas F\u00edsicas y El\u00e9ctricas --> <\/p>\n<div style='border: 1px solid rgba(150&comma; 150&comma; 150&comma; 0.4); border-radius: 8px; overflow: hidden; margin-bottom: 30px;'>\n<div style='padding: 15px; background-color: #266ca9; color: white; font-size: 18px; font-weight: bold;'>Caracter\u00edsticas F\u00edsicas y El\u00e9ctricas<\/div>\n<div style='padding: 15px; color: inherit;'>\n<ul style='padding-left: 20px; margin: 0; font-size: 14px; list-style-type: disc;'>\n<li style='margin-bottom: 5px;'>Alimentaci\u00f3n: 12 Vcc \/ 20 Watts.<\/li>\n<li style='margin-bottom: 5px;'>Temperatura de operaci\u00f3n: -30\u00ba a 65\u00ba C.<\/li>\n<li style='margin-bottom: 5px;'>Protecci\u00f3n: Interior &#8211; Exterior (IP66).<\/li>\n<li style='margin-bottom: 5px;'>Dimensiones: 164.5 x 295 mm.<\/li>\n<li style='margin-bottom: 5px;'>Peso: 2 Kgs.<\/li>\n<li style='margin-bottom: 5px;'>El PTZ incluye brazo de pared y fuente de alimentaci\u00f3n de 12 Vcc.<\/li>\n<\/ul><\/div>\n<\/p><\/div>\n<p> <!-- Accesorios Opcionales --> <\/p>\n<div style='border: 1px solid rgba(150&comma; 150&comma; 150&comma; 0.4); border-radius: 8px; overflow: hidden;'>\n<div style='padding: 15px; background-color: #266ca9; color: white; font-size: 18px; font-weight: bold;'>Accesorios Opcionales<\/div>\n<div style='padding: 15px; color: inherit;'>\n<ul style='padding-left: 20px; margin: 0; font-size: 14px; list-style-type: disc;'>\n<li style='margin-bottom: 5px;'>Joystick USB&comma; modelo: <a href='https:\/\/www.syscom.mx\/producto\/DS-1005KI-HIKVISION-74492.html' target='_blank' rel='noopener' style='color: inherit; text-decoration: underline;'>DS-1005KI<\/a><\/li>\n<li style='margin-bottom: 5px;'>Montaje de poste para domos&comma; modelo: <a href='https:\/\/www.syscom.mx\/producto\/DS-1604ZJ-POLE-HIKVISION-175737.html' target='_blank' rel='noopener' style='color: inherit; text-decoration: underline;'>DS-1604ZJ-POLE<\/a><\/li>\n<li style='margin-bottom: 5px;'>Montaje de esquina con caja de conexi\u00f3n&comma; modelo: <a href='https:\/\/www.syscom.mx\/producto\/DS-1604ZJ-BOX-CORNER-HIKVISION-201010.html' target='_blank' rel='noopener' style='color: inherit; text-decoration: underline;'>DS-1604ZJ-BOX-CORNER<\/a><\/li>\n<li style='margin-bottom: 5px;'>Montaje de Pared para Exterior&comma; modelo: <a href='https:\/\/www.syscom.mx\/producto\/DS-1604ZJ-BOX-HIKVISION-190298.html' target='_blank' rel='noopener' style='color: inherit; text-decoration: underline;'>DS-1604ZJ-BOX<\/a><\/li>\n<li style='margin-bottom: 5px;'>Montaje de Techo Tipo Tubo&comma; modelo: <a href='https:\/\/www.syscom.mx\/producto\/DS-1662ZJ-HIKVISION-69426.html' target='_blank' rel='noopener' style='color: inherit; text-decoration: underline;'>DS-1662ZJ<\/a><\/li>\n<li style='margin-bottom: 5px;'>Montaje de Plaf\u00f3n&comma; modelo: <a href='https:\/\/www.syscom.mx\/producto\/DS-1671ZJ-SDM9-HIKVISION-162945.html' target='_blank' rel='noopener' style='color: inherit; text-decoration: underline;'>DS-1671ZJ-SDM9<\/a><\/li>\n<li style='margin-bottom: 5px;'>Montaje Parapeto sobre Pared&comma; modelo: <a href='https:\/\/www.syscom.mx\/producto\/DS-1660ZJ-HIKVISION-82609.html' target='_blank' rel='noopener' style='color: inherit; text-decoration: underline;'>DS-1660ZJ<\/a><\/li>\n<li style='margin-bottom: 5px;'>Montaje de Techo Tipo Tubo&comma; modelo: <a href='https:\/\/www.syscom.mx\/producto\/DS-1661ZJ-HIKVISION-69425.html' target='_blank' rel='noopener' style='color: inherit; text-decoration: underline;'>DS-1661ZJ<\/a><\/li>\n<li style='margin-bottom: 5px;'>Montaje de Pared con Caja de Conexi\u00f3n&comma; modelo: <a href='https:\/\/www.syscom.mx\/producto\/DS-1604ZJ-BOX-POLE-HIKVISION-158618.html' target='_blank' rel='noopener' style='color: inherit; text-decoration: underline;'>DS-1604ZJ-BOX-POLE<\/a><\/li>\n<\/ul><\/div>\n<\/p><\/div>\n<\/p><\/div>\n<\/p><\/div>\n<p> <!-- Secci\u00f3n de marca --> <\/p>\n<div style='text-align: center; margin: 40px 0; font-size: 30px;'> <span style='color: #a38f84;'>Hi-<\/span><span style='color: #3d8eb9;'>Look<\/span> <\/div>\n<p> <!-- Descripci\u00f3n de marca --> <\/p>\n<div style='margin: 30px 0;'>\n<p style='font-size: 18px;'>Es una marca desarrollada y manufacturada por Hikvision&comma; enfocada en otorgar productos de alta calidad. Cuenta con los dispositivos ideales para ofrecer una soluci\u00f3n integral en tecnolog\u00eda anal\u00f3gica (TurboHD) e IP.<\/p>\n<\/p><\/div>\n<p> <!-- Secci\u00f3n de tecnolog\u00eda EXIR --> <\/p>\n<div style='display: flex; flex-wrap: wrap; gap: 30px; align-items: center; margin: 30px 0;'>\n<div style='flex: 1 1 300px;'>\n<h2 style='text-align: center;'><span style='color: #000000; background-color: #f7da64;'>Infrarrojo EXIR<\/span><\/h2>\n<p style='font-size: 18px;'>Las c\u00e1maras HiLook&comma; comparten la patente de la marca Hikvision &#8216;EXIR&#8217;&comma; el cual le otorga una visi\u00f3n nocturna m\u00e1s efectiva por su dise\u00f1o&comma; composici\u00f3n y efecto umbral de luz. Esto le permitir\u00e1 tener mucho mejor detalle en la noche&comma; y una visi\u00f3n nocturna uniforme.<\/p>\n<\/p><\/div>\n<div style='flex: 1 1 300px; text-align: center;'> <img style='width: 100%; max-width: 314px; height: auto; border: 1px solid rgba(150&comma;150&comma;150&comma;0.3); border-radius: 8px;' src='https:\/\/ftp3.syscom.mx\/usuarios\/jsosa\/HIKVISION\/imagenes\/exirir.png' alt='Infrarrojo EXIR'> <\/div>\n<\/p><\/div>\n<p> <!-- Imagen adicional --> <\/p>\n<div style='text-align: center; margin: 30px 0;'> <img style='width: 100%; max-width: 800px; height: auto; border: 1px solid rgba(150&comma;150&comma;150&comma;0.3); border-radius: 8px;' src='https:\/\/ftp3.syscom.mx\/usuarios\/jsosa\/HIKVISION\/imagenes\/irvsir.png' alt='Comparaci\u00f3n IR vs EXIR'> <\/div>\n<p> <!-- Imagen final --> <\/p>\n<div style='text-align: center; margin: 30px 0;'> <img style='width: 100%; max-width: 800px; height: auto; border: 1px solid rgba(150&comma;150&comma;150&comma;0.3); border-radius: 8px;' src='https:\/\/ftp3.syscom.mx\/usuarios\/yvalenzuela\/Hilook\/hiklook.jpg' alt='HiLook'> <\/div>\n<\/p><\/div>\n","protected":false},"excerpt":{"rendered":"<p>Domo PTZ TurboHD 1080P \/ 15X Zoom \/ 100 mts IR EXIR \/ Exterior IP66 \/ WDR 120 dB \/ TVI \/ RS-485 \/ Ultra Baja Iluminaci\u00f3n<\/p>\n","protected":false},"featured_media":112880,"comment_status":"open","ping_status":"closed","template":"","meta":[],"product_brand":[],"product_cat":[2344],"product_tag":[2255,715,1225],"class_list":{"0":"post-112881","1":"product","2":"type-product","3":"status-publish","4":"has-post-thumbnail","6":"product_cat-ptz-camaras-y-dvrs-hd-turbohd-ahd-hd-tvi","7":"product_tag-camaras-y-dvrs-hd-turbohd-ahd-hd-tvi","8":"product_tag-hilook-by-hikvision","9":"product_tag-ptz","11":"first","12":"instock","13":"sale","14":"shipping-taxable","15":"purchasable","16":"product-type-simple"},"_links":{"self":[{"href":"https:\/\/soydeaqui.ddns.net\/pachuca\/index.php\/wp-json\/wp\/v2\/product\/112881","targetHints":{"allow":["GET"]}}],"collection":[{"href":"https:\/\/soydeaqui.ddns.net\/pachuca\/index.php\/wp-json\/wp\/v2\/product"}],"about":[{"href":"https:\/\/soydeaqui.ddns.net\/pachuca\/index.php\/wp-json\/wp\/v2\/types\/product"}],"replies":[{"embeddable":true,"href":"https:\/\/soydeaqui.ddns.net\/pachuca\/index.php\/wp-json\/wp\/v2\/comments?post=112881"}],"wp:featuredmedia":[{"embeddable":true,"href":"https:\/\/soydeaqui.ddns.net\/pachuca\/index.php\/wp-json\/wp\/v2\/media\/112880"}],"wp:attachment":[{"href":"https:\/\/soydeaqui.ddns.net\/pachuca\/index.php\/wp-json\/wp\/v2\/media?parent=112881"}],"wp:term":[{"taxonomy":"product_brand","embeddable":true,"href":"https:\/\/soydeaqui.ddns.net\/pachuca\/index.php\/wp-json\/wp\/v2\/product_brand?post=112881"},{"taxonomy":"product_cat","embeddable":true,"href":"https:\/\/soydeaqui.ddns.net\/pachuca\/index.php\/wp-json\/wp\/v2\/product_cat?post=112881"},{"taxonomy":"product_tag","embeddable":true,"href":"https:\/\/soydeaqui.ddns.net\/pachuca\/index.php\/wp-json\/wp\/v2\/product_tag?post=112881"}],"curies":[{"name":"wp","href":"https:\/\/api.w.org\/{rel}","templated":true}]}}