{"id":112874,"date":"2026-03-20T22:07:02","date_gmt":"2026-03-20T22:07:02","guid":{"rendered":"https:\/\/soydeaqui.ddns.net\/pachuca\/index.php\/producto\/audio-por-coaxitron-turret-turbohd-5-megapixel-angulo-de-vision-85-5-lente-2-8-mm-30-mts-ir-exir-exterior-ip67-4-tecnologias-dwdr\/"},"modified":"2026-03-20T22:07:19","modified_gmt":"2026-03-20T22:07:19","slug":"audio-por-coaxitron-turret-turbohd-5-megapixel-angulo-de-vision-85-5-lente-2-8-mm-30-mts-ir-exir-exterior-ip67-4-tecnologias-dwdr","status":"publish","type":"product","link":"https:\/\/soydeaqui.ddns.net\/pachuca\/index.php\/producto\/audio-por-coaxitron-turret-turbohd-5-megapixel-angulo-de-vision-85-5-lente-2-8-mm-30-mts-ir-exir-exterior-ip67-4-tecnologias-dwdr\/","title":{"rendered":"AUDIO POR COAXITRON \/ Turret TURBOHD 5 Megapixel \/ Angulo de vision 85.5\u00b0 \/ Lente 2.8 mm \/ 30 mts IR EXIR \/ Exterior IP67 \/ 4 Tecnolog\u00edas \/ dWDR"},"content":{"rendered":"<div style='width: 100%; max-width: 1200px; margin: 0 auto; font-family: sans-serif; line-height: 1.6; color: inherit; background-color: transparent;'> <!-- Imagen principal --> <\/p>\n<div style='text-align: center; margin-bottom: 20px;'> <img style='width: 45%; height: auto; border: 1px solid rgba(150&comma;150&comma;150&comma;0.3); border-radius: 8px;' src='https:\/\/ftp3.syscom.mx\/usuarios\/jsosa\/banners\/epcom-Video-Surveillance-Solutions.png' alt='Banner Epcom'> <\/div>\n<p> <!-- Titulo seccion --> <\/p>\n<div style='text-align: center; margin: 30px 0;'> <strong style='font-size: 16px; color: inherit; opacity: 0.8; font-family: 'Helvetica Neue'&comma; Helvetica&comma; Arial&comma; sans-serif; background-color: transparent;'> <span style='font-family: Verdana&comma; Geneva&comma; sans-serif; color: inherit;'>Audio&comma; Video y Datos por el Mismo Cable<\/span> <\/strong> <\/div>\n<p> <!-- Imagen coaxitron --> <\/p>\n<div style='text-align: center; margin: 30px 0;'> <img style='width: 100%; height: auto; border: 1px solid rgba(150&comma;150&comma;150&comma;0.3); border-radius: 8px;' src='https:\/\/ftp3.syscom.mx\/usuarios\/jsosa\/HIKVISION\/imagenes\/coaxitron\/coaxitron.jpg' alt='Coaxitron'> <\/div>\n<p> <!-- Secci\u00f3n de caracter\u00edsticas --> <\/p>\n<div style='display: flex; flex-wrap: wrap; gap: 30px; margin-bottom: 30px;'>\n<div style='flex: 1 1 300px; min-width: 280px;'>\n<h3 style='font-size: 22px; border-bottom: 2px solid currentColor; padding-bottom: 5px; margin-top: 0; color: inherit; opacity: 0.8;'>Caracter\u00edsticas principales<\/h3>\n<ul style='padding-left: 20px; font-size: 15px; color: inherit;'>\n<li style='margin-bottom: 5px;'><strong>Resoluci\u00f3n:<\/strong> 5 Megapixel (2560 x 1944)<\/li>\n<li style='margin-bottom: 5px;'><strong>Lente:<\/strong> 2.8 mm (\u00e1ngulo de visi\u00f3n 85\u00b0)<\/li>\n<li style='margin-bottom: 5px;'><strong>Visi\u00f3n nocturna:<\/strong> 30 mts smart IR<\/li>\n<li style='margin-bottom: 5px;'><strong>Compatibilidad:<\/strong> TVI \/ AHD \/ CVI \/ CVBS<\/li>\n<li style='margin-bottom: 5px;'><strong>Tecnolog\u00edas:<\/strong> dWDR \/ BLC \/ HLC \/ 2D DNR<\/li>\n<li style='margin-bottom: 5px;'><strong>Transmisi\u00f3n:<\/strong> Soporta coaxitron<\/li>\n<li style='margin-bottom: 5px;'><strong>Nota:<\/strong> El audio por coaxitron se env\u00eda \u00fanicamente por tecnolog\u00eda TVI<\/li>\n<\/ul><\/div>\n<div style='flex: 1 1 300px; min-width: 280px;'>\n<h3 style='font-size: 22px; border-bottom: 2px solid currentColor; padding-bottom: 5px; margin-top: 0; color: inherit; opacity: 0.8;'>Caracter\u00edsticas F\u00edsicas y El\u00e9ctricas<\/h3>\n<ul style='padding-left: 20px; font-size: 15px; color: inherit;'>\n<li style='margin-bottom: 5px;'><strong>Alimentaci\u00f3n:<\/strong> 12 Vcc \/ 3.7 Watts<\/li>\n<li style='margin-bottom: 5px;'><strong>Protecci\u00f3n:<\/strong> IP67 (interior \/ exterior)<\/li>\n<li style='margin-bottom: 5px;'><strong>Material:<\/strong> Metal<\/li>\n<li style='margin-bottom: 5px;'><strong>Dimensiones:<\/strong> 82.6 x 90 x 79.37 mm<\/li>\n<li style='margin-bottom: 5px;'><strong>Peso:<\/strong> 289.5 gramos<\/li>\n<\/ul><\/div>\n<div style='flex: 1 1 300px; min-width: 280px;'>\n<h3 style='font-size: 22px; border-bottom: 2px solid currentColor; padding-bottom: 5px; margin-top: 0; color: inherit; opacity: 0.8;'>Caracter\u00edsticas Destacadas<\/h3>\n<p style='font-size: 15px; color: inherit; margin-top: 0; margin-bottom: 15px;'>La c\u00e1mara cuenta con un micr\u00f3fono interconstruido&comma; el cual no requiere cables adicionales para poder transmitir el audio.<\/p>\n<\/p><\/div>\n<\/p><\/div>\n<p> <!-- Separador --> <\/p>\n<hr style='border: 0; border-top: 1px solid rgba(150&comma; 150&comma; 150&comma; 0.3); margin: 30px 0;'> <!-- Consideraciones --> <\/p>\n<div style='margin-bottom: 30px;'>\n<h3 style='font-size: 22px; border-bottom: 2px solid currentColor; padding-bottom: 5px; margin-top: 0; color: inherit; opacity: 0.8;'>Consideraciones<\/h3>\n<p style='font-size: 15px; color: inherit; margin-top: 10px; margin-bottom: 15px;'>No hay consideraciones espec\u00edficas para este producto.<\/p>\n<\/p><\/div>\n<p> <!-- Imagen de garant\u00eda --> <\/p>\n<div style='text-align: center; margin-top: 30px;'> <img style='width: 100%; max-width: 1200px; height: auto; border: 1px solid rgba(150&comma;150&comma;150&comma;0.3); border-radius: 8px;' src='https:\/\/ftp3.syscom.mx\/usuarios\/fotos\/B8TURBOC\/189682-5-year-epcom-es_(2).png' alt='Garant\u00eda Epcom'> <\/div>\n<\/p><\/div>\n","protected":false},"excerpt":{"rendered":"<p>AUDIO POR COAXITRON \/ Turret TURBOHD 5 Megapixel \/ Angulo de vision 85.5\u00b0 \/ Lente 2.8 mm \/ 30 mts IR EXIR \/ Exterior IP67 \/ 4 Tecnolog\u00edas \/ dWDR<\/p>\n","protected":false},"featured_media":112873,"comment_status":"open","ping_status":"closed","template":"","meta":[],"product_brand":[],"product_cat":[2269],"product_tag":[2255,2057,2257],"class_list":{"0":"post-112874","1":"product","2":"type-product","3":"status-publish","4":"has-post-thumbnail","6":"product_cat-domo-eyeball-turret-camaras-y-dvrs-hd-turbohd-ahd-hd-tvi","7":"product_tag-camaras-y-dvrs-hd-turbohd-ahd-hd-tvi","8":"product_tag-domo-eyeball-turret","9":"product_tag-epcom-professional","11":"first","12":"instock","13":"sale","14":"shipping-taxable","15":"purchasable","16":"product-type-simple"},"_links":{"self":[{"href":"https:\/\/soydeaqui.ddns.net\/pachuca\/index.php\/wp-json\/wp\/v2\/product\/112874","targetHints":{"allow":["GET"]}}],"collection":[{"href":"https:\/\/soydeaqui.ddns.net\/pachuca\/index.php\/wp-json\/wp\/v2\/product"}],"about":[{"href":"https:\/\/soydeaqui.ddns.net\/pachuca\/index.php\/wp-json\/wp\/v2\/types\/product"}],"replies":[{"embeddable":true,"href":"https:\/\/soydeaqui.ddns.net\/pachuca\/index.php\/wp-json\/wp\/v2\/comments?post=112874"}],"wp:featuredmedia":[{"embeddable":true,"href":"https:\/\/soydeaqui.ddns.net\/pachuca\/index.php\/wp-json\/wp\/v2\/media\/112873"}],"wp:attachment":[{"href":"https:\/\/soydeaqui.ddns.net\/pachuca\/index.php\/wp-json\/wp\/v2\/media?parent=112874"}],"wp:term":[{"taxonomy":"product_brand","embeddable":true,"href":"https:\/\/soydeaqui.ddns.net\/pachuca\/index.php\/wp-json\/wp\/v2\/product_brand?post=112874"},{"taxonomy":"product_cat","embeddable":true,"href":"https:\/\/soydeaqui.ddns.net\/pachuca\/index.php\/wp-json\/wp\/v2\/product_cat?post=112874"},{"taxonomy":"product_tag","embeddable":true,"href":"https:\/\/soydeaqui.ddns.net\/pachuca\/index.php\/wp-json\/wp\/v2\/product_tag?post=112874"}],"curies":[{"name":"wp","href":"https:\/\/api.w.org\/{rel}","templated":true}]}}