{"id":112872,"date":"2026-03-20T22:06:58","date_gmt":"2026-03-20T22:06:58","guid":{"rendered":"https:\/\/soydeaqui.ddns.net\/pachuca\/index.php\/producto\/kit-ip-4megapixel-nvr-de-4-canales-con-4-puertos-poe-4-camaras-ip-dual-light-con-microfono\/"},"modified":"2026-03-20T22:06:59","modified_gmt":"2026-03-20T22:06:59","slug":"kit-ip-4megapixel-nvr-de-4-canales-con-4-puertos-poe-4-camaras-ip-dual-light-con-microfono","status":"publish","type":"product","link":"https:\/\/soydeaqui.ddns.net\/pachuca\/index.php\/producto\/kit-ip-4megapixel-nvr-de-4-canales-con-4-puertos-poe-4-camaras-ip-dual-light-con-microfono\/","title":{"rendered":"Kit IP 4Megapixel \/ NVR de 4 Canales con 4 Puertos PoE \/ 4 C\u00e1maras IP Dual light con microfono"},"content":{"rendered":"<div style='width: 100%; max-width: 1200px; margin: 0 auto; font-family: sans-serif; line-height: 1.6; color: inherit; background-color: transparent;'> <!-- Header --> <\/p>\n<div style='padding: 2rem 0;'>\n<div style='text-align: center;'> <img style='max-height: 6rem; width: auto; height: auto;' src='https:\/\/ftp3.syscom.mx\/usuarios\/fotos\/logotipos\/hilook_by_hikvision.png' alt='Logo' \/> <\/p>\n<h1 style='font-size: 2.5rem; font-weight: bold; margin-top: 1rem; margin-bottom: 1rem; color: inherit;'>Controla y monitorea tus dispositivos de seguridad<\/h1>\n<p style='font-size: 1.25rem; margin-bottom: 2rem; color: inherit;'>Descarga la app oficial y aprovecha al m\u00e1ximo tu producto inteligente<\/p>\n<\/p><\/div>\n<\/p><\/div>\n<p> <!-- Beneficios principales --> <\/p>\n<div style='padding: 2rem 0; background-color: rgba(200&comma;200&comma;200&comma;0.1);'>\n<div style='margin-bottom: 2rem; text-align: center;'>\n<h2 style='font-size: 2rem; border-bottom: 2px solid currentColor; padding-bottom: 0.5rem; display: inline-block; color: inherit;'>Beneficios principales<\/h2>\n<\/p><\/div>\n<div style='display: flex; flex-wrap: wrap; gap: 1.5rem; justify-content: center;'>\n<div style='flex: 1 1 200px; min-width: 180px; text-align: center;'>\n<div style='width: 60px; height: 60px; margin: 0 auto 1rem; background-color: #007bff; border-radius: 50%;'><\/div>\n<h5 style='font-size: 1.1rem; margin-bottom: 0.5rem; color: inherit;'>Control remoto<\/h5>\n<p style='margin-bottom: 0; color: inherit; opacity: 0.8;'>Controla tus dispositivos desde cualquier lugar<\/p>\n<\/p><\/div>\n<div style='flex: 1 1 200px; min-width: 180px; text-align: center;'>\n<div style='width: 60px; height: 60px; margin: 0 auto 1rem; background-color: #28a745; border-radius: 50%;'><\/div>\n<h5 style='font-size: 1.1rem; margin-bottom: 0.5rem; color: inherit;'>Monitoreo en tiempo real<\/h5>\n<p style='margin-bottom: 0; color: inherit; opacity: 0.8;'>Visualiza tus dispositivos al instante<\/p>\n<\/p><\/div>\n<div style='flex: 1 1 200px; min-width: 180px; text-align: center;'>\n<div style='width: 60px; height: 60px; margin: 0 auto 1rem; background-color: #17a2b8; border-radius: 50%;'><\/div>\n<h5 style='font-size: 1.1rem; margin-bottom: 0.5rem; color: inherit;'>Notificaciones<\/h5>\n<p style='margin-bottom: 0; color: inherit; opacity: 0.8;'>Recibe notificaciones y alertas de los eventos que registra tu dispositivo.<\/p>\n<\/p><\/div>\n<div style='flex: 1 1 200px; min-width: 180px; text-align: center;'>\n<div style='width: 60px; height: 60px; margin: 0 auto 1rem; background-color: #ffc107; border-radius: 50%;'><\/div>\n<h5 style='font-size: 1.1rem; margin-bottom: 0.5rem; color: inherit;'>Interfaz de usuario sencilla<\/h5>\n<p style='margin-bottom: 0; color: inherit; opacity: 0.8;'>Amigable para usuarios finales<\/p>\n<\/p><\/div>\n<\/p><\/div>\n<\/p><\/div>\n<p> <!-- Galer\u00eda de im\u00e1genes --> <\/p>\n<div style='padding: 2rem 0;'>\n<div style='display: flex; flex-wrap: wrap; gap: 1.5rem; justify-content: center;'>\n<div style='flex: 1 1 200px; min-width: 200px;'> <img style='width: 100%; height: auto; border: 1px solid rgba(150&comma;150&comma;150&comma;0.3); border-radius: 8px;' src='https:\/\/ftp3.syscom.mx\/usuarios\/ftp\/single_page\/hilook\/interfaz.jpg' alt='Imagen 1' \/> <\/div>\n<div style='flex: 1 1 200px; min-width: 200px;'> <img style='width: 100%; height: auto; border: 1px solid rgba(150&comma;150&comma;150&comma;0.3); border-radius: 8px;' src='https:\/\/ftp3.syscom.mx\/usuarios\/ftp\/single_page\/hilook\/grabaciones.jpg' alt='Imagen 2' \/> <\/div>\n<div style='flex: 1 1 200px; min-width: 200px;'> <img style='width: 100%; height: auto; border: 1px solid rgba(150&comma;150&comma;150&comma;0.3); border-radius: 8px;' src='https:\/\/ftp3.syscom.mx\/usuarios\/ftp\/single_page\/hilook\/directo.jpg' alt='Imagen 3' \/> <\/div>\n<div style='flex: 1 1 200px; min-width: 200px;'> <img style='width: 100%; height: auto; border: 1px solid rgba(150&comma;150&comma;150&comma;0.3); border-radius: 8px;' src='https:\/\/ftp3.syscom.mx\/usuarios\/ftp\/single_page\/hilook\/notificaciones2.jpg' alt='Imagen 4' \/> <\/div>\n<\/p><\/div>\n<\/p><\/div>\n<p> <!-- Incluye --> <\/p>\n<div style='padding: 2rem 0;'>\n<div style='text-align: center;'>\n<h3 style='font-size: 1.5rem; margin-bottom: 1rem; color: inherit;'>El KIT incluye:<\/h3>\n<p style='margin: 0.5rem 0; color: inherit;'>1 x <a href='https:\/\/www.syscom.mx\/producto\/NVR-104H-D\/4P(D)-HiLook-by-HIKVISION-227222.html' style='color: #1d4e8f; font-weight: bold; text-decoration: none;'>NVR-104H-D\/4P(D)<\/a><\/p>\n<p style='margin: 0.5rem 0; color: inherit;'>4 x KIP2MP\/4B<\/p>\n<\/p><\/div>\n<\/p><\/div>\n<p> <!-- Secci\u00f3n de componentes --> <\/p>\n<div style='display: flex; flex-wrap: wrap; gap: 2rem; padding: 2rem 0;'> <!-- NVR --> <\/p>\n<div style='flex: 1 1 400px; min-width: 300px;'>\n<div style='background-color: rgba(238&comma;238&comma;238&comma;0.8); border-radius: 8px; overflow: hidden; box-shadow: 0 2px 5px rgba(0&comma;0&comma;0&comma;0.05);'>\n<div style='text-align: center; padding: 1rem;'> <img style='width: 100%; height: auto; display: block; margin: 0 auto; border: none;' src='https:\/\/ftp3.syscom.mx\/usuarios\/fotos\/BancoFotografiasSyscom\/HILOOKBYHIKVISION\/NVR104HD_4P(C)\/NVR104HD_4P(C)-p.PNG' alt='...' \/> <\/div>\n<div style='border-top: 5px solid #0091ff; padding: 1rem;'>\n<h2 style='font-size: 1.5rem; margin-top: 0; margin-bottom: 1rem; color: #2880b9;'> <a href='https:\/\/www.syscom.mx\/producto\/NVR-104H-D\/4P(D)-HiLook-by-HIKVISION-227222.html' style='color: #2880b9; text-decoration: none;'>NVR-104H-D\/4P(D)<\/a> <\/h2>\n<h4 style='font-size: 1.2rem; margin-bottom: 1rem; color: inherit;'>Caracter\u00edsticas:<\/h4>\n<ul style='padding-left: 1.2rem; font-size: 15px; color: inherit;'>\n<li style='margin-bottom: 0.5rem;'><span style='font-family: verdana&comma; geneva&comma; sans-serif;'>Compresi\u00f3n: H.265+ \/ H.265 \/ H.264+ \/ H.264.<\/span><\/li>\n<li style='margin-bottom: 0.5rem;'><span style='font-family: verdana&comma; geneva&comma; sans-serif;'>4 Puertos PoE+ (soporta est\u00e1ndar af \/ at).<\/span><\/li>\n<li style='margin-bottom: 0.5rem;'><span style='font-family: verdana&comma; geneva&comma; sans-serif;'>36 watts total en sus puertos PoE+.<\/span><\/li>\n<li style='margin-bottom: 0.5rem;'><span style='font-family: verdana&comma; geneva&comma; sans-serif;'>Puerto LAN 10 \/ 100 Mbps.<\/span><\/li>\n<li style='margin-bottom: 0.5rem;'><span style='font-family: verdana&comma; geneva&comma; sans-serif;'>Salidas de v\u00eddeo simultanea en VGA y HDMI (1080p).<\/span><\/li>\n<li style='margin-bottom: 0.5rem;'><span style='font-family: verdana&comma; geneva&comma; sans-serif;'>Soporta 1 HDD de hasta 6 TB (no incluido).<\/span><\/li>\n<li style='margin-bottom: 0.5rem;'><span style='font-family: verdana&comma; geneva&comma; sans-serif;'>Procesamiento de entrada: 40 Mbps.<\/span><\/li>\n<li style='margin-bottom: 0.5rem;'><span style='font-family: verdana&comma; geneva&comma; sans-serif;'>Procesamiento de salida: 60 Mbps.<\/span><\/li>\n<li style='margin-bottom: 0.5rem;'><span style='font-family: verdana&comma; geneva&comma; sans-serif;'>Compatible con Hik-Connect P2P.<\/span><\/li>\n<li style='margin-bottom: 0.5rem;'><span style='font-family: verdana&comma; geneva&comma; sans-serif;'>Configuraci\u00f3n local y remota de par\u00e1metros.<\/span><\/li>\n<li style='margin-bottom: 0.5rem;'><span style='font-family: verdana&comma; geneva&comma; sans-serif;'>Aplicaci\u00f3n m\u00f3vil compatible con iOS y Android.<\/span><\/li>\n<li style='margin-bottom: 0.5rem;'><span style='font-family: verdana&comma; geneva&comma; sans-serif;'>Compatible con el software iVMS-4200 (gratuito).<\/span><\/li>\n<li style='margin-bottom: 0.5rem;'><span style='font-family: verdana&comma; geneva&comma; sans-serif;'>No soporta host virtual.<\/span><\/li>\n<\/ul><\/div>\n<\/p><\/div>\n<\/p><\/div>\n<p> <!-- C\u00e1mara --> <\/p>\n<div style='flex: 1 1 400px; min-width: 300px;'>\n<div style='background-color: rgba(238&comma;238&comma;238&comma;0.8); border-radius: 8px; overflow: hidden; box-shadow: 0 2px 5px rgba(0&comma;0&comma;0&comma;0.05);'>\n<div style='text-align: center; padding: 1rem;'> <img style='width: 100%; height: auto; display: block; margin: 0 auto; border: none;' src='https:\/\/ftp3.syscom.mx\/usuarios\/fotos\/BancoFotografiasSyscom\/HILOOKBYHIKVISION\/IPCB140HALUC\/IPCB140HALUC-h.PNG' alt='...' \/> <\/div>\n<div style='border-top: 5px solid #0091ff; padding: 1rem;'>\n<h2 style='font-size: 1.5rem; margin-top: 0; margin-bottom: 1rem; color: #2880b9;'> <a href='https:\/\/www.syscom.mx\/products\/237369' target='_blank' rel='noopener' style='color: #2880b9; text-decoration: none;'>IPC-B140HA-LUC<\/a> <\/h2>\n<h4 style='font-size: 1.2rem; margin-bottom: 1rem; color: inherit;'>Caracter\u00edsticas:<\/h4>\n<ul style='padding-left: 1.2rem; font-size: 15px; color: inherit;'>\n<li style='margin-bottom: 0.5rem;'>Resoluci\u00f3n m\u00e1xima: 4 Megap\u00edxeles (2560 x 1440)<\/li>\n<li style='margin-bottom: 0.5rem;'>Lente fijo: 2.8 mm (\u00e1ngulo de visi\u00f3n 104\u00b0)<\/li>\n<li style='margin-bottom: 0.5rem;'>Dual light (20 m Smart IR + 15m luz blanca)<\/li>\n<li style='margin-bottom: 0.5rem;'>3D DNR \/ BLC \/ HLC \/ dWDR<\/li>\n<li style='margin-bottom: 0.5rem;'>Micr\u00f3fono integrado: captura audio en \u00e1rea de 5 m\u00b2<\/li>\n<li style='margin-bottom: 0.5rem;'>Detecci\u00f3n de movimiento con filtro humano<\/li>\n<li style='margin-bottom: 0.5rem;'>Notificaciones push en app HiLook Vision<\/li>\n<\/ul><\/div>\n<\/p><\/div>\n<\/p><\/div>\n<\/p><\/div>\n<p> <!-- Videos --> <\/p>\n<div style='padding: 2rem 0;'>\n<div style='display: flex; flex-wrap: wrap; gap: 2rem; justify-content: center;'> <!-- Video 1 --> <\/p>\n<div style='flex: 1 1 300px; min-width: 280px;'>\n<div style='position: relative; padding-bottom: 56.25%; height: 0; overflow: hidden; margin-bottom: 30px;'>   <\/div>\n<\/p><\/div>\n<p> <!-- Video 2 --> <\/p>\n<div style='flex: 1 1 300px; min-width: 280px;'>\n<div style='position: relative; padding-bottom: 56.25%; height: 0; overflow: hidden; margin-bottom: 30px;'>   <\/div>\n<\/p><\/div>\n<p> <!-- Video 3 --> <\/p>\n<div style='flex: 1 1 300px; min-width: 280px;'>\n<div style='position: relative; padding-bottom: 56.25%; height: 0; overflow: hidden; margin-bottom: 30px;'>   <\/div>\n<\/p><\/div>\n<\/p><\/div>\n<\/p><\/div>\n<p> <!-- Imagen final --> <\/p>\n<div style='padding: 2rem 0;'> <img style='width: 100%; height: auto; border: 1px solid rgba(150&comma;150&comma;150&comma;0.3); border-radius: 8px;' src='https:\/\/ftp3.syscom.mx\/usuarios\/yvalenzuela\/Hilook\/hiklook.jpg' alt='Imagen final' \/> <\/div>\n<\/p><\/div>\n","protected":false},"excerpt":{"rendered":"<p>Kit IP 4Megapixel \/ NVR de 4 Canales con 4 Puertos PoE \/ 4 C\u00e1maras IP Dual light con microfono<\/p>\n","protected":false},"featured_media":112871,"comment_status":"open","ping_status":"closed","template":"","meta":[],"product_brand":[],"product_cat":[2231],"product_tag":[715,2233,2232],"class_list":{"0":"post-112872","1":"product","2":"type-product","3":"status-publish","4":"has-post-thumbnail","6":"product_cat-ip-megapixel","7":"product_tag-hilook-by-hikvision","8":"product_tag-ip-megapixel","9":"product_tag-kits-sistemas-completos","11":"first","12":"instock","13":"sale","14":"shipping-taxable","15":"purchasable","16":"product-type-simple"},"_links":{"self":[{"href":"https:\/\/soydeaqui.ddns.net\/pachuca\/index.php\/wp-json\/wp\/v2\/product\/112872","targetHints":{"allow":["GET"]}}],"collection":[{"href":"https:\/\/soydeaqui.ddns.net\/pachuca\/index.php\/wp-json\/wp\/v2\/product"}],"about":[{"href":"https:\/\/soydeaqui.ddns.net\/pachuca\/index.php\/wp-json\/wp\/v2\/types\/product"}],"replies":[{"embeddable":true,"href":"https:\/\/soydeaqui.ddns.net\/pachuca\/index.php\/wp-json\/wp\/v2\/comments?post=112872"}],"wp:featuredmedia":[{"embeddable":true,"href":"https:\/\/soydeaqui.ddns.net\/pachuca\/index.php\/wp-json\/wp\/v2\/media\/112871"}],"wp:attachment":[{"href":"https:\/\/soydeaqui.ddns.net\/pachuca\/index.php\/wp-json\/wp\/v2\/media?parent=112872"}],"wp:term":[{"taxonomy":"product_brand","embeddable":true,"href":"https:\/\/soydeaqui.ddns.net\/pachuca\/index.php\/wp-json\/wp\/v2\/product_brand?post=112872"},{"taxonomy":"product_cat","embeddable":true,"href":"https:\/\/soydeaqui.ddns.net\/pachuca\/index.php\/wp-json\/wp\/v2\/product_cat?post=112872"},{"taxonomy":"product_tag","embeddable":true,"href":"https:\/\/soydeaqui.ddns.net\/pachuca\/index.php\/wp-json\/wp\/v2\/product_tag?post=112872"}],"curies":[{"name":"wp","href":"https:\/\/api.w.org\/{rel}","templated":true}]}}