{"id":112870,"date":"2026-03-20T22:06:51","date_gmt":"2026-03-20T22:06:51","guid":{"rendered":"https:\/\/soydeaqui.ddns.net\/pachuca\/index.php\/producto\/kit-ip-4-megapixel-nvr-de-4-canales-con-4-puertos-poe-4-camaras-ip-dual-light-con-microfono-integrado-bala-para-exterior\/"},"modified":"2026-03-20T22:06:52","modified_gmt":"2026-03-20T22:06:52","slug":"kit-ip-4-megapixel-nvr-de-4-canales-con-4-puertos-poe-4-camaras-ip-dual-light-con-microfono-integrado-bala-para-exterior","status":"publish","type":"product","link":"https:\/\/soydeaqui.ddns.net\/pachuca\/index.php\/producto\/kit-ip-4-megapixel-nvr-de-4-canales-con-4-puertos-poe-4-camaras-ip-dual-light-con-microfono-integrado-bala-para-exterior\/","title":{"rendered":"Kit IP 4 Megapixel \/ NVR de 4 Canales con 4 Puertos PoE \/ 4 C\u00e1maras IP Dual Light con Micr\u00f3fono Integrado \/ Bala para Exterior"},"content":{"rendered":"<div style='width: 100%; max-width: 1200px; margin: 0 auto; font-family: sans-serif; line-height: 1.6; color: inherit; background-color: transparent;'> <!-- Header --> <\/p>\n<div style='padding: 1.5rem 0; text-align: center;'> <img style='max-height: 6rem; width: auto; height: auto; border: 1px solid rgba(150&comma;150&comma;150&comma;0.3); border-radius: 8px;' src='https:\/\/ftp3.syscom.mx\/usuarios\/fotos\/logotipos\/hilook_by_hikvision.png' alt='Logo'> <\/p>\n<h1 style='font-size: 2.5rem; font-weight: 700; margin-top: 0; margin-bottom: 1rem; color: inherit;'>Controla y monitorea tus dispositivos de seguridad<\/h1>\n<p style='font-size: 1.25rem; margin-bottom: 0; color: inherit; opacity: 0.8;'>Descarga la app oficial y aprovecha al m\u00e1ximo tu producto inteligente<\/p>\n<\/p><\/div>\n<p> <!-- Features --> <\/p>\n<div style='padding: 2rem 0;'>\n<h2 style='text-align: center; font-size: 2rem; margin-bottom: 2rem; color: inherit;'>Beneficios principales<\/h2>\n<div style='display: flex; flex-wrap: wrap; gap: 1.5rem; justify-content: center;'>\n<div style='flex: 1 1 250px; min-width: 200px; text-align: center;'>\n<div style='width: 60px; height: 60px; margin: 0 auto 1rem; background-color: #007bff; border-radius: 50%;'><\/div>\n<h5 style='min-height: 60px; font-size: 1.1rem; margin-bottom: 0.5rem; color: inherit;'>Control remoto<\/h5>\n<p style='color: inherit; opacity: 0.8;'>Controla tus dispositivos desde cualquier lugar<\/p>\n<\/p><\/div>\n<div style='flex: 1 1 250px; min-width: 200px; text-align: center;'>\n<div style='width: 60px; height: 60px; margin: 0 auto 1rem; background-color: #28a745; border-radius: 50%;'><\/div>\n<h5 style='min-height: 60px; font-size: 1.1rem; margin-bottom: 0.5rem; color: inherit;'>Monitoreo en tiempo real<\/h5>\n<p style='color: inherit; opacity: 0.8;'>Visualiza tus dispositivos al instante<\/p>\n<\/p><\/div>\n<div style='flex: 1 1 250px; min-width: 200px; text-align: center;'>\n<div style='width: 60px; height: 60px; margin: 0 auto 1rem; background-color: #17a2b8; border-radius: 50%;'><\/div>\n<h5 style='min-height: 60px; font-size: 1.1rem; margin-bottom: 0.5rem; color: inherit;'>Notificaciones<\/h5>\n<p style='color: inherit; opacity: 0.8;'>Recibe notificaciones y alertas de los eventos que registra tu dispositivo.<\/p>\n<\/p><\/div>\n<div style='flex: 1 1 250px; min-width: 200px; text-align: center;'>\n<div style='width: 60px; height: 60px; margin: 0 auto 1rem; background-color: #ffc107; border-radius: 50%;'><\/div>\n<h5 style='min-height: 60px; font-size: 1.1rem; margin-bottom: 0.5rem; color: inherit;'>Interfaz de usuario sencilla<\/h5>\n<p style='color: inherit; opacity: 0.8;'>Amigable para usuarios finales<\/p>\n<\/p><\/div>\n<\/p><\/div>\n<\/p><\/div>\n<p> <!-- Image Gallery --> <\/p>\n<div style='padding: 2rem 0;'>\n<div style='display: flex; flex-wrap: wrap; gap: 1rem; justify-content: center;'>\n<div style='flex: 1 1 25%; min-width: 200px;'> <img style='width: 100%; height: auto; border: 1px solid rgba(150&comma;150&comma;150&comma;0.3); border-radius: 8px;' src='https:\/\/ftp3.syscom.mx\/usuarios\/ftp\/single_page\/hilook\/interfaz.jpg' alt='Imagen 1'> <\/div>\n<div style='flex: 1 1 25%; min-width: 200px;'> <img style='width: 100%; height: auto; border: 1px solid rgba(150&comma;150&comma;150&comma;0.3); border-radius: 8px;' src='https:\/\/ftp3.syscom.mx\/usuarios\/ftp\/single_page\/hilook\/grabaciones.jpg' alt='Imagen 2'> <\/div>\n<div style='flex: 1 1 25%; min-width: 200px;'> <img style='width: 100%; height: auto; border: 1px solid rgba(150&comma;150&comma;150&comma;0.3); border-radius: 8px;' src='https:\/\/ftp3.syscom.mx\/usuarios\/ftp\/single_page\/hilook\/directo.jpg' alt='Imagen 3'> <\/div>\n<div style='flex: 1 1 25%; min-width: 200px;'> <img style='width: 100%; height: auto; border: 1px solid rgba(150&comma;150&comma;150&comma;0.3); border-radius: 8px;' src='https:\/\/ftp3.syscom.mx\/usuarios\/ftp\/single_page\/hilook\/notificaciones2.jpg' alt='Imagen 4'> <\/div>\n<\/p><\/div>\n<\/p><\/div>\n<p> <!-- Videos --> <\/p>\n<div style='padding: 2rem 0;'>\n<div style='display: flex; flex-wrap: wrap; gap: 2rem; justify-content: center;'> <!-- Video 1 --> <\/p>\n<div style='flex: 1 1 45%; min-width: 300px; position: relative; padding-bottom: 56.25%; height: 0; overflow: hidden;'>   <\/div>\n<p> <!-- Video 2 --> <\/p>\n<div style='flex: 1 1 45%; min-width: 300px; position: relative; padding-bottom: 56.25%; height: 0; overflow: hidden;'>   <\/div>\n<\/p><\/div>\n<\/p><\/div>\n<p> <!-- Product Components --> <\/p>\n<div style='padding: 2rem 0;'>\n<div style='text-align: center;'>\n<h1 style='color: inherit; text-align: center;'><span style='font-family: verdana&comma; geneva&comma; sans-serif;'>KIP4MP-4B<\/span><\/h1>\n<h3 style='color: inherit; text-align: center;'><span style='font-family: verdana&comma; geneva&comma; sans-serif;'>El KIT incluye:<\/span><\/h3>\n<p> <span style='font-family: verdana&comma; geneva&comma; sans-serif;'>1 x <a href='https:\/\/www.syscom.mx\/producto\/NVR-104H-D\/4P(D)-HiLook-by-HIKVISION-227222.html' target='_blank' rel='noopener'>NVR-104H-D\/4P(D<\/a><\/span><a href='https:\/\/www.syscom.mx\/producto\/NVR-104H-D\/4P(D)-HiLook-by-HIKVISION-227222.html' target='_blank' rel='noopener'><span style='font-family: verdana&comma; geneva&comma; sans-serif;'>)<\/span><\/a> <\/p>\n<div style='margin-top: 1rem;'><\/div>\n<p> <span style='font-family: verdana&comma; geneva&comma; sans-serif;'>4 x <a href='https:\/\/www.syscom.mx\/products\/237369' target='_blank' rel='noopener'>IPC-B140HA-LUC<\/a><\/span> <\/div>\n<\/p><\/div>\n<p> <!-- Product Details --> <\/p>\n<div style='padding: 2rem 0;'>\n<div style='display: flex; flex-wrap: wrap; gap: 2rem;'> <!-- NVR Details --> <\/p>\n<div style='flex: 1 1 48%; min-width: 300px;'>\n<div style='background-color: #eeeeee; text-align: center; padding: 1rem;'> <img style='width: 100%; height: auto; border: 1px solid rgba(150&comma;150&comma;150&comma;0.3); border-radius: 8px;' src='https:\/\/ftp3.syscom.mx\/usuarios\/fotos\/BancoFotografiasSyscom\/HILOOK\/NVR104HD4P\/NVR104HD4P-l.PNG' alt='...'> <\/div>\n<div style='border-top: 5px solid #0091ff; padding: 15px; margin-top: 1rem;'>\n<h2 style='margin-top: 0; margin-bottom: 1rem; font-size: 1.5rem; color: inherit;'><a href='https:\/\/www.syscom.mx\/producto\/NVR-104H-D\/4P(D)-HiLook-by-HIKVISION-227222.html' target='_blank' rel='noopener'><span style='font-family: verdana&comma; geneva&comma; sans-serif;'>NVR-104H-D\/4P(D)<\/span><\/a><\/h2>\n<h4 style='color: inherit; opacity: 0.8; font-size: 1.2rem; margin-top: 0; margin-bottom: 1rem;'><span style='font-family: verdana&comma; geneva&comma; sans-serif;'>Caracter\u00edsticas:<\/span><\/h4>\n<ul style='padding-left: 20px; font-size: 14px; color: inherit; list-style-type: disc;'>\n<li style='margin-bottom: 5px;'><span style='font-family: verdana&comma; geneva&comma; sans-serif;'>Compresi\u00f3n: H.265+ \/ H.265 \/ H.264+ \/ H.264.<\/span><\/li>\n<li style='margin-bottom: 5px;'><span style='font-family: verdana&comma; geneva&comma; sans-serif;'>4 Puertos PoE+ (soporta est\u00e1ndar af \/ at).<\/span><\/li>\n<li style='margin-bottom: 5px;'><span style='font-family: verdana&comma; geneva&comma; sans-serif;'>36 watts total en sus puertos PoE+.<\/span><\/li>\n<li style='margin-bottom: 5px;'><span style='font-family: verdana&comma; geneva&comma; sans-serif;'>Puerto LAN 10 \/ 100 Mbps.<\/span><\/li>\n<li style='margin-bottom: 5px;'><span style='font-family: verdana&comma; geneva&comma; sans-serif;'>Salidas de v\u00eddeo simultanea en VGA y HDMI (1080p).<\/span><\/li>\n<li style='margin-bottom: 5px;'><span style='font-family: verdana&comma; geneva&comma; sans-serif;'>Soporta 1 HDD de hasta 6 TB (no incluido).<\/span><\/li>\n<li style='margin-bottom: 5px;'><span style='font-family: verdana&comma; geneva&comma; sans-serif;'>Procesamiento de entrada: 40 Mbps.<\/span><\/li>\n<li style='margin-bottom: 5px;'><span style='font-family: verdana&comma; geneva&comma; sans-serif;'>Procesamiento de salida: 60 Mbps.<\/span><\/li>\n<li style='margin-bottom: 5px;'><span style='font-family: verdana&comma; geneva&comma; sans-serif;'>Compatible con Hik-Connect P2P.<\/span><\/li>\n<li style='margin-bottom: 5px;'><span style='font-family: verdana&comma; geneva&comma; sans-serif;'>Configuraci\u00f3n local y remota de par\u00e1metros.<\/span><\/li>\n<li style='margin-bottom: 5px;'><span style='font-family: verdana&comma; geneva&comma; sans-serif;'>Aplicaci\u00f3n m\u00f3vil compatible con iOS y Android.<\/span><\/li>\n<li style='margin-bottom: 5px;'><span style='font-family: verdana&comma; geneva&comma; sans-serif;'>Compatible con el software iVMS-4200 (gratuito).<\/span><\/li>\n<li style='margin-bottom: 5px;'><span style='font-family: verdana&comma; geneva&comma; sans-serif;'>No soporta host virtual.<\/span><\/li>\n<\/ul><\/div>\n<\/p><\/div>\n<p> <!-- Camera Details --> <\/p>\n<div style='flex: 1 1 48%; min-width: 300px;'>\n<div style='background-color: #eee; padding: 1rem; text-align: center;'> <img style='width: 100%; height: auto; border: 1px solid rgba(150&comma;150&comma;150&comma;0.3); border-radius: 8px;' src='https:\/\/ftp3.syscom.mx\/usuarios\/fotos\/BancoFotografiasSyscom\/HILOOKBYHIKVISION\/IPCB140HALUC\/IPCB140HALUC-h.PNG' alt='...'> <\/div>\n<div style='border-top: 5px solid #0091ff; padding: 15px; margin-top: 1rem;'>\n<h2 style='margin-top: 0; margin-bottom: 1rem; font-size: 1.5rem; color: inherit;'><a href='https:\/\/www.syscom.mx\/products\/237369' target='_blank' rel='noopener'><span style='font-family: verdana&comma; geneva&comma; sans-serif;'>IPC-B140HA-LUC<\/span><\/a><\/h2>\n<h4 style='color: inherit; opacity: 0.8; font-size: 1.2rem; margin-top: 0; margin-bottom: 1rem;'><span style='font-family: verdana&comma; geneva&comma; sans-serif;'>Caracter\u00edsticas:<\/span><\/h4>\n<ul style='padding-left: 20px; font-size: 14px; color: inherit; list-style-type: disc;'>\n<li style='margin-bottom: 5px;'><span style='font-family: verdana&comma; geneva&comma; sans-serif;'>Resoluci\u00f3n m\u00e1xima: 4 Megap\u00edxeles (2560 x 1440)<\/span><\/li>\n<li style='margin-bottom: 5px;'><span style='font-family: verdana&comma; geneva&comma; sans-serif;'>Lente fijo: 2.8 mm (\u00e1ngulo de visi\u00f3n 104\u00b0)<\/span><\/li>\n<li style='margin-bottom: 5px;'><span style='font-family: verdana&comma; geneva&comma; sans-serif;'>Dual light (20 m Smart IR + 15m luz blanca)<\/span><\/li>\n<li style='margin-bottom: 5px;'><span style='font-family: verdana&comma; geneva&comma; sans-serif;'>3D DNR \/ BLC \/ HLC \/ dWDR<\/span><\/li>\n<li style='margin-bottom: 5px;'><span style='font-family: verdana&comma; geneva&comma; sans-serif;'>Micr\u00f3fono integrado: captura audio en \u00e1rea de 5 m\u00b2<\/span><\/li>\n<li style='margin-bottom: 5px;'><span style='font-family: verdana&comma; geneva&comma; sans-serif;'>Detecci\u00f3n de movimiento con filtro humano<\/span><\/li>\n<li style='margin-bottom: 5px;'><span style='font-family: verdana&comma; geneva&comma; sans-serif;'>Notificaciones push en app HiLook Vision<\/span><\/li>\n<\/ul><\/div>\n<\/p><\/div>\n<\/p><\/div>\n<\/p><\/div>\n<p> <!-- Additional Image --> <\/p>\n<div style='padding: 2rem 0;'> <img style='width: 100%; height: auto; border: 1px solid rgba(150&comma;150&comma;150&comma;0.3); border-radius: 8px;' src='https:\/\/ftp3.syscom.mx\/usuarios\/yvalenzuela\/Hilook\/hiklook.jpg' alt=''> <\/div>\n<\/p><\/div>\n","protected":false},"excerpt":{"rendered":"<p>Kit IP 4 Megapixel \/ NVR de 4 Canales con 4 Puertos PoE \/ 4 C\u00e1maras IP Dual Light con Micr\u00f3fono Integrado \/ Bala para Exterior<\/p>\n","protected":false},"featured_media":112869,"comment_status":"open","ping_status":"closed","template":"","meta":[],"product_brand":[],"product_cat":[2231],"product_tag":[715,2233,2232],"class_list":{"0":"post-112870","1":"product","2":"type-product","3":"status-publish","4":"has-post-thumbnail","6":"product_cat-ip-megapixel","7":"product_tag-hilook-by-hikvision","8":"product_tag-ip-megapixel","9":"product_tag-kits-sistemas-completos","11":"first","12":"instock","13":"sale","14":"shipping-taxable","15":"purchasable","16":"product-type-simple"},"_links":{"self":[{"href":"https:\/\/soydeaqui.ddns.net\/pachuca\/index.php\/wp-json\/wp\/v2\/product\/112870","targetHints":{"allow":["GET"]}}],"collection":[{"href":"https:\/\/soydeaqui.ddns.net\/pachuca\/index.php\/wp-json\/wp\/v2\/product"}],"about":[{"href":"https:\/\/soydeaqui.ddns.net\/pachuca\/index.php\/wp-json\/wp\/v2\/types\/product"}],"replies":[{"embeddable":true,"href":"https:\/\/soydeaqui.ddns.net\/pachuca\/index.php\/wp-json\/wp\/v2\/comments?post=112870"}],"wp:featuredmedia":[{"embeddable":true,"href":"https:\/\/soydeaqui.ddns.net\/pachuca\/index.php\/wp-json\/wp\/v2\/media\/112869"}],"wp:attachment":[{"href":"https:\/\/soydeaqui.ddns.net\/pachuca\/index.php\/wp-json\/wp\/v2\/media?parent=112870"}],"wp:term":[{"taxonomy":"product_brand","embeddable":true,"href":"https:\/\/soydeaqui.ddns.net\/pachuca\/index.php\/wp-json\/wp\/v2\/product_brand?post=112870"},{"taxonomy":"product_cat","embeddable":true,"href":"https:\/\/soydeaqui.ddns.net\/pachuca\/index.php\/wp-json\/wp\/v2\/product_cat?post=112870"},{"taxonomy":"product_tag","embeddable":true,"href":"https:\/\/soydeaqui.ddns.net\/pachuca\/index.php\/wp-json\/wp\/v2\/product_tag?post=112870"}],"curies":[{"name":"wp","href":"https:\/\/api.w.org\/{rel}","templated":true}]}}