{"id":112845,"date":"2026-03-20T22:05:33","date_gmt":"2026-03-20T22:05:33","guid":{"rendered":"https:\/\/soydeaqui.ddns.net\/pachuca\/index.php\/producto\/adaptador-para-grabacion-en-la-nube-soporta-8-canales-de-video-y-audio-compatible-con-hik-connect-teams-permite-grabar-camaras-ip-dvrs-o-nvrs\/"},"modified":"2026-03-20T22:05:46","modified_gmt":"2026-03-20T22:05:46","slug":"adaptador-para-grabacion-en-la-nube-soporta-8-canales-de-video-y-audio-compatible-con-hik-connect-teams-permite-grabar-camaras-ip-dvrs-o-nvrs","status":"publish","type":"product","link":"https:\/\/soydeaqui.ddns.net\/pachuca\/index.php\/producto\/adaptador-para-grabacion-en-la-nube-soporta-8-canales-de-video-y-audio-compatible-con-hik-connect-teams-permite-grabar-camaras-ip-dvrs-o-nvrs\/","title":{"rendered":"Adaptador para Grabaci\u00f3n en la Nube \/ Soporta 8 Canales de Video y Audio \/ Compatible con Hik-Connect Teams \/ Permite Grabar Camaras IP, DVR\u00b4s o NVR\u00b4s"},"content":{"rendered":"<div style='width: 100%; max-width: 1200px; margin: 0 auto; font-family: sans-serif; line-height: 1.6; color: inherit; background-color: transparent;'> <!-- Secci\u00f3n de caracter\u00edsticas --> <\/p>\n<div style='display: flex; flex-wrap: wrap; gap: 30px; margin-bottom: 30px;'>\n<div style='flex: 1 1 300px; min-width: 280px;'>\n<h3 style='font-size: 22px; border-bottom: 2px solid currentColor; padding-bottom: 5px; margin-top: 0; color: inherit; opacity: 0.8;'>Caracter\u00edsticas Principales:<\/h3>\n<ul style='padding-left: 20px; font-size: 15px; color: inherit;'>\n<li style='margin-bottom: 5px;'>Soporta hasta 8 canales de grabaci\u00f3n.<\/li>\n<li style='margin-bottom: 5px;'>Resoluci\u00f3n m\u00e1xima de 2 Megapixel (1080p).<\/li>\n<li style='margin-bottom: 5px;'>Codificaci\u00f3n de video y FPS: 5ch@1080p(10)fps&comma; 6ch@1080p(8)fps&comma; 7ch@1080p (7) fps&comma; 8ch@1080p (6fps)<\/li>\n<li style='margin-bottom: 5px;'>Throughput entrada \/ salida: 80 Mbps \/ 80 Mbps.<\/li>\n<li style='margin-bottom: 5px;'>Grabaci\u00f3n por detecci\u00f3n de movimiento.<\/li>\n<li style='margin-bottom: 5px;'>Permite grabar c\u00e1maras IP&comma; DVR\u00b4s y NVR\u00b4s HIKVISION (validar lista de compatibilidad).<\/li>\n<li style='margin-bottom: 5px;'>En caso de usarse con DVR&comma; NVR&comma; IPC se puede tener almacenamiento local y en la nube.<\/li>\n<\/ul><\/div>\n<div style='flex: 1 1 300px; min-width: 280px;'>\n<h3 style='font-size: 22px; border-bottom: 2px solid currentColor; padding-bottom: 5px; margin-top: 0; color: inherit; opacity: 0.8;'>Caracter\u00edsticas F\u00edsicas y El\u00e9ctricas:<\/h3>\n<ul style='padding-left: 20px; font-size: 15px; color: inherit;'>\n<li style='margin-bottom: 5px;'>Alimentaci\u00f3n: 12 Vcc \/ 1 A \/ 6 W.<\/li>\n<li style='margin-bottom: 5px;'>Temperatura de operaci\u00f3n: -10\u00b0C a 55\u00b0C.<\/li>\n<li style='margin-bottom: 5px;'>Dimensiones: 92 x 93 x 45.8 mm.<\/li>\n<li style='margin-bottom: 5px;'>Peso: 500 gramos.<\/li>\n<\/ul><\/div>\n<\/p><\/div>\n<p> <!-- Secci\u00f3n de notas --> <\/p>\n<div style='margin-bottom: 30px;'>\n<h3 style='font-size: 22px; border-bottom: 2px solid currentColor; padding-bottom: 5px; margin-top: 0; color: inherit; opacity: 0.8;'>Notas<\/h3>\n<ul style='padding-left: 20px; font-size: 15px; color: inherit;'>\n<li style='margin-bottom: 5px;'>Es necesario que el dispositivo tenga activo detecci\u00f3n de movimiento&comma; no compatible con filtro de humanos \/ veh\u00edculos&comma; solamente grabar\u00e1 por variaci\u00f3n de pixeles.<\/li>\n<li style='margin-bottom: 5px;'>Requiere licencia de almacenamiento en la nube (por canal de video) <br \/><a href='https:\/\/www.syscom.mx\/principal\/searchcont?route=HCT-GRAB-MOV-7D-1A-HIKVISION-226157&#038;autodetect=HCT-GRAB' target='_blank' rel='noopener' style='color: inherit; text-decoration: underline;'>HCT-GRAB-MOV-7D-1A<\/a> <br \/><a href='https:\/\/www.syscom.mx\/principal\/searchcont?route=HCT-GRAB-MOV-30D-1A-HIKVISION-226158&#038;autodetect=HCT-GRAB' target='_blank' rel='noopener' style='color: inherit; text-decoration: underline;'>HCT-GRAB-MOV-30D-1A<\/a> <br \/><a href='https:\/\/www.syscom.mx\/principal\/searchcont?route=HCT-GRAB-MOV-90D-1A-HIKVISION-226159&#038;autodetect=HCT-GRAB' target='_blank' rel='noopener' style='color: inherit; text-decoration: underline;'>HCT-GRAB-MOV-90D-1A<\/a> <br \/><a href='https:\/\/www.syscom.mx\/principal\/searchcont?route=HCT-GRAB-MOV-180D-1A-HIKVISION-226160&#038;autodetect=HCT-GRAB' target='_blank' rel='noopener' style='color: inherit; text-decoration: underline;'>HCT-GRAB-MOV-180D-1A<\/a> <br \/><a href='https:\/\/www.syscom.mx\/principal\/searchcont?route=HCT-GRAB-MOV-365D-1A-HIKVISION-226161&#038;autodetect=HCT-GRAB' target='_blank' rel='noopener' style='color: inherit; text-decoration: underline;'>HCT-GRAB-MOV-365D-1A<\/a> <\/li>\n<li style='margin-bottom: 5px;'>\u00danicamente compatible con HikConnect Teams.<\/li>\n<li style='margin-bottom: 5px;'>Para que funcione el almacenamiento en la nube el equipo debe de ser compatible con HikConnect Teams&comma; <a href='https:\/\/ius.hik-connect.com\/views\/login\/index.html#\/main\/deviceCompatibilityList?20240820' target='_blank' rel='noopener' style='color: inherit; text-decoration: underline;'>consulte la lista dando clic aqu\u00ed<\/a>.<\/li>\n<\/ul><\/div>\n<p> <!-- Im\u00e1genes --> <\/p>\n<div style='margin-bottom: 30px;'> <img style='width: 100%; height: auto; border: 1px solid rgba(150&comma;150&comma;150&comma;0.3); border-radius: 8px;' src='https:\/\/ftp3.syscom.mx\/usuarios\/xguereque\/hikvision\/HikConnectTeams\/imagenes\/diagrama-grabacion-nube.png' alt='Diagrama de grabaci\u00f3n en la nube'> <\/div>\n<div style='margin-bottom: 30px;'> <img style='width: 100%; height: auto; border: 1px solid rgba(150&comma;150&comma;150&comma;0.3); border-radius: 8px;' src='https:\/\/ftp3.syscom.mx\/usuarios\/jsosa\/HIKVISION\/imagenes\/banners\/solution%20complete.png' alt='Soluci\u00f3n completa'> <\/div>\n<p> <!-- Separador final --> <\/p>\n<hr style='border: 0; border-top: 1px solid rgba(150&comma; 150&comma; 150&comma; 0.3); margin: 30px 0;'> <\/div>\n","protected":false},"excerpt":{"rendered":"<p>Adaptador para Grabaci\u00f3n en la Nube \/ Soporta 8 Canales de Video y Audio \/ Compatible con Hik-Connect Teams \/ Permite Grabar Camaras IP, DVR\u00b4s o NVR\u00b4s<\/p>\n","protected":false},"featured_media":112844,"comment_status":"open","ping_status":"closed","template":"","meta":[],"product_brand":[],"product_cat":[2234],"product_tag":[122,54,2235],"class_list":{"0":"post-112845","1":"product","2":"type-product","3":"status-publish","4":"has-post-thumbnail","6":"product_cat-nvrs-network-video-recorders","7":"product_tag-camaras-ip-y-nvrs","8":"product_tag-hikvision","9":"product_tag-nvrs-network-video-recorders","11":"first","12":"outofstock","13":"sale","14":"shipping-taxable","15":"purchasable","16":"product-type-simple"},"_links":{"self":[{"href":"https:\/\/soydeaqui.ddns.net\/pachuca\/index.php\/wp-json\/wp\/v2\/product\/112845","targetHints":{"allow":["GET"]}}],"collection":[{"href":"https:\/\/soydeaqui.ddns.net\/pachuca\/index.php\/wp-json\/wp\/v2\/product"}],"about":[{"href":"https:\/\/soydeaqui.ddns.net\/pachuca\/index.php\/wp-json\/wp\/v2\/types\/product"}],"replies":[{"embeddable":true,"href":"https:\/\/soydeaqui.ddns.net\/pachuca\/index.php\/wp-json\/wp\/v2\/comments?post=112845"}],"wp:featuredmedia":[{"embeddable":true,"href":"https:\/\/soydeaqui.ddns.net\/pachuca\/index.php\/wp-json\/wp\/v2\/media\/112844"}],"wp:attachment":[{"href":"https:\/\/soydeaqui.ddns.net\/pachuca\/index.php\/wp-json\/wp\/v2\/media?parent=112845"}],"wp:term":[{"taxonomy":"product_brand","embeddable":true,"href":"https:\/\/soydeaqui.ddns.net\/pachuca\/index.php\/wp-json\/wp\/v2\/product_brand?post=112845"},{"taxonomy":"product_cat","embeddable":true,"href":"https:\/\/soydeaqui.ddns.net\/pachuca\/index.php\/wp-json\/wp\/v2\/product_cat?post=112845"},{"taxonomy":"product_tag","embeddable":true,"href":"https:\/\/soydeaqui.ddns.net\/pachuca\/index.php\/wp-json\/wp\/v2\/product_tag?post=112845"}],"curies":[{"name":"wp","href":"https:\/\/api.w.org\/{rel}","templated":true}]}}