{"id":112841,"date":"2026-03-20T22:05:18","date_gmt":"2026-03-20T22:05:18","guid":{"rendered":"https:\/\/soydeaqui.ddns.net\/pachuca\/index.php\/producto\/domo-ip-4-megapixel-lente-mot-2-8-a-12-mm-conteo-de-personas-wdr-140-db-30-mts-ir-exir-darkfighter-exterior-ip67-ik10-deteccion-facial-busqueda-por-atributos-microsd\/"},"modified":"2026-03-20T22:05:27","modified_gmt":"2026-03-20T22:05:27","slug":"domo-ip-4-megapixel-lente-mot-2-8-a-12-mm-conteo-de-personas-wdr-140-db-30-mts-ir-exir-darkfighter-exterior-ip67-ik10-deteccion-facial-busqueda-por-atributos-microsd","status":"publish","type":"product","link":"https:\/\/soydeaqui.ddns.net\/pachuca\/index.php\/producto\/domo-ip-4-megapixel-lente-mot-2-8-a-12-mm-conteo-de-personas-wdr-140-db-30-mts-ir-exir-darkfighter-exterior-ip67-ik10-deteccion-facial-busqueda-por-atributos-microsd\/","title":{"rendered":"Domo IP 4 Megapixel \/ Lente Mot. 2.8 a 12 mm \/ Conteo de Personas \/ WDR 140 dB \/ 30 mts IR EXIR \/ DARKFIGHTER \/ Exterior IP67 \/ IK10 \/ Detecci\u00f3n Facial \/ B\u00fasqueda por Atributos \/ microSD"},"content":{"rendered":"<div style='width: 100%; max-width: 1200px; margin: 0 auto; font-family: sans-serif; line-height: 1.6; color: inherit; background-color: transparent;'> <!-- Logo --> <\/p>\n<div style='text-align: center; margin-bottom: 30px;'> <img style='width: 100%; max-width: 400px; height: auto; border: 1px solid rgba(150&comma;150&comma;150&comma;0.3); border-radius: 8px;' src='https:\/\/ftp3.syscom.mx\/usuarios\/jsosa\/HIKVISION\/imagenes\/logo\/hikvision%20see%20far.png' alt='Logo Hikvision'> <\/div>\n<p> <!-- Grid de caracter\u00edsticas --> <\/p>\n<div style='display: flex; flex-wrap: wrap; gap: 30px; margin-bottom: 30px;'> <!-- Caracter\u00edsticas principales --> <\/p>\n<div style='flex: 1 1 300px; min-width: 280px;'>\n<div style='border-left: 5px solid #ff0000; border-radius: 5px; padding: 5px; box-shadow: 2px 2px 10px rgba(216&comma;216&comma;216&comma;0.5);'>\n<h3 style='font-size: 22px; border-bottom: 2px solid currentColor; padding-bottom: 5px; margin-top: 0; color: inherit; opacity: 0.8; font-family: sans-serif;'><strong>Caracter\u00edsticas principales:<\/strong><\/h3>\n<ul style='padding-left: 20px; font-size: 15px; color: inherit; list-style-type: disc;'>\n<li style='margin-bottom: 5px; font-family: sans-serif;'><strong>Compresi\u00f3n de video:<\/strong> H.265+ \/ H.265 \/ H.264+ \/ H.264<\/li>\n<li style='margin-bottom: 5px; font-family: sans-serif;'><strong>Lente Motorizado:<\/strong> 2.8 a 12 mm (114.5\u00b0 a 41.8\u00b0)<\/li>\n<li style='margin-bottom: 5px; font-family: sans-serif;'><strong>Velocidad del shutter:<\/strong> 1 s a 1\/100&comma;000 s&comma; soporta Slow Shutter<\/li>\n<li style='margin-bottom: 5px; font-family: sans-serif;'><strong>Iluminaci\u00f3n m\u00ednima DARKFIGHTER:<\/strong> 0.001 Lux @(F1.2&comma;AGC ON)<\/li>\n<li style='margin-bottom: 5px; font-family: sans-serif;'><strong>Distancia de IR:<\/strong> 30 mts IR EXIR<\/li>\n<li style='margin-bottom: 5px; font-family: sans-serif;'><strong>Puerto de red:<\/strong> 10 \/ 100 \/ 1000 Mbps<\/li>\n<li style='margin-bottom: 5px; font-family: sans-serif;'><strong>Tarjeta micro SD:<\/strong> Hasta 256 GB (no incluida)<\/li>\n<li style='margin-bottom: 5px; font-family: sans-serif;'><strong>Resoluci\u00f3n m\u00e1xima:<\/strong> 60 Hz: 30 fps (2680 \u00d7 1520&comma; 2560 \u00d7 1440&comma; 1920 \u00d7 1080&comma; 1280 \u00d7 720)<\/li>\n<li style='margin-bottom: 5px; font-family: sans-serif;'><strong>Funciones:<\/strong> WDR real 140 dB \/ BLC \/ HLC \/ 3D DNR \/ Defog \/ EIS<\/li>\n<li style='margin-bottom: 5px; font-family: sans-serif;'><strong>Protocolos:<\/strong> ONVIF (PROFILE S&comma; PROFILE G&comma; PROFILE T) \/ ISAPI \/ SDK \/ ISUP<\/li>\n<\/ul><\/div>\n<\/p><\/div>\n<p> <!-- Caracter\u00edsticas F\u00edsicas y El\u00e9ctricas --> <\/p>\n<div style='flex: 1 1 300px; min-width: 280px;'>\n<div style='border-left: 5px solid #ff0000; border-radius: 5px; padding: 5px; box-shadow: 2px 2px 10px rgba(216&comma;216&comma;216&comma;0.5);'>\n<h3 style='font-size: 22px; border-bottom: 2px solid currentColor; padding-bottom: 5px; margin-top: 0; color: inherit; opacity: 0.8; font-family: sans-serif;'><strong>Caracter\u00edsticas F\u00edsicas y El\u00e9ctricas:<\/strong><\/h3>\n<ul style='padding-left: 20px; font-size: 15px; color: inherit; list-style-type: disc;'>\n<li style='margin-bottom: 5px; font-family: sans-serif;'><strong>Dimensiones:<\/strong> 162 \u00d7 141.8 mm<\/li>\n<li style='margin-bottom: 5px; font-family: sans-serif;'><strong>Consumo \/ alimentaci\u00f3n:<\/strong> 12 Vcc \/ PoE (802.3 at) \/ 12.5 Watts<\/li>\n<li style='margin-bottom: 5px; font-family: sans-serif;'><strong>Protecci\u00f3n:<\/strong> IP67 (Interior \/ Exterior)<\/li>\n<li style='margin-bottom: 5px; font-family: sans-serif;'><strong>Antivand\u00e1lico:<\/strong> IK10<\/li>\n<li style='margin-bottom: 5px; font-family: sans-serif;'><strong>Peso:<\/strong> 1480 gramos<\/li>\n<\/ul>\n<h3 style='font-size: 22px; border-bottom: 2px solid currentColor; padding-bottom: 5px; margin-top: 20px; margin-bottom: 15px; color: inherit; opacity: 0.8; font-family: sans-serif;'><strong>Accesorios:<\/strong><\/h3>\n<ul style='padding-left: 20px; font-size: 15px; color: inherit; list-style-type: disc;'>\n<li style='margin-bottom: 5px; font-family: sans-serif;'><strong>Montaje de pared para domos Hikvision:<\/strong> <a href='https:\/\/www.syscom.mx\/producto\/DS-1473ZJ-155-HIKVISION-141184.html' target='_blank' rel='noopener' style='color: inherit; text-decoration: underline;'>DS-1473ZJ-155<\/a><\/li>\n<li style='margin-bottom: 5px; font-family: sans-serif;'><strong>Montaje de Esquina para C\u00e1maras IP:<\/strong> <a href='https:\/\/www.syscom.mx\/producto\/DS-1476ZJ-SUS-HIKVISION-156175.html' target='_blank' rel='noopener' style='color: inherit; text-decoration: underline;'>DS-1476ZJ-SUS<\/a><\/li>\n<li style='margin-bottom: 5px; font-family: sans-serif;'><strong>Montaje de pared para domos Hikvision:<\/strong> <a href='https:\/\/www.syscom.mx\/producto\/DS-1473ZJ-155B-HIKVISION-205411.html' target='_blank' rel='noopener' style='color: inherit; text-decoration: underline;'>DS-1473ZJ-155B<\/a><\/li>\n<li style='margin-bottom: 5px; font-family: sans-serif;'><strong>Montaje de Techo para domos Hikvision:<\/strong> <a href='https:\/\/www.syscom.mx\/producto\/DS-1471ZJ-155-HIKVISION-141183.html' target='_blank' rel='noopener' style='color: inherit; text-decoration: underline;'>DS-1471ZJ-155<\/a><\/li>\n<li style='margin-bottom: 5px; font-family: sans-serif;'><strong>Montaje para Poste de c\u00e1maras Domo:<\/strong> <a href='https:\/\/www.syscom.mx\/producto\/DS-1475ZJ-SUS-HIKVISION-156174.html' target='_blank' rel='noopener' style='color: inherit; text-decoration: underline;'>DS-1475ZJ-SUS<\/a><\/li>\n<li style='margin-bottom: 5px; font-family: sans-serif;'><strong>Montaje Vertical para Poste:<\/strong> <a href='https:\/\/www.syscom.mx\/producto\/DS-1475ZJ-Y-HIKVISION-167603.html' target='_blank' rel='noopener' style='color: inherit; text-decoration: underline;'>DS-1475ZJ-Y<\/a><\/li>\n<li style='margin-bottom: 5px; font-family: sans-serif;'><strong>Montaje de Techo de 0.50 metros:<\/strong> <a href='https:\/\/www.syscom.mx\/producto\/DS-1471ZJ-155-Y-HIKVISION-167606.html' target='_blank' rel='noopener' style='color: inherit; text-decoration: underline;'>DS-1471ZJ-155-Y<\/a><\/li>\n<li style='margin-bottom: 5px; font-family: sans-serif;'><strong>Montaje de Pared:<\/strong> <a href='https:\/\/www.syscom.mx\/producto\/DS-1473ZJ-155-Y-HIKVISION-167607.html' target='_blank' rel='noopener' style='color: inherit; text-decoration: underline;'>DS-1473ZJ-155-Y<\/a><\/li>\n<li style='margin-bottom: 5px; font-family: sans-serif;'><strong>Montaje de Esquina en Pared:<\/strong> <a href='https:\/\/www.syscom.mx\/producto\/DS-1476ZJ-Y-HIKVISION-167604.html' target='_blank' rel='noopener' style='color: inherit; text-decoration: underline;'>DS-1476ZJ-Y<\/a><\/li>\n<\/ul><\/div>\n<\/p><\/div>\n<p> <!-- Caracter\u00edsticas Destacadas --> <\/p>\n<div style='flex: 1 1 300px; min-width: 280px;'>\n<div style='border-left: 5px solid #ff0000; border-radius: 5px; padding: 5px; box-shadow: 2px 2px 10px rgba(216&comma;216&comma;216&comma;0.5);'>\n<h3 style='font-size: 22px; border-bottom: 2px solid currentColor; padding-bottom: 5px; margin-top: 0; color: inherit; opacity: 0.8; font-family: sans-serif;'><strong>Caracter\u00edsticas Destacadas:<\/strong><\/h3>\n<ul style='padding-left: 20px; font-size: 15px; color: inherit; list-style-type: disc;'>\n<li style='margin-bottom: 5px; font-family: sans-serif;'><strong>Face Counting:<\/strong> Permite contar las personas que ingresan y\/o salen de un \u00e1rea<\/li>\n<li style='margin-bottom: 5px; font-family: sans-serif;'><strong>Soporte de librer\u00edas:<\/strong> 3 librer\u00edas con 30&comma;000 fotos<\/li>\n<li style='margin-bottom: 5px; font-family: sans-serif;'><strong>Almacenamiento de rostros:<\/strong> Hasta por 24 horas el rostro de una persona no registrada para evitar conteo duplicado<\/li>\n<\/ul><\/div>\n<\/p><\/div>\n<\/p><\/div>\n<p> <!-- Banner soluci\u00f3n completa --> <\/p>\n<div style='margin-top: 30px;'> <img style='width: 100%; height: auto; border: 1px solid rgba(150&comma;150&comma;150&comma;0.3); border-radius: 8px;' src='https:\/\/ftp3.syscom.mx\/usuarios\/jsosa\/HIKVISION\/imagenes\/banners\/solution%20complete.png' alt='Soluci\u00f3n completa Hikvision'> <\/div>\n<\/p><\/div>\n","protected":false},"excerpt":{"rendered":"<p>Domo IP 4 Megapixel \/ Lente Mot. 2.8 a 12 mm \/ Conteo de Personas \/ WDR 140 dB \/ 30 mts IR EXIR \/ DARKFIGHTER \/ Exterior IP67 \/ IK10 \/ Detecci\u00f3n Facial \/ B\u00fasqueda por Atributos \/ microSD<\/p>\n","protected":false},"featured_media":112840,"comment_status":"open","ping_status":"closed","template":"","meta":[],"product_brand":[],"product_cat":[2056],"product_tag":[122,2057,54],"class_list":{"0":"post-112841","1":"product","2":"type-product","3":"status-publish","4":"has-post-thumbnail","6":"product_cat-domo-eyeball-turret","7":"product_tag-camaras-ip-y-nvrs","8":"product_tag-domo-eyeball-turret","9":"product_tag-hikvision","11":"first","12":"outofstock","13":"sale","14":"shipping-taxable","15":"purchasable","16":"product-type-simple"},"_links":{"self":[{"href":"https:\/\/soydeaqui.ddns.net\/pachuca\/index.php\/wp-json\/wp\/v2\/product\/112841","targetHints":{"allow":["GET"]}}],"collection":[{"href":"https:\/\/soydeaqui.ddns.net\/pachuca\/index.php\/wp-json\/wp\/v2\/product"}],"about":[{"href":"https:\/\/soydeaqui.ddns.net\/pachuca\/index.php\/wp-json\/wp\/v2\/types\/product"}],"replies":[{"embeddable":true,"href":"https:\/\/soydeaqui.ddns.net\/pachuca\/index.php\/wp-json\/wp\/v2\/comments?post=112841"}],"wp:featuredmedia":[{"embeddable":true,"href":"https:\/\/soydeaqui.ddns.net\/pachuca\/index.php\/wp-json\/wp\/v2\/media\/112840"}],"wp:attachment":[{"href":"https:\/\/soydeaqui.ddns.net\/pachuca\/index.php\/wp-json\/wp\/v2\/media?parent=112841"}],"wp:term":[{"taxonomy":"product_brand","embeddable":true,"href":"https:\/\/soydeaqui.ddns.net\/pachuca\/index.php\/wp-json\/wp\/v2\/product_brand?post=112841"},{"taxonomy":"product_cat","embeddable":true,"href":"https:\/\/soydeaqui.ddns.net\/pachuca\/index.php\/wp-json\/wp\/v2\/product_cat?post=112841"},{"taxonomy":"product_tag","embeddable":true,"href":"https:\/\/soydeaqui.ddns.net\/pachuca\/index.php\/wp-json\/wp\/v2\/product_tag?post=112841"}],"curies":[{"name":"wp","href":"https:\/\/api.w.org\/{rel}","templated":true}]}}