{"id":112836,"date":"2026-03-20T22:05:03","date_gmt":"2026-03-20T22:05:03","guid":{"rendered":"https:\/\/soydeaqui.ddns.net\/pachuca\/index.php\/producto\/cargador-micro-usb-profesional-de-1-puerto-5-vcc-1-amper-para-smartphones-y-tablets-voltaje-de-entrada-de-100-240-vca\/"},"modified":"2026-03-20T22:05:14","modified_gmt":"2026-03-20T22:05:14","slug":"cargador-micro-usb-profesional-de-1-puerto-5-vcc-1-amper-para-smartphones-y-tablets-voltaje-de-entrada-de-100-240-vca","status":"publish","type":"product","link":"https:\/\/soydeaqui.ddns.net\/pachuca\/index.php\/producto\/cargador-micro-usb-profesional-de-1-puerto-5-vcc-1-amper-para-smartphones-y-tablets-voltaje-de-entrada-de-100-240-vca\/","title":{"rendered":"Cargador Micro-USB Profesional de 1 Puerto \/ 5 VCC \/ 1 Amper Para Smartphones y Tablets \/ Voltaje de Entrada de 100-240 VCA"},"content":{"rendered":"<div style='width: 100%; max-width: 1200px; margin: 0 auto; font-family: sans-serif; line-height: 1.6; color: inherit;'> <!-- Secci\u00f3n de descripci\u00f3n --> <\/p>\n<div style='width: 100%; margin-bottom: 30px;'>\n<p style='font-size: 15px; color: inherit; text-align: center;'>Cargador USB&comma; cargador de SAMSUNG&comma; adaptador USB&comma; cargador de bater\u00eda USB&comma; adaptador de CA \/ CC&comma; adaptador de corriente AC \/ DC&comma; adaptador de CA&comma; adaptador de corriente&comma; fuente de alimentaci\u00f3n&comma; alimentaci\u00f3n de la conmutaci\u00f3n suministro&comma; cargador&comma; cargador de viaje&comma; SMPS&comma; fuente de alimentaci\u00f3n&comma; cargador de bater\u00eda&comma; inversor de potencia.<\/p>\n<\/p><\/div>\n<p> <!-- Secci\u00f3n de caracter\u00edsticas y especificaciones --> <\/p>\n<div style='display: flex; flex-wrap: wrap; gap: 30px;'> <!-- Caracter\u00edsticas --> <\/p>\n<div style='flex: 1 1 300px; min-width: 280px;'>\n<div style='border: 1px solid rgba(150&comma;150&comma;150&comma;0.3); border-radius: 8px; overflow: hidden;'>\n<div style='background-color: rgba(223&comma;0&comma;29&comma;0.1); padding: 15px; border-bottom: 1px solid rgba(150&comma;150&comma;150&comma;0.3);'>\n<h3 style='font-size: 20px; margin: 0; color: inherit; font-weight: bold;'>Caracter\u00edsticas<\/h3>\n<\/p><\/div>\n<div style='padding: 15px;'>\n<ul style='padding-left: 20px; font-size: 14px; color: inherit; list-style-type: disc;'>\n<li style='margin-bottom: 5px;'>Voltaje de entrada : 100-240 Vca 50\/60 Hz<\/li>\n<li style='margin-bottom: 5px;'>Voltaje de salida : 5 Vcc<\/li>\n<li style='margin-bottom: 5px;'>Corriente de salida : 1 A<\/li>\n<li style='margin-bottom: 5px;'>Cargador USB profesional de 1 Puerto<\/li>\n<li style='margin-bottom: 5px;'>Nueva versi\u00f3n ya contiene cable para cargar el radio PKT03K PKT23K<\/li>\n<li style='margin-bottom: 5px;'>Compatible con todos los Tablets y Celulares Android<\/li>\n<li style='margin-bottom: 5px;'>Tipo de conector de entrada: EE.UU.&comma; Europa&comma; Reino Unido&comma; Australia u otro tipo de pa\u00eds<\/li>\n<li style='margin-bottom: 5px;'>Salida Tipo de conector: toma USB min 4 pines y cable USB opcional<\/li>\n<li style='margin-bottom: 5px;'>Filtro incorporado EMI<\/li>\n<li style='margin-bottom: 5px;'>Tensi\u00f3n de salida precisa y estable<\/li>\n<li style='margin-bottom: 5px;'>Salida de sobre-voltaje&comma; sobre-corriente y protecci\u00f3n contra cortocircuitos<\/li>\n<li style='margin-bottom: 5px;'>Salida de baja ondulaci\u00f3n y el ruido<\/li>\n<li style='margin-bottom: 5px;'>Rigidez diel\u00e9ctrica (Hipot): 3000VAC 1min<\/li>\n<\/ul><\/div>\n<\/p><\/div>\n<div style='width: 100%; margin-top: 20px;'> <img style='width: 100%; height: auto; border: 1px solid rgba(150&comma;150&comma;150&comma;0.3); border-radius: 8px;' src='https:\/\/ftp3.syscom.mx\/usuarios\/fotos\/BancoFotografiasSyscom\/EPCOMPOWERLINE\/PLUSB1000V\/PLUSB1000V-AD-1-l.PNG' alt=''> <\/div>\n<\/p><\/div>\n<p> <!-- Especificaciones f\u00edsicas --> <\/p>\n<div style='flex: 1 1 300px; min-width: 280px;'>\n<div style='border: 1px solid rgba(150&comma;150&comma;150&comma;0.3); border-radius: 8px; overflow: hidden;'>\n<div style='background-color: rgba(223&comma;0&comma;29&comma;0.1); padding: 15px; border-bottom: 1px solid rgba(150&comma;150&comma;150&comma;0.3);'>\n<h3 style='font-size: 20px; margin: 0; color: inherit; font-weight: bold;'>Especificaciones f\u00edsicas<\/h3>\n<\/p><\/div>\n<div style='padding: 15px;'>\n<ul style='padding-left: 20px; font-size: 14px; color: inherit; list-style-type: disc;'>\n<li style='margin-bottom: 5px;'>Material : Pl\u00e1stico ABS<\/li>\n<li style='margin-bottom: 5px;'>Color : Blanco<\/li>\n<li style='margin-bottom: 5px;'>De funcionamiento : -20 \u00b0C &#8230; + 45 \u00b0C<\/li>\n<li style='margin-bottom: 5px;'>De almacenamiento : -25 \u00b0C &#8230; + 65 \u00b0C<\/li>\n<li style='margin-bottom: 5px;'>Dimensiones (L x W x H) : 59 x 42.5 x 24.5 mm<\/li>\n<\/ul><\/div>\n<\/p><\/div>\n<div style='width: 100%; margin-top: 20px;'> <img style='width: 100%; height: auto; border: 1px solid rgba(150&comma;150&comma;150&comma;0.3); border-radius: 8px;' src='https:\/\/ftp3.syscom.mx\/usuarios\/fotos\/BancoFotografiasSyscom\/EPCOMPOWERLINE\/PLUSB1000V\/PLUSB1000V-l.PNG' alt=''> <\/div>\n<\/p><\/div>\n<\/p><\/div>\n<\/p><\/div>\n","protected":false},"excerpt":{"rendered":"<p>Cargador Micro-USB Profesional de 1 Puerto \/ 5 VCC \/ 1 Amper Para Smartphones y Tablets \/ Voltaje de Entrada de 100-240 VCA<\/p>\n","protected":false},"featured_media":112835,"comment_status":"open","ping_status":"closed","template":"","meta":[],"product_brand":[],"product_cat":[1103],"product_tag":[142,454,457],"class_list":{"0":"post-112836","1":"product","2":"type-product","3":"status-publish","4":"has-post-thumbnail","6":"product_cat-fuentes-de-alimentacion-energia-videovigilancia","7":"product_tag-energia","8":"product_tag-epcom-powerline","9":"product_tag-fuentes-de-alimentacion","11":"first","12":"instock","13":"sale","14":"shipping-taxable","15":"purchasable","16":"product-type-simple"},"_links":{"self":[{"href":"https:\/\/soydeaqui.ddns.net\/pachuca\/index.php\/wp-json\/wp\/v2\/product\/112836","targetHints":{"allow":["GET"]}}],"collection":[{"href":"https:\/\/soydeaqui.ddns.net\/pachuca\/index.php\/wp-json\/wp\/v2\/product"}],"about":[{"href":"https:\/\/soydeaqui.ddns.net\/pachuca\/index.php\/wp-json\/wp\/v2\/types\/product"}],"replies":[{"embeddable":true,"href":"https:\/\/soydeaqui.ddns.net\/pachuca\/index.php\/wp-json\/wp\/v2\/comments?post=112836"}],"wp:featuredmedia":[{"embeddable":true,"href":"https:\/\/soydeaqui.ddns.net\/pachuca\/index.php\/wp-json\/wp\/v2\/media\/112835"}],"wp:attachment":[{"href":"https:\/\/soydeaqui.ddns.net\/pachuca\/index.php\/wp-json\/wp\/v2\/media?parent=112836"}],"wp:term":[{"taxonomy":"product_brand","embeddable":true,"href":"https:\/\/soydeaqui.ddns.net\/pachuca\/index.php\/wp-json\/wp\/v2\/product_brand?post=112836"},{"taxonomy":"product_cat","embeddable":true,"href":"https:\/\/soydeaqui.ddns.net\/pachuca\/index.php\/wp-json\/wp\/v2\/product_cat?post=112836"},{"taxonomy":"product_tag","embeddable":true,"href":"https:\/\/soydeaqui.ddns.net\/pachuca\/index.php\/wp-json\/wp\/v2\/product_tag?post=112836"}],"curies":[{"name":"wp","href":"https:\/\/api.w.org\/{rel}","templated":true}]}}