{"id":112820,"date":"2026-03-20T22:04:06","date_gmt":"2026-03-20T22:04:06","guid":{"rendered":"https:\/\/soydeaqui.ddns.net\/pachuca\/index.php\/producto\/display-flip2-wifi-interactivo-de-55-con-lapiz-tactil-puertos-usb-rj45-rs232-hdmi-salida-touch\/"},"modified":"2026-03-20T22:04:36","modified_gmt":"2026-03-20T22:04:36","slug":"display-flip2-wifi-interactivo-de-55-con-lapiz-tactil-puertos-usb-rj45-rs232-hdmi-salida-touch","status":"publish","type":"product","link":"https:\/\/soydeaqui.ddns.net\/pachuca\/index.php\/producto\/display-flip2-wifi-interactivo-de-55-con-lapiz-tactil-puertos-usb-rj45-rs232-hdmi-salida-touch\/","title":{"rendered":"Display FLIP2 WiFi Interactivo de 55&#8243; con L\u00e1piz T\u00e1ctil.  Puertos USB\/RJ45\/RS232\/HDMI\/Salida Touch"},"content":{"rendered":"<div style='width: 100%; max-width: 1200px; margin: 0 auto; font-family: sans-serif; line-height: 1.6; color: inherit; background-color: transparent;'>\n<div style='display: flex; flex-wrap: wrap; gap: 30px; margin-bottom: 30px;'>\n<div style='flex: 1 1 300px; min-width: 280px;'>\n<h3 style='font-size: 22px; border-bottom: 2px solid currentColor; padding-bottom: 5px; margin-top: 0; color: inherit; opacity: 0.8;'>Caracter\u00edsticas principales<\/h3>\n<ul style='padding-left: 20px; font-size: 15px; color: inherit;'>\n<li style='margin-bottom: 5px;'>Tiempo de respuesta <strong>8ms<\/strong><\/li>\n<li style='margin-bottom: 5px;'>Nitidez <strong>350<\/strong><\/li>\n<li style='margin-bottom: 5px;'>\u00c1ngulo de visi\u00f3n <strong>178:178<\/strong><\/li>\n<li style='margin-bottom: 5px;'>Bocinas integradas <strong>2 x 10W<\/strong><\/li>\n<li style='margin-bottom: 5px;'>Tiempo de respuesta t\u00e1ctil <strong>6.7 mseg<\/strong><\/li>\n<\/ul><\/div>\n<div style='flex: 1 1 300px; min-width: 280px;'>\n<h3 style='font-size: 22px; border-bottom: 2px solid currentColor; padding-bottom: 5px; margin-top: 0; color: inherit; opacity: 0.8;'>Funciones<\/h3>\n<ul style='padding-left: 20px; font-size: 15px; color: inherit;'>\n<li style='margin-bottom: 5px;'>Importar: Visualice la pantalla de un dispositivo m\u00f3vil o port\u00e1til v\u00eda red de datos o USB<\/li>\n<li style='margin-bottom: 5px;'>Exportar: Compartir creaciones v\u00eda USB&comma; email&comma; red de datos<\/li>\n<li style='margin-bottom: 5px;'>Dibujar\/Resaltar\/Borrar&comma; cambio de grosor y color del l\u00e1piz t\u00e1ctil<\/li>\n<li style='margin-bottom: 5px;'>Multidibujos o creaciones por medio de multi listas<\/li>\n<li style='margin-bottom: 5px;'>Conexiones inal\u00e1mbricas <strong>WiFi y NFC<\/strong><\/li>\n<li style='margin-bottom: 5px;'>Sincronizaci\u00f3n con software <strong>Smart View o Screen Mirroring<\/strong><\/li>\n<li style='margin-bottom: 5px;'>Impresi\u00f3n de creaciones a impresoras disponibles en red<\/li>\n<\/ul><\/div>\n<div style='flex: 1 1 300px; min-width: 280px;'>\n<h3 style='font-size: 22px; border-bottom: 2px solid currentColor; padding-bottom: 5px; margin-top: 0; color: inherit; opacity: 0.8;'>Caracter\u00edsticas f\u00edsicas y el\u00e9ctricas<\/h3>\n<ul style='padding-left: 20px; font-size: 15px; color: inherit;'>\n<li style='margin-bottom: 5px;'>Dimensiones: <strong>1297.4 x 768.2 x 59.9 mm<\/strong><\/li>\n<li style='margin-bottom: 5px;'>Permite rotaci\u00f3n para posici\u00f3n horizontal o vertical<\/li>\n<li style='margin-bottom: 5px;'>Sostenedor magn\u00e9tico para l\u00e1piz t\u00e1ctil<\/li>\n<li style='margin-bottom: 5px;'>Montaje VESA <strong>400 x 400 mm<\/strong> (no incluido)<\/li>\n<li style='margin-bottom: 5px;'>Color: <strong>Gris Claro<\/strong><\/li>\n<li style='margin-bottom: 5px;'>Alimentaci\u00f3n <strong>100-240Vca 50\/60Hz<\/strong>&comma; consumo <strong>154 W\/h<\/strong><\/li>\n<li style='margin-bottom: 5px;'>Temperatura de operaci\u00f3n <strong>0\u00ba a 40\u00baC<\/strong><\/li>\n<li style='margin-bottom: 5px;'>Peso: <strong>28.2 Kg<\/strong><\/li>\n<\/ul><\/div>\n<\/p><\/div>\n<div style='display: flex; flex-wrap: wrap; gap: 20px; margin-bottom: 30px;'>\n<div style='flex: 1 1 250px; border: 1px solid rgba(150&comma; 150&comma; 150&comma; 0.4); border-radius: 8px; overflow: hidden; display: flex; flex-direction: column;'>\n<div style='padding: 15px; border-bottom: 1px solid rgba(150&comma; 150&comma; 150&comma; 0.2); font-weight: bold; font-size: 18px; color: inherit;'>Incluye<\/div>\n<div style='padding: 15px; color: inherit;'>\n<ul style='padding-left: 20px; margin: 0; font-size: 14px; list-style-type: disc;'>\n<li style='margin-bottom: 5px;'>Gu\u00eda de configuraci\u00f3n<\/li>\n<li style='margin-bottom: 5px;'>Cable de alimentaci\u00f3n<\/li>\n<li style='margin-bottom: 5px;'>2 L\u00e1pices t\u00e1ctiles magn\u00e9ticos<\/li>\n<li style='margin-bottom: 5px;'>Cable de salida Touch USB<\/li>\n<li style='margin-bottom: 5px;'>Tapa de terminales<\/li>\n<li style='margin-bottom: 5px;'>Cilindro de rotaci\u00f3n<\/li>\n<\/ul><\/div>\n<\/p><\/div>\n<div style='flex: 1 1 250px; border: 1px solid rgba(150&comma; 150&comma; 150&comma; 0.4); border-radius: 8px; overflow: hidden; display: flex; flex-direction: column;'>\n<div style='padding: 15px; border-bottom: 1px solid rgba(150&comma; 150&comma; 150&comma; 0.2); font-weight: bold; font-size: 18px; color: inherit;'>Garant\u00eda<\/div>\n<div style='padding: 15px; color: inherit;'>\n<ul style='padding-left: 20px; margin: 0; font-size: 14px; list-style-type: disc;'>\n<li style='margin-bottom: 5px;'>1 a\u00f1o con fabricante<\/li>\n<li style='margin-bottom: 5px;'>Soporte t\u00e9cnico disponible<\/li>\n<\/ul>\n<p style='margin-top: 15px; font-size: 14px; color: inherit;'> <a style='color: inherit; text-decoration: underline;' href='https:\/\/www.samsung.com\/mx\/support\/warranty\/' target='_blank'>M\u00e1s informaci\u00f3n sobre garant\u00eda<\/a> <\/p>\n<\/p><\/div>\n<\/p><\/div>\n<div style='flex: 1 1 250px; border: 1px solid rgba(150&comma; 150&comma; 150&comma; 0.4); border-radius: 8px; overflow: hidden; display: flex; flex-direction: column;'>\n<div style='padding: 15px; border-bottom: 1px solid rgba(150&comma; 150&comma; 150&comma; 0.2); font-weight: bold; font-size: 18px; color: inherit;'>Accesorios compatibles<\/div>\n<div style='padding: 15px; color: inherit;'>\n<p style='margin: 0 0 10px 0; font-size: 14px; color: inherit;'>Requiere Flip2 Stand modelo <strong style='color: inherit;'>STN-WM55R<\/strong> de soporte y montaje (no incluido):<\/p>\n<p style='margin: 0 0 15px 0; font-size: 14px; color: inherit;'> <a style='color: inherit; text-decoration: underline;' href='https:\/\/www.syscom.mx\/producto\/STNWM55R-SAMSUNG-ELECTRONICS-193168.html' target='_blank'>STN-WM55R<\/a> <\/p>\n<p style='margin: 0 0 10px 0; font-size: 14px; color: inherit;'>Compatible con Interface Frontal de Conectividad <strong style='color: inherit;'>CY-TF65BR<\/strong> (no incluida):<\/p>\n<p style='margin: 0; font-size: 14px; color: inherit;'> <a style='color: inherit; text-decoration: underline;' href='https:\/\/www.syscom.mx\/producto\/CY-TF65BR-SAMSUNG-ELECTRONICS-193191.html' target='_blank'>CY-TF65BR<\/a> <\/p>\n<\/p><\/div>\n<\/p><\/div>\n<\/p><\/div>\n<div style='display: flex; flex-wrap: wrap; gap: 20px; margin-bottom: 30px;'>\n<div style='flex: 1 1 100%;'> <img style='width: 100%; height: auto; border: 1px solid rgba(150&comma;150&comma;150&comma;0.3); border-radius: 8px;' src='https:\/\/ftp3.syscom.mx\/usuarios\/fotos\/WM55R\/193166-wm55r_03.jpg' alt=''> <\/div>\n<\/p><\/div>\n<div style='display: flex; flex-wrap: wrap; gap: 20px; margin-bottom: 30px;'>\n<div style='flex: 1 1 100%;'>\n<div style='position: relative; padding-bottom: 56.25%; height: 0; overflow: hidden;'>   <\/div>\n<\/p><\/div>\n<\/p><\/div>\n<hr style='border: 0; border-top: 1px solid rgba(150&comma; 150&comma; 150&comma; 0.3); margin: 30px 0;'> <\/div>\n","protected":false},"excerpt":{"rendered":"<p>Display FLIP2 WiFi Interactivo de 55&#8243; con L\u00e1piz T\u00e1ctil.  Puertos USB\/RJ45\/RS232\/HDMI\/Salida Touch<\/p>\n","protected":false},"featured_media":112819,"comment_status":"open","ping_status":"closed","template":"","meta":[],"product_brand":[],"product_cat":[2377],"product_tag":[2378,2376,2193],"class_list":{"0":"post-112820","1":"product","2":"type-product","3":"status-publish","4":"has-post-thumbnail","6":"product_cat-pantallas","7":"product_tag-pantallas","8":"product_tag-reuniones-interactivas","9":"product_tag-samsung-electronics","11":"first","12":"outofstock","13":"sale","14":"shipping-taxable","15":"purchasable","16":"product-type-simple"},"_links":{"self":[{"href":"https:\/\/soydeaqui.ddns.net\/pachuca\/index.php\/wp-json\/wp\/v2\/product\/112820","targetHints":{"allow":["GET"]}}],"collection":[{"href":"https:\/\/soydeaqui.ddns.net\/pachuca\/index.php\/wp-json\/wp\/v2\/product"}],"about":[{"href":"https:\/\/soydeaqui.ddns.net\/pachuca\/index.php\/wp-json\/wp\/v2\/types\/product"}],"replies":[{"embeddable":true,"href":"https:\/\/soydeaqui.ddns.net\/pachuca\/index.php\/wp-json\/wp\/v2\/comments?post=112820"}],"wp:featuredmedia":[{"embeddable":true,"href":"https:\/\/soydeaqui.ddns.net\/pachuca\/index.php\/wp-json\/wp\/v2\/media\/112819"}],"wp:attachment":[{"href":"https:\/\/soydeaqui.ddns.net\/pachuca\/index.php\/wp-json\/wp\/v2\/media?parent=112820"}],"wp:term":[{"taxonomy":"product_brand","embeddable":true,"href":"https:\/\/soydeaqui.ddns.net\/pachuca\/index.php\/wp-json\/wp\/v2\/product_brand?post=112820"},{"taxonomy":"product_cat","embeddable":true,"href":"https:\/\/soydeaqui.ddns.net\/pachuca\/index.php\/wp-json\/wp\/v2\/product_cat?post=112820"},{"taxonomy":"product_tag","embeddable":true,"href":"https:\/\/soydeaqui.ddns.net\/pachuca\/index.php\/wp-json\/wp\/v2\/product_tag?post=112820"}],"curies":[{"name":"wp","href":"https:\/\/api.w.org\/{rel}","templated":true}]}}