{"id":112802,"date":"2026-03-20T22:03:01","date_gmt":"2026-03-20T22:03:01","guid":{"rendered":"https:\/\/soydeaqui.ddns.net\/pachuca\/index.php\/producto\/juego-de-herramientas-con-144-piezas-totales-pulgadas-milimetricas-presentacion-maletin\/"},"modified":"2026-03-20T22:03:34","modified_gmt":"2026-03-20T22:03:34","slug":"juego-de-herramientas-con-144-piezas-totales-pulgadas-milimetricas-presentacion-maletin","status":"publish","type":"product","link":"https:\/\/soydeaqui.ddns.net\/pachuca\/index.php\/producto\/juego-de-herramientas-con-144-piezas-totales-pulgadas-milimetricas-presentacion-maletin\/","title":{"rendered":"Juego de Herramientas con 144 piezas totales. Pulgadas + Milim\u00e9tricas. Presentaci\u00f3n Malet\u00edn."},"content":{"rendered":"<div style='width: 100%; max-width: 1200px; margin: 0 auto; font-family: sans-serif; line-height: 1.6; color: inherit;'>\n<div style='display: flex; flex-wrap: wrap; gap: 30px; margin-bottom: 30px;'>\n<div style='flex: 1 1 300px; min-width: 280px;'>\n<div style='border-left: 5px solid #FD1F22; border-radius: 5px; padding: 5px; box-shadow: 2px 2px 10px rgba(216&comma;216&comma;216&comma;0.3);'>\n<p style='margin: 0; padding: 0;'><img style='width: 300px; height: 67px; display: block; margin: 0 auto; border: none; border-radius: 0;' src='https:\/\/ftp3.syscom.mx\/usuarios\/fotos\/logotipos\/precision.png' alt='' \/><\/p>\n<h3 style='font-size: 22px; border-bottom: 2px solid currentColor; padding-bottom: 5px; margin-top: 15px; margin-bottom: 15px; color: inherit; opacity: 0.8;'>Descripci\u00f3n<\/h3>\n<ul style='padding-left: 20px; font-size: 15px; color: inherit;'>\n<li style='margin-bottom: 5px;'>Este juego de herramientas mec\u00e1nicas es una selecci\u00f3n versatil con 3 manerales&comma; una excelente variedad de dados&comma; extensiones&comma; llaves combinadas&comma; llave ajustable&comma; llaves hexagonales&comma; pinzas uso el\u00e9ctrico y m\u00e1s.<\/li>\n<li style='margin-bottom: 5px;'>Viene en un resistente malet\u00edn pl\u00e1stico para f\u00e1cil transporte y almacenaje. Los manerales cuentan con un bot\u00f3n de r\u00e1pida liberaci\u00f3n de dados.<\/li>\n<li style='margin-bottom: 5px;'>Este juego de herramientas va a ayudarle con el 99% de ensamblajes&comma; mantenimientos y reparaciones en \u00e1reas dom\u00e9sticas&comma; oficinas&comma; industria&comma; estructuras met\u00e1licas&comma; telecomunicaciones y reparaciones automotrices.<\/li>\n<\/ul><\/div>\n<\/p><\/div>\n<div style='flex: 1 1 300px; min-width: 280px;'>\n<div style='border-left: 5px solid #FD1F22; border-radius: 5px; padding: 5px; box-shadow: 2px 2px 10px rgba(216&comma;216&comma;216&comma;0.3);'>\n<h3 style='font-size: 22px; border-bottom: 2px solid currentColor; padding-bottom: 5px; margin-top: 0; margin-bottom: 15px; color: inherit; opacity: 0.8;'>Aplicaciones<\/h3>\n<ul style='padding-left: 20px; font-size: 15px; color: inherit;'>\n<li style='margin-bottom: 5px;'>Maneral para Espacios Reducidos con 72 Dientes.<\/li>\n<li style='margin-bottom: 5px;'>Llaves&comma; manerales y dados fabricados en acero al Cromo Vanadio&comma; hasta una doble duraci\u00f3n de vida \u00fatil.<\/li>\n<li style='margin-bottom: 5px;'>Pinzas y destornilladores con forro ergon\u00f3mico.<\/li>\n<li style='margin-bottom: 5px;'>Terminado cromado para evitar corrosi\u00f3n.<\/li>\n<li style='margin-bottom: 5px;'>Material de herramientas: Acero al carbono son superficie cromada.<\/li>\n<\/ul><\/div>\n<\/p><\/div>\n<div style='flex: 1 1 300px; min-width: 280px;'>\n<div style='border-left: 5px solid #FD1F22; border-radius: 5px; padding: 5px; box-shadow: 2px 2px 10px rgba(216&comma;216&comma;216&comma;0.3);'>\n<h3 style='font-size: 22px; border-bottom: 2px solid currentColor; padding-bottom: 5px; margin-top: 0; margin-bottom: 15px; color: inherit; opacity: 0.8;'>Caracter\u00edsticas<\/h3>\n<ul style='padding-left: 20px; font-size: 15px; color: inherit;'>\n<li style='margin-bottom: 5px;'>Juego de 208 puntas de destornillador&comma; incluye Phillips&comma; plano ranurado&comma; cuadrado&comma; Pozi drive&comma; llave de tuercas&comma; Torq&comma; Tri-wing&comma; Torx star&comma; cabeza hexagonal&comma; Tamper proof Torx star&comma; en una variedad de tama\u00f1os para una cobertura total.<\/li>\n<li style='margin-bottom: 5px;'>Fabricadas con acero de aleaci\u00f3n de carbono de alta calidad (CR-V) para una mayor resistencia y durabilidad.<\/li>\n<li style='margin-bottom: 5px;'>Utiles para destornilladores el\u00e9ctricos o manuales&comma; taladro&comma; desatornillador de aire y otras herramientas.<\/li>\n<li style='margin-bottom: 5px;'>Incluye maletin Plastico de alta resietencia&comma; cada ranura cuenta con etiquetado para que usted pueda almacenar las puntas correctamente organizadas.<\/li>\n<\/ul><\/div>\n<\/p><\/div>\n<\/p><\/div>\n<div style='margin-bottom: 30px;'>\n<h3 style='font-size: 22px; color: #2880b9; margin-top: 0; margin-bottom: 15px;'>El juego de herramientas incluye:<\/h3>\n<p> <img style='width: 100%; height: auto; border: 1px solid rgba(150&comma;150&comma;150&comma;0.3); border-radius: 8px;' src='https:\/\/ftp3.syscom.mx\/usuarios\/fotos\/PST144MA\/193243-precision-etiqueta.jpg' alt='' \/> <\/div>\n<div style='margin-bottom: 30px;'>\n<h3 style='font-size: 22px; color: #2880b9; margin-top: 0; margin-bottom: 15px;'>Apertura del Equipo \/ Caracter\u00edsticas Generales:<\/h3>\n<div style='position: relative; padding-bottom: 56.25%; height: 0; overflow: hidden; margin-bottom: 30px;'>   <\/div>\n<\/p><\/div>\n<\/p><\/div>\n","protected":false},"excerpt":{"rendered":"<p>Juego de Herramientas con 144 piezas totales. Pulgadas + Milim\u00e9tricas. Presentaci\u00f3n Malet\u00edn.<\/p>\n","protected":false},"featured_media":112801,"comment_status":"open","ping_status":"closed","template":"","meta":[],"product_brand":[],"product_cat":[589],"product_tag":[590,248,246],"class_list":{"0":"post-112802","1":"product","2":"type-product","3":"status-publish","4":"has-post-thumbnail","6":"product_cat-accesorios-para-torres-arriostradas","7":"product_tag-accesorios-para-torres-arriostradas","8":"product_tag-precision","9":"product_tag-torres-y-mastiles","11":"first","12":"instock","13":"sale","14":"shipping-taxable","15":"purchasable","16":"product-type-simple"},"_links":{"self":[{"href":"https:\/\/soydeaqui.ddns.net\/pachuca\/index.php\/wp-json\/wp\/v2\/product\/112802","targetHints":{"allow":["GET"]}}],"collection":[{"href":"https:\/\/soydeaqui.ddns.net\/pachuca\/index.php\/wp-json\/wp\/v2\/product"}],"about":[{"href":"https:\/\/soydeaqui.ddns.net\/pachuca\/index.php\/wp-json\/wp\/v2\/types\/product"}],"replies":[{"embeddable":true,"href":"https:\/\/soydeaqui.ddns.net\/pachuca\/index.php\/wp-json\/wp\/v2\/comments?post=112802"}],"wp:featuredmedia":[{"embeddable":true,"href":"https:\/\/soydeaqui.ddns.net\/pachuca\/index.php\/wp-json\/wp\/v2\/media\/112801"}],"wp:attachment":[{"href":"https:\/\/soydeaqui.ddns.net\/pachuca\/index.php\/wp-json\/wp\/v2\/media?parent=112802"}],"wp:term":[{"taxonomy":"product_brand","embeddable":true,"href":"https:\/\/soydeaqui.ddns.net\/pachuca\/index.php\/wp-json\/wp\/v2\/product_brand?post=112802"},{"taxonomy":"product_cat","embeddable":true,"href":"https:\/\/soydeaqui.ddns.net\/pachuca\/index.php\/wp-json\/wp\/v2\/product_cat?post=112802"},{"taxonomy":"product_tag","embeddable":true,"href":"https:\/\/soydeaqui.ddns.net\/pachuca\/index.php\/wp-json\/wp\/v2\/product_tag?post=112802"}],"curies":[{"name":"wp","href":"https:\/\/api.w.org\/{rel}","templated":true}]}}