{"id":112785,"date":"2026-03-20T22:02:02","date_gmt":"2026-03-20T22:02:02","guid":{"rendered":"https:\/\/soydeaqui.ddns.net\/pachuca\/index.php\/producto\/clavadora-neumatica-de-2-calibre-18\/"},"modified":"2026-03-20T22:02:04","modified_gmt":"2026-03-20T22:02:04","slug":"clavadora-neumatica-de-2-calibre-18","status":"publish","type":"product","link":"https:\/\/soydeaqui.ddns.net\/pachuca\/index.php\/producto\/clavadora-neumatica-de-2-calibre-18\/","title":{"rendered":"Clavadora neum\u00e1tica de 2&#8243;, calibre 18"},"content":{"rendered":"<div style='width: 100%; max-width: 1200px; margin: 0 auto; font-family: sans-serif; line-height: 1.6; color: inherit; background-color: transparent;'>\n<div style='margin-bottom: 30px;'>\n<h3 style='font-size: 22px; border-bottom: 2px solid currentColor; padding-bottom: 5px; margin-top: 0; color: inherit; opacity: 0.8;'>DESCRIPCION:<\/h3>\n<ul style='padding-left: 20px; font-size: 15px; color: inherit;'>\n<li style='margin-bottom: 5px;'>Potente motor acciona un rango de puntas de calibre 18 de 5\/8&#8242; a 2&#8242; en aplicaciones de madera dura y suave<\/li>\n<li style='margin-bottom: 5px;'>Carcasa&comma; cargador y cilindro de aluminio para resistencia y durabilidad; pesa s\u00f3lo 2.9 lbs.<\/li>\n<li style='margin-bottom: 5px;'>Dise\u00f1o de punta delgada permite acceso f\u00e1cil para clavar en \u00e1reas reducidas<\/li>\n<li style='margin-bottom: 5px;'>Removedor de polvo integrado proporciona un flujo conveniente de aire para limpiar la superficie de trabajo<\/li>\n<li style='margin-bottom: 5px;'>Selector de ajuste de profundidad &#8216;sin llave&#8217; de f\u00e1cil manejo para una amplia variedad de aplicaciones de acabados<\/li>\n<li style='margin-bottom: 5px;'>Punta maquinada y fundida para contacto preciso<\/li>\n<li style='margin-bottom: 5px;'>F\u00e1cil despeje de punta &#8216;sin llave&#8217; para extracci\u00f3n f\u00e1cil y r\u00e1pida de clavos<\/li>\n<li style='margin-bottom: 5px;'>Topes y punta de hule anti-derrapante que protege las superficies de madera de ser da\u00f1adas<\/li>\n<li style='margin-bottom: 5px;'>Gancho reversible para cintur\u00f3n permite que la herramienta permanezca cerca<\/li>\n<li style='margin-bottom: 5px;'>Indicador dual de recarga de clavos alerta al usuario cuando se deben recargar los clavos para evitar espacios en blanco<\/li>\n<li style='margin-bottom: 5px;'>Puerto de escape multi-direccional dirige el aire lejos del usuario<\/li>\n<li style='margin-bottom: 5px;'>Agarradera engomada suave integrada para comodidad del operador<\/li>\n<li style='margin-bottom: 5px;'>Ideal para trabajos de recorte&comma; zoclo e instalaci\u00f3n de molduras de corona&comma; piso y otros aplicaciones en madera<\/li>\n<li style='margin-bottom: 5px;'>Entrega m\u00ednima de aire recomendada de 1.5 SCFM @ 90PSI<\/li>\n<li style='margin-bottom: 5px;'> limitada<\/li>\n<li style='margin-bottom: 5px;'>Protectores en carcasa protegen la herramienta y superficie de trabajo<\/li>\n<li style='margin-bottom: 5px;'>Cargador de carga lateral retiene hasta 100 puntas para m\u00e1xima eficiencia<\/li>\n<\/ul><\/div>\n<div style='margin-bottom: 30px;'>\n<h3 style='font-size: 22px; border-bottom: 2px solid currentColor; padding-bottom: 5px; margin-top: 0; color: inherit; opacity: 0.8;'>Incluye:<\/h3>\n<div style='display: flex; flex-wrap: wrap; gap: 30px;'>\n<ul style='flex: 1 1 200px; padding-left: 20px; font-size: 15px; color: inherit; margin: 0;'>\n<li style='margin-bottom: 5px;'>(1) Aceite de Clavadora Neum\u00e1tica<\/li>\n<li style='margin-bottom: 5px;'>(2) Punta Anti-derrapante<\/li>\n<\/ul>\n<ul style='flex: 1 1 200px; padding-left: 20px; font-size: 15px; color: inherit; margin: 0;'>\n<li style='margin-bottom: 5px;'>(1) Enchufe de Aire<\/li>\n<li style='margin-bottom: 5px;'>(1) Estuche<\/li>\n<\/ul>\n<ul style='flex: 1 1 200px; padding-left: 20px; font-size: 15px; color: inherit; margin: 0;'>\n<li style='margin-bottom: 5px;'>(1) Gafas de Seguridad<\/li>\n<\/ul><\/div>\n<\/p><\/div>\n<hr style='border: 0; border-top: 1px solid rgba(150&comma; 150&comma; 150&comma; 0.3); margin: 30px 0;'>\n<div style='margin-bottom: 30px;'>\n<h3 style='font-size: 22px; border-bottom: 2px solid currentColor; padding-bottom: 5px; margin-top: 0; color: inherit; opacity: 0.8;'>ESPECIFICACIONES<\/h3>\n<div style='display: flex; flex-wrap: wrap; gap: 20px;'>\n<div style='flex: 1 1 250px; border: 1px solid rgba(150&comma; 150&comma; 150&comma; 0.4); border-radius: 8px; overflow: hidden; display: flex; flex-direction: column;'>\n<div style='padding: 15px; border-bottom: 1px solid rgba(150&comma; 150&comma; 150&comma; 0.2); font-weight: bold; font-size: 18px; color: inherit;'>Especificaciones Generales<\/div>\n<div style='padding: 15px; color: inherit;'>\n<ul style='padding-left: 20px; margin: 0; font-size: 14px; list-style-type: disc;'>\n<li style='margin-bottom: 5px;'><strong>Tipo de Potencia:<\/strong> Neum\u00e1tico<\/li>\n<li style='margin-bottom: 5px;'><strong>Categor\u00eda de Sujeci\u00f3n:<\/strong> Brad<\/li>\n<li style='margin-bottom: 5px;'><strong>Tama\u00f1o de Clavo:<\/strong> 5\/8&#8242; a 2&#8242; (calibre 18)<\/li>\n<li style='margin-bottom: 5px;'><strong>Capacidad M\u00e1x. del Cargador:<\/strong> 100<\/li>\n<li style='margin-bottom: 5px;'><strong>Presi\u00f3n de aire de Operaci\u00f3n (PSI):<\/strong> 70 &#8211; 120<\/li>\n<li style='margin-bottom: 5px;'><strong>Presi\u00f3n de aire de Operaci\u00f3n (Bar):<\/strong> 4.9 &#8211; 8.3<\/li>\n<li style='margin-bottom: 5px;'><strong>Consumo de Aire (SCFM):<\/strong> 2<\/li>\n<\/ul><\/div>\n<\/p><\/div>\n<div style='flex: 1 1 250px; border: 1px solid rgba(150&comma; 150&comma; 150&comma; 0.4); border-radius: 8px; overflow: hidden; display: flex; flex-direction: column;'>\n<div style='padding: 15px; border-bottom: 1px solid rgba(150&comma; 150&comma; 150&comma; 0.2); font-weight: bold; font-size: 18px; color: inherit;'>Especificaciones T\u00e9cnicas<\/div>\n<div style='padding: 15px; color: inherit;'>\n<ul style='padding-left: 20px; margin: 0; font-size: 14px; list-style-type: disc;'>\n<li style='margin-bottom: 5px;'><strong>Dimensiones (LxAxA):<\/strong> 9-7\/8&#8242; x 2-3\/4&#8242; x 10-1\/8&#8242;<\/li>\n<li style='margin-bottom: 5px;'><strong>Tama\u00f1o de Entrada:<\/strong> 1\/4&#8242; NPT<\/li>\n<li style='margin-bottom: 5px;'><strong>Incluye Gancho de Herramienta:<\/strong> S\u00ed<\/li>\n<li style='margin-bottom: 5px;'><strong>Incluye Acoplador de Aire:<\/strong> S\u00ed<\/li>\n<li style='margin-bottom: 5px;'><strong>Incluye Conexi\u00f3n Estilo Industrial:<\/strong> 1\/4&#8242; NPT x 1\/4&#8242;<\/li>\n<li style='margin-bottom: 5px;'><strong>Peso Neto:<\/strong> 2.9 lbs.<\/li>\n<li style='margin-bottom: 5px;'><strong>Peso del Env\u00edo:<\/strong> 7.5 lbs.<\/li>\n<li style='margin-bottom: 5px;'><strong>C\u00f3digo UPC:<\/strong> 088381-870733<\/li>\n<\/ul><\/div>\n<\/p><\/div>\n<\/p><\/div>\n<\/p><\/div>\n<\/p><\/div>\n","protected":false},"excerpt":{"rendered":"<p>Clavadora neum\u00e1tica de 2&#8243;, calibre 18<\/p>\n","protected":false},"featured_media":112784,"comment_status":"open","ping_status":"closed","template":"","meta":[],"product_brand":[],"product_cat":[24],"product_tag":[26,25,252],"class_list":{"0":"post-112785","1":"product","2":"type-product","3":"status-publish","4":"has-post-thumbnail","6":"product_cat-accesorios-de-instalacion","7":"product_tag-accesorios-de-instalacion","8":"product_tag-herramientas","9":"product_tag-makita","11":"first","12":"outofstock","13":"sale","14":"shipping-taxable","15":"purchasable","16":"product-type-simple"},"_links":{"self":[{"href":"https:\/\/soydeaqui.ddns.net\/pachuca\/index.php\/wp-json\/wp\/v2\/product\/112785","targetHints":{"allow":["GET"]}}],"collection":[{"href":"https:\/\/soydeaqui.ddns.net\/pachuca\/index.php\/wp-json\/wp\/v2\/product"}],"about":[{"href":"https:\/\/soydeaqui.ddns.net\/pachuca\/index.php\/wp-json\/wp\/v2\/types\/product"}],"replies":[{"embeddable":true,"href":"https:\/\/soydeaqui.ddns.net\/pachuca\/index.php\/wp-json\/wp\/v2\/comments?post=112785"}],"wp:featuredmedia":[{"embeddable":true,"href":"https:\/\/soydeaqui.ddns.net\/pachuca\/index.php\/wp-json\/wp\/v2\/media\/112784"}],"wp:attachment":[{"href":"https:\/\/soydeaqui.ddns.net\/pachuca\/index.php\/wp-json\/wp\/v2\/media?parent=112785"}],"wp:term":[{"taxonomy":"product_brand","embeddable":true,"href":"https:\/\/soydeaqui.ddns.net\/pachuca\/index.php\/wp-json\/wp\/v2\/product_brand?post=112785"},{"taxonomy":"product_cat","embeddable":true,"href":"https:\/\/soydeaqui.ddns.net\/pachuca\/index.php\/wp-json\/wp\/v2\/product_cat?post=112785"},{"taxonomy":"product_tag","embeddable":true,"href":"https:\/\/soydeaqui.ddns.net\/pachuca\/index.php\/wp-json\/wp\/v2\/product_tag?post=112785"}],"curies":[{"name":"wp","href":"https:\/\/api.w.org\/{rel}","templated":true}]}}