{"id":112774,"date":"2026-03-20T22:01:24","date_gmt":"2026-03-20T22:01:24","guid":{"rendered":"https:\/\/soydeaqui.ddns.net\/pachuca\/index.php\/producto\/switch-poe-no-administrable-16-puertos-10-100-mbps-2-puertos-10-100-1000-mbps-1-puerto-sfp-8-puertos-extensor-poe-hasta-250-m-150w-diseno-para-vigilancia-ip\/"},"modified":"2026-03-20T22:01:33","modified_gmt":"2026-03-20T22:01:33","slug":"switch-poe-no-administrable-16-puertos-10-100-mbps-2-puertos-10-100-1000-mbps-1-puerto-sfp-8-puertos-extensor-poe-hasta-250-m-150w-diseno-para-vigilancia-ip","status":"publish","type":"product","link":"https:\/\/soydeaqui.ddns.net\/pachuca\/index.php\/producto\/switch-poe-no-administrable-16-puertos-10-100-mbps-2-puertos-10-100-1000-mbps-1-puerto-sfp-8-puertos-extensor-poe-hasta-250-m-150w-diseno-para-vigilancia-ip\/","title":{"rendered":"Switch PoE+ no Administrable 16 puertos 10\/100 Mbps + 2 puertos 10\/100\/1000 Mbps + 1 puerto SFP, 8 puertos Extensor PoE (hasta 250 m), 150W, dise\u00f1o para Vigilancia IP"},"content":{"rendered":"<div style='width: 100%; max-width: 1200px; margin: 0 auto; font-family: sans-serif; line-height: 1.6; color: inherit; background-color: transparent;'>\n<div style='display: flex; flex-wrap: wrap; gap: 30px; margin-bottom: 30px;'>\n<div style='flex: 1 1 300px; min-width: 280px;'>\n<h3 style='font-size: 22px; border-bottom: 2px solid currentColor; padding-bottom: 5px; margin-top: 0; color: inherit; opacity: 0.8;'>Descripci\u00f3n<\/h3>\n<ul style='padding-left: 20px; font-size: 15px; color: inherit;'>\n<li style='margin-bottom: 5px;'>16 puertos RJ45 PoE + 10\/100 Mbps&comma; 2 puertos Gigabit RJ45 y 1 ranura combo Gigabit SFP.<\/li>\n<li style='margin-bottom: 5px;'>Alto presupuesto de energ\u00eda PoE con hasta 30 W para cada puerto PoE y 150 W para todos los puertos PoE.<\/li>\n<li style='margin-bottom: 5px;'>Transmisi\u00f3n de datos y energ\u00eda de hasta 250 m en modo extendido especialmente dise\u00f1ado para sistemas de vigilancia.<\/li>\n<li style='margin-bottom: 5px;'>El modo de prioridad para los puertos 1\u20138 garantiza la calidad de aplicaciones sensibles como el monitor de video.<\/li>\n<li style='margin-bottom: 5px;'>El modo de aislamiento permite la separaci\u00f3n del tr\u00e1fico del cliente con un solo clic para una mayor seguridad y rendimiento.<\/li>\n<li style='margin-bottom: 5px;'>F\u00e1cil de usar&comma; sin necesidad de configuraci\u00f3n e instalaci\u00f3n.<\/li>\n<li style='margin-bottom: 5px;'><a style='color: inherit; text-decoration: underline;' href='https:\/\/www.tp-link.com\/es\/solution\/poe\/'>Obtenga m\u00e1s informaci\u00f3n sobre la tecnolog\u00eda TP-Link PoE<\/a><\/li>\n<\/ul><\/div>\n<div style='flex: 1 1 300px; min-width: 280px;'> <img style='width: 100%; height: auto; border: 1px solid rgba(150&comma;150&comma;150&comma;0.3); border-radius: 8px;' src='https:\/\/ftp3.syscom.mx\/usuarios\/fotos\/TLSL1218P\/193837-tl-sl1218p(un)1.0_overview_01_normal_1595313904832r.jpg' alt=''><\/div>\n<\/p><\/div>\n<div style='display: flex; flex-wrap: wrap; gap: 20px; margin-bottom: 30px;'>\n<div style='flex: 1 1 250px; border: 1px solid rgba(150&comma; 150&comma; 150&comma; 0.4); border-radius: 8px; overflow: hidden; display: flex; flex-direction: column;'>\n<div style='padding: 15px; border-bottom: 1px solid rgba(150&comma; 150&comma; 150&comma; 0.2); font-weight: bold; font-size: 18px; color: inherit;'>Caracter\u00edsticas principales<\/div>\n<div style='padding: 15px; color: inherit;'>\n<ul style='padding-left: 20px; margin: 0; font-size: 14px; list-style-type: disc;'>\n<li style='margin-bottom: 5px;'><strong>Est\u00e1ndar:<\/strong> compatible con 802.3af \/at<\/li>\n<li style='margin-bottom: 5px;'><strong>Puertos PoE:<\/strong> 16 puertos (8 puertos PoE extendido hasta 250m)<\/li>\n<li style='margin-bottom: 5px;'><strong>Suministro PoE total:<\/strong> 150 W<\/li>\n<li style='margin-bottom: 5px;'><strong>Puertos SFP:<\/strong> 1 puerto (combo)<\/li>\n<li style='margin-bottom: 5px;'><strong>Puertos RJ45 10\/100 Mbps:<\/strong> 16 puertos<\/li>\n<li style='margin-bottom: 5px;'><strong>Puertos RJ45 10\/100\/1000 Mbps:<\/strong> 2 puertos<\/li>\n<li style='margin-bottom: 5px;'><strong>Negociaci\u00f3n autom\u00e1tica:<\/strong> Auto MDI \/ MDIX<\/li>\n<li style='margin-bottom: 5px;'><strong>Capacidad de Conmutaci\u00f3n:<\/strong> 7.2 Gbps<\/li>\n<li style='margin-bottom: 5px;'><strong>Tasa de Reenv\u00edo de Paquetes:<\/strong> 5.36 Mpps<\/li>\n<li style='margin-bottom: 5px;'><strong>Tabla de Direcciones MAC:<\/strong> 8K<\/li>\n<li style='margin-bottom: 5px;'><strong>Jumbo Frame:<\/strong> 9 KB<\/li>\n<\/ul><\/div>\n<\/p><\/div>\n<div style='flex: 1 1 250px; border: 1px solid rgba(150&comma; 150&comma; 150&comma; 0.4); border-radius: 8px; overflow: hidden; display: flex; flex-direction: column;'>\n<div style='padding: 15px; border-bottom: 1px solid rgba(150&comma; 150&comma; 150&comma; 0.2); font-weight: bold; font-size: 18px; color: inherit;'>Caracter\u00edsticas F\u00edsicas y El\u00e9ctricas<\/div>\n<div style='padding: 15px; color: inherit;'>\n<ul style='padding-left: 20px; margin: 0; font-size: 14px; list-style-type: disc;'>\n<li style='margin-bottom: 5px;'><strong>Dimensiones:<\/strong> 440 x 180 x 44 mm (17 x 7.1 x 1.7 in)<\/li>\n<li style='margin-bottom: 5px;'><strong>Montaje:<\/strong> Montaje en rack<\/li>\n<li style='margin-bottom: 5px;'><strong>Consumo de Potencia:<\/strong> M\u00e1ximo: 12.2 W sin PD conectado&comma; 172.8 W con 150 W PD conectado<\/li>\n<li style='margin-bottom: 5px;'><strong>Disipaci\u00f3n de calor:<\/strong> 43.3 BTU\/h (sin PD conectado)&comma; 589.3 BTU\/h (con 150 W PD conectado)<\/li>\n<li style='margin-bottom: 5px;'><strong>Temperatura de Funcionamiento:<\/strong> 0\u00b0C~50\u00b0C (32\u00b0F~104\u00b0F)<\/li>\n<li style='margin-bottom: 5px;'><strong>Temperatura de Almacenamiento:<\/strong> -40\u00b0C~70\u00b0C (-40\u00b0F~158\u00b0F)<\/li>\n<li style='margin-bottom: 5px;'><strong>Humedad de Funcionamiento:<\/strong> 10%~90% sin condensaci\u00f3n<\/li>\n<li style='margin-bottom: 5px;'><strong>Humedad de Almacenamiento:<\/strong> 5%~90% sin condensaci\u00f3n<\/li>\n<\/ul><\/div>\n<\/p><\/div>\n<div style='flex: 1 1 250px; border: 1px solid rgba(150&comma; 150&comma; 150&comma; 0.4); border-radius: 8px; overflow: hidden; display: flex; flex-direction: column;'>\n<div style='padding: 15px; border-bottom: 1px solid rgba(150&comma; 150&comma; 150&comma; 0.2); font-weight: bold; font-size: 18px; color: inherit;'>Contenido<\/div>\n<div style='padding: 15px; color: inherit;'>\n<ul style='padding-left: 20px; margin: 0; font-size: 14px; list-style-type: disc;'>\n<li style='margin-bottom: 5px;'>TL-SL1218P<\/li>\n<li style='margin-bottom: 5px;'>Cable de alimentaci\u00f3n<\/li>\n<li style='margin-bottom: 5px;'>Gu\u00eda de instalaci\u00f3n<\/li>\n<li style='margin-bottom: 5px;'>Kit de montaje en bastidor<\/li>\n<li style='margin-bottom: 5px;'>Patas de goma<\/li>\n<\/ul><\/div>\n<\/p><\/div>\n<\/p><\/div>\n<div style='display: flex; flex-wrap: wrap; gap: 20px; margin-bottom: 30px;'>\n<div style='flex: 1 1 100%;'>\n<h3 style='font-size: 22px; border-bottom: 2px solid currentColor; padding-bottom: 5px; margin-top: 0; color: inherit; opacity: 0.8;'>Im\u00e1genes adicionales<\/h3>\n<\/p><\/div>\n<div style='flex: 1 1 100%; display: flex; flex-wrap: wrap; gap: 15px;'>\n<div style='flex: 1 1 300px; min-width: 280px;'> <img style='width: 100%; height: auto; border: 1px solid rgba(150&comma;150&comma;150&comma;0.3); border-radius: 8px;' src='https:\/\/ftp3.syscom.mx\/usuarios\/fotos\/TLSL1218P\/193837-captura_de_pantalla_2021-02-11_a_la(s)_14.49.33.png' alt=''><\/div>\n<div style='flex: 1 1 300px; min-width: 280px;'> <img style='width: 100%; height: auto; border: 1px solid rgba(150&comma;150&comma;150&comma;0.3); border-radius: 8px;' src='https:\/\/ftp3.syscom.mx\/usuarios\/fotos\/TLSL1218P\/193837-captura_de_pantalla_2021-02-11_a_la(s)_14.49.46.png' alt=''><\/div>\n<div style='flex: 1 1 300px; min-width: 280px;'> <img style='width: 100%; height: auto; border: 1px solid rgba(150&comma;150&comma;150&comma;0.3); border-radius: 8px;' src='https:\/\/ftp3.syscom.mx\/usuarios\/fotos\/TLSL1218P\/193837-captura_de_pantalla_2021-02-11_a_la(s)_14.49.58.png' alt=''><\/div>\n<div style='flex: 1 1 300px; min-width: 280px;'> <img style='width: 100%; height: auto; border: 1px solid rgba(150&comma;150&comma;150&comma;0.3); border-radius: 8px;' src='https:\/\/ftp3.syscom.mx\/usuarios\/fotos\/TLSL1218P\/193837-captura_de_pantalla_2021-02-11_a_la(s)_14.50.12.png' alt=''><\/div>\n<div style='flex: 1 1 300px; min-width: 280px;'> <img style='width: 100%; height: auto; border: 1px solid rgba(150&comma;150&comma;150&comma;0.3); border-radius: 8px;' src='https:\/\/ftp3.syscom.mx\/usuarios\/fotos\/TLSL1218P\/193837-captura_de_pantalla_2021-02-11_a_la(s)_14.50.27.png' alt=''><\/div>\n<\/p><\/div>\n<\/p><\/div>\n<hr style='border: 0; border-top: 1px solid rgba(150&comma; 150&comma; 150&comma; 0.3); margin: 30px 0;'> <\/div>\n","protected":false},"excerpt":{"rendered":"<p>Switch PoE+ no Administrable 16 puertos 10\/100 Mbps + 2 puertos 10\/100\/1000 Mbps + 1 puerto SFP, 8 puertos Extensor PoE (hasta 250 m), 150W, dise\u00f1o para Vigilancia IP<\/p>\n","protected":false},"featured_media":112773,"comment_status":"open","ping_status":"closed","template":"","meta":[],"product_brand":[],"product_cat":[1986],"product_tag":[664,1987,71],"class_list":{"0":"post-112774","1":"product","2":"type-product","3":"status-publish","4":"has-post-thumbnail","6":"product_cat-switches-poe","7":"product_tag-networking","8":"product_tag-switches-poe","9":"product_tag-tp-link","11":"first","12":"instock","13":"sale","14":"shipping-taxable","15":"purchasable","16":"product-type-simple"},"_links":{"self":[{"href":"https:\/\/soydeaqui.ddns.net\/pachuca\/index.php\/wp-json\/wp\/v2\/product\/112774","targetHints":{"allow":["GET"]}}],"collection":[{"href":"https:\/\/soydeaqui.ddns.net\/pachuca\/index.php\/wp-json\/wp\/v2\/product"}],"about":[{"href":"https:\/\/soydeaqui.ddns.net\/pachuca\/index.php\/wp-json\/wp\/v2\/types\/product"}],"replies":[{"embeddable":true,"href":"https:\/\/soydeaqui.ddns.net\/pachuca\/index.php\/wp-json\/wp\/v2\/comments?post=112774"}],"wp:featuredmedia":[{"embeddable":true,"href":"https:\/\/soydeaqui.ddns.net\/pachuca\/index.php\/wp-json\/wp\/v2\/media\/112773"}],"wp:attachment":[{"href":"https:\/\/soydeaqui.ddns.net\/pachuca\/index.php\/wp-json\/wp\/v2\/media?parent=112774"}],"wp:term":[{"taxonomy":"product_brand","embeddable":true,"href":"https:\/\/soydeaqui.ddns.net\/pachuca\/index.php\/wp-json\/wp\/v2\/product_brand?post=112774"},{"taxonomy":"product_cat","embeddable":true,"href":"https:\/\/soydeaqui.ddns.net\/pachuca\/index.php\/wp-json\/wp\/v2\/product_cat?post=112774"},{"taxonomy":"product_tag","embeddable":true,"href":"https:\/\/soydeaqui.ddns.net\/pachuca\/index.php\/wp-json\/wp\/v2\/product_tag?post=112774"}],"curies":[{"name":"wp","href":"https:\/\/api.w.org\/{rel}","templated":true}]}}