{"id":112768,"date":"2026-03-20T22:01:06","date_gmt":"2026-03-20T22:01:06","guid":{"rendered":"https:\/\/soydeaqui.ddns.net\/pachuca\/index.php\/producto\/switch-poe-jetstream-sdn-administrable-24-puertos-10-100-mbps-2-puertos-10-100-1000-mbps-uplink-2-puertos-sfp-combo-2-rj45-10-100-1000-mbps-250w-administracion-centralizada-omada-sdn\/"},"modified":"2026-03-20T22:01:14","modified_gmt":"2026-03-20T22:01:14","slug":"switch-poe-jetstream-sdn-administrable-24-puertos-10-100-mbps-2-puertos-10-100-1000-mbps-uplink-2-puertos-sfp-combo-2-rj45-10-100-1000-mbps-250w-administracion-centralizada-omada-sdn","status":"publish","type":"product","link":"https:\/\/soydeaqui.ddns.net\/pachuca\/index.php\/producto\/switch-poe-jetstream-sdn-administrable-24-puertos-10-100-mbps-2-puertos-10-100-1000-mbps-uplink-2-puertos-sfp-combo-2-rj45-10-100-1000-mbps-250w-administracion-centralizada-omada-sdn\/","title":{"rendered":"Switch PoE+ JetStream SDN Administrable 24 puertos 10\/100 Mbps + 2 puertos 10\/100\/1000 Mbps (Uplink) + 2 puertos SFP (combo 2 RJ45 10\/100\/1000 Mbps), 250W, administraci\u00f3n centralizada OMADA SDN"},"content":{"rendered":"<div style='width: 100%; max-width: 1200px; margin: 0 auto; font-family: sans-serif; line-height: 1.6; color: inherit; background-color: transparent;'>\n<div style='display: flex; flex-wrap: wrap; gap: 30px; margin-bottom: 30px;'>\n<div style='flex: 1 1 300px; min-width: 280px;'> <img style='width: 100%; height: auto; border: 1px solid rgba(150&comma;150&comma;150&comma;0.3); border-radius: 8px;' src='https:\/\/ftp3.syscom.mx\/usuarios\/fotos\/TLSL2428P\/193829-tl-sl2428p_un_4.0_01_normal_1594948635893z.jpg' alt=''> <\/div>\n<div style='flex: 1 1 300px; min-width: 280px;'>\n<h1 style='font-size: 22px; margin-top: 0; margin-bottom: 15px; color: inherit;'>Switch inteligente JetStream de 24 puertos PoE + 10\/100Mbps + 4 puertos Gigabit<\/h1>\n<ul style='padding-left: 20px; font-size: 15px; color: inherit;'>\n<li style='margin-bottom: 8px;'><strong>PoE de 250 W<\/strong>: 24 puertos PoE + compatibles con 802.3at \/ af con una fuente de alimentaci\u00f3n total de 250 W<sup>*<\/sup>.<\/li>\n<li style='margin-bottom: 8px;'><strong>Puertos Gigabit<\/strong>: 2 puertos Gigabit RJ45 y 2 puertos Combo Gigabit RJ45 \/ SFP proporcionan conexiones de alta velocidad.<\/li>\n<li style='margin-bottom: 8px;'><strong>Integrado en Omada SDN<\/strong>: aprovisionamiento sin intervenci\u00f3n (ZTP)<sup>**<\/sup>&comma; administraci\u00f3n centralizada en la nube y monitoreo inteligente.<\/li>\n<li style='margin-bottom: 8px;'><strong>Gesti\u00f3n centralizada<\/strong>: acceso a la nube y la aplicaci\u00f3n Omada para una m\u00e1xima comodidad y una gesti\u00f3n sencilla.<\/li>\n<li style='margin-bottom: 8px;'><strong>Optimice las aplicaciones de voz y video<\/strong>: QoS L2 \/ L3 \/ L4 e IGMP snooping.<\/li>\n<li style='margin-bottom: 8px;'><a style='color: #3333ff; text-decoration: none;' href='https:\/\/www.tp-link.com\/es\/solution\/poe\/'>Obtenga m\u00e1s informaci\u00f3n sobre la tecnolog\u00eda TP-LINK PoE<\/a><\/li>\n<li><a style='color: #3333ff; text-decoration: none;' href='https:\/\/www.tp-link.com\/es\/omada-sdn'>M\u00e1s informaci\u00f3n sobre Omada Cloud SDN<\/a><\/li>\n<\/ul><\/div>\n<\/p><\/div>\n<div style='display: flex; flex-wrap: wrap; gap: 20px; margin-bottom: 30px;'>\n<div style='flex: 1 1 250px; border: 1px solid rgba(150&comma; 150&comma; 150&comma; 0.4); border-radius: 8px; overflow: hidden; display: flex; flex-direction: column;'>\n<div style='padding: 15px; border-bottom: 1px solid rgba(150&comma; 150&comma; 150&comma; 0.2); font-weight: bold; font-size: 18px; color: inherit;'>Caracter\u00edsticas principales:<\/div>\n<div style='padding: 15px; color: inherit;'>\n<ul style='padding-left: 20px; margin: 0; font-size: 14px; list-style-type: disc;'>\n<li style='margin-bottom: 5px;'>Est\u00e1ndar: compatible con 802.3af \/ at<\/li>\n<li style='margin-bottom: 5px;'>Puertos PoE: 24 puertos<\/li>\n<li style='margin-bottom: 5px;'>Suministro PoE total: 250 W<\/li>\n<li style='margin-bottom: 5px;'>2 puertos SFP\/ RJ45 10\/100\/1000 en combo<\/li>\n<li style='margin-bottom: 5px;'>Omada App S\u00ed<\/li>\n<li style='margin-bottom: 5px;'>Administraci\u00f3n Centralizada: Omada Cloud-Based Controller&comma; Omada Hardware Controller (OC300)&comma; Omada Hardware Controller (OC200)&comma; Omada Software Controller<\/li>\n<li style='margin-bottom: 5px;'>Cloud Access S\u00ed (a trav\u00e9s de OC300&comma; OC200&comma; Omada Cloud-Based Controller o Omada Software Controller)<\/li>\n<li style='margin-bottom: 5px;'>Protocol VLAN<\/li>\n<li style='margin-bottom: 5px;'>2 puertos RJ45 10\/100\/1000 Mbps<\/li>\n<li style='margin-bottom: 5px;'>Negociaci\u00f3n autom\u00e1tica \/ Auto MDI \/ MDIX<\/li>\n<li style='margin-bottom: 5px;'>Capacidad de Conmutaci\u00f3n 12.8 Gbps<\/li>\n<li style='margin-bottom: 5px;'>Tasa de Reenv\u00edo de Paquetes 9.5 Mpps<\/li>\n<li style='margin-bottom: 5px;'>Tabla de Direcciones MAC 8K<\/li>\n<li style='margin-bottom: 5px;'>Jumbo Frame 9 KB<\/li>\n<\/ul><\/div>\n<\/p><\/div>\n<div style='flex: 1 1 250px; border: 1px solid rgba(150&comma; 150&comma; 150&comma; 0.4); border-radius: 8px; overflow: hidden; display: flex; flex-direction: column;'>\n<div style='padding: 15px; border-bottom: 1px solid rgba(150&comma; 150&comma; 150&comma; 0.2); font-weight: bold; font-size: 18px; color: inherit;'>Caracter\u00edsticas F\u00edsicas y El\u00e9ctricas:<\/div>\n<div style='padding: 15px; color: inherit;'>\n<ul style='padding-left: 20px; margin: 0; font-size: 14px; list-style-type: disc;'>\n<li style='margin-bottom: 5px;'>Dimensiones 294 x 180 x 44 mm (11.6 x 7.1 x 1.7 in)<\/li>\n<li style='margin-bottom: 5px;'>Montaje Montaje en rack<\/li>\n<li style='margin-bottom: 5px;'>Consumo de Potencia M\u00e1ximo: 18.8 W (220 V \/ 50 Hz with no PD connected)&comma; 286.7 W (220 V \/ 50 Hz with 250 W PD connected)<\/li>\n<li style='margin-bottom: 5px;'>Max Heat Dissipation: 64.1 BTU\/h (with no PD connected)&comma; 977.6 BTU\/h (with 250 W PD connected)<\/li>\n<li style='margin-bottom: 5px;'>Temperatura de Funcionamiento: 0\u00b0C~50\u00b0C (32\u00b0F~104\u00b0F)<\/li>\n<li style='margin-bottom: 5px;'>Temperatura de Almacenamiento: -40\u00b0C~70\u00b0C (-40\u00b0F~158\u00b0F)<\/li>\n<li style='margin-bottom: 5px;'>Humedad de Funcionamiento: 10%~90% sin condensaci\u00f3n<\/li>\n<li>Humedad de Almacenamiento: 5%~90% sin condensaci\u00f3n<\/li>\n<\/ul><\/div>\n<\/p><\/div>\n<div style='flex: 1 1 250px; border: 1px solid rgba(150&comma; 150&comma; 150&comma; 0.4); border-radius: 8px; overflow: hidden; display: flex; flex-direction: column;'>\n<div style='padding: 15px; border-bottom: 1px solid rgba(150&comma; 150&comma; 150&comma; 0.2); font-weight: bold; font-size: 18px; color: inherit;'>Contenido:<\/div>\n<div style='padding: 15px; color: inherit;'>\n<ul style='padding-left: 20px; margin: 0; font-size: 14px; list-style-type: disc;'>\n<li style='margin-bottom: 5px;'>TL-SL2428P<\/li>\n<li style='margin-bottom: 5px;'>Cable de alimentaci\u00f3n<\/li>\n<li style='margin-bottom: 5px;'>Gu\u00eda de instalaci\u00f3n<\/li>\n<li style='margin-bottom: 5px;'>Kit de montaje en bastidor<\/li>\n<li>Patas de goma<\/li>\n<\/ul><\/div>\n<\/p><\/div>\n<\/p><\/div>\n<div style='display: flex; flex-wrap: wrap; gap: 20px; margin-bottom: 30px;'>\n<div style='flex: 1 1 100%;'> <img style='width: 100%; height: auto; border: 1px solid rgba(150&comma;150&comma;150&comma;0.3); border-radius: 8px;' src='https:\/\/ftp3.syscom.mx\/usuarios\/fotos\/TLSL2428P\/193829-captura_de_pantalla_2021-02-11_a_la(s)_12.48.03.png' alt=''> <\/div>\n<div style='flex: 1 1 100%;'> <img style='width: 100%; height: auto; border: 1px solid rgba(150&comma;150&comma;150&comma;0.3); border-radius: 8px;' src='https:\/\/ftp3.syscom.mx\/usuarios\/fotos\/TLSL2428P\/193829-captura_de_pantalla_2021-02-11_a_la(s)_12.50.48.png' alt=''> <\/div>\n<div style='flex: 1 1 100%;'> <img style='width: 100%; height: auto; border: 1px solid rgba(150&comma;150&comma;150&comma;0.3); border-radius: 8px;' src='https:\/\/ftp3.syscom.mx\/usuarios\/fotos\/TLSG2008P\/190882-captura_de_pantalla_2020-09-28_a_la(s)_11.44.31.png' alt=''> <\/div>\n<div style='flex: 1 1 100%;'> <img style='width: 100%; height: auto; border: 1px solid rgba(150&comma;150&comma;150&comma;0.3); border-radius: 8px;' src='https:\/\/ftp3.syscom.mx\/usuarios\/fotos\/TLSG2008P\/190882-captura_de_pantalla_2020-09-28_a_la(s)_12.21.21.png' alt=''> <\/div>\n<div style='flex: 1 1 100%;'> <img style='width: 100%; height: auto; border: 1px solid rgba(150&comma;150&comma;150&comma;0.3); border-radius: 8px;' src='https:\/\/ftp3.syscom.mx\/usuarios\/fotos\/TLSG2008P\/190882-captura_de_pantalla_2020-09-28_a_la(s)_12.21.34.png' alt=''> <\/div>\n<div style='flex: 1 1 100%;'> <img style='width: 100%; height: auto; border: 1px solid rgba(150&comma;150&comma;150&comma;0.3); border-radius: 8px;' src='https:\/\/ftp3.syscom.mx\/usuarios\/fotos\/TLSG2008P\/190882-captura_de_pantalla_2020-09-28_a_la(s)_12.21.49.png' alt=''> <\/div>\n<div style='flex: 1 1 100%;'> <img style='width: 100%; height: auto; border: 1px solid rgba(150&comma;150&comma;150&comma;0.3); border-radius: 8px;' src='https:\/\/ftp3.syscom.mx\/usuarios\/fotos\/TLSG2008P\/190882-captura_de_pantalla_2020-09-28_a_la(s)_12.22.24.png' alt=''> <\/div>\n<\/p><\/div>\n<\/p><\/div>\n","protected":false},"excerpt":{"rendered":"<p>Switch PoE+ JetStream SDN Administrable 24 puertos 10\/100 Mbps + 2 puertos 10\/100\/1000 Mbps (Uplink) + 2 puertos SFP (combo 2 RJ45 10\/100\/1000 Mbps), 250W, administraci\u00f3n centralizada OMADA SDN<\/p>\n","protected":false},"featured_media":112767,"comment_status":"open","ping_status":"closed","template":"","meta":[],"product_brand":[],"product_cat":[1986],"product_tag":[664,1987,71],"class_list":{"0":"post-112768","1":"product","2":"type-product","3":"status-publish","4":"has-post-thumbnail","6":"product_cat-switches-poe","7":"product_tag-networking","8":"product_tag-switches-poe","9":"product_tag-tp-link","11":"first","12":"instock","13":"sale","14":"shipping-taxable","15":"purchasable","16":"product-type-simple"},"_links":{"self":[{"href":"https:\/\/soydeaqui.ddns.net\/pachuca\/index.php\/wp-json\/wp\/v2\/product\/112768","targetHints":{"allow":["GET"]}}],"collection":[{"href":"https:\/\/soydeaqui.ddns.net\/pachuca\/index.php\/wp-json\/wp\/v2\/product"}],"about":[{"href":"https:\/\/soydeaqui.ddns.net\/pachuca\/index.php\/wp-json\/wp\/v2\/types\/product"}],"replies":[{"embeddable":true,"href":"https:\/\/soydeaqui.ddns.net\/pachuca\/index.php\/wp-json\/wp\/v2\/comments?post=112768"}],"wp:featuredmedia":[{"embeddable":true,"href":"https:\/\/soydeaqui.ddns.net\/pachuca\/index.php\/wp-json\/wp\/v2\/media\/112767"}],"wp:attachment":[{"href":"https:\/\/soydeaqui.ddns.net\/pachuca\/index.php\/wp-json\/wp\/v2\/media?parent=112768"}],"wp:term":[{"taxonomy":"product_brand","embeddable":true,"href":"https:\/\/soydeaqui.ddns.net\/pachuca\/index.php\/wp-json\/wp\/v2\/product_brand?post=112768"},{"taxonomy":"product_cat","embeddable":true,"href":"https:\/\/soydeaqui.ddns.net\/pachuca\/index.php\/wp-json\/wp\/v2\/product_cat?post=112768"},{"taxonomy":"product_tag","embeddable":true,"href":"https:\/\/soydeaqui.ddns.net\/pachuca\/index.php\/wp-json\/wp\/v2\/product_tag?post=112768"}],"curies":[{"name":"wp","href":"https:\/\/api.w.org\/{rel}","templated":true}]}}