{"id":112758,"date":"2026-03-20T22:00:32","date_gmt":"2026-03-20T22:00:32","guid":{"rendered":"https:\/\/soydeaqui.ddns.net\/pachuca\/index.php\/producto\/inversor-de-corriente-de-onda-senoidal-pura-1500-w-12-vcc-salida-120vca\/"},"modified":"2026-03-20T22:00:45","modified_gmt":"2026-03-20T22:00:45","slug":"inversor-de-corriente-de-onda-senoidal-pura-1500-w-12-vcc-salida-120vca","status":"publish","type":"product","link":"https:\/\/soydeaqui.ddns.net\/pachuca\/index.php\/producto\/inversor-de-corriente-de-onda-senoidal-pura-1500-w-12-vcc-salida-120vca\/","title":{"rendered":"Inversor de Corriente de Onda Senoidal Pura 1500 W \/ 12 Vcc \/ salida 120VCA"},"content":{"rendered":"<div style='width: 100%; max-width: 1200px; margin: 0 auto; font-family: sans-serif; line-height: 1.6; color: inherit; background-color: transparent;'>\n<div style='text-align: center; margin-bottom: 20px;'>\n<h1 style='font-size: 24px; margin: 0; color: inherit;'>Inversores de CD-CA de onda sinusoidal pura serie NTX<\/h1>\n<\/p><\/div>\n<div style='text-align: center; margin: 20px 0;'> <img style='width: 100%; max-width: 511px; height: auto; border: 1px solid rgba(150&comma;150&comma;150&comma;0.3); border-radius: 8px;' src='https:\/\/ftp3.syscom.mx\/usuarios\/anavarro\/Samlex\/SAM\/Samlexamerica.png' alt='Logo Samlex'> <\/div>\n<div style='text-align: center; margin: 20px 0;'> <img style='width: 100%; max-width: 1095px; height: auto; border: 1px solid rgba(150&comma;150&comma;150&comma;0.3); border-radius: 8px;' src='https:\/\/ftp3.syscom.mx\/usuarios\/anavarro\/Samlex\/NTX\/NTX-1500-12_1100x680.jpg' alt='Inversor Samlex NTX150012'> <\/p>\n<div style='font-size: 13px; color: rgba(255&comma;255&comma;255&comma;0.7); margin-top: 8px; text-align: center;'> *Imagen ilustrativa&comma; el producto f\u00edsico puede variar. <\/div>\n<\/p><\/div>\n<div style='margin: 20px 0; font-size: 15px; color: inherit;'>\n<p style='text-align: center; margin: 0; padding: 0;'> La serie NTX de Samlex America es una serie de inversores de corriente de onda sinusoidal pura de uso moderado&comma; ofreciendo una soluci\u00f3n confiable y de calidad para cubrir las necesidades energ\u00e9ticas en sistemas aislados de la red y una amplia gama aplicaciones m\u00f3viles. <\/p>\n<\/p><\/div>\n<div style='margin: 30px 0;'>\n<h2 style='font-size: 18px; border-bottom: 2px solid currentColor; padding-bottom: 5px; margin-top: 0; margin-bottom: 15px; color: inherit; opacity: 0.8;'> Caracter\u00edsticas principales <\/h2>\n<ul style='padding-left: 20px; font-size: 15px; color: inherit; list-style-position: outside;'>\n<li style='margin-bottom: 8px;'>Tecnolog\u00eda de onda sinusoidal pura.<\/li>\n<li style='margin-bottom: 8px;'>Tama\u00f1o compacto y peso ligero.<\/li>\n<li style='margin-bottom: 8px;'>Control remoto.<\/li>\n<li style='margin-bottom: 8px;'>Alta eficiencia.<\/li>\n<li style='margin-bottom: 8px;'>Ventilador controlado por temperatura.<\/li>\n<li style='margin-bottom: 8px;'>Amplio rango de voltaje de entrada.<\/li>\n<\/ul><\/div>\n<div style='margin: 30px 0;'>\n<h2 style='font-size: 18px; border-bottom: 2px solid currentColor; padding-bottom: 5px; margin-top: 0; margin-bottom: 15px; color: inherit; opacity: 0.8;'> Especificaciones <\/h2>\n<ul style='padding-left: 20px; font-size: 15px; color: inherit; list-style-position: outside;'>\n<li style='margin-bottom: 8px;'><strong>Voltaje de entrada:<\/strong> 12 Vcc<\/li>\n<li style='margin-bottom: 8px;'><strong>Voltaje de salida:<\/strong> 120 Vca<\/li>\n<li style='margin-bottom: 8px;'><strong>Potencia nominal:<\/strong> 1500 W<\/li>\n<li style='margin-bottom: 8px;'><strong>Contactos de salida:<\/strong> 2<\/li>\n<li style='margin-bottom: 8px;'><strong>Tipo de onda:<\/strong> Sinusoidal pura<\/li>\n<li style='margin-bottom: 8px;'><strong>Dimensiones:<\/strong> 216 x 333 x 92 mm<\/li>\n<li style='margin-bottom: 8px;'><strong>Peso:<\/strong> 3.5 kg<\/li>\n<\/ul><\/div>\n<\/p><\/div>\n","protected":false},"excerpt":{"rendered":"<p>Inversor de Corriente de Onda Senoidal Pura 1500 W \/ 12 Vcc \/ salida 120VCA<\/p>\n","protected":false},"featured_media":112757,"comment_status":"open","ping_status":"closed","template":"","meta":[],"product_brand":[],"product_cat":[1120],"product_tag":[964,1121,1221],"class_list":{"0":"post-112758","1":"product","2":"type-product","3":"status-publish","4":"has-post-thumbnail","6":"product_cat-inversores-aislados-off-grid","7":"product_tag-energia-solar","8":"product_tag-inversores-aislados-off-grid","9":"product_tag-samlex","11":"first","12":"outofstock","13":"sale","14":"shipping-taxable","15":"purchasable","16":"product-type-simple"},"_links":{"self":[{"href":"https:\/\/soydeaqui.ddns.net\/pachuca\/index.php\/wp-json\/wp\/v2\/product\/112758","targetHints":{"allow":["GET"]}}],"collection":[{"href":"https:\/\/soydeaqui.ddns.net\/pachuca\/index.php\/wp-json\/wp\/v2\/product"}],"about":[{"href":"https:\/\/soydeaqui.ddns.net\/pachuca\/index.php\/wp-json\/wp\/v2\/types\/product"}],"replies":[{"embeddable":true,"href":"https:\/\/soydeaqui.ddns.net\/pachuca\/index.php\/wp-json\/wp\/v2\/comments?post=112758"}],"wp:featuredmedia":[{"embeddable":true,"href":"https:\/\/soydeaqui.ddns.net\/pachuca\/index.php\/wp-json\/wp\/v2\/media\/112757"}],"wp:attachment":[{"href":"https:\/\/soydeaqui.ddns.net\/pachuca\/index.php\/wp-json\/wp\/v2\/media?parent=112758"}],"wp:term":[{"taxonomy":"product_brand","embeddable":true,"href":"https:\/\/soydeaqui.ddns.net\/pachuca\/index.php\/wp-json\/wp\/v2\/product_brand?post=112758"},{"taxonomy":"product_cat","embeddable":true,"href":"https:\/\/soydeaqui.ddns.net\/pachuca\/index.php\/wp-json\/wp\/v2\/product_cat?post=112758"},{"taxonomy":"product_tag","embeddable":true,"href":"https:\/\/soydeaqui.ddns.net\/pachuca\/index.php\/wp-json\/wp\/v2\/product_tag?post=112758"}],"curies":[{"name":"wp","href":"https:\/\/api.w.org\/{rel}","templated":true}]}}