{"id":112749,"date":"2026-03-20T22:00:04","date_gmt":"2026-03-20T22:00:04","guid":{"rendered":"https:\/\/soydeaqui.ddns.net\/pachuca\/index.php\/producto\/rotomartillo-inalambrico-atornillador-de-1-2-bl-40v-xgt\/"},"modified":"2026-03-20T22:00:07","modified_gmt":"2026-03-20T22:00:07","slug":"rotomartillo-inalambrico-atornillador-de-1-2-bl-40v-xgt","status":"publish","type":"product","link":"https:\/\/soydeaqui.ddns.net\/pachuca\/index.php\/producto\/rotomartillo-inalambrico-atornillador-de-1-2-bl-40v-xgt\/","title":{"rendered":"Rotomartillo inal\u00e1mbrico atornillador de 1\/2&#8243; BL 40v XGT"},"content":{"rendered":"<div style='width: 100%; max-width: 1200px; margin: 0 auto; font-family: sans-serif; line-height: 1.6; color: inherit; background-color: transparent;'>\n<div style='display: flex; flex-wrap: wrap; gap: 30px; margin-bottom: 30px;'>\n<div style='flex: 1 1 300px; min-width: 280px;'>\n<h3 style='font-size: 22px; border-bottom: 2px solid currentColor; padding-bottom: 5px; margin-top: 0; color: inherit; opacity: 0.8;'>Descripci\u00f3n<\/h3>\n<p style='font-size: 15px; color: inherit;'>Rotomartillo inal\u00e1mbrico con dise\u00f1o mejorado que ofrece un 35% o m\u00e1s de velocidad que el modelo anterior. Incorpora ajustes electr\u00f3nicos del embrague y modo de taladro para mayor sujeci\u00f3n y control. Cuenta con interruptor de cambio de dial de avance f\u00e1cil para mayor operabilidad.<\/p>\n<p> <img style='width: 100%; height: auto; border: 1px solid rgba(150&comma;150&comma;150&comma;0.3); border-radius: 8px;' src='https:\/\/912028.smushcdn.com\/2229398\/wp-content\/uploads\/2020\/11\/F_tec_HP001G.jpg?lossy=1&#038;strip=0&#038;webp=1' alt='Rotomartillo inal\u00e1mbrico HP001GM201'> <\/div>\n<div style='flex: 1 1 300px; min-width: 280px;'>\n<h3 style='font-size: 22px; border-bottom: 2px solid currentColor; padding-bottom: 5px; margin-top: 0; color: inherit; opacity: 0.8;'>Aplicaciones<\/h3>\n<ul style='padding-left: 20px; font-size: 15px; color: inherit;'>\n<li style='margin-bottom: 5px;'>Perforaci\u00f3n y atornillado en metal<\/li>\n<li style='margin-bottom: 5px;'>Perforaci\u00f3n en madera con brocas Auger<\/li>\n<li style='margin-bottom: 5px;'>Perforaci\u00f3n en madera con brocas autolimpiantes<\/li>\n<li style='margin-bottom: 5px;'>Corte de agujeros en madera<\/li>\n<\/ul><\/div>\n<\/p><\/div>\n<div style='display: flex; flex-wrap: wrap; gap: 20px; margin-bottom: 30px;'>\n<div style='flex: 1 1 250px; border: 1px solid rgba(150&comma; 150&comma; 150&comma; 0.4); border-radius: 8px; overflow: hidden; display: flex; flex-direction: column;'>\n<div style='padding: 15px; border-bottom: 1px solid rgba(150&comma; 150&comma; 150&comma; 0.2); font-weight: bold; font-size: 18px; color: inherit;'>Capacidades<\/div>\n<div style='padding: 15px; color: inherit;'>\n<ul style='padding-left: 20px; margin: 0; font-size: 14px; list-style-type: disc;'>\n<li style='margin-bottom: 5px;'>Metal: 20mm (13\/16&#8242;)<\/li>\n<li style='margin-bottom: 5px;'>Madera (broca Auger): 50mm (2&#8242;)<\/li>\n<li style='margin-bottom: 5px;'>Madera (broca autoalimentada): 76mm (3&#8242;)<\/li>\n<li style='margin-bottom: 5px;'>Madera (sierra de agujero): 152mm (6&#8242;)<\/li>\n<\/ul><\/div>\n<\/p><\/div>\n<div style='flex: 1 1 250px; border: 1px solid rgba(150&comma; 150&comma; 150&comma; 0.4); border-radius: 8px; overflow: hidden; display: flex; flex-direction: column;'>\n<div style='padding: 15px; border-bottom: 1px solid rgba(150&comma; 150&comma; 150&comma; 0.2); font-weight: bold; font-size: 18px; color: inherit;'>Capacidad de sujeci\u00f3n<\/div>\n<div style='padding: 15px; color: inherit;'>\n<ul style='padding-left: 20px; margin: 0; font-size: 14px; list-style-type: disc;'>\n<li style='margin-bottom: 5px;'>1.5-13mm (1\/16-1\/2&#8242;)<\/li>\n<\/ul><\/div>\n<\/p><\/div>\n<div style='flex: 1 1 250px; border: 1px solid rgba(150&comma; 150&comma; 150&comma; 0.4); border-radius: 8px; overflow: hidden; display: flex; flex-direction: column;'>\n<div style='padding: 15px; border-bottom: 1px solid rgba(150&comma; 150&comma; 150&comma; 0.2); font-weight: bold; font-size: 18px; color: inherit;'>Rendimiento<\/div>\n<div style='padding: 15px; color: inherit;'>\n<ul style='padding-left: 20px; margin: 0; font-size: 14px; list-style-type: disc;'>\n<li style='margin-bottom: 5px;'>Impactos por minuto Alto\/Bajo: 0-39&comma;000 \/ 0-9&comma;750<\/li>\n<li style='margin-bottom: 5px;'>Velocidad sin carga Alto\/Bajo: 0-2&comma;600 \/ 0-650<\/li>\n<li style='margin-bottom: 5px;'>M\u00e1x. torque de bloqueo: 125N.m (1&comma;100 in.lbs)<\/li>\n<li style='margin-bottom: 5px;'>Torque m\u00e1ximo: 141N.m<\/li>\n<\/ul><\/div>\n<\/p><\/div>\n<div style='flex: 1 1 250px; border: 1px solid rgba(150&comma; 150&comma; 150&comma; 0.4); border-radius: 8px; overflow: hidden; display: flex; flex-direction: column;'>\n<div style='padding: 15px; border-bottom: 1px solid rgba(150&comma; 150&comma; 150&comma; 0.2); font-weight: bold; font-size: 18px; color: inherit;'>Caracter\u00edsticas f\u00edsicas<\/div>\n<div style='padding: 15px; color: inherit;'>\n<ul style='padding-left: 20px; margin: 0; font-size: 14px; list-style-type: disc;'>\n<li style='margin-bottom: 5px;'>Dimensiones (LxAxA) con BL4025: 182x86x275mm (7-1\/8&#8217;x3-3\/8&#8217;x10-7\/8&#8242;)<\/li>\n<li style='margin-bottom: 5px;'>Dimensiones (LxAxA) con BL4040: 182x86x282mm (7-1\/8&#8217;x3-3\/8&#215;11-1\/8&#8242;)<\/li>\n<li style='margin-bottom: 5px;'>Peso: 2.7-3kg (5.9-6.7 lbs.)<\/li>\n<\/ul><\/div>\n<\/p><\/div>\n<div style='flex: 1 1 250px; border: 1px solid rgba(150&comma; 150&comma; 150&comma; 0.4); border-radius: 8px; overflow: hidden; display: flex; flex-direction: column;'>\n<div style='padding: 15px; border-bottom: 1px solid rgba(150&comma; 150&comma; 150&comma; 0.2); font-weight: bold; font-size: 18px; color: inherit;'>Equipamiento est\u00e1ndar<\/div>\n<div style='padding: 15px; color: inherit;'>\n<ul style='padding-left: 20px; margin: 0; font-size: 14px; list-style-type: disc;'>\n<li style='margin-bottom: 5px;'>Tope de profundidad<\/li>\n<li style='margin-bottom: 5px;'>Empu\u00f1adura lateral<\/li>\n<li style='margin-bottom: 5px;'>Clip para cintur\u00f3n<\/li>\n<li style='margin-bottom: 5px;'>Punta (+)(-)<\/li>\n<li style='margin-bottom: 5px;'>Portapuntas<\/li>\n<li style='margin-bottom: 5px;'>Cargador DC40RA<\/li>\n<li style='margin-bottom: 5px;'>Bater\u00eda BL4040 4.0Ah (2x)<\/li>\n<li style='margin-bottom: 5px;'>Estuche Makpac<\/li>\n<\/ul><\/div>\n<\/p><\/div>\n<div style='flex: 1 1 250px; border: 1px solid rgba(150&comma; 150&comma; 150&comma; 0.4); border-radius: 8px; overflow: hidden; display: flex; flex-direction: column;'>\n<div style='padding: 15px; border-bottom: 1px solid rgba(150&comma; 150&comma; 150&comma; 0.2); font-weight: bold; font-size: 18px; color: inherit;'>Ajustes electr\u00f3nicos<\/div>\n<div style='padding: 15px; color: inherit;'>\n<ul style='padding-left: 20px; margin: 0; font-size: 14px; list-style-type: disc;'>\n<li style='margin-bottom: 5px;'>41 ajustes de embrague<\/li>\n<li style='margin-bottom: 5px;'>21 ajustes de taladro<\/li>\n<\/ul><\/div>\n<\/p><\/div>\n<div style='flex: 1 1 250px; border: 1px solid rgba(150&comma; 150&comma; 150&comma; 0.4); border-radius: 8px; overflow: hidden; display: flex; flex-direction: column;'>\n<div style='padding: 15px; border-bottom: 1px solid rgba(150&comma; 150&comma; 150&comma; 0.2); font-weight: bold; font-size: 18px; color: inherit;'>Especificaciones el\u00e9ctricas<\/div>\n<div style='padding: 15px; color: inherit;'>\n<ul style='padding-left: 20px; margin: 0; font-size: 14px; list-style-type: disc;'>\n<li style='margin-bottom: 5px;'>Voltaje: 40V<\/li>\n<\/ul><\/div>\n<\/p><\/div>\n<\/p><\/div>\n<hr style='border: 0; border-top: 1px solid rgba(150&comma; 150&comma; 150&comma; 0.3); margin: 30px 0;'> <\/div>\n","protected":false},"excerpt":{"rendered":"<p>Rotomartillo inal\u00e1mbrico atornillador de 1\/2&#8243; BL 40v XGT<\/p>\n","protected":false},"featured_media":112748,"comment_status":"open","ping_status":"closed","template":"","meta":[],"product_brand":[],"product_cat":[24],"product_tag":[26,25,252],"class_list":{"0":"post-112749","1":"product","2":"type-product","3":"status-publish","4":"has-post-thumbnail","6":"product_cat-accesorios-de-instalacion","7":"product_tag-accesorios-de-instalacion","8":"product_tag-herramientas","9":"product_tag-makita","11":"first","12":"outofstock","13":"sale","14":"shipping-taxable","15":"purchasable","16":"product-type-simple"},"_links":{"self":[{"href":"https:\/\/soydeaqui.ddns.net\/pachuca\/index.php\/wp-json\/wp\/v2\/product\/112749","targetHints":{"allow":["GET"]}}],"collection":[{"href":"https:\/\/soydeaqui.ddns.net\/pachuca\/index.php\/wp-json\/wp\/v2\/product"}],"about":[{"href":"https:\/\/soydeaqui.ddns.net\/pachuca\/index.php\/wp-json\/wp\/v2\/types\/product"}],"replies":[{"embeddable":true,"href":"https:\/\/soydeaqui.ddns.net\/pachuca\/index.php\/wp-json\/wp\/v2\/comments?post=112749"}],"wp:featuredmedia":[{"embeddable":true,"href":"https:\/\/soydeaqui.ddns.net\/pachuca\/index.php\/wp-json\/wp\/v2\/media\/112748"}],"wp:attachment":[{"href":"https:\/\/soydeaqui.ddns.net\/pachuca\/index.php\/wp-json\/wp\/v2\/media?parent=112749"}],"wp:term":[{"taxonomy":"product_brand","embeddable":true,"href":"https:\/\/soydeaqui.ddns.net\/pachuca\/index.php\/wp-json\/wp\/v2\/product_brand?post=112749"},{"taxonomy":"product_cat","embeddable":true,"href":"https:\/\/soydeaqui.ddns.net\/pachuca\/index.php\/wp-json\/wp\/v2\/product_cat?post=112749"},{"taxonomy":"product_tag","embeddable":true,"href":"https:\/\/soydeaqui.ddns.net\/pachuca\/index.php\/wp-json\/wp\/v2\/product_tag?post=112749"}],"curies":[{"name":"wp","href":"https:\/\/api.w.org\/{rel}","templated":true}]}}