{"id":112743,"date":"2026-03-20T21:59:45","date_gmt":"2026-03-20T21:59:45","guid":{"rendered":"https:\/\/soydeaqui.ddns.net\/pachuca\/index.php\/producto\/switch-l2-omada-poe-24-puertos-poe-10-100-1000-mbps-4-puertos-sfp-1g-2-puertos-consola-rj45-y-microusb-administracion-centralizada-omada-o-stand-alone-multicast-igmp-calidad-de-servic\/"},"modified":"2026-03-20T21:59:53","modified_gmt":"2026-03-20T21:59:53","slug":"switch-l2-omada-poe-24-puertos-poe-10-100-1000-mbps-4-puertos-sfp-1g-2-puertos-consola-rj45-y-microusb-administracion-centralizada-omada-o-stand-alone-multicast-igmp-calidad-de-servic","status":"publish","type":"product","link":"https:\/\/soydeaqui.ddns.net\/pachuca\/index.php\/producto\/switch-l2-omada-poe-24-puertos-poe-10-100-1000-mbps-4-puertos-sfp-1g-2-puertos-consola-rj45-y-microusb-administracion-centralizada-omada-o-stand-alone-multicast-igmp-calidad-de-servic\/","title":{"rendered":"Switch L2+ Omada PoE+ \/ 24 Puertos PoE+ 10\/100\/1000 Mbps \/ 4 Puertos SFP 1G \/ 2 Puertos Consola (RJ45 y microUSB) \/ Administraci\u00f3n Centralizada Omada o Stand-Alone \/ Multicast IGMP \/ Calidad de Servicio \/ Presupuesto PoE 384W \/ Montaje en Rack"},"content":{"rendered":"<div style='width: 100%; max-width: 1200px; margin: 0 auto; font-family: sans-serif; line-height: 1.6; color: inherit; background-color: transparent;'>\n<div style='text-align: center; margin: 30px 0;'>\n<h2><a style='color: inherit; text-decoration: none; border-bottom: 1px solid currentColor;' href='https:\/\/www.tp-link.com\/es\/omada-sdn\/'>Aprende m\u00e1s sobre Omada<\/a><\/h2>\n<\/p><\/div>\n<div style='margin: 30px 0;'> <img style='width: 100%; height: auto; border: 1px solid rgba(150&comma;150&comma;150&comma;0.3); border-radius: 8px;' src='https:\/\/ftp3.syscom.mx\/usuarios\/fotos\/TLSG3428MP\/193897-captura_de_pantalla_2024-02-22_a_la(s)_2.34.13%E2%80%AFp.m..png' alt='Switch L2+ Omada PoE+ TLSG3428MP'> <\/div>\n<div style='margin: 30px 0;'>\n<div style='text-align: center; margin: 30px 0;'>\n<h2 style='margin: 0;'>Administraci\u00f3n con el controlador Omada&comma; generando una red unificada.<\/h2>\n<\/p><\/div>\n<p> <img style='width: 100%; height: auto; border: 1px solid rgba(150&comma;150&comma;150&comma;0.3); border-radius: 8px;' src='https:\/\/ftp3.syscom.mx\/usuarios\/fotos\/TLSX3008F\/208029-image_-_2023-02-27t093757.672.png' alt='Administraci\u00f3n Omada'> <\/div>\n<div style='margin: 30px 0;'>\n<div style='text-align: center; margin: 30px 0;'>\n<h2 style='margin: 0;'>Alto Presupuesto PoE + Puertos 2.5G&comma; ideal para WiFi 6.<\/h2>\n<\/p><\/div>\n<p> <img style='width: 100%; height: auto; border: 1px solid rgba(150&comma;150&comma;150&comma;0.3); border-radius: 8px;' src='https:\/\/ftp3.syscom.mx\/usuarios\/fotos\/TLSG3428MP\/193897-captura_de_pantalla_2024-02-22_a_la(s)_2.34.34%E2%80%AFp.m..png' alt='Presupuesto PoE y puertos 2.5G'> <\/div>\n<div style='margin: 30px 0;'>\n<div style='text-align: center; margin: 30px 0;'>\n<h2 style='margin: 0;'>Alto rendimiento para una red empresarial.<\/h2>\n<\/p><\/div>\n<p> <img style='width: 100%; height: auto; border: 1px solid rgba(150&comma;150&comma;150&comma;0.3); border-radius: 8px;' src='https:\/\/ftp3.syscom.mx\/usuarios\/fotos\/TLSG3428MP\/193897-captura_de_pantalla_2024-02-22_a_la(s)_2.34.21%E2%80%AFp.m..png' alt='Rendimiento empresarial'> <\/div>\n<div style='margin: 30px 0;'>\n<div style='display: flex; flex-wrap: wrap; gap: 20px; margin-bottom: 30px;'>\n<div style='flex: 1 1 250px; border: 1px solid rgba(150&comma; 150&comma; 150&comma; 0.4); border-radius: 8px; overflow: hidden; display: flex; flex-direction: column;'>\n<div style='padding: 15px; border-bottom: 1px solid rgba(150&comma; 150&comma; 150&comma; 0.2); font-weight: bold; font-size: 18px; color: inherit;'>Especificaciones<\/div>\n<div style='padding: 15px; color: inherit;'>\n<ul style='padding-left: 20px; margin: 0; font-size: 14px; list-style-type: disc;'>\n<li style='margin-bottom: 5px;'><strong>Dimensiones:<\/strong> 440 x 330 x 44 mm<\/li>\n<li style='margin-bottom: 5px;'><strong>Puertos:<\/strong> (24) Puertos PoE+ 10\/100\/1000 Mbps&comma; (2) Puertos SFP 1G&comma; (2) Puerto consola RJ45 \/ micro-USB<\/li>\n<li style='margin-bottom: 5px;'><strong>Ventilador:<\/strong> 2 ventiladores<\/li>\n<li style='margin-bottom: 5px;'><strong>Gesti\u00f3n web:<\/strong> S\u00ed<\/li>\n<li style='margin-bottom: 5px;'><strong>Garant\u00eda:<\/strong> 5 a\u00f1os<\/li>\n<li style='margin-bottom: 5px;'><strong>Presupuesto PoE:<\/strong> 384 W<\/li>\n<li style='margin-bottom: 5px;'><strong>Consumo Energ\u00eda:<\/strong> 40 W (consumo propio)&comma; 442.1 W (con equipos conectados)<\/li>\n<li style='margin-bottom: 5px;'><strong>Alimentaci\u00f3n:<\/strong> 100-240 Vca&comma; 50\/60Hz<\/li>\n<li style='margin-bottom: 5px;'><strong>Rendimiento:<\/strong> 56 Gbps<\/li>\n<li style='margin-bottom: 5px;'><strong>Reenv\u00edo de paquetes:<\/strong> 41.66 Mpps<\/li>\n<li style='margin-bottom: 5px;'><strong>Tabla de MAC:<\/strong> 16 K<\/li>\n<li style='margin-bottom: 5px;'><strong>Memoria del buffer:<\/strong> 4.1 Mbit<\/li>\n<li style='margin-bottom: 5px;'><strong>Jumbo Frame:<\/strong> 9 KB<\/li>\n<li style='margin-bottom: 5px;'><strong>Montaje:<\/strong> En Rack<\/li>\n<\/ul><\/div>\n<\/p><\/div>\n<div style='flex: 1 1 250px; border: 1px solid rgba(150&comma; 150&comma; 150&comma; 0.4); border-radius: 8px; overflow: hidden; display: flex; flex-direction: column;'>\n<div style='padding: 15px; border-bottom: 1px solid rgba(150&comma; 150&comma; 150&comma; 0.2); font-weight: bold; font-size: 18px; color: inherit;'>Gesti\u00f3n Centralizada<\/div>\n<div style='padding: 15px; color: inherit;'>\n<ul style='padding-left: 20px; margin: 0; font-size: 14px; list-style-type: disc;'>\n<li style='margin-bottom: 5px;'><a style='color: inherit; text-decoration: none; border-bottom: 1px solid currentColor;' href='https:\/\/www.syscom.mx\/producto\/OC300-TP-LINK-191234.html'>OC300<\/a><\/li>\n<li style='margin-bottom: 5px;'><a style='color: inherit; text-decoration: none; border-bottom: 1px solid currentColor;' href='https:\/\/www.syscom.mx\/producto\/OC200-TP-LINK-162959.html'>OC200<\/a><\/li>\n<li style='margin-bottom: 5px;'><a style='color: inherit; text-decoration: none; border-bottom: 1px solid currentColor;' href='https:\/\/www.tp-link.com\/mx\/support\/download\/omada-software-controller\/'>Omada Software (gratuito)<\/a><\/li>\n<li style='margin-bottom: 5px;'><a style='color: inherit; text-decoration: none; border-bottom: 1px solid currentColor;' href='https:\/\/www.syscom.mx\/principal\/promociones\/tp-link-9482.html?ordenar=Relevancia&#038;pag=1'>Omada Basado en la nube (Licencias)<\/a><\/li>\n<\/ul><\/div>\n<\/p><\/div>\n<div style='flex: 1 1 250px; border: 1px solid rgba(150&comma; 150&comma; 150&comma; 0.4); border-radius: 8px; overflow: hidden; display: flex; flex-direction: column;'>\n<div style='padding: 15px; border-bottom: 1px solid rgba(150&comma; 150&comma; 150&comma; 0.2); font-weight: bold; font-size: 18px; color: inherit;'>Calidad de Servicio<\/div>\n<div style='padding: 15px; color: inherit;'>\n<ul style='padding-left: 20px; margin: 0; font-size: 14px; list-style-type: disc;'>\n<li style='margin-bottom: 5px;'>8 colas de prioridad<\/li>\n<li style='margin-bottom: 5px;'>Control de ancho de banda<\/li>\n<li style='margin-bottom: 5px;'>Mirror<\/li>\n<li style='margin-bottom: 5px;'>Prioridad 802.1p CoS\/DSCP<\/li>\n<li style='margin-bottom: 5px;'>Rendimiento m\u00e1s fluido<\/li>\n<\/ul><\/div>\n<\/p><\/div>\n<div style='flex: 1 1 250px; border: 1px solid rgba(150&comma; 150&comma; 150&comma; 0.4); border-radius: 8px; overflow: hidden; display: flex; flex-direction: column;'>\n<div style='padding: 15px; border-bottom: 1px solid rgba(150&comma; 150&comma; 150&comma; 0.2); font-weight: bold; font-size: 18px; color: inherit;'>Caracter\u00edsticas L2 y L2+<\/div>\n<div style='padding: 15px; color: inherit;'>\n<ul style='padding-left: 20px; margin: 0; font-size: 14px; list-style-type: disc;'>\n<li style='margin-bottom: 5px;'>Link Agregation<\/li>\n<li style='margin-bottom: 5px;'>LACP 802.3ad<\/li>\n<li style='margin-bottom: 5px;'>STP<\/li>\n<li style='margin-bottom: 5px;'>Control de flujo<\/li>\n<li style='margin-bottom: 5px;'>Reflejo<\/li>\n<\/ul><\/div>\n<\/p><\/div>\n<div style='flex: 1 1 250px; border: 1px solid rgba(150&comma; 150&comma; 150&comma; 0.4); border-radius: 8px; overflow: hidden; display: flex; flex-direction: column;'>\n<div style='padding: 15px; border-bottom: 1px solid rgba(150&comma; 150&comma; 150&comma; 0.2); font-weight: bold; font-size: 18px; color: inherit;'>Caracter\u00edsticas Avanzadas<\/div>\n<div style='padding: 15px; color: inherit;'>\n<ul style='padding-left: 20px; margin: 0; font-size: 14px; list-style-type: disc;'>\n<li style='margin-bottom: 5px;'>Detecci\u00f3n autom\u00e1tica de dispositivos<\/li>\n<li style='margin-bottom: 5px;'>Configuraci\u00f3n unificada<\/li>\n<li style='margin-bottom: 5px;'>Actualizaci\u00f3n por lotes<\/li>\n<li style='margin-bottom: 5px;'>Advertencia de eventos anormales<\/li>\n<\/ul><\/div>\n<\/p><\/div>\n<div style='flex: 1 1 250px; border: 1px solid rgba(150&comma; 150&comma; 150&comma; 0.4); border-radius: 8px; overflow: hidden; display: flex; flex-direction: column;'>\n<div style='padding: 15px; border-bottom: 1px solid rgba(150&comma; 150&comma; 150&comma; 0.2); font-weight: bold; font-size: 18px; color: inherit;'>Seguridad<\/div>\n<div style='padding: 15px; color: inherit;'>\n<ul style='padding-left: 20px; margin: 0; font-size: 14px; list-style-type: disc;'>\n<li style='margin-bottom: 5px;'>Enlace de puerto IP-MAC<\/li>\n<li style='margin-bottom: 5px;'>Enlace IPv6-MAC-Port<\/li>\n<li style='margin-bottom: 5px;'>Defensa DoS<\/li>\n<li style='margin-bottom: 5px;'>Hasta 64 direcciones MAC por puerto<\/li>\n<li style='margin-bottom: 5px;'>Aislamiento de puertos<\/li>\n<\/ul><\/div>\n<\/p><\/div>\n<div style='flex: 1 1 250px; border: 1px solid rgba(150&comma; 150&comma; 150&comma; 0.4); border-radius: 8px; overflow: hidden; display: flex; flex-direction: column;'>\n<div style='padding: 15px; border-bottom: 1px solid rgba(150&comma; 150&comma; 150&comma; 0.2); font-weight: bold; font-size: 18px; color: inherit;'>IPv6 \/ IPv4<\/div>\n<div style='padding: 15px; color: inherit;'>\n<p style='margin: 0;'>S\u00ed<\/p>\n<\/p><\/div>\n<\/p><\/div>\n<div style='flex: 1 1 250px; border: 1px solid rgba(150&comma; 150&comma; 150&comma; 0.4); border-radius: 8px; overflow: hidden; display: flex; flex-direction: column;'>\n<div style='padding: 15px; border-bottom: 1px solid rgba(150&comma; 150&comma; 150&comma; 0.2); font-weight: bold; font-size: 18px; color: inherit;'>Otros<\/div>\n<div style='padding: 15px; color: inherit;'>\n<ul style='padding-left: 20px; margin: 0; font-size: 14px; list-style-type: disc;'>\n<li style='margin-bottom: 5px;'><strong>Contenido del Paquete:<\/strong> TL-SG3428MP&comma; Cable de alimentaci\u00f3n&comma; Kit de montaje rack&comma; Patas de goma&comma; Gu\u00eda de instalaci\u00f3n<\/li>\n<li style='margin-bottom: 5px;'>Temperatura de operaci\u00f3n: 0 &#8211; 45\u00b0 C<\/li>\n<li style='margin-bottom: 5px;'>Certificaciones: CE&comma; FCC&comma; RoHS<\/li>\n<\/ul><\/div>\n<\/p><\/div>\n<\/p><\/div>\n<\/p><\/div>\n<\/p><\/div>\n","protected":false},"excerpt":{"rendered":"<p>Switch L2+ Omada PoE+ \/ 24 Puertos PoE+ 10\/100\/1000 Mbps \/ 4 Puertos SFP 1G \/ 2 Puertos Consola (RJ45 y microUSB) \/ Administraci\u00f3n Centralizada Omada o Stand-Alone \/ Multicast IGMP \/ Calidad de Servicio \/ Presupuesto PoE 384W \/ Montaje en Rack<\/p>\n","protected":false},"featured_media":112742,"comment_status":"open","ping_status":"closed","template":"","meta":[],"product_brand":[],"product_cat":[1986],"product_tag":[664,1987,71],"class_list":{"0":"post-112743","1":"product","2":"type-product","3":"status-publish","4":"has-post-thumbnail","6":"product_cat-switches-poe","7":"product_tag-networking","8":"product_tag-switches-poe","9":"product_tag-tp-link","11":"first","12":"instock","13":"sale","14":"shipping-taxable","15":"purchasable","16":"product-type-simple"},"_links":{"self":[{"href":"https:\/\/soydeaqui.ddns.net\/pachuca\/index.php\/wp-json\/wp\/v2\/product\/112743","targetHints":{"allow":["GET"]}}],"collection":[{"href":"https:\/\/soydeaqui.ddns.net\/pachuca\/index.php\/wp-json\/wp\/v2\/product"}],"about":[{"href":"https:\/\/soydeaqui.ddns.net\/pachuca\/index.php\/wp-json\/wp\/v2\/types\/product"}],"replies":[{"embeddable":true,"href":"https:\/\/soydeaqui.ddns.net\/pachuca\/index.php\/wp-json\/wp\/v2\/comments?post=112743"}],"wp:featuredmedia":[{"embeddable":true,"href":"https:\/\/soydeaqui.ddns.net\/pachuca\/index.php\/wp-json\/wp\/v2\/media\/112742"}],"wp:attachment":[{"href":"https:\/\/soydeaqui.ddns.net\/pachuca\/index.php\/wp-json\/wp\/v2\/media?parent=112743"}],"wp:term":[{"taxonomy":"product_brand","embeddable":true,"href":"https:\/\/soydeaqui.ddns.net\/pachuca\/index.php\/wp-json\/wp\/v2\/product_brand?post=112743"},{"taxonomy":"product_cat","embeddable":true,"href":"https:\/\/soydeaqui.ddns.net\/pachuca\/index.php\/wp-json\/wp\/v2\/product_cat?post=112743"},{"taxonomy":"product_tag","embeddable":true,"href":"https:\/\/soydeaqui.ddns.net\/pachuca\/index.php\/wp-json\/wp\/v2\/product_tag?post=112743"}],"curies":[{"name":"wp","href":"https:\/\/api.w.org\/{rel}","templated":true}]}}