{"id":112733,"date":"2026-03-20T21:59:11","date_gmt":"2026-03-20T21:59:11","guid":{"rendered":"https:\/\/soydeaqui.ddns.net\/pachuca\/index.php\/producto\/switch-de-escritorio-poe-no-administrable-8-puertos-10-100-1000-mbps-1-puertos-10-100-1000-mbps-uplink-1-puerto-sfp-63w\/"},"modified":"2026-03-20T21:59:20","modified_gmt":"2026-03-20T21:59:20","slug":"switch-de-escritorio-poe-no-administrable-8-puertos-10-100-1000-mbps-1-puertos-10-100-1000-mbps-uplink-1-puerto-sfp-63w","status":"publish","type":"product","link":"https:\/\/soydeaqui.ddns.net\/pachuca\/index.php\/producto\/switch-de-escritorio-poe-no-administrable-8-puertos-10-100-1000-mbps-1-puertos-10-100-1000-mbps-uplink-1-puerto-sfp-63w\/","title":{"rendered":"Switch de escritorio PoE+, no Administrable 8 puertos 10\/100\/1000 Mbps + 1 puertos 10\/100\/1000 Mbps (Uplink) + 1 puerto SFP, 63W"},"content":{"rendered":"<div style='width: 100%; max-width: 1200px; margin: 0 auto; font-family: sans-serif; line-height: 1.6; color: inherit; background-color: transparent;'> <!-- Contenedor principal con imagen y caracter\u00edsticas --> <\/p>\n<div style='display: flex; flex-wrap: wrap; gap: 30px; margin-bottom: 30px;'> <!-- Imagen principal --> <\/p>\n<div style='flex: 1 1 300px; min-width: 280px;'> <img style='width: 100%; height: auto; border: 1px solid rgba(150&comma;150&comma;150&comma;0.3); border-radius: 8px;' src='https:\/\/ftp3.syscom.mx\/usuarios\/fotos\/TLSG1210P\/193870-tl-sg1210p(un)\u00e8\u0192\u0152\u00e9\u009d\u00a2_normal_1576475519591n.jpg' alt=''> <\/div>\n<p> <!-- Descripci\u00f3n breve --> <\/p>\n<div style='flex: 1 1 300px; min-width: 280px;'>\n<h3 style='font-size: 22px; border-bottom: 2px solid currentColor; padding-bottom: 5px; margin-top: 0; color: inherit; opacity: 0.8;'>Switch de escritorio 10-Puertos Gigabit con 8 Puertos PoE+<\/h3>\n<ul style='padding-left: 20px; font-size: 15px; color: inherit;'>\n<li style='margin-bottom: 5px;'><strong>9 Puertos<\/strong> 10\/100\/1000Mbps RJ45&comma; 1 Puerto SFP Gigabit<\/li>\n<li style='margin-bottom: 5px;'><strong>Con 8 puertos PoE+<\/strong> transfiere datos y energ\u00eda en un solo cable<\/li>\n<li style='margin-bottom: 5px;'><strong>Compatible con equipos de est\u00e1ndar IEEE 802.3af\/at<\/strong> expande la red dom\u00e9stica y de la oficina<\/li>\n<li style='margin-bottom: 5px;'><strong>802.1p\/DSCP QoS<\/strong> permite una gran suavidad con el tr\u00e1fico sensible a la latencia<\/li>\n<li style='margin-bottom: 5px;'><strong>Energ\u00eda PoE hasta 30W por puerto<\/strong> y un total de 63W para todos los puertos<\/li>\n<li style='margin-bottom: 5px;'><strong>F\u00e1cil de usar<\/strong> sin necesidad de configuraci\u00f3n o instalaci\u00f3n<\/li>\n<\/ul><\/div>\n<\/p><\/div>\n<p> <!-- Secci\u00f3n de especificaciones con cards --> <\/p>\n<div style='display: flex; flex-wrap: wrap; gap: 20px; margin-bottom: 30px;'> <!-- Caracter\u00edsticas principales --> <\/p>\n<div style='flex: 1 1 250px; border: 1px solid rgba(150&comma; 150&comma; 150&comma; 0.4); border-radius: 8px; overflow: hidden; display: flex; flex-direction: column;'>\n<div style='padding: 15px; border-bottom: 1px solid rgba(150&comma; 150&comma; 150&comma; 0.2); font-weight: bold; font-size: 18px; color: inherit;'>Caracter\u00edsticas principales<\/div>\n<div style='padding: 15px; color: inherit;'>\n<ul style='padding-left: 20px; margin: 0; font-size: 14px; list-style-type: disc;'>\n<li style='margin-bottom: 5px;'><strong>Est\u00e1ndar:<\/strong> compatible con 802.3af \/at<\/li>\n<li style='margin-bottom: 5px;'><strong>Puertos PoE:<\/strong> 8 puertos<\/li>\n<li style='margin-bottom: 5px;'><strong>Suministro PoE total:<\/strong> 63 W<\/li>\n<li style='margin-bottom: 5px;'><strong>Puerto SFP:<\/strong> 1 (combo)<\/li>\n<li style='margin-bottom: 5px;'><strong>Puertos RJ45:<\/strong> 9 puertos 10\/100\/1000 Mbps<\/li>\n<li style='margin-bottom: 5px;'><strong>Funciones:<\/strong> Negociaci\u00f3n autom\u00e1tica \/ Auto MDI \/ MDIX<\/li>\n<li style='margin-bottom: 5px;'><strong>Capacidad de Conmutaci\u00f3n:<\/strong> 20 Gbps<\/li>\n<li style='margin-bottom: 5px;'><strong>Tasa de Reenv\u00edo de Paquetes:<\/strong> 14.88 Mpps<\/li>\n<li style='margin-bottom: 5px;'><strong>Tabla de Direcciones MAC:<\/strong> 4K<\/li>\n<li style='margin-bottom: 5px;'><strong>Jumbo Frame:<\/strong> 16KB<\/li>\n<\/ul><\/div>\n<\/p><\/div>\n<p> <!-- Caracter\u00edsticas f\u00edsicas y el\u00e9ctricas --> <\/p>\n<div style='flex: 1 1 250px; border: 1px solid rgba(150&comma; 150&comma; 150&comma; 0.4); border-radius: 8px; overflow: hidden; display: flex; flex-direction: column;'>\n<div style='padding: 15px; border-bottom: 1px solid rgba(150&comma; 150&comma; 150&comma; 0.2); font-weight: bold; font-size: 18px; color: inherit;'>Caracter\u00edsticas F\u00edsicas y El\u00e9ctricas<\/div>\n<div style='padding: 15px; color: inherit;'>\n<ul style='padding-left: 20px; margin: 0; font-size: 14px; list-style-type: disc;'>\n<li style='margin-bottom: 5px;'><strong>Dimensiones:<\/strong> 209 x 126 x 26 mm<\/li>\n<li style='margin-bottom: 5px;'><strong>Montaje:<\/strong> Montaje en escritorio<\/li>\n<li style='margin-bottom: 5px;'><strong>Consumo de Potencia M\u00e1ximo:<\/strong> 7.11 W with no PD connected&comma; 78.13 W with 63 W PD connected<\/li>\n<li style='margin-bottom: 5px;'><strong>Max Heat Dissipation:<\/strong> 24.25 BTU\/h (with no PD connected)&comma; 266.42 BTU\/h (with 163 W PD connected)<\/li>\n<li style='margin-bottom: 5px;'><strong>Temperatura de Funcionamiento:<\/strong> 0\u00b0C~50\u00b0C (32\u00b0F~104\u00b0F)<\/li>\n<li style='margin-bottom: 5px;'><strong>Temperatura de Almacenamiento:<\/strong> -40\u00b0C~70\u00b0C (-40\u00b0F~158\u00b0F)<\/li>\n<li style='margin-bottom: 5px;'><strong>Humedad de Funcionamiento:<\/strong> 10%~90% sin condensaci\u00f3n<\/li>\n<li style='margin-bottom: 5px;'><strong>Humedad de Almacenamiento:<\/strong> 5%~90% sin condensaci\u00f3n<\/li>\n<\/ul><\/div>\n<\/p><\/div>\n<p> <!-- Contenido del paquete --> <\/p>\n<div style='flex: 1 1 250px; border: 1px solid rgba(150&comma; 150&comma; 150&comma; 0.4); border-radius: 8px; overflow: hidden; display: flex; flex-direction: column;'>\n<div style='padding: 15px; border-bottom: 1px solid rgba(150&comma; 150&comma; 150&comma; 0.2); font-weight: bold; font-size: 18px; color: inherit;'>Contenido<\/div>\n<div style='padding: 15px; color: inherit;'>\n<ul style='padding-left: 20px; margin: 0; font-size: 14px; list-style-type: disc;'>\n<li style='margin-bottom: 5px;'>TL-SG1210P<\/li>\n<li style='margin-bottom: 5px;'>Fuente de alimentaci\u00f3n<\/li>\n<li style='margin-bottom: 5px;'>Gu\u00eda de instalaci\u00f3n<\/li>\n<\/ul><\/div>\n<\/p><\/div>\n<\/p><\/div>\n<p> <!-- Im\u00e1genes adicionales --> <\/p>\n<div style='display: flex; flex-wrap: wrap; gap: 15px; margin-bottom: 30px;'>\n<div style='flex: 1 1 300px; min-width: 280px;'> <img style='width: 100%; height: auto; border: 1px solid rgba(150&comma;150&comma;150&comma;0.3); border-radius: 8px;' src='https:\/\/ftp3.syscom.mx\/usuarios\/fotos\/TLSG1210P\/193870-captura_de_pantalla_2021-02-12_a_la(s)_11.53.59.png' alt=''> <\/div>\n<div style='flex: 1 1 300px; min-width: 280px;'> <img style='width: 100%; height: auto; border: 1px solid rgba(150&comma;150&comma;150&comma;0.3); border-radius: 8px;' src='https:\/\/ftp3.syscom.mx\/usuarios\/fotos\/TLSG1210P\/193870-captura_de_pantalla_2021-02-12_a_la(s)_11.54.10.png' alt=''> <\/div>\n<div style='flex: 1 1 300px; min-width: 280px;'> <img style='width: 100%; height: auto; border: 1px solid rgba(150&comma;150&comma;150&comma;0.3); border-radius: 8px;' src='https:\/\/ftp3.syscom.mx\/usuarios\/fotos\/TLSG1210P\/193870-captura_de_pantalla_2021-02-12_a_la(s)_11.54.20.png' alt=''> <\/div>\n<div style='flex: 1 1 300px; min-width: 280px;'> <img style='width: 100%; height: auto; border: 1px solid rgba(150&comma;150&comma;150&comma;0.3); border-radius: 8px;' src='https:\/\/ftp3.syscom.mx\/usuarios\/fotos\/TLSG1210P\/193870-captura_de_pantalla_2021-02-12_a_la(s)_11.54.33.png' alt=''> <\/div>\n<\/p><\/div>\n<\/p><\/div>\n","protected":false},"excerpt":{"rendered":"<p>Switch de escritorio PoE+, no Administrable 8 puertos 10\/100\/1000 Mbps + 1 puertos 10\/100\/1000 Mbps (Uplink) + 1 puerto SFP, 63W<\/p>\n","protected":false},"featured_media":112732,"comment_status":"open","ping_status":"closed","template":"","meta":[],"product_brand":[],"product_cat":[1986],"product_tag":[664,1987,71],"class_list":{"0":"post-112733","1":"product","2":"type-product","3":"status-publish","4":"has-post-thumbnail","6":"product_cat-switches-poe","7":"product_tag-networking","8":"product_tag-switches-poe","9":"product_tag-tp-link","11":"first","12":"instock","13":"sale","14":"shipping-taxable","15":"purchasable","16":"product-type-simple"},"_links":{"self":[{"href":"https:\/\/soydeaqui.ddns.net\/pachuca\/index.php\/wp-json\/wp\/v2\/product\/112733","targetHints":{"allow":["GET"]}}],"collection":[{"href":"https:\/\/soydeaqui.ddns.net\/pachuca\/index.php\/wp-json\/wp\/v2\/product"}],"about":[{"href":"https:\/\/soydeaqui.ddns.net\/pachuca\/index.php\/wp-json\/wp\/v2\/types\/product"}],"replies":[{"embeddable":true,"href":"https:\/\/soydeaqui.ddns.net\/pachuca\/index.php\/wp-json\/wp\/v2\/comments?post=112733"}],"wp:featuredmedia":[{"embeddable":true,"href":"https:\/\/soydeaqui.ddns.net\/pachuca\/index.php\/wp-json\/wp\/v2\/media\/112732"}],"wp:attachment":[{"href":"https:\/\/soydeaqui.ddns.net\/pachuca\/index.php\/wp-json\/wp\/v2\/media?parent=112733"}],"wp:term":[{"taxonomy":"product_brand","embeddable":true,"href":"https:\/\/soydeaqui.ddns.net\/pachuca\/index.php\/wp-json\/wp\/v2\/product_brand?post=112733"},{"taxonomy":"product_cat","embeddable":true,"href":"https:\/\/soydeaqui.ddns.net\/pachuca\/index.php\/wp-json\/wp\/v2\/product_cat?post=112733"},{"taxonomy":"product_tag","embeddable":true,"href":"https:\/\/soydeaqui.ddns.net\/pachuca\/index.php\/wp-json\/wp\/v2\/product_tag?post=112733"}],"curies":[{"name":"wp","href":"https:\/\/api.w.org\/{rel}","templated":true}]}}