{"id":112723,"date":"2026-03-20T21:58:34","date_gmt":"2026-03-20T21:58:34","guid":{"rendered":"https:\/\/soydeaqui.ddns.net\/pachuca\/index.php\/producto\/matricial-4-x-4-4-entradas-y-4-salidas-en-hdmi-4k-x-2k-60hz-18gbps-hdmi-2-0-hdcp-2-2-3d-conmutacion-por-boton-rs232-o-control-remoto-ideal-para-centros-de-monitoreo-comparaci\/"},"modified":"2026-03-20T21:58:55","modified_gmt":"2026-03-20T21:58:55","slug":"matricial-4-x-4-4-entradas-y-4-salidas-en-hdmi-4k-x-2k-60hz-18gbps-hdmi-2-0-hdcp-2-2-3d-conmutacion-por-boton-rs232-o-control-remoto-ideal-para-centros-de-monitoreo-comparaci","status":"publish","type":"product","link":"https:\/\/soydeaqui.ddns.net\/pachuca\/index.php\/producto\/matricial-4-x-4-4-entradas-y-4-salidas-en-hdmi-4k-x-2k-60hz-18gbps-hdmi-2-0-hdcp-2-2-3d-conmutacion-por-boton-rs232-o-control-remoto-ideal-para-centros-de-monitoreo-comparaci\/","title":{"rendered":"MATRICIAL 4 x 4 \/ 4 Entradas y 4 Salidas en HDMI \/  4K \u00d7 2K @ 60Hz \/ 18Gbps \/ HDMI 2.0 \/ HDCP 2.2 \/ 3D \/ Conmutaci\u00f3n por Bot\u00f3n, RS232 o Control Remoto \/ IDEAL PARA CENTROS DE MONITOREO, COMPARACION Y ANALISIS."},"content":{"rendered":"<div style='width: 100%; max-width: 1200px; margin: 0 auto; font-family: sans-serif; line-height: 1.6; color: inherit; background-color: transparent;'> <!-- Secci\u00f3n principal con imagen y descripci\u00f3n --> <\/p>\n<div style='display: flex; flex-wrap: wrap; gap: 30px; margin-bottom: 30px;'>\n<div style='flex: 1 1 300px; min-width: 280px;'> <img style='width: 100%; height: auto; border: 1px solid rgba(150&comma;150&comma;150&comma;0.3); border-radius: 8px;' src='http:\/\/ftp3.syscom.mx\/usuarios\/hallende\/EPCOM%20Titanium\/TT-414-V2.0\/TT414.jpg' alt=''> <\/div>\n<div style='flex: 1 1 300px; min-width: 280px;'>\n<h2 style='font-size: 24px; margin-top: 0; color: inherit;'>Matricial de Video HDMI 4 x 4 \/ 4 Entradas y 4 Salidas en HDMI<\/h2>\n<p style='font-size: 15px; color: inherit;'> La matriz de conmutaci\u00f3n HDMI TT-414-V2.0 de epcom TITANIUM proporciona un enrutamiento de alto rendimiento de se\u00f1ales HDMI a m\u00faltiples dispositivos de visualizaci\u00f3n 4 entradas HDMI y 4 Salidas HDMI (4 X 4)&comma; se adaptan a la conexi\u00f3n simult\u00e1nea hasta 4 fuentes de video de alta definici\u00f3n&comma; como NVR&comma; DVR&comma; PC&comma; as\u00ed como cualquier equipo fuente que cuente con HDMI. Las 4 salidas HDMI env\u00edan se\u00f1ales de audio \/ video de alta definici\u00f3n a 4 pantallas HDTV. Cumplen las especificaciones HDMI&comma; incluyendo tasas de datos de hasta 18Gbps&comma; resoluci\u00f3n 4K a 60 Hz y formatos de audio DTS-HD\/Dolby-true HD\/LPCM7.1\/DTS\/Dolby-AC3\/DSD sin p\u00e9rdida. Las matrices de conmutaci\u00f3n HDMI de epcom Titanium est\u00e1n dise\u00f1adas con tecnolog\u00edas inteligentes que ayudan a los integradores a garantizar un funcionamiento fiable del sistema y la compatibilidad entre dispositivos digitales. <\/p>\n<p style='font-size: 15px; color: inherit;'> Este conmutador de matriz admite control por botones frontales&comma; control remoto IR control y RS232 para conmutar entradas y salidas. Este producto es perfecto para sistema de seguridad&comma; comparaci\u00f3n y an\u00e1lisis&comma; sistema de monitoreo digital&comma; sistema de educaci\u00f3n escolar&comma; centro de exposiciones&comma; conferencia multimedia&comma; sistema de mando&comma; etc. <\/p>\n<\/p><\/div>\n<\/p><\/div>\n<p> <!-- Secci\u00f3n de cards con especificaciones --> <\/p>\n<div style='display: flex; flex-wrap: wrap; gap: 20px; margin-bottom: 30px;'>\n<div style='flex: 1 1 250px; border: 1px solid rgba(150&comma; 150&comma; 150&comma; 0.4); border-radius: 8px; overflow: hidden; display: flex; flex-direction: column;'>\n<div style='padding: 15px; border-bottom: 1px solid rgba(150&comma; 150&comma; 150&comma; 0.2); font-weight: bold; font-size: 18px; color: inherit;'>Caracter\u00edsticas Principales:<\/div>\n<div style='padding: 15px; color: inherit;'>\n<ul style='padding-left: 20px; margin: 0; font-size: 14px; list-style-type: disc; color: inherit;'>\n<li style='margin-bottom: 5px;'><strong>Soporta 4 entradas de se\u00f1al HDMI y 4 salidas de se\u00f1al HDMI.<\/strong><\/li>\n<li style='margin-bottom: 5px;'><strong>Admite resoluciones de hasta 4K @ 60Hz Ultra HD.<\/strong><\/li>\n<li style='margin-bottom: 5px;'>Cambie f\u00e1cilmente entre cualquiera de las fuentes HDMI.<\/li>\n<li style='margin-bottom: 5px;'><strong>Diferentes modos de conmutaci\u00f3n: a distancia (con control remoto)&comma; RS232 o manual (mediante bot\u00f3n del dispositivo).<\/strong><\/li>\n<li style='margin-bottom: 5px;'>Longitud del cable HDMI de entrada \u22645m Cable HDMI 2.0 (AWG26); \u226410m Cable HDMI 2.0 (AWG23).<\/li>\n<li style='margin-bottom: 5px;'>Longitud del cable HDMI de salida \u22645m Cable HDMI 2.0 (AWG26); \u226410m Cable HDMI 2.0 (AWG23).<\/li>\n<li style='margin-bottom: 5px;'>Control por bot\u00f3n frontal para conmutar entradas \/ salidas.<\/li>\n<li style='margin-bottom: 5px;'>Soporta control remoto IR.<\/li>\n<li style='margin-bottom: 5px;'>Soporta control por RS232.<\/li>\n<\/ul><\/div>\n<\/p><\/div>\n<div style='flex: 1 1 250px; border: 1px solid rgba(150&comma; 150&comma; 150&comma; 0.4); border-radius: 8px; overflow: hidden; display: flex; flex-direction: column;'>\n<div style='padding: 15px; border-bottom: 1px solid rgba(150&comma; 150&comma; 150&comma; 0.2); font-weight: bold; font-size: 18px; color: inherit;'>Caracter\u00edsticas F\u00edsicas y El\u00e9ctricas:<\/div>\n<div style='padding: 15px; color: inherit;'>\n<ul style='padding-left: 20px; margin: 0; font-size: 14px; list-style-type: disc; color: inherit;'>\n<li style='margin-bottom: 5px; color: #0000FF; background-color: transparent;'>Alimentaci\u00f3n incluida de 12 Vcc&comma; 2 A.<\/li>\n<li style='margin-bottom: 5px;'>Potencia de consumo 20W.<\/li>\n<li style='margin-bottom: 5px;'>Dimensiones: 429.8(L) x 170.7(W) x 28.0(H)mm.<\/li>\n<li style='margin-bottom: 5px;'>Peso 1.65 Kg.<\/li>\n<li style='margin-bottom: 5px;'>Temperatura de operaci\u00f3n 0~60\u00b0C.<\/li>\n<li style='margin-bottom: 5px;'>Temperatura de almacenamiento -20~70\u00e2\u201e\u0192.<\/li>\n<li style='margin-bottom: 5px;'>Color Negro.<\/li>\n<li style='margin-bottom: 5px;'>Carcasa metalica para una mejor disipacion del calor.<\/li>\n<li style='margin-bottom: 5px;'><strong>1 A\u00f1o de Garant\u00eda por defectos de fabricaci\u00f3n.<\/strong><\/li>\n<\/ul><\/div>\n<\/p><\/div>\n<div style='flex: 1 1 250px; border: 1px solid rgba(150&comma; 150&comma; 150&comma; 0.4); border-radius: 8px; overflow: hidden; display: flex; flex-direction: column;'>\n<div style='padding: 15px; border-bottom: 1px solid rgba(150&comma; 150&comma; 150&comma; 0.2); font-weight: bold; font-size: 18px; color: inherit;'>Caracter\u00edsticas Destacadas:<\/div>\n<div style='padding: 15px; color: inherit;'>\n<ul style='padding-left: 20px; margin: 0; font-size: 14px; list-style-type: disc; color: inherit;'>\n<li style='margin-bottom: 5px;'>Soporta HDMI1.4&comma;HDMI2.0<\/li>\n<li style='margin-bottom: 5px;'>Soporta HDCP 1.4&comma; HDCP 2.0<\/li>\n<li style='margin-bottom: 5px;'>Compatible con HDMI 3D<\/li>\n<li style='margin-bottom: 5px;'>Plug and Play&comma; facil de usar.<\/li>\n<li style='margin-bottom: 5px;'>Soporta mayor ancho de banda 600MHz.<\/li>\n<li style='margin-bottom: 5px;'>Velocidad de transmisi\u00f3n 18Gbps.<\/li>\n<li style='margin-bottom: 5px;'>Soporta control por boton&comma; IR y RS232.<\/li>\n<li style='margin-bottom: 5px;'>Soporta formatos de audio DTS-HD\/Dolby-true HD\/LPCM7.1\/DTS\/Dolby-AC3\/DSD.<\/li>\n<li style='margin-bottom: 5px;'>Incluye control remoto y orejas para rack.<\/li>\n<li style='margin-bottom: 5px;'>El control remoto&comma; no incluye la bater\u00eda&comma; el modelo sugerido es: <a style='color: #fc1e0a; text-decoration: none;' href='https:\/\/www.syscom.mx\/producto\/CR2025-EPCOM-POWERLINE-13901.html' target='_blank' rel='noopener'>CR2025;<\/a><\/li>\n<li style='margin-bottom: 5px;'>Descarga el software para control por RS232 dando click <a style='color: #fc1e0a; text-decoration: none;' href='https:\/\/ftp3.syscom.mx\/usuarios\/ftp\/2020\/08\/06\/807ec\/Matrix_En.exe' target='_blank' rel='noopener'>Aqu\u00ed<\/a><\/li>\n<li style='margin-bottom: 5px;'>Guia de configuracion por RS232 de click aqui<\/li>\n<\/ul><\/div>\n<\/p><\/div>\n<\/p><\/div>\n<p> <!-- Imagen adicional --> <\/p>\n<div style='margin: 30px 0;'> <img style='width: 100%; height: auto; border: 1px solid rgba(150&comma;150&comma;150&comma;0.3); border-radius: 8px;' src='http:\/\/ftp3.syscom.mx\/usuarios\/hallende\/EPCOM%20Titanium\/TT-414-V2.0\/TT-414-V2.0%20Esp.jpg' alt=''> <\/div>\n<p> <!-- Video embebido --> <\/p>\n<div style='position: relative; padding-bottom: 56.25%; height: 0; overflow: hidden; margin-bottom: 30px;'>   <\/div>\n<p> <!-- Separador final --> <\/p>\n<hr style='border: 0; border-top: 1px solid rgba(150&comma; 150&comma; 150&comma; 0.3); margin: 30px 0;'> <\/div>\n","protected":false},"excerpt":{"rendered":"<p>MATRICIAL 4 x 4 \/ 4 Entradas y 4 Salidas en HDMI \/  4K \u00d7 2K @ 60Hz \/ 18Gbps \/ HDMI 2.0 \/ HDCP 2.2 \/ 3D \/ Conmutaci\u00f3n por Bot\u00f3n, RS232 o Control Remoto \/ IDEAL PARA CENTROS DE MONITOREO, COMPARACION Y ANALISIS.<\/p>\n","protected":false},"featured_media":112722,"comment_status":"open","ping_status":"closed","template":"","meta":[],"product_brand":[],"product_cat":[2073,2074,2077,2075,2072,2076],"product_tag":[417,2079,2080,2083,507,2081,2078,2082],"class_list":{"0":"post-112723","1":"product","2":"type-product","3":"status-publish","4":"has-post-thumbnail","6":"product_cat-convertidores","7":"product_cat-divisores","8":"product_cat-dvi","9":"product_cat-hdmi","10":"product_cat-kits-extensores","11":"product_cat-vga","12":"product_tag-accesorios-generales","13":"product_tag-convertidores","14":"product_tag-divisores","15":"product_tag-dvi","16":"product_tag-epcom-titanium","17":"product_tag-hdmi","18":"product_tag-kits-extensores","19":"product_tag-vga","21":"first","22":"outofstock","23":"sale","24":"shipping-taxable","25":"purchasable","26":"product-type-simple"},"_links":{"self":[{"href":"https:\/\/soydeaqui.ddns.net\/pachuca\/index.php\/wp-json\/wp\/v2\/product\/112723","targetHints":{"allow":["GET"]}}],"collection":[{"href":"https:\/\/soydeaqui.ddns.net\/pachuca\/index.php\/wp-json\/wp\/v2\/product"}],"about":[{"href":"https:\/\/soydeaqui.ddns.net\/pachuca\/index.php\/wp-json\/wp\/v2\/types\/product"}],"replies":[{"embeddable":true,"href":"https:\/\/soydeaqui.ddns.net\/pachuca\/index.php\/wp-json\/wp\/v2\/comments?post=112723"}],"wp:featuredmedia":[{"embeddable":true,"href":"https:\/\/soydeaqui.ddns.net\/pachuca\/index.php\/wp-json\/wp\/v2\/media\/112722"}],"wp:attachment":[{"href":"https:\/\/soydeaqui.ddns.net\/pachuca\/index.php\/wp-json\/wp\/v2\/media?parent=112723"}],"wp:term":[{"taxonomy":"product_brand","embeddable":true,"href":"https:\/\/soydeaqui.ddns.net\/pachuca\/index.php\/wp-json\/wp\/v2\/product_brand?post=112723"},{"taxonomy":"product_cat","embeddable":true,"href":"https:\/\/soydeaqui.ddns.net\/pachuca\/index.php\/wp-json\/wp\/v2\/product_cat?post=112723"},{"taxonomy":"product_tag","embeddable":true,"href":"https:\/\/soydeaqui.ddns.net\/pachuca\/index.php\/wp-json\/wp\/v2\/product_tag?post=112723"}],"curies":[{"name":"wp","href":"https:\/\/api.w.org\/{rel}","templated":true}]}}