{"id":112695,"date":"2026-03-20T21:57:02","date_gmt":"2026-03-20T21:57:02","guid":{"rendered":"https:\/\/soydeaqui.ddns.net\/pachuca\/index.php\/producto\/pinza-de-electricista-alta-palanca-de-9-pulgadas-2\/"},"modified":"2026-03-20T21:57:07","modified_gmt":"2026-03-20T21:57:07","slug":"pinza-de-electricista-alta-palanca-de-9-pulgadas-2","status":"publish","type":"product","link":"https:\/\/soydeaqui.ddns.net\/pachuca\/index.php\/producto\/pinza-de-electricista-alta-palanca-de-9-pulgadas-2\/","title":{"rendered":"Pinza de Electricista Alta Palanca de 9 Pulgadas."},"content":{"rendered":"<div style='width: 100%; max-width: 1200px; margin: 0 auto; font-family: sans-serif; line-height: 1.6; color: inherit; background-color: transparent;'>\n<div style='display: flex; flex-wrap: wrap; gap: 30px; margin-bottom: 30px;'>\n<div style='flex: 1 1 300px; min-width: 280px;'>\n<h3 style='font-size: 22px; border-bottom: 2px solid currentColor; padding-bottom: 5px; margin-top: 0; color: inherit; opacity: 0.8;'>Caracter\u00edsticas<\/h3>\n<ul style='padding-left: 20px; font-size: 15px; color: inherit;'>\n<li style='margin-bottom: 5px;'><span style='font-size: 10pt; font-family: verdana&comma; geneva&comma; sans-serif;'>Dise\u00f1o de alta palanca.<\/span><\/li>\n<li style='margin-bottom: 5px;'><span style='font-size: 10pt; font-family: verdana&comma; geneva&comma; sans-serif;'>Remache m\u00e1s pr\u00f3ximo al filo de corte para proporcionar 46 % m\u00e1s potencia de corte y agarre que otros dise\u00f1os de pinzas.<\/span><\/li>\n<li style='margin-bottom: 5px;'><span style='font-size: 10pt; font-family: verdana&comma; geneva&comma; sans-serif;'>Cuchillas de corte templadas por inducci\u00f3n para brindar una vida \u00fatil prolongada.<\/span><\/li>\n<li style='margin-bottom: 5px;'><span style='font-size: 10pt; font-family: verdana&comma; geneva&comma; sans-serif;'>Uni\u00f3n remachada en caliente que garantiza una acci\u00f3n uniforme sin bamboleo del mango.<\/span><\/li>\n<li style='margin-bottom: 5px;'><span style='font-size: 10pt; font-family: verdana&comma; geneva&comma; sans-serif;'>El templado exclusivo del mango ayuda a absorber el \u201cchasquido\u201d al cortar el cable.<\/span><\/li>\n<li style='margin-bottom: 5px;'><span style='font-size: 10pt; font-family: verdana&comma; geneva&comma; sans-serif;'>Cubierta pl\u00e1stica inyectada bimaterial de ultima tecnologia; suaves en las partes que entran en contacto con las manos&comma; duro en puntas e interior para durabilidad; presentan ademas unos topes que previenen el deslizamiento de la mano durante su uso.<\/span><\/li>\n<li style='margin-bottom: 5px;'><span style='font-size: 10pt; font-family: verdana&comma; geneva&comma; sans-serif;'>Cabeza de la pinza templada a precisi\u00f3n para trabajos dif\u00edciles.<\/span><\/li>\n<\/ul><\/div>\n<\/p><\/div>\n<div style='display: flex; flex-wrap: wrap; gap: 20px; margin-bottom: 30px;'>\n<div style='flex: 1 1 250px; border: 1px solid rgba(150&comma; 150&comma; 150&comma; 0.4); border-radius: 8px; overflow: hidden; display: flex; flex-direction: column;'>\n<div style='padding: 15px; border-bottom: 1px solid rgba(150&comma; 150&comma; 150&comma; 0.2); font-weight: bold; font-size: 18px; color: inherit;'>Dimensiones<\/div>\n<div style='padding: 15px; color: inherit;'>\n<ul style='padding-left: 20px; margin: 0; font-size: 14px; list-style-type: disc;'>\n<li style='margin-bottom: 5px;'><span style='font-size: 10pt; font-family: verdana&comma; geneva&comma; sans-serif;'>Largo total: 9&#8242; (228 mm)<\/span><\/li>\n<li style='margin-bottom: 5px;'><span style='font-size: 10pt; font-family: verdana&comma; geneva&comma; sans-serif;'>Largo cabeza: 1.59&#8242; (40 mm)<\/span><\/li>\n<li style='margin-bottom: 5px;'><span style='font-size: 10pt; font-family: verdana&comma; geneva&comma; sans-serif;'>Ancho cabeza: 1.28&#8242; (32 mm)<\/span><\/li>\n<li style='margin-bottom: 5px;'><span style='font-size: 10pt; font-family: verdana&comma; geneva&comma; sans-serif;'>Grosor cabeza: 0.62&#8242; (16 mm)<\/span><\/li>\n<li style='margin-bottom: 5px;'><span style='font-size: 10pt; font-family: verdana&comma; geneva&comma; sans-serif;'>Largo cuchilla: 0.79&#8242; (20 mm)<\/span><\/li>\n<li style='margin-bottom: 5px;'><span style='font-size: 10pt; font-family: verdana&comma; geneva&comma; sans-serif;'>Acabado mango: bimaterial<\/span><\/li>\n<li style='margin-bottom: 5px;'><span style='font-family: verdana&comma; geneva&comma; sans-serif; font-size: 10pt;'>Color mango: azul\/negro<\/span><\/li>\n<li style='margin-bottom: 5px;'><span style='font-size: 10pt; font-family: verdana&comma; geneva&comma; sans-serif;'>Peso: 0.521 kg<\/span><\/li>\n<\/ul><\/div>\n<\/p><\/div>\n<\/p><\/div>\n<hr style='border: 0; border-top: 1px solid rgba(150&comma; 150&comma; 150&comma; 0.3); margin: 30px 0;'> <\/div>\n","protected":false},"excerpt":{"rendered":"<p>Pinza de Electricista Alta Palanca de 9 Pulgadas.<\/p>\n","protected":false},"featured_media":112694,"comment_status":"open","ping_status":"closed","template":"","meta":[],"product_brand":[],"product_cat":[24],"product_tag":[26,25,432],"class_list":{"0":"post-112695","1":"product","2":"type-product","3":"status-publish","4":"has-post-thumbnail","6":"product_cat-accesorios-de-instalacion","7":"product_tag-accesorios-de-instalacion","8":"product_tag-herramientas","9":"product_tag-klein-tools","11":"first","12":"instock","13":"sale","14":"shipping-taxable","15":"purchasable","16":"product-type-simple"},"_links":{"self":[{"href":"https:\/\/soydeaqui.ddns.net\/pachuca\/index.php\/wp-json\/wp\/v2\/product\/112695","targetHints":{"allow":["GET"]}}],"collection":[{"href":"https:\/\/soydeaqui.ddns.net\/pachuca\/index.php\/wp-json\/wp\/v2\/product"}],"about":[{"href":"https:\/\/soydeaqui.ddns.net\/pachuca\/index.php\/wp-json\/wp\/v2\/types\/product"}],"replies":[{"embeddable":true,"href":"https:\/\/soydeaqui.ddns.net\/pachuca\/index.php\/wp-json\/wp\/v2\/comments?post=112695"}],"wp:featuredmedia":[{"embeddable":true,"href":"https:\/\/soydeaqui.ddns.net\/pachuca\/index.php\/wp-json\/wp\/v2\/media\/112694"}],"wp:attachment":[{"href":"https:\/\/soydeaqui.ddns.net\/pachuca\/index.php\/wp-json\/wp\/v2\/media?parent=112695"}],"wp:term":[{"taxonomy":"product_brand","embeddable":true,"href":"https:\/\/soydeaqui.ddns.net\/pachuca\/index.php\/wp-json\/wp\/v2\/product_brand?post=112695"},{"taxonomy":"product_cat","embeddable":true,"href":"https:\/\/soydeaqui.ddns.net\/pachuca\/index.php\/wp-json\/wp\/v2\/product_cat?post=112695"},{"taxonomy":"product_tag","embeddable":true,"href":"https:\/\/soydeaqui.ddns.net\/pachuca\/index.php\/wp-json\/wp\/v2\/product_tag?post=112695"}],"curies":[{"name":"wp","href":"https:\/\/api.w.org\/{rel}","templated":true}]}}