{"id":112682,"date":"2026-03-20T21:56:15","date_gmt":"2026-03-20T21:56:15","guid":{"rendered":"https:\/\/soydeaqui.ddns.net\/pachuca\/index.php\/producto\/pinza-de-extension-de-12-pulgadas-ajuste-rapido\/"},"modified":"2026-03-20T21:56:31","modified_gmt":"2026-03-20T21:56:31","slug":"pinza-de-extension-de-12-pulgadas-ajuste-rapido","status":"publish","type":"product","link":"https:\/\/soydeaqui.ddns.net\/pachuca\/index.php\/producto\/pinza-de-extension-de-12-pulgadas-ajuste-rapido\/","title":{"rendered":"Pinza de Extensi\u00f3n de 12 pulgadas, Ajuste R\u00e1pido."},"content":{"rendered":"<div style='width: 100%; max-width: 1200px; margin: 0 auto; font-family: sans-serif; line-height: 1.6; color: inherit; background-color: transparent;'>\n<div style='display: flex; flex-wrap: wrap; gap: 30px; margin-bottom: 30px;'>\n<div style='flex: 1 1 300px; min-width: 280px;'>\n<h3 style='font-size: 22px; border-bottom: 2px solid currentColor; padding-bottom: 5px; margin-top: 0; color: inherit; opacity: 0.8;'>Caracter\u00edsticas<\/h3>\n<ul style='padding-left: 20px; font-size: 15px; color: inherit;'>\n<li style='margin-bottom: 5px; font-family: Verdana&comma; Helvetica&comma; sans-serif; font-size: 14px;'><span style='font-family: verdana&comma; geneva&comma; sans-serif; font-size: 10pt;'>Dise\u00f1o exclusivo de mordazas que proporciona varios puntos de contacto para m\u00e1xima torsi\u00f3n.<\/span><\/li>\n<li style='margin-bottom: 5px; font-family: Verdana&comma; Helvetica&comma; sans-serif; font-size: 14px;'><span style='font-family: verdana&comma; geneva&comma; sans-serif; font-size: 10pt;'>Bot\u00f3n pulsador y caracter\u00edstica de matraca r\u00e1pida que permite un ajuste f\u00e1cil y r\u00e1pido en cualquier posici\u00f3n.<\/span><\/li>\n<li style='margin-bottom: 5px; font-family: Verdana&comma; Helvetica&comma; sans-serif; font-size: 14px;'><span style='font-family: verdana&comma; geneva&comma; sans-serif; font-size: 10pt;'>Dise\u00f1o compacto y angosto para facilitar el trabajo en espacios peque\u00f1os o de dif\u00edcil acceso.<\/span><\/li>\n<li style='margin-bottom: 5px; font-family: Verdana&comma; Helvetica&comma; sans-serif; font-size: 14px;'><span style='font-family: verdana&comma; geneva&comma; sans-serif; font-size: 10pt;'>Superficie de agarre con m\u00e1s dientes templados especialmente para disminuir el desgaste y permitir un agarre firme.<\/span><\/li>\n<li style='margin-bottom: 5px; font-family: Verdana&comma; Helvetica&comma; sans-serif; font-size: 14px;'><span style='font-family: verdana&comma; geneva&comma; sans-serif; font-size: 10pt;'>Agarres m\u00e1s amplios para mayor comodidad.<\/span><\/li>\n<li style='margin-bottom: 5px; font-family: Verdana&comma; Helvetica&comma; sans-serif; font-size: 14px;'><span style='font-family: verdana&comma; geneva&comma; sans-serif; font-size: 10pt;'>Pinzas de ajuste r\u00e1pido para bombas: bot\u00f3n pulsador y caracter\u00edstica de matraca r\u00e1pida que permite el ajuste f\u00e1cil y r\u00e1pido en cualquier posici\u00f3n.<\/span><\/li>\n<\/ul><\/div>\n<\/p><\/div>\n<div style='display: flex; flex-wrap: wrap; gap: 20px; margin-bottom: 30px;'>\n<div style='flex: 1 1 250px; border: 1px solid rgba(150&comma; 150&comma; 150&comma; 0.4); border-radius: 8px; overflow: hidden; display: flex; flex-direction: column;'>\n<div style='padding: 15px; border-bottom: 1px solid rgba(150&comma; 150&comma; 150&comma; 0.2); font-weight: bold; font-size: 18px; color: inherit;'>Dimensiones<\/div>\n<div style='padding: 15px; color: inherit;'>\n<ul style='padding-left: 20px; margin: 0; font-size: 14px; list-style-type: disc;'>\n<li style='margin-bottom: 5px; font-family: Verdana&comma; Helvetica&comma; sans-serif; font-size: 14px;'><span style='font-family: verdana&comma; geneva&comma; sans-serif; font-size: 10pt;'>Longitud total: 12.5&#8242; (317.5 mm)<\/span><\/li>\n<li style='margin-bottom: 5px; font-family: Verdana&comma; Helvetica&comma; sans-serif; font-size: 14px;'><span style='font-family: verdana&comma; geneva&comma; sans-serif; font-size: 10pt;'>Capacidad de las mordazas: 2-3\/4&#8242; (69.9 mm)<\/span><\/li>\n<li style='margin-bottom: 5px; font-family: Verdana&comma; Helvetica&comma; sans-serif; font-size: 14px;'><span style='font-family: verdana&comma; geneva&comma; sans-serif; font-size: 10pt;'>Color del mango: amarillo<\/span><\/li>\n<li style='margin-bottom: 5px; font-family: Verdana&comma; Helvetica&comma; sans-serif; font-size: 14px;'><span style='font-family: verdana&comma; geneva&comma; sans-serif; font-size: 10pt;'>Acabado del mango: Ba\u00f1ado en pl\u00e1stico.<\/span><\/li>\n<\/ul><\/div>\n<\/p><\/div>\n<\/p><\/div>\n<div style='position: relative; padding-bottom: 56.25%; height: 0; overflow: hidden; margin-bottom: 30px;'>   <\/div>\n<hr style='border: 0; border-top: 1px solid rgba(150&comma; 150&comma; 150&comma; 0.3); margin: 30px 0;'> <\/div>\n","protected":false},"excerpt":{"rendered":"<p>Pinza de Extensi\u00f3n de 12 pulgadas, Ajuste R\u00e1pido.<\/p>\n","protected":false},"featured_media":112681,"comment_status":"open","ping_status":"closed","template":"","meta":[],"product_brand":[],"product_cat":[24],"product_tag":[26,25,432],"class_list":{"0":"post-112682","1":"product","2":"type-product","3":"status-publish","4":"has-post-thumbnail","6":"product_cat-accesorios-de-instalacion","7":"product_tag-accesorios-de-instalacion","8":"product_tag-herramientas","9":"product_tag-klein-tools","11":"first","12":"instock","13":"sale","14":"shipping-taxable","15":"purchasable","16":"product-type-simple"},"_links":{"self":[{"href":"https:\/\/soydeaqui.ddns.net\/pachuca\/index.php\/wp-json\/wp\/v2\/product\/112682","targetHints":{"allow":["GET"]}}],"collection":[{"href":"https:\/\/soydeaqui.ddns.net\/pachuca\/index.php\/wp-json\/wp\/v2\/product"}],"about":[{"href":"https:\/\/soydeaqui.ddns.net\/pachuca\/index.php\/wp-json\/wp\/v2\/types\/product"}],"replies":[{"embeddable":true,"href":"https:\/\/soydeaqui.ddns.net\/pachuca\/index.php\/wp-json\/wp\/v2\/comments?post=112682"}],"wp:featuredmedia":[{"embeddable":true,"href":"https:\/\/soydeaqui.ddns.net\/pachuca\/index.php\/wp-json\/wp\/v2\/media\/112681"}],"wp:attachment":[{"href":"https:\/\/soydeaqui.ddns.net\/pachuca\/index.php\/wp-json\/wp\/v2\/media?parent=112682"}],"wp:term":[{"taxonomy":"product_brand","embeddable":true,"href":"https:\/\/soydeaqui.ddns.net\/pachuca\/index.php\/wp-json\/wp\/v2\/product_brand?post=112682"},{"taxonomy":"product_cat","embeddable":true,"href":"https:\/\/soydeaqui.ddns.net\/pachuca\/index.php\/wp-json\/wp\/v2\/product_cat?post=112682"},{"taxonomy":"product_tag","embeddable":true,"href":"https:\/\/soydeaqui.ddns.net\/pachuca\/index.php\/wp-json\/wp\/v2\/product_tag?post=112682"}],"curies":[{"name":"wp","href":"https:\/\/api.w.org\/{rel}","templated":true}]}}