{"id":112604,"date":"2026-03-20T21:51:43","date_gmt":"2026-03-20T21:51:43","guid":{"rendered":"https:\/\/soydeaqui.ddns.net\/pachuca\/index.php\/producto\/nvr-8-megapixel-4k-compatible-con-camaras-acusense-16-canales-ip-16-puertos-poe-2-bahias-de-disco-duro-hdmi-en-4k\/"},"modified":"2026-03-20T21:52:02","modified_gmt":"2026-03-20T21:52:02","slug":"nvr-8-megapixel-4k-compatible-con-camaras-acusense-16-canales-ip-16-puertos-poe-2-bahias-de-disco-duro-hdmi-en-4k","status":"publish","type":"product","link":"https:\/\/soydeaqui.ddns.net\/pachuca\/index.php\/producto\/nvr-8-megapixel-4k-compatible-con-camaras-acusense-16-canales-ip-16-puertos-poe-2-bahias-de-disco-duro-hdmi-en-4k\/","title":{"rendered":"NVR 8 Megapixel (4K) (Compatible con C\u00e1maras AcuSense) \/ 16 Canales IP \/ 16 Puertos PoE+ \/ 2 Bah\u00edas de Disco Duro \/ HDMI en 4K"},"content":{"rendered":"<div style='width: 100%; max-width: 1200px; margin: 0 auto; font-family: sans-serif; line-height: 1.6; color: inherit; background-color: transparent;'> <!-- Imagen principal --> <\/p>\n<div style='display: flex; justify-content: center; margin-bottom: 30px;'> <img style='width: 45%; max-width: 500px; height: auto; border: 1px solid rgba(150&comma;150&comma;150&comma;0.3); border-radius: 8px;' src='https:\/\/ftp3.syscom.mx\/usuarios\/fotos\/IPCB120\/143291-hilook.png' alt='NVR HiLook'> <\/div>\n<p> <!-- Caracter\u00edsticas principales y f\u00edsicas --> <\/p>\n<div style='display: flex; flex-wrap: wrap; gap: 30px; margin-bottom: 30px;'> <!-- Caracter\u00edsticas principales --> <\/p>\n<div style='flex: 1 1 300px; min-width: 280px;'>\n<h3 style='font-size: 22px; border-bottom: 2px solid currentColor; padding-bottom: 5px; margin-top: 0; color: inherit; opacity: 0.8;'>Caracter\u00edsticas principales<\/h3>\n<ul style='padding-left: 20px; font-size: 15px; color: inherit;'>\n<li style='margin-bottom: 5px;'><strong>Compresi\u00f3n:<\/strong> H.265+ \/ H.265 \/ H.264+ \/ H.264<\/li>\n<li style='margin-bottom: 5px;'><strong>Resoluci\u00f3n m\u00e1xima:<\/strong> 8 Megapixel (4K)<\/li>\n<li style='margin-bottom: 5px;'><strong>Puertos PoE+:<\/strong> 16 Puertos (soporta est\u00e1ndar af \/ at)<\/li>\n<li style='margin-bottom: 5px;'><strong>Potencia PoE:<\/strong> 150 watts total<\/li>\n<li style='margin-bottom: 5px;'><strong>Puerto LAN:<\/strong> Gigabit<\/li>\n<li style='margin-bottom: 5px;'><strong>Salida de video:<\/strong> HDMI en resoluci\u00f3n 4K<\/li>\n<li style='margin-bottom: 5px;'><strong>Almacenamiento:<\/strong> 2 HDD de hasta 8 TB (no incluido)<\/li>\n<li style='margin-bottom: 5px;'><strong>Procesamiento entrada:<\/strong> 160 Mbps<\/li>\n<li style='margin-bottom: 5px;'><strong>Procesamiento salida:<\/strong> 80 Mbps<\/li>\n<li style='margin-bottom: 5px;'><strong>Conectividad:<\/strong> Compatible con Hik-Connect P2P<\/li>\n<li style='margin-bottom: 5px;'><strong>Aplicaci\u00f3n m\u00f3vil:<\/strong> Compatible con iOS y Android<\/li>\n<li style='margin-bottom: 5px;'><strong>Software:<\/strong> Compatible con iVMS-4200 (gratuito)<\/li>\n<li style='margin-bottom: 5px;'><strong>Soporte:<\/strong> Host virtual<\/li>\n<li style='margin-bottom: 5px;'><strong>Compatibilidad:<\/strong> Gabinete met\u00e1lico GAB-VID2-R2<\/li>\n<\/ul><\/div>\n<p> <!-- Caracter\u00edsticas f\u00edsicas y el\u00e9ctricas --> <\/p>\n<div style='flex: 1 1 300px; min-width: 280px;'>\n<h3 style='font-size: 22px; border-bottom: 2px solid currentColor; padding-bottom: 5px; margin-top: 0; color: inherit; opacity: 0.8;'>Caracter\u00edsticas F\u00edsicas y El\u00e9ctricas<\/h3>\n<ul style='padding-left: 20px; font-size: 15px; color: inherit;'>\n<li style='margin-bottom: 5px;'><strong>Alimentaci\u00f3n:<\/strong> 100 a 240 vca<\/li>\n<li style='margin-bottom: 5px;'><strong>Consumo:<\/strong> 15 watts (sin discos duros o PoE activo)<\/li>\n<li style='margin-bottom: 5px;'><strong>Dimensiones:<\/strong> 385 x 315 x 52 mm<\/li>\n<li style='margin-bottom: 5px;'><strong>Montaje:<\/strong> 1 unidad de rack<\/li>\n<li style='margin-bottom: 5px;'><strong>Peso:<\/strong> 2.6 kg (sin HDD)<\/li>\n<li style='margin-bottom: 5px;'><strong>Control remoto:<\/strong> No aplica<\/li>\n<li style='margin-bottom: 5px;'><strong>Garant\u00eda:<\/strong> 1 a\u00f1o<\/li>\n<\/ul><\/div>\n<\/p><\/div>\n<p> <!-- Caracter\u00edsticas destacadas --> <\/p>\n<div style='margin-bottom: 30px;'>\n<h3 style='font-size: 22px; border-bottom: 2px solid currentColor; padding-bottom: 5px; margin-top: 0; color: inherit; opacity: 0.8;'>Caracter\u00edsticas Destacadas<\/h3>\n<p style='margin-top: 0;'><strong>Soporta c\u00e1maras con ACUSENSE (Filtro de Falsas Alarmas):<\/strong><\/p>\n<ul style='padding-left: 20px; font-size: 15px; color: inherit;'>\n<li style='margin-bottom: 5px;'>Con tecnolog\u00eda ACUSENSE podemos evitar falsas alarmas como movimiento de \u00e1rboles&comma; animales&comma; etc.<\/li>\n<li style='margin-bottom: 5px;'>Al activar la tecnolog\u00eda ACUSENSE en las c\u00e1maras solo detectar\u00e1 cuerpo humano y veh\u00edculos para identificar eventos realmente importantes y as\u00ed eliminar falsas alarmas.<\/li>\n<li style='margin-bottom: 5px;'>Soporta hasta 16 canales con la tecnolog\u00eda ACUSENSE utilizando c\u00e1maras: <a style='color: inherit; text-decoration: underline;' href='https:\/\/www.syscom.mx\/principal\/consultarproductosazul?global_search=ds2cd3&#038;ordenar=Relevancia&#038;pag=1' target='_blank' rel='noopener'>DS-2CD3XX<\/a> \/ <a style='color: inherit; text-decoration: underline;' href='https:\/\/www.syscom.mx\/principal\/consultarproductosazul?global_search=ds2cd2xx3g2&#038;ordenar=Modelo_A-Z&#038;pag=1' target='_blank' rel='noopener'>DS-2CD2XX3G2<\/a> \/ <a style='color: inherit; text-decoration: underline;' href='https:\/\/www.syscom.mx\/principal\/consultarproductosazul?global_search=DS-2CD2XX7G2&#038;ordenar=Relevancia&#038;pag=1' target='_blank' rel='noopener'>DS-2CD2XX7G2<\/a> (que soporte ACUSENSE)<\/li>\n<\/ul><\/div>\n<p> <!-- Recursos --> <\/p>\n<div style='margin-bottom: 30px;'>\n<h3 style='font-size: 22px; border-bottom: 2px solid currentColor; padding-bottom: 5px; margin-top: 0; margin-bottom: 20px; color: inherit; opacity: 0.8; text-align: center;'>Recursos<\/h3>\n<div style='display: flex; flex-wrap: wrap; gap: 20px; justify-content: center;'> <a style='flex: 1 1 250px; max-width: 300px; text-decoration: none; color: inherit;' href='https:\/\/www.hikvision.com\/es-la\/support\/download\/software\/ivms4200-series\/?q=serie%20ivms4200&#038;position=1' target='_blank' rel='noopener'> <img style='width: 100%; height: auto; border: 1px solid rgba(150&comma;150&comma;150&comma;0.3); border-radius: 8px; margin-bottom: 10px;' src='https:\/\/ftp3.syscom.mx\/usuarios\/gmagos\/HIK\/IP\/IPC\/Imagenes%20pagina\/Descargas%20IVMS4200.jpg' alt='IVMS4200'> <\/p>\n<p style='text-align: center; font-size: 14px; margin: 0;'>Descarga de IVMS4200<\/p>\n<p> <\/a> <a style='flex: 1 1 250px; max-width: 300px; text-decoration: none; color: inherit;' href='https:\/\/appstore.hikvision.com\/' target='_blank' rel='noopener'> <img style='width: 100%; height: auto; border: 1px solid rgba(150&comma;150&comma;150&comma;0.3); border-radius: 8px; margin-bottom: 10px;' src='https:\/\/ftp3.syscom.mx\/usuarios\/gmagos\/HIK\/IP\/IPC\/Imagenes%20pagina\/Descargas%20de%20app.jpg' alt='App Hikvision'> <\/p>\n<p style='text-align: center; font-size: 14px; margin: 0;'>Descarga de App<\/p>\n<p> <\/a> <a style='flex: 1 1 250px; max-width: 300px; text-decoration: none; color: inherit;' href='https:\/\/ftp3.syscom.mx\/usuarios\/jsosa\/HILOOK\/NVR\/NVR216MHC16P\/NVR-216MH-C_16P%20V4.30.210%2020201219.pdf' target='_blank' rel='noopener'> <img style='width: 100%; height: auto; border: 1px solid rgba(150&comma;150&comma;150&comma;0.3); border-radius: 8px; margin-bottom: 10px;' src='https:\/\/ftp3.syscom.mx\/usuarios\/gmagos\/HIK\/IP\/IPC\/Imagenes%20pagina\/Descarga%20de%20PDF.jpg' alt='Manual'> <\/p>\n<p style='text-align: center; font-size: 14px; margin: 0;'>Descarga de PDF<\/p>\n<p> <\/a> <\/div>\n<\/p><\/div>\n<p> <!-- Banner final --> <\/p>\n<div style='margin-top: 30px;'> <img style='width: 100%; height: auto; border: 1px solid rgba(150&comma;150&comma;150&comma;0.3); border-radius: 8px;' src='https:\/\/ftp3.syscom.mx\/usuarios\/jsosa\/GIF\/bannerepcom.jpg' alt='Banner'> <\/div>\n<\/p><\/div>\n","protected":false},"excerpt":{"rendered":"<p>NVR 8 Megapixel (4K) (Compatible con C\u00e1maras AcuSense) \/ 16 Canales IP \/ 16 Puertos PoE+ \/ 2 Bah\u00edas de Disco Duro \/ HDMI en 4K<\/p>\n","protected":false},"featured_media":112603,"comment_status":"open","ping_status":"closed","template":"","meta":[],"product_brand":[],"product_cat":[2234],"product_tag":[122,715,2235],"class_list":{"0":"post-112604","1":"product","2":"type-product","3":"status-publish","4":"has-post-thumbnail","6":"product_cat-nvrs-network-video-recorders","7":"product_tag-camaras-ip-y-nvrs","8":"product_tag-hilook-by-hikvision","9":"product_tag-nvrs-network-video-recorders","11":"first","12":"outofstock","13":"sale","14":"shipping-taxable","15":"purchasable","16":"product-type-simple"},"_links":{"self":[{"href":"https:\/\/soydeaqui.ddns.net\/pachuca\/index.php\/wp-json\/wp\/v2\/product\/112604","targetHints":{"allow":["GET"]}}],"collection":[{"href":"https:\/\/soydeaqui.ddns.net\/pachuca\/index.php\/wp-json\/wp\/v2\/product"}],"about":[{"href":"https:\/\/soydeaqui.ddns.net\/pachuca\/index.php\/wp-json\/wp\/v2\/types\/product"}],"replies":[{"embeddable":true,"href":"https:\/\/soydeaqui.ddns.net\/pachuca\/index.php\/wp-json\/wp\/v2\/comments?post=112604"}],"wp:featuredmedia":[{"embeddable":true,"href":"https:\/\/soydeaqui.ddns.net\/pachuca\/index.php\/wp-json\/wp\/v2\/media\/112603"}],"wp:attachment":[{"href":"https:\/\/soydeaqui.ddns.net\/pachuca\/index.php\/wp-json\/wp\/v2\/media?parent=112604"}],"wp:term":[{"taxonomy":"product_brand","embeddable":true,"href":"https:\/\/soydeaqui.ddns.net\/pachuca\/index.php\/wp-json\/wp\/v2\/product_brand?post=112604"},{"taxonomy":"product_cat","embeddable":true,"href":"https:\/\/soydeaqui.ddns.net\/pachuca\/index.php\/wp-json\/wp\/v2\/product_cat?post=112604"},{"taxonomy":"product_tag","embeddable":true,"href":"https:\/\/soydeaqui.ddns.net\/pachuca\/index.php\/wp-json\/wp\/v2\/product_tag?post=112604"}],"curies":[{"name":"wp","href":"https:\/\/api.w.org\/{rel}","templated":true}]}}