{"id":112593,"date":"2026-03-20T21:51:08","date_gmt":"2026-03-20T21:51:08","guid":{"rendered":"https:\/\/soydeaqui.ddns.net\/pachuca\/index.php\/producto\/broca-de-insercion-de-1-phillips-2-impact-xps-paq-c-15-piezas\/"},"modified":"2026-03-20T21:51:13","modified_gmt":"2026-03-20T21:51:13","slug":"broca-de-insercion-de-1-phillips-2-impact-xps-paq-c-15-piezas","status":"publish","type":"product","link":"https:\/\/soydeaqui.ddns.net\/pachuca\/index.php\/producto\/broca-de-insercion-de-1-phillips-2-impact-xps-paq-c-15-piezas\/","title":{"rendered":"Broca de Inserci\u00f3n de 1&#8243; Phillips #2 Impact XPS\u00ae, Paq. c\/15 piezas."},"content":{"rendered":"<div style='width: 100%; max-width: 1200px; margin: 0 auto; font-family: sans-serif; line-height: 1.6; color: inherit; background-color: transparent;'> <!-- Secci\u00f3n de especificaciones --> <\/p>\n<div style='display: flex; flex-wrap: wrap; gap: 30px; margin-bottom: 30px;'>\n<div style='flex: 1 1 300px; min-width: 280px;'>\n<h3 style='font-size: 22px; border-bottom: 2px solid currentColor; padding-bottom: 5px; margin-top: 0; color: inherit; opacity: 0.8;'>Especificaciones<\/h3>\n<ul style='padding-left: 20px; font-size: 15px; color: inherit;'>\n<li style='margin-bottom: 5px;'><strong>Tipo de Producto:<\/strong> Brocas de Inserci\u00f3n<\/li>\n<li style='margin-bottom: 5px;'><strong>Horma de Broca:<\/strong> Phillips<\/li>\n<li style='margin-bottom: 5px;'><strong>Tama\u00f1o de Punta:<\/strong> PH2<\/li>\n<li style='margin-bottom: 5px;'><strong>Tipo de V\u00e1stago:<\/strong> Hex de 1\/4&#8242;<\/li>\n<li style='margin-bottom: 5px;'><strong>Longitud Total:<\/strong> 1&#8242;<\/li>\n<li style='margin-bottom: 5px;'><strong>Cantidad del Paquete:<\/strong> 15<\/li>\n<li style='margin-bottom: 5px;'><strong>Peso del Env\u00edo:<\/strong> .19 lbs.<\/li>\n<li style='margin-bottom: 5px;'><strong>C\u00f3digo UPC:<\/strong> 088381-554312<\/li>\n<\/ul><\/div>\n<\/p><\/div>\n<p> <!-- Secci\u00f3n de caracter\u00edsticas --> <\/p>\n<div style='display: flex; flex-wrap: wrap; gap: 30px; margin-bottom: 30px;'>\n<div style='flex: 1 1 300px; min-width: 280px;'>\n<h3 style='font-size: 22px; border-bottom: 2px solid currentColor; padding-bottom: 5px; margin-top: 0; color: inherit; opacity: 0.8;'>Caracter\u00edsticas<\/h3>\n<ul style='padding-left: 20px; font-size: 15px; color: inherit;'>\n<li style='margin-bottom: 5px;'>Dise\u00f1ada para soportar la potencia extrema de los atornilladores de impacto de alta torsi\u00f3n<\/li>\n<li style='margin-bottom: 5px;'>Dura hasta 90 veces m\u00e1s que las brocas de impacto est\u00e1ndar<\/li>\n<li style='margin-bottom: 5px;'>Puntas maquinadas con precisi\u00f3n proporcionan una horma de contacto superior para mejorar la potencia de sujeci\u00f3n y m\u00e1s larga duraci\u00f3n<\/li>\n<li style='margin-bottom: 5px;'>Los Aros de Pulsaci\u00f3n de Torsi\u00f3n ayudan a dispersar la energ\u00eda de impacto a trav\u00e9s la zona de torsi\u00f3n y fuera de la punta de la broca<\/li>\n<li style='margin-bottom: 5px;'>La geometr\u00eda de la Zona de Torsi\u00f3n Optimizada facilita una transferencia ideal de energ\u00eda de impacto para duraci\u00f3n de broca mejorada<\/li>\n<li style='margin-bottom: 5px;'>Composici\u00f3n \u00fanica de acero que est\u00e1 magistralmente dise\u00f1ada para extender la duraci\u00f3n comparada con aleaciones S2 y S6<\/li>\n<li style='margin-bottom: 5px;'>Proceso de tratamiento de calor calibrado \u00fanico para durabilidad adicional<\/li>\n<li style='margin-bottom: 5px;'>Superficie de n\u00edquel mate para la mejor resistencia a la corrosi\u00f3n en su clase<\/li>\n<li style='margin-bottom: 5px;'>Cuello de broca de 12 lados para usar con el casquillo del Reforzador Magn\u00e9tico Impact XPS\u00ae para potencia de retenci\u00f3n adicional<\/li>\n<li style='margin-bottom: 5px;'>Dise\u00f1ada para soportar la potencia extrema de los atornilladores de impacto de alta torsi\u00f3n y m\u00e1s duraci\u00f3n que las brocas de impacto est\u00e1ndar<\/li>\n<li style='margin-bottom: 5px;'>Para usar con atornilladores de alto impacto y taladro-atornilladores<\/li>\n<\/ul><\/div>\n<\/p><\/div>\n<p> <!-- Secci\u00f3n de beneficios --> <\/p>\n<div style='display: flex; flex-wrap: wrap; gap: 20px; margin-bottom: 30px;'>\n<div style='flex: 1 1 250px; border: 1px solid rgba(150&comma; 150&comma; 150&comma; 0.4); border-radius: 8px; overflow: hidden; display: flex; flex-direction: column;'>\n<div style='padding: 15px; border-bottom: 1px solid rgba(150&comma; 150&comma; 150&comma; 0.2); font-weight: bold; font-size: 18px; color: inherit; background-color: rgba(0&comma; 130&comma; 144&comma; 0.1);'>RENDIMIENTO<\/div>\n<div style='padding: 15px; color: inherit;'>\n<p style='margin: 0;'>Dise\u00f1ada para soportar la potencia extrema de los atornilladores de impacto de alta torsi\u00f3n<\/p>\n<\/p><\/div>\n<\/p><\/div>\n<div style='flex: 1 1 250px; border: 1px solid rgba(150&comma; 150&comma; 150&comma; 0.4); border-radius: 8px; overflow: hidden; display: flex; flex-direction: column;'>\n<div style='padding: 15px; border-bottom: 1px solid rgba(150&comma; 150&comma; 150&comma; 0.2); font-weight: bold; font-size: 18px; color: inherit; background-color: rgba(0&comma; 130&comma; 144&comma; 0.1);'>DURABILIDAD<\/div>\n<div style='padding: 15px; color: inherit;'>\n<p style='margin: 0;'>Dura hasta 90 veces m\u00e1s que las brocas de impacto est\u00e1ndar<\/p>\n<\/p><\/div>\n<\/p><\/div>\n<div style='flex: 1 1 250px; border: 1px solid rgba(150&comma; 150&comma; 150&comma; 0.4); border-radius: 8px; overflow: hidden; display: flex; flex-direction: column;'>\n<div style='padding: 15px; border-bottom: 1px solid rgba(150&comma; 150&comma; 150&comma; 0.2); font-weight: bold; font-size: 18px; color: inherit; background-color: rgba(0&comma; 130&comma; 144&comma; 0.1);'>EFICIENCIA<\/div>\n<div style='padding: 15px; color: inherit;'>\n<p style='margin: 0;'>Puntas maquinadas con precisi\u00f3n brindan contacto superior para mejorar la potencia de sujeci\u00f3n y m\u00e1s duraci\u00f3n<\/p>\n<\/p><\/div>\n<\/p><\/div>\n<div style='flex: 1 1 250px; border: 1px solid rgba(150&comma; 150&comma; 150&comma; 0.4); border-radius: 8px; overflow: hidden; display: flex; flex-direction: column;'>\n<div style='padding: 15px; border-bottom: 1px solid rgba(150&comma; 150&comma; 150&comma; 0.2); font-weight: bold; font-size: 18px; color: inherit; background-color: rgba(0&comma; 130&comma; 144&comma; 0.1);'>DISE\u00d1O<\/div>\n<div style='padding: 15px; color: inherit;'>\n<p style='margin: 0;'>Geometr\u00eda de la Zona de Torsi\u00f3n Optimizada facilita la transferencia de energ\u00eda de impacto para duraci\u00f3n mejorada<\/p>\n<\/p><\/div>\n<\/p><\/div>\n<div style='flex: 1 1 250px; border: 1px solid rgba(150&comma; 150&comma; 150&comma; 0.4); border-radius: 8px; overflow: hidden; display: flex; flex-direction: column;'>\n<div style='padding: 15px; border-bottom: 1px solid rgba(150&comma; 150&comma; 150&comma; 0.2); font-weight: bold; font-size: 18px; color: inherit; background-color: rgba(0&comma; 130&comma; 144&comma; 0.1);'>INCLUYE<\/div>\n<div style='padding: 15px; color: inherit;'>\n<p style='margin: 0;'>15 Brocas de Inserci\u00f3n de 1&#8242; Phillips #2 Impact XPS\u00ae<\/p>\n<\/p><\/div>\n<\/p><\/div>\n<\/p><\/div>\n<p> <!-- Separador --> <\/p>\n<hr style='border: 0; border-top: 1px solid rgba(150&comma; 150&comma; 150&comma; 0.3); margin: 30px 0;'> <\/div>\n","protected":false},"excerpt":{"rendered":"<p>Broca de Inserci\u00f3n de 1&#8243; Phillips #2 Impact XPS\u00ae, Paq. c\/15 piezas.<\/p>\n","protected":false},"featured_media":112592,"comment_status":"open","ping_status":"closed","template":"","meta":[],"product_brand":[],"product_cat":[24],"product_tag":[26,25,252],"class_list":{"0":"post-112593","1":"product","2":"type-product","3":"status-publish","4":"has-post-thumbnail","6":"product_cat-accesorios-de-instalacion","7":"product_tag-accesorios-de-instalacion","8":"product_tag-herramientas","9":"product_tag-makita","11":"first","12":"outofstock","13":"sale","14":"shipping-taxable","15":"purchasable","16":"product-type-simple"},"_links":{"self":[{"href":"https:\/\/soydeaqui.ddns.net\/pachuca\/index.php\/wp-json\/wp\/v2\/product\/112593","targetHints":{"allow":["GET"]}}],"collection":[{"href":"https:\/\/soydeaqui.ddns.net\/pachuca\/index.php\/wp-json\/wp\/v2\/product"}],"about":[{"href":"https:\/\/soydeaqui.ddns.net\/pachuca\/index.php\/wp-json\/wp\/v2\/types\/product"}],"replies":[{"embeddable":true,"href":"https:\/\/soydeaqui.ddns.net\/pachuca\/index.php\/wp-json\/wp\/v2\/comments?post=112593"}],"wp:featuredmedia":[{"embeddable":true,"href":"https:\/\/soydeaqui.ddns.net\/pachuca\/index.php\/wp-json\/wp\/v2\/media\/112592"}],"wp:attachment":[{"href":"https:\/\/soydeaqui.ddns.net\/pachuca\/index.php\/wp-json\/wp\/v2\/media?parent=112593"}],"wp:term":[{"taxonomy":"product_brand","embeddable":true,"href":"https:\/\/soydeaqui.ddns.net\/pachuca\/index.php\/wp-json\/wp\/v2\/product_brand?post=112593"},{"taxonomy":"product_cat","embeddable":true,"href":"https:\/\/soydeaqui.ddns.net\/pachuca\/index.php\/wp-json\/wp\/v2\/product_cat?post=112593"},{"taxonomy":"product_tag","embeddable":true,"href":"https:\/\/soydeaqui.ddns.net\/pachuca\/index.php\/wp-json\/wp\/v2\/product_tag?post=112593"}],"curies":[{"name":"wp","href":"https:\/\/api.w.org\/{rel}","templated":true}]}}