{"id":112559,"date":"2026-03-20T21:49:10","date_gmt":"2026-03-20T21:49:10","guid":{"rendered":"https:\/\/soydeaqui.ddns.net\/pachuca\/index.php\/producto\/enchufe-inteligente-wi-fi-control-a-traves-de-la-aplicacion-movil-conecte-los-dispositivos-del-hogar-permite-personalizar-horarios-soporta-asistente-de-voz-de-google-y-alexa\/"},"modified":"2026-03-20T21:49:19","modified_gmt":"2026-03-20T21:49:19","slug":"enchufe-inteligente-wi-fi-control-a-traves-de-la-aplicacion-movil-conecte-los-dispositivos-del-hogar-permite-personalizar-horarios-soporta-asistente-de-voz-de-google-y-alexa","status":"publish","type":"product","link":"https:\/\/soydeaqui.ddns.net\/pachuca\/index.php\/producto\/enchufe-inteligente-wi-fi-control-a-traves-de-la-aplicacion-movil-conecte-los-dispositivos-del-hogar-permite-personalizar-horarios-soporta-asistente-de-voz-de-google-y-alexa\/","title":{"rendered":"Enchufe Inteligente \/ Wi-Fi \/ Control a trav\u00e9s de la Aplicaci\u00f3n M\u00f3vil  \/ Conecte los Dispositivos del Hogar \/ Permite Personalizar Horarios \/ Soporta Asistente de Voz de Google y Alexa"},"content":{"rendered":"<div style='width: 100%; max-width: 1200px; margin: 0 auto; font-family: sans-serif; line-height: 1.6; color: inherit; background-color: transparent;'>\n<div style='width: 100%; margin-bottom: 30px;'> <a href='#link' target='_blank' rel='noopener' style='text-decoration: none; display: block;'> <img style='width: 100%; height: auto; border: 1px solid rgba(150&comma;150&comma;150&comma;0.3); border-radius: 8px;' src='https:\/\/ftp3.syscom.mx\/usuarios\/rcovarrubias\/EZVIZ\/IMAGENES\/banner_EZVIZ.png' alt=''> <\/a> <\/div>\n<div style='display: flex; flex-wrap: wrap; gap: 30px; margin-bottom: 30px;'>\n<div style='flex: 1 1 300px; min-width: 280px;'>\n<h3 style='font-size: 22px; border-bottom: 2px solid currentColor; padding-bottom: 5px; margin-top: 0; color: inherit; opacity: 0.8;'>Caracter\u00edsticas principales<\/h3>\n<ul style='padding-left: 20px; font-size: 15px; color: inherit;'>\n<li style='margin-bottom: 5px;'>Control remoto mediante la aplicaci\u00f3n<\/li>\n<li style='margin-bottom: 5px;'>Conexi\u00f3n WiFi<\/li>\n<li style='margin-bottom: 5px;'>Horarios y temporizador<\/li>\n<li style='margin-bottom: 5px;'>Resistencia al fuego<\/li>\n<li style='margin-bottom: 5px;'>Ahorro de energ\u00eda<\/li>\n<li style='margin-bottom: 5px;'>Control por voz mediante Alexa y Asistente de Google<\/li>\n<li style='margin-bottom: 5px;'>Material resistente a alta temperatura hasta 104\u00b0<\/li>\n<li style='margin-bottom: 5px; color: #3598db;'>Compatible con Alexa&comma; Google Home y IFTTT<\/li>\n<\/ul>\n<h4 style='color: #f44336; margin-top: 20px; margin-bottom: 10px;'>Notas:<\/h4>\n<ul style='padding-left: 20px; font-size: 15px; color: #f44336;'>\n<li style='margin-bottom: 5px;'>Configuraci\u00f3n \u00fanicamente mediante aplicaci\u00f3n EZVIZ<\/li>\n<\/ul><\/div>\n<div style='flex: 1 1 300px; min-width: 280px;'>\n<h3 style='font-size: 22px; border-bottom: 2px solid currentColor; padding-bottom: 5px; margin-top: 0; color: inherit; opacity: 0.8;'>Caracter\u00edsticas F\u00edsicas y El\u00e9ctricas<\/h3>\n<ul style='padding-left: 20px; font-size: 15px; color: inherit;'>\n<li style='margin-bottom: 5px;'>Alimentaci\u00f3n: 110-240V (125Vca)<\/li>\n<li style='margin-bottom: 5px;'>Temperatura de operaci\u00f3n: 0-40\u00b0C<\/li>\n<li style='margin-bottom: 5px;'>Dimensiones: 51 x 51 x 52 mm<\/li>\n<li style='margin-bottom: 5px;'>Peso: 55.9gr<\/li>\n<\/ul>\n<h4 style='margin-top: 20px; margin-bottom: 10px; color: inherit;'>Alimentaci\u00f3n de salida<\/h4>\n<ul style='padding-left: 20px; font-size: 15px; color: inherit;'>\n<li style='margin-bottom: 5px;'>Corriente de salida: Max. 10A<\/li>\n<li style='margin-bottom: 5px;'>Potencia de salida: Max. 1600W<\/li>\n<\/ul><\/div>\n<\/p><\/div>\n<hr style='border: 0; border-top: 1px solid rgba(150&comma; 150&comma; 150&comma; 0.3); margin: 30px 0;'>\n<h2 style='text-align: center; margin: 30px 0; font-size: 20px; color: inherit; opacity: 0.9;'>Controle sus Electrodom\u00e9sticos desde cualquier lugar.<\/h2>\n<div style='width: 100%; margin-bottom: 20px;'> <img style='width: 100%; height: auto; border: 1px solid rgba(150&comma;150&comma;150&comma;0.3); border-radius: 8px;' src='https:\/\/ftp3.syscom.mx\/usuarios\/rcovarrubias\/EZVIZ\/IMAGENES\/T30\/im1.jpg' alt=''> <\/div>\n<div style='width: 100%; margin-bottom: 20px;'> <img style='width: 100%; height: auto; border: 1px solid rgba(150&comma;150&comma;150&comma;0.3); border-radius: 8px;' src='https:\/\/ftp3.syscom.mx\/usuarios\/rcovarrubias\/EZVIZ\/IMAGENES\/T30\/im2.png' alt=''> <\/div>\n<div style='width: 100%; margin-bottom: 20px;'> <img style='width: 100%; height: auto; border: 1px solid rgba(150&comma;150&comma;150&comma;0.3); border-radius: 8px;' src='https:\/\/ftp3.syscom.mx\/usuarios\/rcovarrubias\/EZVIZ\/IMAGENES\/T30\/im3.png' alt=''> <\/div>\n<hr style='border: 0; border-top: 1px solid rgba(150&comma; 150&comma; 150&comma; 0.3); margin: 30px 0;'>\n<h2 style='text-align: center; margin: 30px 0; font-size: 20px; color: inherit; opacity: 0.9;'>Personalice Horarios y Temporizador<\/h2>\n<div style='width: 100%; margin-bottom: 20px;'> <img style='width: 100%; height: auto; border: 1px solid rgba(150&comma;150&comma;150&comma;0.3); border-radius: 8px;' src='https:\/\/ftp3.syscom.mx\/usuarios\/rcovarrubias\/EZVIZ\/IMAGENES\/T30\/im44.png' alt=''> <\/div>\n<\/p><\/div>\n","protected":false},"excerpt":{"rendered":"<p>Enchufe Inteligente \/ Wi-Fi \/ Control a trav\u00e9s de la Aplicaci\u00f3n M\u00f3vil  \/ Conecte los Dispositivos del Hogar \/ Permite Personalizar Horarios \/ Soporta Asistente de Voz de Google y Alexa<\/p>\n","protected":false},"featured_media":112558,"comment_status":"open","ping_status":"closed","template":"","meta":[],"product_brand":[],"product_cat":[121],"product_tag":[122,111,123],"class_list":{"0":"post-112559","1":"product","2":"type-product","3":"status-publish","4":"has-post-thumbnail","6":"product_cat-wifi-4g-inalambricas","7":"product_tag-camaras-ip-y-nvrs","8":"product_tag-ezviz","9":"product_tag-wifi-4g-inalambricas","11":"first","12":"outofstock","13":"sale","14":"shipping-taxable","15":"purchasable","16":"product-type-simple"},"_links":{"self":[{"href":"https:\/\/soydeaqui.ddns.net\/pachuca\/index.php\/wp-json\/wp\/v2\/product\/112559","targetHints":{"allow":["GET"]}}],"collection":[{"href":"https:\/\/soydeaqui.ddns.net\/pachuca\/index.php\/wp-json\/wp\/v2\/product"}],"about":[{"href":"https:\/\/soydeaqui.ddns.net\/pachuca\/index.php\/wp-json\/wp\/v2\/types\/product"}],"replies":[{"embeddable":true,"href":"https:\/\/soydeaqui.ddns.net\/pachuca\/index.php\/wp-json\/wp\/v2\/comments?post=112559"}],"wp:featuredmedia":[{"embeddable":true,"href":"https:\/\/soydeaqui.ddns.net\/pachuca\/index.php\/wp-json\/wp\/v2\/media\/112558"}],"wp:attachment":[{"href":"https:\/\/soydeaqui.ddns.net\/pachuca\/index.php\/wp-json\/wp\/v2\/media?parent=112559"}],"wp:term":[{"taxonomy":"product_brand","embeddable":true,"href":"https:\/\/soydeaqui.ddns.net\/pachuca\/index.php\/wp-json\/wp\/v2\/product_brand?post=112559"},{"taxonomy":"product_cat","embeddable":true,"href":"https:\/\/soydeaqui.ddns.net\/pachuca\/index.php\/wp-json\/wp\/v2\/product_cat?post=112559"},{"taxonomy":"product_tag","embeddable":true,"href":"https:\/\/soydeaqui.ddns.net\/pachuca\/index.php\/wp-json\/wp\/v2\/product_tag?post=112559"}],"curies":[{"name":"wp","href":"https:\/\/api.w.org\/{rel}","templated":true}]}}