{"id":112520,"date":"2026-03-20T21:47:00","date_gmt":"2026-03-20T21:47:00","guid":{"rendered":"https:\/\/soydeaqui.ddns.net\/pachuca\/index.php\/producto\/doblatubos-para-pared-delgada-de-1-y-pared-gruesa-3-4\/"},"modified":"2026-03-20T21:47:02","modified_gmt":"2026-03-20T21:47:02","slug":"doblatubos-para-pared-delgada-de-1-y-pared-gruesa-3-4","status":"publish","type":"product","link":"https:\/\/soydeaqui.ddns.net\/pachuca\/index.php\/producto\/doblatubos-para-pared-delgada-de-1-y-pared-gruesa-3-4\/","title":{"rendered":"Doblatubos para Pared Delgada de 1&#8243; y Pared Gruesa 3\/4&#8243;."},"content":{"rendered":"<div style='width: 100%; max-width: 1200px; margin: 0 auto; font-family: sans-serif; line-height: 1.6; color: inherit; background-color: transparent;'>\n<div style='display: flex; flex-wrap: wrap; gap: 30px; margin-bottom: 30px;'>\n<div style='flex: 1 1 300px; min-width: 280px;'>\n<h3 style='font-size: 22px; border-bottom: 2px solid currentColor; padding-bottom: 5px; margin-top: 0; color: inherit; opacity: 0.8;'>Caracter\u00edsticas<\/h3>\n<ul style='padding-left: 20px; font-size: 15px; color: inherit;'>\n<li style='margin-bottom: 5px;'>Ligeros para un manejo m\u00e1s f\u00e1cil y trabajo m\u00e1s r\u00e1pido.<\/li>\n<li style='margin-bottom: 5px;'>Marcas de \u00e1ngulos y otros s\u00edmbolos para hacer las diferentes operaciones.<\/li>\n<li style='margin-bottom: 5px;'>Incluye manual con tablas e indicaciones para hacer los distintos dobleces.<\/li>\n<\/ul><\/div>\n<div style='flex: 1 1 300px; min-width: 280px;'>\n<h3 style='font-size: 22px; border-bottom: 2px solid currentColor; padding-bottom: 5px; margin-top: 0; color: inherit; opacity: 0.8;'>Especificaciones<\/h3>\n<ul style='padding-left: 20px; font-size: 15px; color: inherit;'>\n<li style='margin-bottom: 5px;'><strong>Para conduit de:<\/strong> 1&#8242; Pared delgada y .75&#8242; Pared gruesa<\/li>\n<li style='margin-bottom: 5px;'><strong>Radio de doblado:<\/strong> 6&#8242; (152.40 mm)<\/li>\n<li style='margin-bottom: 5px;'><strong>Peso:<\/strong> 2.8 Kg<\/li>\n<\/ul>\n<p style='font-size: 14px; color: inherit; margin-top: 20px;'><strong>*Maneral no incluido 51428 o el 12M60<\/strong><\/p>\n<\/p><\/div>\n<\/p><\/div>\n<hr style='border: 0; border-top: 1px solid rgba(150&comma; 150&comma; 150&comma; 0.3); margin: 30px 0;'> <\/div>\n","protected":false},"excerpt":{"rendered":"<p>Doblatubos para Pared Delgada de 1&#8243; y Pared Gruesa 3\/4&#8243;.<\/p>\n","protected":false},"featured_media":112519,"comment_status":"open","ping_status":"closed","template":"","meta":[],"product_brand":[],"product_cat":[24],"product_tag":[26,25,674],"class_list":{"0":"post-112520","1":"product","2":"type-product","3":"status-publish","4":"has-post-thumbnail","6":"product_cat-accesorios-de-instalacion","7":"product_tag-accesorios-de-instalacion","8":"product_tag-herramientas","9":"product_tag-tulmex","11":"first","12":"outofstock","13":"sale","14":"shipping-taxable","15":"purchasable","16":"product-type-simple"},"_links":{"self":[{"href":"https:\/\/soydeaqui.ddns.net\/pachuca\/index.php\/wp-json\/wp\/v2\/product\/112520","targetHints":{"allow":["GET"]}}],"collection":[{"href":"https:\/\/soydeaqui.ddns.net\/pachuca\/index.php\/wp-json\/wp\/v2\/product"}],"about":[{"href":"https:\/\/soydeaqui.ddns.net\/pachuca\/index.php\/wp-json\/wp\/v2\/types\/product"}],"replies":[{"embeddable":true,"href":"https:\/\/soydeaqui.ddns.net\/pachuca\/index.php\/wp-json\/wp\/v2\/comments?post=112520"}],"wp:featuredmedia":[{"embeddable":true,"href":"https:\/\/soydeaqui.ddns.net\/pachuca\/index.php\/wp-json\/wp\/v2\/media\/112519"}],"wp:attachment":[{"href":"https:\/\/soydeaqui.ddns.net\/pachuca\/index.php\/wp-json\/wp\/v2\/media?parent=112520"}],"wp:term":[{"taxonomy":"product_brand","embeddable":true,"href":"https:\/\/soydeaqui.ddns.net\/pachuca\/index.php\/wp-json\/wp\/v2\/product_brand?post=112520"},{"taxonomy":"product_cat","embeddable":true,"href":"https:\/\/soydeaqui.ddns.net\/pachuca\/index.php\/wp-json\/wp\/v2\/product_cat?post=112520"},{"taxonomy":"product_tag","embeddable":true,"href":"https:\/\/soydeaqui.ddns.net\/pachuca\/index.php\/wp-json\/wp\/v2\/product_tag?post=112520"}],"curies":[{"name":"wp","href":"https:\/\/api.w.org\/{rel}","templated":true}]}}