{"id":112478,"date":"2026-03-20T21:44:40","date_gmt":"2026-03-20T21:44:40","guid":{"rendered":"https:\/\/soydeaqui.ddns.net\/pachuca\/index.php\/producto\/inyector-poe-30w-poe-802-3-af-at-48v-conexion-plug-and-play-alcance-de-hasta-100-metros-aplicaciones-cctv\/"},"modified":"2026-03-20T21:45:01","modified_gmt":"2026-03-20T21:45:01","slug":"inyector-poe-30w-poe-802-3-af-at-48v-conexion-plug-and-play-alcance-de-hasta-100-metros-aplicaciones-cctv","status":"publish","type":"product","link":"https:\/\/soydeaqui.ddns.net\/pachuca\/index.php\/producto\/inyector-poe-30w-poe-802-3-af-at-48v-conexion-plug-and-play-alcance-de-hasta-100-metros-aplicaciones-cctv\/","title":{"rendered":"Inyector PoE 30W \/ PoE 802.3 af\/at \/ 48V \/ Conexi\u00f3n plug and play \/ Alcance de hasta 100 metros \/ Aplicaciones CCTV"},"content":{"rendered":"<div style='width: 100%; max-width: 1200px; margin: 0 auto; font-family: sans-serif; line-height: 1.6; color: inherit; background-color: transparent;'>\n<div style='display: flex; flex-direction: column; align-items: center; text-align: center; padding: 15px 0;'>\n<h2 style='font-size: 24px; margin-top: 0; color: inherit; opacity: 0.9;'>Inyector PoE de hasta 30W<\/h2>\n<p style='font-size: 18px; color: inherit; opacity: 0.7;'>Con el Inyector PoE&comma; podemos integrar aplicaciones de CCTV&comma; contamos con una pr\u00e1ctica y f\u00e1cil instalaci\u00f3n. Hay que tener en cuenta que tenemos que instalar equipos que trabajen con el mismo voltaje.<\/p>\n<p style='font-size: 18px; color: inherit; opacity: 0.7;'>&nbsp;<\/p>\n<p> <img style='width: 100%; height: auto; border: 1px solid rgba(150&comma;150&comma;150&comma;0.3); border-radius: 8px; max-width: 100%;' src='https:\/\/ftp3.syscom.mx\/usuarios\/fotos\/WIPOE5548V60W\/193504-20220829173305_24785.jpeg' alt=''> <\/div>\n<div style='display: flex; flex-direction: column; align-items: center; text-align: center; padding: 15px 0;'>\n<h2 style='font-size: 24px; color: inherit; opacity: 0.9;'>Diagrama de instalaciones t\u00edpicas<\/h2>\n<p> <img style='width: 100%; height: auto; border: 1px solid rgba(150&comma;150&comma;150&comma;0.3); border-radius: 8px; max-width: 100%;' src='https:\/\/ftp3.syscom.mx\/usuarios\/fotos\/WIPOE5548V60W\/193504-20220829173305_24785_copia.jpg' alt=''> <\/div>\n<div style='display: flex; flex-direction: column; align-items: center; text-align: center; padding: 15px 0;'>\n<h2 style='font-size: 24px; color: inherit; opacity: 0.9;'>Aplicaci\u00f3nes de conexi\u00f3n con los Inyecotores PoE<\/h2>\n<\/p><\/div>\n<div style='display: flex; flex-direction: column; align-items: center; text-align: center; padding: 15px 0;'> <img style='width: 100%; height: auto; border: 1px solid rgba(150&comma;150&comma;150&comma;0.3); border-radius: 8px; max-width: 100%;' src='https:\/\/ftp3.syscom.mx\/usuarios\/fotos\/WIPOE5548V60W\/193504-20220829173313_21346.jpeg' alt=''> <\/div>\n<div style='display: flex; flex-direction: column; align-items: center; text-align: center; padding: 15px 0;'>\n<h2 style='font-size: 24px; color: inherit; opacity: 0.9;'>Especificaciones<\/h2>\n<\/p><\/div>\n<div style='display: flex; flex-wrap: wrap; gap: 20px; margin-bottom: 30px;'>\n<div style='flex: 1 1 250px; border: 1px solid rgba(150&comma; 150&comma; 150&comma; 0.4); border-radius: 8px; overflow: hidden; display: flex; flex-direction: column;'>\n<div style='padding: 15px; border-bottom: 1px solid rgba(150&comma; 150&comma; 150&comma; 0.2); font-weight: bold; font-size: 18px; color: inherit;'>Especificaciones t\u00e9cnicas<\/div>\n<div style='padding: 15px; color: inherit;'>\n<ul style='padding-left: 20px; margin: 0; font-size: 14px; list-style-type: disc;'>\n<li style='margin-bottom: 5px;'><strong>Dimensiones:<\/strong> 113 x 48 x 30 mm<\/li>\n<li style='margin-bottom: 5px;'><strong>Interfaces de Red:<\/strong> (2) Puertos 10\/100\/1000 Mbps<\/li>\n<li style='margin-bottom: 5px;'><strong>Alimentaci\u00f3n:<\/strong> 100-240 Vca<\/li>\n<li style='margin-bottom: 5px;'><strong>PIN PoE:<\/strong> 4&comma;5(+) 7&comma;8(-) \u00f3 1&comma;2(+) 3&comma;6(-)<\/li>\n<li style='margin-bottom: 5px;'><strong>Puertos PoE (RJ45):<\/strong> 1 puerto 802.3 af\/at 30W<\/li>\n<li style='margin-bottom: 5px;'><strong>Bandwidth:<\/strong> 2 Gbps<\/li>\n<li style='margin-bottom: 5px;'><strong>Temperatura de operaci\u00f3n:<\/strong> -10 to 55\u00b0 C<\/li>\n<li style='margin-bottom: 5px;'><strong>Certificaciones:<\/strong> CE&comma; FCC&comma; RoHS<\/li>\n<\/ul><\/div>\n<\/p><\/div>\n<div style='flex: 1 1 250px; border: 1px solid rgba(150&comma; 150&comma; 150&comma; 0.4); border-radius: 8px; overflow: hidden; display: flex; flex-direction: column;'>\n<div style='padding: 15px; border-bottom: 1px solid rgba(150&comma; 150&comma; 150&comma; 0.2); font-weight: bold; font-size: 18px; color: inherit;'>Contenido del Paquete<\/div>\n<div style='padding: 15px; color: inherit;'>\n<ul style='padding-left: 20px; margin: 0; font-size: 14px; list-style-type: disc;'>\n<li style='margin-bottom: 5px;'>Inyector PoE<\/li>\n<li style='margin-bottom: 5px;'>Cable de alimentaci\u00f3n<\/li>\n<li style='margin-bottom: 5px;'>Gu\u00eda de instalaci\u00f3n<\/li>\n<\/ul><\/div>\n<\/p><\/div>\n<\/p><\/div>\n<\/p><\/div>\n","protected":false},"excerpt":{"rendered":"<p>Inyector PoE 30W \/ PoE 802.3 af\/at \/ 48V \/ Conexi\u00f3n plug and play \/ Alcance de hasta 100 metros \/ Aplicaciones CCTV<\/p>\n","protected":false},"featured_media":112477,"comment_status":"open","ping_status":"closed","template":"","meta":[],"product_brand":[],"product_cat":[1260],"product_tag":[1261,664,1262],"class_list":{"0":"post-112478","1":"product","2":"type-product","3":"status-publish","4":"has-post-thumbnail","6":"product_cat-inyectores-poe","7":"product_tag-inyectores-poe","8":"product_tag-networking","9":"product_tag-wi-tek","11":"first","12":"outofstock","13":"sale","14":"shipping-taxable","15":"purchasable","16":"product-type-simple"},"_links":{"self":[{"href":"https:\/\/soydeaqui.ddns.net\/pachuca\/index.php\/wp-json\/wp\/v2\/product\/112478","targetHints":{"allow":["GET"]}}],"collection":[{"href":"https:\/\/soydeaqui.ddns.net\/pachuca\/index.php\/wp-json\/wp\/v2\/product"}],"about":[{"href":"https:\/\/soydeaqui.ddns.net\/pachuca\/index.php\/wp-json\/wp\/v2\/types\/product"}],"replies":[{"embeddable":true,"href":"https:\/\/soydeaqui.ddns.net\/pachuca\/index.php\/wp-json\/wp\/v2\/comments?post=112478"}],"wp:featuredmedia":[{"embeddable":true,"href":"https:\/\/soydeaqui.ddns.net\/pachuca\/index.php\/wp-json\/wp\/v2\/media\/112477"}],"wp:attachment":[{"href":"https:\/\/soydeaqui.ddns.net\/pachuca\/index.php\/wp-json\/wp\/v2\/media?parent=112478"}],"wp:term":[{"taxonomy":"product_brand","embeddable":true,"href":"https:\/\/soydeaqui.ddns.net\/pachuca\/index.php\/wp-json\/wp\/v2\/product_brand?post=112478"},{"taxonomy":"product_cat","embeddable":true,"href":"https:\/\/soydeaqui.ddns.net\/pachuca\/index.php\/wp-json\/wp\/v2\/product_cat?post=112478"},{"taxonomy":"product_tag","embeddable":true,"href":"https:\/\/soydeaqui.ddns.net\/pachuca\/index.php\/wp-json\/wp\/v2\/product_tag?post=112478"}],"curies":[{"name":"wp","href":"https:\/\/api.w.org\/{rel}","templated":true}]}}